{"id":2058,"date":"2024-11-22T11:26:37","date_gmt":"2024-11-22T03:26:37","guid":{"rendered":"https:\/\/www.hechforming.com\/?post_type=product&#038;p=2058"},"modified":"2025-04-28T10:04:54","modified_gmt":"2025-04-28T02:04:54","slug":"cz-purline-roll-forming-machine","status":"publish","type":"product","link":"https:\/\/www.hechforming.com\/es\/producto\/perfiladora-cz-purline\/","title":{"rendered":"M\u00e1quina perfiladora de correas CZ de cambio autom\u00e1tico"},"content":{"rendered":"<div class=\"ast-oembed-container\" style=\"height: 100%;\"><iframe title=\"M\u00e1quina autom\u00e1tica para fabricar correas en C | M\u00e1quina perfiladora de correas en C | M\u00e1quina perfiladora de correas en C autom\u00e1tica\" width=\"500\" height=\"281\" src=\"https:\/\/www.youtube.com\/embed\/639L7eoUVgw?feature=oembed\" frameborder=\"0\" allow=\"accelerometer; autoplay; clipboard-write; encrypted-media; gyroscope; picture-in-picture; web-share\" referrerpolicy=\"strict-origin-when-cross-origin\" allowfullscreen><\/iframe><\/div>\n<p><strong><u>CZ <\/u><\/strong><strong><u>correa<\/u><\/strong><strong><u> m\u00e1quina de fabricaci\u00f3n<\/u><\/strong><strong style=\"font-size: 16px;\"><u>: <\/u><\/strong><strong style=\"font-size: 16px;\"><u>C<\/u><\/strong><strong style=\"font-size: 16px;\"><u>80\/<\/u><\/strong><strong style=\"font-size: 16px;\"><u>Z<\/u><\/strong><strong style=\"font-size: 16px;\"><u>120-300 \u00a0<\/u><\/strong><strong style=\"font-size: 16px;\"><u>\u00a0\u00a0PLC<\/u><\/strong><strong style=\"font-size: 16px;\"><u>\u00a0cambiar <\/u><\/strong><strong style=\"font-size: 16px;\"><u>talla<\/u><\/strong><strong style=\"font-size: 16px;\"><u>\u00a0<\/u><\/strong><strong style=\"font-size: 16px;\"><u>\u00a0Servo<\/u><\/strong><strong style=\"font-size: 16px;\"><u>accionamiento por motor<\/u><\/strong><\/p>\n<table style=\"width: 100%;\">\n<tbody>\n<tr>\n<td style=\"width: 97.0703%;\" colspan=\"2\" width=\"538\">&nbsp;<\/p>\n<p><strong>Equipo de perfilado de correas de acero<\/strong><\/td>\n<td style=\"width: 2.46821%;\" width=\"4\"><\/td>\n<\/tr>\n<tr>\n<td style=\"width: 14.5101%;\" width=\"110\"><span style=\"font-family: arial, helvetica, sans-serif; font-size: 10pt;\">1.Material de entrada<\/span><\/td>\n<td style=\"width: 85.0284%;\" colspan=\"2\" width=\"428\"><span style=\"font-family: arial, helvetica, sans-serif; font-size: 10pt;\">Eje gu\u00eda y rodillos gu\u00eda<\/span><\/td>\n<\/tr>\n<tr>\n<td style=\"width: 14.5101%;\" width=\"110\"><span style=\"font-family: arial, helvetica, sans-serif; font-size: 10pt;\">2. Aplanar<\/span><\/td>\n<td style=\"width: 85.0284%;\" colspan=\"2\" width=\"428\"><span style=\"font-family: arial, helvetica, sans-serif; font-size: 10pt;\">Arriba tres abajo cuatro adicionales dos estaciones de guiado y env\u00edo ,al mismo tiempo tratamiento t\u00e9rmico de eje macizo completo con granallado y cromado.<\/span><\/td>\n<\/tr>\n<tr>\n<td style=\"width: 14.5101%;\" width=\"110\"><span style=\"font-family: arial, helvetica, sans-serif; font-size: 10pt;\">3. Formando<\/span><\/td>\n<td style=\"width: 85.0284%;\" colspan=\"2\" width=\"428\"><span style=\"font-family: arial, helvetica, sans-serif; font-size: 10pt;\">18 estaciones de formaci\u00f3n principal (dentro de 1 estaci\u00f3n para la formaci\u00f3n de brida, mientras tanto 87-95 grados ajustable), entonces 13 estaciones CZ molde de cambio, la rotaci\u00f3n de 180 grados para terminar el cambio. Cambiar el tama\u00f1o de especificaci\u00f3n en Touchscreen.ad<\/span><\/td>\n<\/tr>\n<tr>\n<td style=\"width: 14.5101%;\" width=\"110\"><span style=\"font-family: arial, helvetica, sans-serif; font-size: 10pt;\">4. Formaci\u00f3n de costillas<\/span><\/td>\n<td style=\"width: 85.0284%;\" colspan=\"2\" width=\"428\"><span style=\"font-family: arial, helvetica, sans-serif; font-size: 10pt;\">rodillo costilla diagonal 2 juegos<\/span><\/td>\n<\/tr>\n<tr>\n<td style=\"width: 14.5101%;\" width=\"110\"><span style=\"font-family: arial, helvetica, sans-serif; font-size: 10pt;\">5. Enderezar<\/span><\/td>\n<td style=\"width: 85.0284%;\" colspan=\"2\" width=\"428\"><span style=\"font-family: arial, helvetica, sans-serif; font-size: 10pt;\">10 rodillos CZ de enderezado de doble eje de uso especial y 4 rodillos de enderezado de doble eje, en total 2 unidades de enderezado.<\/span><\/td>\n<\/tr>\n<tr>\n<td style=\"width: 14.5101%;\" width=\"110\"><span style=\"font-family: arial, helvetica, sans-serif; font-size: 10pt;\">6. Guiar y enviar<\/span><\/td>\n<td style=\"width: 85.0284%;\" colspan=\"2\" width=\"428\"><span style=\"font-family: arial, helvetica, sans-serif; font-size: 10pt;\">accionado por engranajes ascendentes y descendentes<\/span><\/td>\n<\/tr>\n<tr>\n<td style=\"width: 14.5101%;\" width=\"110\"><span style=\"font-family: arial, helvetica, sans-serif; font-size: 10pt;\">7. Punz\u00f3n<\/span><\/td>\n<td style=\"width: 85.0284%;\" colspan=\"2\" width=\"428\"><span style=\"font-family: arial, helvetica, sans-serif; font-size: 10pt;\">perforar un orificio (D14, D16) en el alma y dos orificios (26\u00d716, 26\u00d714) en el alma, dos orificios (26\u00d716, 26\u00d714) en la brida<\/span><\/td>\n<\/tr>\n<tr>\n<td style=\"width: 14.5101%;\" width=\"110\"><span style=\"font-family: arial, helvetica, sans-serif; font-size: 10pt;\">8. Corte formado<\/span><\/td>\n<td style=\"width: 85.0284%;\" colspan=\"2\" width=\"428\"><span style=\"font-family: arial, helvetica, sans-serif; font-size: 10pt;\">sistema de corte sin escalones, mientras tanto no es necesario cambiar la cuchilla, tama\u00f1o universal 80-300 cuchilla.<\/span><\/td>\n<\/tr>\n<\/tbody>\n<\/table>\n<p><img fetchpriority=\"high\" decoding=\"async\" class=\"wp-image-3160\" src=\"https:\/\/www.hechforming.com\/wp-content\/uploads\/2024\/11\/C-purlin-300x120.jpg\" alt=\"Correa C\" width=\"805\" height=\"322\" srcset=\"https:\/\/www.hechforming.com\/wp-content\/uploads\/2024\/11\/C-purlin-300x120.jpg 300w, https:\/\/www.hechforming.com\/wp-content\/uploads\/2024\/11\/C-purlin-18x7.jpg 18w, https:\/\/www.hechforming.com\/wp-content\/uploads\/2024\/11\/C-purlin-600x240.jpg 600w, https:\/\/www.hechforming.com\/wp-content\/uploads\/2024\/11\/C-purlin.jpg 750w\" sizes=\"(max-width: 805px) 100vw, 805px\" \/><\/p>\n<p>&nbsp;<\/p>\n<p><strong>Direcci\u00f3n de flujo: Desenrollador - Dispositivo de nivelaci\u00f3n - prepunzonado y precorte - piezas de perfilado - pila<\/strong><\/p>\n<p>&nbsp;<\/p>\n<p><strong>Aspectos t\u00e9cnicos destacados:<\/strong><br \/>\n\u2714\ufe0f\u00a0<strong>Control inteligente<\/strong>: Control de los datos de producci\u00f3n en tiempo real mediante pantalla t\u00e1ctil<br \/>\n\u2714\ufe0f\u00a0<strong>Cambio eficaz de moldes<\/strong>: Sistema de molde giratorio de 180 grados (cambio C\/Z en 3 minutos)<br \/>\n\u2714\ufe0f\u00a0<strong>Dise\u00f1o duradero<\/strong>: Eje principal de acero 40Cr templado (dureza HRC28-32)<br \/>\n\u2714\ufe0f\u00a0<strong>Certificaciones de seguridad<\/strong>: Marca CE + Sistema de gesti\u00f3n de la calidad ISO 9001<\/p>\n<p><strong>Industrias aplicables:<\/strong><br \/>\nEdificios de estructura met\u00e1lica | Plantas industriales | Almacenes log\u00edsticos | Aeropuertos y ferrocarriles<\/p>\n<p><a href=\"https:\/\/www.facebook.com\/hechuangmachine\/\"><img decoding=\"async\" class=\"wp-image-3161 alignleft\" src=\"https:\/\/www.hechforming.com\/wp-content\/uploads\/2024\/11\/49aa90259cde391d87626c093664161-300x117.webp\" alt=\"M\u00e1quina para correas C\" width=\"805\" height=\"314\" srcset=\"https:\/\/www.hechforming.com\/wp-content\/uploads\/2024\/11\/49aa90259cde391d87626c093664161-300x117.webp 300w, https:\/\/www.hechforming.com\/wp-content\/uploads\/2024\/11\/49aa90259cde391d87626c093664161-768x299.webp 768w, https:\/\/www.hechforming.com\/wp-content\/uploads\/2024\/11\/49aa90259cde391d87626c093664161-18x7.webp 18w, https:\/\/www.hechforming.com\/wp-content\/uploads\/2024\/11\/49aa90259cde391d87626c093664161-600x234.webp 600w, https:\/\/www.hechforming.com\/wp-content\/uploads\/2024\/11\/49aa90259cde391d87626c093664161.webp 770w\" sizes=\"(max-width: 805px) 100vw, 805px\" \/><\/a><\/p>\n<p>&nbsp;<\/p>\n<p>&nbsp;<\/p>\n<p>&nbsp;<\/p>\n<p>&nbsp;<\/p>\n<p>&nbsp;<\/p>\n<p>&nbsp;<\/p>\n<p>&nbsp;<\/p>\n<h6><\/h6>","protected":false},"excerpt":{"rendered":"<p>La perfiladora de correas NL300 CZ es un modelo cl\u00e1sico dise\u00f1ado para clientes de gama media y alta que buscan un rendimiento y una estabilidad excepcionales. Con 21 estaciones de perfilado, esta m\u00e1quina ofrece doble enderezado para una mayor precisi\u00f3n, asegurando que su producci\u00f3n cumple con los m\u00e1s altos est\u00e1ndares. El rango de anchura de 80-300mm y el rango de espesor de 1.0-3.0mm proporciona versatilidad en la producci\u00f3n y puede satisfacer las necesidades de varios proyectos.<\/p>\n<p>La serie N representa un avance respecto a las especificaciones convencionales en la producci\u00f3n de correas. Nuestra m\u00e1quina de correas NL300 CZ forma parte de esta serie y viene con m\u00faltiples versiones de modelos para satisfacer sus requisitos de producci\u00f3n espec\u00edficos en diferentes condiciones. Con su r\u00e1pida producci\u00f3n de tableros y su estable potencia de salida, su alta precisi\u00f3n de cara y su gran durabilidad, esta m\u00e1quina garantiza un proceso de producci\u00f3n fluido y eficaz.<\/p>","protected":false},"featured_media":3146,"template":"","meta":{"site-sidebar-layout":"default","site-content-layout":"","ast-site-content-layout":"default","site-content-style":"default","site-sidebar-style":"default","ast-global-header-display":"","ast-banner-title-visibility":"","ast-main-header-display":"","ast-hfb-above-header-display":"","ast-hfb-below-header-display":"","ast-hfb-mobile-header-display":"","site-post-title":"","ast-breadcrumbs-content":"","ast-featured-img":"","footer-sml-layout":"","theme-transparent-header-meta":"default","adv-header-id-meta":"","stick-header-meta":"","header-above-stick-meta":"","header-main-stick-meta":"","header-below-stick-meta":"","astra-migrate-meta-layouts":"set","ast-page-background-enabled":"default","ast-page-background-meta":{"desktop":{"background-color":"","background-image":"","background-repeat":"repeat","background-position":"center center","background-size":"auto","background-attachment":"scroll","background-type":"","background-media":"","overlay-type":"","overlay-color":"","overlay-opacity":"","overlay-gradient":""},"tablet":{"background-color":"","background-image":"","background-repeat":"repeat","background-position":"center center","background-size":"auto","background-attachment":"scroll","background-type":"","background-media":"","overlay-type":"","overlay-color":"","overlay-opacity":"","overlay-gradient":""},"mobile":{"background-color":"","background-image":"","background-repeat":"repeat","background-position":"center center","background-size":"auto","background-attachment":"scroll","background-type":"","background-media":"","overlay-type":"","overlay-color":"","overlay-opacity":"","overlay-gradient":""}},"ast-content-background-meta":{"desktop":{"background-color":"var(--ast-global-color-5)","background-image":"","background-repeat":"repeat","background-position":"center center","background-size":"auto","background-attachment":"scroll","background-type":"","background-media":"","overlay-type":"","overlay-color":"","overlay-opacity":"","overlay-gradient":""},"tablet":{"background-color":"var(--ast-global-color-5)","background-image":"","background-repeat":"repeat","background-position":"center center","background-size":"auto","background-attachment":"scroll","background-type":"","background-media":"","overlay-type":"","overlay-color":"","overlay-opacity":"","overlay-gradient":""},"mobile":{"background-color":"var(--ast-global-color-5)","background-image":"","background-repeat":"repeat","background-position":"center center","background-size":"auto","background-attachment":"scroll","background-type":"","background-media":"","overlay-type":"","overlay-color":"","overlay-opacity":"","overlay-gradient":""}}},"product_cat":[31],"product_tag":[105,107,106,109],"class_list":{"0":"post-2058","1":"product","2":"type-product","3":"status-publish","4":"has-post-thumbnail","6":"product_cat-cz-purlin-roll-forming-machine","7":"product_tag-cz-purlin-roll-forming-machine","8":"product_tag-cz-purline-roll-forming-machine","9":"product_tag-purlin-making-machine","10":"product_tag-steel-purlin-roll-forming-equipment","11":"desktop-align-left","12":"tablet-align-left","13":"mobile-align-left","15":"first","16":"instock","17":"shipping-taxable","18":"product-type-simple"},"yoast_head":"<!-- This site is optimized with the Yoast SEO plugin v24.8.1 - https:\/\/yoast.com\/wordpress\/plugins\/seo\/ -->\n<title>Atomatic Exchange CZ purlin Roll Forming Machine - Leading Roll Forming Machines Manufacturer &amp; Supplier<\/title>\n<meta name=\"description\" content=\"Full-Automatic CZ Purlin Roll Forming Machine | 0.3-3mm Galvanized Steel Processing, 30m\/min Speed &amp; \u00b10.15mm Precision. CE &amp; ISO Certified\" \/>\n<meta name=\"robots\" content=\"index, follow, max-snippet:-1, max-image-preview:large, max-video-preview:-1\" \/>\n<link rel=\"canonical\" href=\"https:\/\/www.hechforming.com\/es\/producto\/perfiladora-cz-purline\/\" \/>\n<meta property=\"og:locale\" content=\"es_ES\" \/>\n<meta property=\"og:type\" content=\"article\" \/>\n<meta property=\"og:title\" content=\"Atomatic Exchange CZ purlin Roll Forming Machine - Leading Roll Forming Machines Manufacturer &amp; Supplier\" \/>\n<meta property=\"og:description\" content=\"Full-Automatic CZ Purlin Roll Forming Machine | 0.3-3mm Galvanized Steel Processing, 30m\/min Speed &amp; \u00b10.15mm Precision. CE &amp; ISO Certified\" \/>\n<meta property=\"og:url\" content=\"https:\/\/www.hechforming.com\/es\/producto\/perfiladora-cz-purline\/\" \/>\n<meta property=\"og:site_name\" content=\"Leading Roll Forming Machines Manufacturer &amp; Supplier\" \/>\n<meta property=\"article:publisher\" content=\"https:\/\/www.facebook.com\/hechuangmachine\/\" \/>\n<meta property=\"article:modified_time\" content=\"2025-04-28T02:04:54+00:00\" \/>\n<meta property=\"og:image\" content=\"https:\/\/www.hechforming.com\/wp-content\/uploads\/2024\/11\/exchange-CZ-purlin-roll-forming-machine.jpg\" \/>\n\t<meta property=\"og:image:width\" content=\"750\" \/>\n\t<meta property=\"og:image:height\" content=\"750\" \/>\n\t<meta property=\"og:image:type\" content=\"image\/jpeg\" \/>\n<meta name=\"twitter:card\" content=\"summary_large_image\" \/>\n<meta name=\"twitter:label1\" content=\"Tiempo de lectura\" \/>\n\t<meta name=\"twitter:data1\" content=\"2 minutos\" \/>\n<script type=\"application\/ld+json\" class=\"yoast-schema-graph\">{\"@context\":\"https:\/\/schema.org\",\"@graph\":[{\"@type\":\"WebPage\",\"@id\":\"https:\/\/www.hechforming.com\/product\/cz-purline-roll-forming-machine\/\",\"url\":\"https:\/\/www.hechforming.com\/product\/cz-purline-roll-forming-machine\/\",\"name\":\"Atomatic Exchange CZ purlin Roll Forming Machine - Leading Roll Forming Machines Manufacturer &amp; Supplier\",\"isPartOf\":{\"@id\":\"https:\/\/www.hechforming.com\/#website\"},\"primaryImageOfPage\":{\"@id\":\"https:\/\/www.hechforming.com\/product\/cz-purline-roll-forming-machine\/#primaryimage\"},\"image\":{\"@id\":\"https:\/\/www.hechforming.com\/product\/cz-purline-roll-forming-machine\/#primaryimage\"},\"thumbnailUrl\":\"https:\/\/www.hechforming.com\/wp-content\/uploads\/2024\/11\/exchange-CZ-purlin-roll-forming-machine.jpg\",\"datePublished\":\"2024-11-22T03:26:37+00:00\",\"dateModified\":\"2025-04-28T02:04:54+00:00\",\"description\":\"Full-Automatic CZ Purlin Roll Forming Machine | 0.3-3mm Galvanized Steel Processing, 30m\/min Speed & \u00b10.15mm Precision. CE & ISO Certified\",\"breadcrumb\":{\"@id\":\"https:\/\/www.hechforming.com\/product\/cz-purline-roll-forming-machine\/#breadcrumb\"},\"inLanguage\":\"es\",\"potentialAction\":[{\"@type\":\"ReadAction\",\"target\":[\"https:\/\/www.hechforming.com\/product\/cz-purline-roll-forming-machine\/\"]}]},{\"@type\":\"ImageObject\",\"inLanguage\":\"es\",\"@id\":\"https:\/\/www.hechforming.com\/product\/cz-purline-roll-forming-machine\/#primaryimage\",\"url\":\"https:\/\/www.hechforming.com\/wp-content\/uploads\/2024\/11\/exchange-CZ-purlin-roll-forming-machine.jpg\",\"contentUrl\":\"https:\/\/www.hechforming.com\/wp-content\/uploads\/2024\/11\/exchange-CZ-purlin-roll-forming-machine.jpg\",\"width\":750,\"height\":750,\"caption\":\"exchange CZ purlin roll forming machine\"},{\"@type\":\"BreadcrumbList\",\"@id\":\"https:\/\/www.hechforming.com\/product\/cz-purline-roll-forming-machine\/#breadcrumb\",\"itemListElement\":[{\"@type\":\"ListItem\",\"position\":1,\"name\":\"\u9996\u9875\",\"item\":\"https:\/\/www.hechforming.com\/\"},{\"@type\":\"ListItem\",\"position\":2,\"name\":\"product\",\"item\":\"https:\/\/www.hechforming.com\/product\/\"},{\"@type\":\"ListItem\",\"position\":3,\"name\":\"Atomatic Exchange CZ purlin Roll Forming Machine\"}]},{\"@type\":\"WebSite\",\"@id\":\"https:\/\/www.hechforming.com\/#website\",\"url\":\"https:\/\/www.hechforming.com\/\",\"name\":\"Cangzhou Hechuang Machinery Manufacturer Co.,ltd\",\"description\":\"Leading Roll Forming Machines Manufacturer &amp; Supplier\",\"publisher\":{\"@id\":\"https:\/\/www.hechforming.com\/#organization\"},\"potentialAction\":[{\"@type\":\"SearchAction\",\"target\":{\"@type\":\"EntryPoint\",\"urlTemplate\":\"https:\/\/www.hechforming.com\/?s={search_term_string}\"},\"query-input\":{\"@type\":\"PropertyValueSpecification\",\"valueRequired\":true,\"valueName\":\"search_term_string\"}}],\"inLanguage\":\"es\"},{\"@type\":\"Organization\",\"@id\":\"https:\/\/www.hechforming.com\/#organization\",\"name\":\"Cangzhou Hechuang Machinery Manufacturer Co.,ltd\",\"url\":\"https:\/\/www.hechforming.com\/\",\"logo\":{\"@type\":\"ImageObject\",\"inLanguage\":\"es\",\"@id\":\"https:\/\/www.hechforming.com\/#\/schema\/logo\/image\/\",\"url\":\"https:\/\/www.hechforming.com\/wp-content\/uploads\/2025\/03\/cropped-hechuang-roll-forming-machine-1-300x300-1.webp\",\"contentUrl\":\"https:\/\/www.hechforming.com\/wp-content\/uploads\/2025\/03\/cropped-hechuang-roll-forming-machine-1-300x300-1.webp\",\"width\":300,\"height\":300,\"caption\":\"Cangzhou Hechuang Machinery Manufacturer Co.,ltd\"},\"image\":{\"@id\":\"https:\/\/www.hechforming.com\/#\/schema\/logo\/image\/\"},\"sameAs\":[\"https:\/\/www.facebook.com\/hechuangmachine\/\",\"https:\/\/www.linkedin.com\/in\/cherry-steel-sheet-roll-forming-machine-58901b233\/\",\"https:\/\/www.youtube.com\/@CANGZHOUHECHUANGMACHINER-fp1jg\"]}]}<\/script>\n<!-- \/ Yoast SEO plugin. -->","yoast_head_json":{"title":"Atomatic Exchange CZ purlin Roll Forming Machine - Leading Roll Forming Machines Manufacturer &amp; Supplier","description":"Full-Automatic CZ Purlin Roll Forming Machine | 0.3-3mm Galvanized Steel Processing, 30m\/min Speed & \u00b10.15mm Precision. CE & ISO Certified","robots":{"index":"index","follow":"follow","max-snippet":"max-snippet:-1","max-image-preview":"max-image-preview:large","max-video-preview":"max-video-preview:-1"},"canonical":"https:\/\/www.hechforming.com\/es\/producto\/perfiladora-cz-purline\/","og_locale":"es_ES","og_type":"article","og_title":"Atomatic Exchange CZ purlin Roll Forming Machine - Leading Roll Forming Machines Manufacturer &amp; Supplier","og_description":"Full-Automatic CZ Purlin Roll Forming Machine | 0.3-3mm Galvanized Steel Processing, 30m\/min Speed & \u00b10.15mm Precision. CE & ISO Certified","og_url":"https:\/\/www.hechforming.com\/es\/producto\/perfiladora-cz-purline\/","og_site_name":"Leading Roll Forming Machines Manufacturer &amp; Supplier","article_publisher":"https:\/\/www.facebook.com\/hechuangmachine\/","article_modified_time":"2025-04-28T02:04:54+00:00","og_image":[{"width":750,"height":750,"url":"https:\/\/www.hechforming.com\/wp-content\/uploads\/2024\/11\/exchange-CZ-purlin-roll-forming-machine.jpg","type":"image\/jpeg"}],"twitter_card":"summary_large_image","twitter_misc":{"Tiempo de lectura":"2 minutos"},"schema":{"@context":"https:\/\/schema.org","@graph":[{"@type":"WebPage","@id":"https:\/\/www.hechforming.com\/product\/cz-purline-roll-forming-machine\/","url":"https:\/\/www.hechforming.com\/product\/cz-purline-roll-forming-machine\/","name":"Atomatic Exchange CZ purlin Roll Forming Machine - Leading Roll Forming Machines Manufacturer &amp; Supplier","isPartOf":{"@id":"https:\/\/www.hechforming.com\/#website"},"primaryImageOfPage":{"@id":"https:\/\/www.hechforming.com\/product\/cz-purline-roll-forming-machine\/#primaryimage"},"image":{"@id":"https:\/\/www.hechforming.com\/product\/cz-purline-roll-forming-machine\/#primaryimage"},"thumbnailUrl":"https:\/\/www.hechforming.com\/wp-content\/uploads\/2024\/11\/exchange-CZ-purlin-roll-forming-machine.jpg","datePublished":"2024-11-22T03:26:37+00:00","dateModified":"2025-04-28T02:04:54+00:00","description":"Full-Automatic CZ Purlin Roll Forming Machine | 0.3-3mm Galvanized Steel Processing, 30m\/min Speed & \u00b10.15mm Precision. CE & ISO Certified","breadcrumb":{"@id":"https:\/\/www.hechforming.com\/product\/cz-purline-roll-forming-machine\/#breadcrumb"},"inLanguage":"es","potentialAction":[{"@type":"ReadAction","target":["https:\/\/www.hechforming.com\/product\/cz-purline-roll-forming-machine\/"]}]},{"@type":"ImageObject","inLanguage":"es","@id":"https:\/\/www.hechforming.com\/product\/cz-purline-roll-forming-machine\/#primaryimage","url":"https:\/\/www.hechforming.com\/wp-content\/uploads\/2024\/11\/exchange-CZ-purlin-roll-forming-machine.jpg","contentUrl":"https:\/\/www.hechforming.com\/wp-content\/uploads\/2024\/11\/exchange-CZ-purlin-roll-forming-machine.jpg","width":750,"height":750,"caption":"exchange CZ purlin roll forming machine"},{"@type":"BreadcrumbList","@id":"https:\/\/www.hechforming.com\/product\/cz-purline-roll-forming-machine\/#breadcrumb","itemListElement":[{"@type":"ListItem","position":1,"name":"\u9996\u9875","item":"https:\/\/www.hechforming.com\/"},{"@type":"ListItem","position":2,"name":"product","item":"https:\/\/www.hechforming.com\/product\/"},{"@type":"ListItem","position":3,"name":"Atomatic Exchange CZ purlin Roll Forming Machine"}]},{"@type":"WebSite","@id":"https:\/\/www.hechforming.com\/#website","url":"https:\/\/www.hechforming.com\/","name":"Cangzhou Hechuang Machinery Manufacturer Co.,ltd","description":"Leading Roll Forming Machines Manufacturer &amp; Supplier","publisher":{"@id":"https:\/\/www.hechforming.com\/#organization"},"potentialAction":[{"@type":"SearchAction","target":{"@type":"EntryPoint","urlTemplate":"https:\/\/www.hechforming.com\/?s={search_term_string}"},"query-input":{"@type":"PropertyValueSpecification","valueRequired":true,"valueName":"search_term_string"}}],"inLanguage":"es"},{"@type":"Organization","@id":"https:\/\/www.hechforming.com\/#organization","name":"Cangzhou Hechuang Machinery Manufacturer Co.,ltd","url":"https:\/\/www.hechforming.com\/","logo":{"@type":"ImageObject","inLanguage":"es","@id":"https:\/\/www.hechforming.com\/#\/schema\/logo\/image\/","url":"https:\/\/www.hechforming.com\/wp-content\/uploads\/2025\/03\/cropped-hechuang-roll-forming-machine-1-300x300-1.webp","contentUrl":"https:\/\/www.hechforming.com\/wp-content\/uploads\/2025\/03\/cropped-hechuang-roll-forming-machine-1-300x300-1.webp","width":300,"height":300,"caption":"Cangzhou Hechuang Machinery Manufacturer Co.,ltd"},"image":{"@id":"https:\/\/www.hechforming.com\/#\/schema\/logo\/image\/"},"sameAs":["https:\/\/www.facebook.com\/hechuangmachine\/","https:\/\/www.linkedin.com\/in\/cherry-steel-sheet-roll-forming-machine-58901b233\/","https:\/\/www.youtube.com\/@CANGZHOUHECHUANGMACHINER-fp1jg"]}]}},"_links":{"self":[{"href":"https:\/\/www.hechforming.com\/es\/wp-json\/wp\/v2\/product\/2058","targetHints":{"allow":["GET"]}}],"collection":[{"href":"https:\/\/www.hechforming.com\/es\/wp-json\/wp\/v2\/product"}],"about":[{"href":"https:\/\/www.hechforming.com\/es\/wp-json\/wp\/v2\/types\/product"}],"wp:featuredmedia":[{"embeddable":true,"href":"https:\/\/www.hechforming.com\/es\/wp-json\/wp\/v2\/media\/3146"}],"wp:attachment":[{"href":"https:\/\/www.hechforming.com\/es\/wp-json\/wp\/v2\/media?parent=2058"}],"wp:term":[{"taxonomy":"product_cat","embeddable":true,"href":"https:\/\/www.hechforming.com\/es\/wp-json\/wp\/v2\/product_cat?post=2058"},{"taxonomy":"product_tag","embeddable":true,"href":"https:\/\/www.hechforming.com\/es\/wp-json\/wp\/v2\/product_tag?post=2058"}],"curies":[{"name":"wp","href":"https:\/\/api.w.org\/{rel}","templated":true}]}}