{"id":2393,"date":"2024-12-03T15:26:50","date_gmt":"2024-12-03T07:26:50","guid":{"rendered":"https:\/\/www.hechforming.com\/?post_type=product&#038;p=2393"},"modified":"2025-04-01T14:08:23","modified_gmt":"2025-04-01T06:08:23","slug":"automatic-c-purlin-roll-forming-machine","status":"publish","type":"product","link":"https:\/\/www.hechforming.com\/es\/producto\/perfiladora-automatica-de-correas-en-c\/","title":{"rendered":"Perfiladora autom\u00e1tica de correas en C"},"content":{"rendered":"<p><img fetchpriority=\"high\" decoding=\"async\" class=\"\" src=\"http:\/\/www.hechforming.com\/wp-content\/uploads\/2024\/12\/%E8%AF%A6%E6%83%85%E5%9B%BE%E7%89%87_04.avif\" alt=\"M\u00e1quina formadora de rollos de doble capa\" width=\"900\" height=\"66\" \/><\/p>\n<p>L\u00ednea de producci\u00f3n de componentes para perfiladoras de correas en C<\/p>\n<table style=\"height: 962px;\" width=\"978\">\n<tbody>\n<tr>\n<td colspan=\"10\" width=\"660\">Componentes principales<\/td>\n<\/tr>\n<tr>\n<td>art\u00edculo<\/td>\n<td colspan=\"4\">Descripci\u00f3n del art\u00edculo<\/td>\n<td colspan=\"2\">Unidad<\/td>\n<td colspan=\"3\">Cantidad<\/td>\n<\/tr>\n<tr>\n<td>1<\/td>\n<td colspan=\"4\">Decoiler 5 T<\/td>\n<td colspan=\"2\">configure<\/td>\n<td colspan=\"3\">1<\/td>\n<\/tr>\n<tr>\n<td>2<\/td>\n<td colspan=\"4\">Principal M\u00e1quina perfiladora<\/td>\n<td colspan=\"2\">configure<\/td>\n<td colspan=\"3\">1<\/td>\n<\/tr>\n<tr>\n<td>3<\/td>\n<td colspan=\"4\">Sistema de punzonado<\/td>\n<td colspan=\"2\">configure<\/td>\n<td colspan=\"3\">1<\/td>\n<\/tr>\n<tr>\n<td>4<\/td>\n<td colspan=\"4\">Sistema de control PLC<\/td>\n<td colspan=\"2\">configure<\/td>\n<td colspan=\"3\">1<\/td>\n<\/tr>\n<tr>\n<td>5<\/td>\n<td colspan=\"4\">Sistema de corte hidr\u00e1ulico<\/td>\n<td colspan=\"2\">configure<\/td>\n<td colspan=\"3\">1<\/td>\n<\/tr>\n<tr>\n<td colspan=\"10\">Parte 2 M\u00e1quina principal de perfilado<\/td>\n<\/tr>\n<tr>\n<td>3<\/td>\n<td colspan=\"4\">Material del eje<\/td>\n<td colspan=\"5\">45# Acero con temple y revenido<\/td>\n<\/tr>\n<tr>\n<td>4<\/td>\n<td colspan=\"4\">di\u00e1metro del eje<\/td>\n<td colspan=\"5\">90 mm, eje macizo<\/td>\n<\/tr>\n<tr>\n<td>5<\/td>\n<td colspan=\"4\">Material del rodillo<\/td>\n<td colspan=\"5\">Acero 45# de alta calidad, espesor cromado en superficie 0,05 mm<\/td>\n<\/tr>\n<tr>\n<td>6<\/td>\n<td colspan=\"4\">Estaci\u00f3n de rodillos<\/td>\n<td colspan=\"5\">17Estaciones+4 rodillos de salida<\/td>\n<\/tr>\n<tr>\n<td>7<\/td>\n<td colspan=\"4\">Material de las hojas de afeitar<\/td>\n<td colspan=\"5\">Cr12mov<\/td>\n<\/tr>\n<tr>\n<td>8<\/td>\n<td colspan=\"4\">Tipo de cortador<\/td>\n<td colspan=\"5\">sistema de corte hidrulico<\/td>\n<\/tr>\n<tr>\n<td>9<\/td>\n<td colspan=\"4\">Espesor de la placa intermedia<\/td>\n<td colspan=\"5\">Archway<\/td>\n<\/tr>\n<tr>\n<td>10<\/td>\n<td colspan=\"4\">Material del bastidor principal<\/td>\n<td colspan=\"5\">caja cuadrada<\/td>\n<\/tr>\n<tr>\n<td>11<\/td>\n<td colspan=\"4\">PLC<\/td>\n<td colspan=\"5\">Daida(marca taiwanesa)<\/td>\n<\/tr>\n<tr>\n<td>12<\/td>\n<td colspan=\"4\">caja de control<\/td>\n<td colspan=\"5\">Armario de control dividido en voladizo<\/td>\n<\/tr>\n<tr>\n<td>13<\/td>\n<td colspan=\"4\">Velocidad de trabajo<\/td>\n<td colspan=\"5\">\u00a015 m\/min<\/td>\n<\/tr>\n<tr>\n<td>15<\/td>\n<td colspan=\"4\">Rodamiento<\/td>\n<td colspan=\"5\">Marca famosa china<\/td>\n<\/tr>\n<tr>\n<td>16<\/td>\n<td colspan=\"4\">alimentaci\u00f3n principal<\/td>\n<td colspan=\"5\">15kw<\/td>\n<\/tr>\n<tr>\n<td>17<\/td>\n<td colspan=\"4\">Transmisi\u00f3n<\/td>\n<td colspan=\"5\">Por cadena (1,2 pulgadas\uff09<\/td>\n<\/tr>\n<tr>\n<td>18<\/td>\n<td colspan=\"4\">Tensi\u00f3n<\/td>\n<td colspan=\"5\">380 V, 50 Hz, trif\u00e1sico<\/td>\n<\/tr>\n<\/tbody>\n<\/table>\n<p><img decoding=\"async\" class=\"\" src=\"http:\/\/www.hechforming.com\/wp-content\/uploads\/2024\/12\/%E8%AF%A6%E6%83%85%E5%9B%BE%E7%89%87_09.avif\" alt=\"M\u00e1quina formadora de rollos de doble capa\" width=\"900\" height=\"84\" \/><\/p>\n<table style=\"border-collapse: collapse; width: 76.7766%;\">\n<tbody>\n<tr>\n<td style=\"width: 36.4045%;\"><img decoding=\"async\" class=\"alignnone wp-image-3336\" src=\"https:\/\/www.hechforming.com\/wp-content\/uploads\/2024\/12\/1-300x225.webp\" alt=\"M\u00e1quina para correas C\" width=\"520\" height=\"390\" srcset=\"https:\/\/www.hechforming.com\/wp-content\/uploads\/2024\/12\/1-300x225.webp 300w, https:\/\/www.hechforming.com\/wp-content\/uploads\/2024\/12\/1-768x576.webp 768w, https:\/\/www.hechforming.com\/wp-content\/uploads\/2024\/12\/1-16x12.webp 16w, https:\/\/www.hechforming.com\/wp-content\/uploads\/2024\/12\/1-600x450.webp 600w, https:\/\/www.hechforming.com\/wp-content\/uploads\/2024\/12\/1.webp 800w\" sizes=\"(max-width: 520px) 100vw, 520px\" \/><\/td>\n<td style=\"width: 39.4756%;\"><img loading=\"lazy\" decoding=\"async\" class=\"alignnone wp-image-3337\" src=\"https:\/\/www.hechforming.com\/wp-content\/uploads\/2024\/12\/2-6-300x225.jpg\" alt=\"M\u00e1quina para fabricar correas C\" width=\"557\" height=\"417\" srcset=\"https:\/\/www.hechforming.com\/wp-content\/uploads\/2024\/12\/2-6-300x225.jpg 300w, https:\/\/www.hechforming.com\/wp-content\/uploads\/2024\/12\/2-6-768x576.jpg 768w, https:\/\/www.hechforming.com\/wp-content\/uploads\/2024\/12\/2-6-16x12.jpg 16w, https:\/\/www.hechforming.com\/wp-content\/uploads\/2024\/12\/2-6-600x450.jpg 600w, https:\/\/www.hechforming.com\/wp-content\/uploads\/2024\/12\/2-6.jpg 800w\" sizes=\"(max-width: 557px) 100vw, 557px\" \/><\/td>\n<td style=\"width: 0.921576%;\"><\/td>\n<\/tr>\n<\/tbody>\n<\/table>\n<p><img loading=\"lazy\" decoding=\"async\" class=\"\" src=\"http:\/\/www.hechforming.com\/wp-content\/uploads\/2024\/12\/%E8%AF%A6%E6%83%85%E5%9B%BE%E7%89%87_21.avif\" alt=\"M\u00e1quina formadora de rollos de doble capa\" width=\"900\" height=\"1040\" \/><\/p>\n<h6><span style=\"font-family: arial, helvetica, sans-serif; color: #0000ff;\">1. 1. Qui\u00e9nes somos<\/span><br \/>\n<span style=\"font-family: arial, helvetica, sans-serif;\">Somos una empresa de fabricaci\u00f3n con sede en Cangzhou, provincia de Hebei, China, fundada en 2013. Nuestros principales mercados de exportaci\u00f3n incluyen Sudam\u00e9rica (30%), Ocean\u00eda (20%), \u00c1frica (20%), Norteam\u00e9rica (10%), Oriente Medio (10%) y el Sudeste Asi\u00e1tico (10%). Nuestro equipo est\u00e1 formado por 11-50 profesionales dedicados a ofrecer excelencia.<\/span><\/h6>\n<h6><span style=\"font-family: arial, helvetica, sans-serif; color: #0000ff;\">2. 2. Garant\u00eda de calidad<\/span><br \/>\n<span style=\"font-family: arial, helvetica, sans-serif;\">- Pruebas de prototipos antes de la producci\u00f3n a granel <\/span><br \/>\n<span style=\"font-family: arial, helvetica, sans-serif;\">- Rigurosos controles finales de calidad antes de la expedici\u00f3n<\/span><\/h6>\n<h6><span style=\"font-family: arial, helvetica, sans-serif; color: #0000ff;\">3. Nuestra gama de productos<\/span><br \/>\n<span style=\"font-family: arial, helvetica, sans-serif;\">Somos especialistas en fabricaci\u00f3n: <\/span><br \/>\n<span style=\"font-family: arial, helvetica, sans-serif;\">- Sistemas de perfilado de tejados y paredes <\/span><br \/>\n<span style=\"font-family: arial, helvetica, sans-serif;\">- Maquinaria para la fabricaci\u00f3n de tarimas <\/span><br \/>\n<span style=\"font-family: arial, helvetica, sans-serif;\">- Equipos de producci\u00f3n de quillas de acero ligero <\/span><br \/>\n<span style=\"font-family: arial, helvetica, sans-serif;\">- Unidades de perfilado de correas CZ <\/span><br \/>\n<span style=\"font-family: arial, helvetica, sans-serif;\">- Aplanadoras y cortadoras de precisi\u00f3n<\/span><\/h6>\n<h6><span style=\"font-family: arial, helvetica, sans-serif; color: #0000ff;\">4.Ventajas competitivas<\/span><br \/>\n<span style=\"font-family: arial, helvetica, sans-serif;\">\u2460 Fabricante de amplio espectro de maquinaria para tejados y equipos relacionados. <\/span><br \/>\n<span style=\"font-family: arial, helvetica, sans-serif;\">\u2461 D\u00e9cadas de experiencia en el sector con soluciones tecnol\u00f3gicas de vanguardia. <\/span><br \/>\n<span style=\"font-family: arial, helvetica, sans-serif;\">\u2462 Divisi\u00f3n de I+D especializada y equipo de atenci\u00f3n al cliente 24 horas al d\u00eda, 7 d\u00edas a la semana.<\/span><\/h6>\n<h6><span style=\"font-family: arial, helvetica, sans-serif; color: #0000ff;\">5. Capacidades de servicio<\/span><br \/>\n<span style=\"font-family: arial, helvetica, sans-serif;\">- Condiciones de entrega: FOB, CFR, CIF, EXW, FAS, CIP, FCA, CPT, DEQ, DDP, DDU, Entrega urgente, DAF, DES <\/span><br \/>\n<span style=\"font-family: arial, helvetica, sans-serif;\">- Divisas de transacci\u00f3n: USD, EUR, JPY, CAD, AUD, HKD, GBP, CNY, CHF <\/span><br \/>\n<span style=\"font-family: arial, helvetica, sans-serif;\">- Opciones de pago: T\/T, L\/C, MoneyGram, Tarjeta de cr\u00e9dito, PayPal, Western Union, Efectivo, Escrow <\/span><br \/>\n<span style=\"font-family: arial, helvetica, sans-serif;\">- Idiomas: Ingl\u00e9s, chino, espa\u00f1ol, japon\u00e9s, alem\u00e1n, franc\u00e9s y ruso.<\/span><\/h6>","protected":false},"excerpt":{"rendered":"<p>Este sistema totalmente autom\u00e1tico <strong>M\u00e1quina perfiladora de correas C<\/strong> est\u00e1 equipada con un servomotor que permite ajustar f\u00e1cilmente el tama\u00f1o del fondo y de la brida, ofreciendo una gran flexibilidad y precisi\u00f3n. La m\u00e1quina est\u00e1 dise\u00f1ada para funcionar sin esfuerzo, utilizando un <strong>Sistema de control PLC Delta<\/strong> que garantiza un funcionamiento suave y fiable. Capaz de producir <strong>correas C<\/strong> que van desde <strong>60 a 300 mm<\/strong>, satisface las necesidades de una gran variedad de aplicaciones industriales.<\/p>\n<p>Como fabricante l\u00edder, <strong>Maquinaria Cangzhou Hechuang<\/strong> se especializa en el dise\u00f1o y la producci\u00f3n de <strong>Perfiladoras de correas CZ<\/strong>. Nuestras m\u00e1quinas son conocidas por su <strong>rendimiento estable<\/strong> y <strong>calidad fiable<\/strong>garantizando la eficacia a largo plazo y la satisfacci\u00f3n del cliente. Con a\u00f1os de experiencia en el sector, nos comprometemos a ofrecer soluciones de alta calidad adaptadas a sus requisitos de producci\u00f3n espec\u00edficos.<\/p>","protected":false},"featured_media":2394,"template":"","meta":{"site-sidebar-layout":"default","site-content-layout":"","ast-site-content-layout":"default","site-content-style":"default","site-sidebar-style":"default","ast-global-header-display":"","ast-banner-title-visibility":"","ast-main-header-display":"","ast-hfb-above-header-display":"","ast-hfb-below-header-display":"","ast-hfb-mobile-header-display":"","site-post-title":"","ast-breadcrumbs-content":"","ast-featured-img":"","footer-sml-layout":"","theme-transparent-header-meta":"default","adv-header-id-meta":"","stick-header-meta":"","header-above-stick-meta":"","header-main-stick-meta":"","header-below-stick-meta":"","astra-migrate-meta-layouts":"set","ast-page-background-enabled":"default","ast-page-background-meta":{"desktop":{"background-color":"","background-image":"","background-repeat":"repeat","background-position":"center center","background-size":"auto","background-attachment":"scroll","background-type":"","background-media":"","overlay-type":"","overlay-color":"","overlay-opacity":"","overlay-gradient":""},"tablet":{"background-color":"","background-image":"","background-repeat":"repeat","background-position":"center center","background-size":"auto","background-attachment":"scroll","background-type":"","background-media":"","overlay-type":"","overlay-color":"","overlay-opacity":"","overlay-gradient":""},"mobile":{"background-color":"","background-image":"","background-repeat":"repeat","background-position":"center center","background-size":"auto","background-attachment":"scroll","background-type":"","background-media":"","overlay-type":"","overlay-color":"","overlay-opacity":"","overlay-gradient":""}},"ast-content-background-meta":{"desktop":{"background-color":"var(--ast-global-color-5)","background-image":"","background-repeat":"repeat","background-position":"center center","background-size":"auto","background-attachment":"scroll","background-type":"","background-media":"","overlay-type":"","overlay-color":"","overlay-opacity":"","overlay-gradient":""},"tablet":{"background-color":"var(--ast-global-color-5)","background-image":"","background-repeat":"repeat","background-position":"center center","background-size":"auto","background-attachment":"scroll","background-type":"","background-media":"","overlay-type":"","overlay-color":"","overlay-opacity":"","overlay-gradient":""},"mobile":{"background-color":"var(--ast-global-color-5)","background-image":"","background-repeat":"repeat","background-position":"center center","background-size":"auto","background-attachment":"scroll","background-type":"","background-media":"","overlay-type":"","overlay-color":"","overlay-opacity":"","overlay-gradient":""}}},"product_cat":[31],"product_tag":[77],"class_list":{"0":"post-2393","1":"product","2":"type-product","3":"status-publish","4":"has-post-thumbnail","6":"product_cat-cz-purlin-roll-forming-machine","7":"product_tag-c-channel-roll-forming-machinecz-roll-forming-machinec-z-channel-roll-forming-machinepurlin-machine-roll-formingpanel-roll-forming-machinechannel-roll-form","8":"desktop-align-left","9":"tablet-align-left","10":"mobile-align-left","12":"first","13":"instock","14":"shipping-taxable","15":"product-type-simple"},"yoast_head":"<!-- This site is optimized with the Yoast SEO plugin v24.8.1 - https:\/\/yoast.com\/wordpress\/plugins\/seo\/ -->\n<title>Automatic C purlin roll forming machine - Leading Roll Forming Machines Manufacturer &amp; Supplier<\/title>\n<meta name=\"description\" content=\"the C purlin roll forming machine can automatic exchange the C size from 60mm to 300mm. We professional for CZ purlin roll forming machine\" \/>\n<meta name=\"robots\" content=\"index, follow, max-snippet:-1, max-image-preview:large, max-video-preview:-1\" \/>\n<link rel=\"canonical\" href=\"https:\/\/www.hechforming.com\/es\/producto\/perfiladora-automatica-de-correas-en-c\/\" \/>\n<meta property=\"og:locale\" content=\"es_ES\" \/>\n<meta property=\"og:type\" content=\"article\" \/>\n<meta property=\"og:title\" content=\"Automatic C purlin roll forming machine - Leading Roll Forming Machines Manufacturer &amp; Supplier\" \/>\n<meta property=\"og:description\" content=\"the C purlin roll forming machine can automatic exchange the C size from 60mm to 300mm. We professional for CZ purlin roll forming machine\" \/>\n<meta property=\"og:url\" content=\"https:\/\/www.hechforming.com\/es\/producto\/perfiladora-automatica-de-correas-en-c\/\" \/>\n<meta property=\"og:site_name\" content=\"Leading Roll Forming Machines Manufacturer &amp; Supplier\" \/>\n<meta property=\"article:publisher\" content=\"https:\/\/www.facebook.com\/hechuangmachine\/\" \/>\n<meta property=\"article:modified_time\" content=\"2025-04-01T06:08:23+00:00\" \/>\n<meta property=\"og:image\" content=\"https:\/\/www.hechforming.com\/wp-content\/uploads\/2024\/12\/C-pruline-roll-forming-machine.jpg\" \/>\n\t<meta property=\"og:image:width\" content=\"800\" \/>\n\t<meta property=\"og:image:height\" content=\"800\" \/>\n\t<meta property=\"og:image:type\" content=\"image\/jpeg\" \/>\n<meta name=\"twitter:card\" content=\"summary_large_image\" \/>\n<meta name=\"twitter:label1\" content=\"Tiempo de lectura\" \/>\n\t<meta name=\"twitter:data1\" content=\"3 minutos\" \/>\n<script type=\"application\/ld+json\" class=\"yoast-schema-graph\">{\"@context\":\"https:\/\/schema.org\",\"@graph\":[{\"@type\":\"WebPage\",\"@id\":\"https:\/\/www.hechforming.com\/product\/automatic-c-purlin-roll-forming-machine\/\",\"url\":\"https:\/\/www.hechforming.com\/product\/automatic-c-purlin-roll-forming-machine\/\",\"name\":\"Automatic C purlin roll forming machine - Leading Roll Forming Machines Manufacturer &amp; Supplier\",\"isPartOf\":{\"@id\":\"https:\/\/www.hechforming.com\/#website\"},\"primaryImageOfPage\":{\"@id\":\"https:\/\/www.hechforming.com\/product\/automatic-c-purlin-roll-forming-machine\/#primaryimage\"},\"image\":{\"@id\":\"https:\/\/www.hechforming.com\/product\/automatic-c-purlin-roll-forming-machine\/#primaryimage\"},\"thumbnailUrl\":\"https:\/\/www.hechforming.com\/wp-content\/uploads\/2024\/12\/C-pruline-roll-forming-machine.jpg\",\"datePublished\":\"2024-12-03T07:26:50+00:00\",\"dateModified\":\"2025-04-01T06:08:23+00:00\",\"description\":\"the C purlin roll forming machine can automatic exchange the C size from 60mm to 300mm. We professional for CZ purlin roll forming machine\",\"breadcrumb\":{\"@id\":\"https:\/\/www.hechforming.com\/product\/automatic-c-purlin-roll-forming-machine\/#breadcrumb\"},\"inLanguage\":\"es\",\"potentialAction\":[{\"@type\":\"ReadAction\",\"target\":[\"https:\/\/www.hechforming.com\/product\/automatic-c-purlin-roll-forming-machine\/\"]}]},{\"@type\":\"ImageObject\",\"inLanguage\":\"es\",\"@id\":\"https:\/\/www.hechforming.com\/product\/automatic-c-purlin-roll-forming-machine\/#primaryimage\",\"url\":\"https:\/\/www.hechforming.com\/wp-content\/uploads\/2024\/12\/C-pruline-roll-forming-machine.jpg\",\"contentUrl\":\"https:\/\/www.hechforming.com\/wp-content\/uploads\/2024\/12\/C-pruline-roll-forming-machine.jpg\",\"width\":800,\"height\":800,\"caption\":\"this is C purlin roll forming machine picture\"},{\"@type\":\"BreadcrumbList\",\"@id\":\"https:\/\/www.hechforming.com\/product\/automatic-c-purlin-roll-forming-machine\/#breadcrumb\",\"itemListElement\":[{\"@type\":\"ListItem\",\"position\":1,\"name\":\"\u9996\u9875\",\"item\":\"https:\/\/www.hechforming.com\/\"},{\"@type\":\"ListItem\",\"position\":2,\"name\":\"product\",\"item\":\"https:\/\/www.hechforming.com\/product\/\"},{\"@type\":\"ListItem\",\"position\":3,\"name\":\"Automatic C purlin roll forming machine\"}]},{\"@type\":\"WebSite\",\"@id\":\"https:\/\/www.hechforming.com\/#website\",\"url\":\"https:\/\/www.hechforming.com\/\",\"name\":\"Cangzhou Hechuang Machinery Manufacturer Co.,ltd\",\"description\":\"Leading Roll Forming Machines Manufacturer &amp; Supplier\",\"publisher\":{\"@id\":\"https:\/\/www.hechforming.com\/#organization\"},\"potentialAction\":[{\"@type\":\"SearchAction\",\"target\":{\"@type\":\"EntryPoint\",\"urlTemplate\":\"https:\/\/www.hechforming.com\/?s={search_term_string}\"},\"query-input\":{\"@type\":\"PropertyValueSpecification\",\"valueRequired\":true,\"valueName\":\"search_term_string\"}}],\"inLanguage\":\"es\"},{\"@type\":\"Organization\",\"@id\":\"https:\/\/www.hechforming.com\/#organization\",\"name\":\"Cangzhou Hechuang Machinery Manufacturer Co.,ltd\",\"url\":\"https:\/\/www.hechforming.com\/\",\"logo\":{\"@type\":\"ImageObject\",\"inLanguage\":\"es\",\"@id\":\"https:\/\/www.hechforming.com\/#\/schema\/logo\/image\/\",\"url\":\"https:\/\/www.hechforming.com\/wp-content\/uploads\/2025\/03\/cropped-hechuang-roll-forming-machine-1-300x300-1.webp\",\"contentUrl\":\"https:\/\/www.hechforming.com\/wp-content\/uploads\/2025\/03\/cropped-hechuang-roll-forming-machine-1-300x300-1.webp\",\"width\":300,\"height\":300,\"caption\":\"Cangzhou Hechuang Machinery Manufacturer Co.,ltd\"},\"image\":{\"@id\":\"https:\/\/www.hechforming.com\/#\/schema\/logo\/image\/\"},\"sameAs\":[\"https:\/\/www.facebook.com\/hechuangmachine\/\",\"https:\/\/www.linkedin.com\/in\/cherry-steel-sheet-roll-forming-machine-58901b233\/\",\"https:\/\/www.youtube.com\/@CANGZHOUHECHUANGMACHINER-fp1jg\"]}]}<\/script>\n<!-- \/ Yoast SEO plugin. -->","yoast_head_json":{"title":"Automatic C purlin roll forming machine - Leading Roll Forming Machines Manufacturer &amp; Supplier","description":"the C purlin roll forming machine can automatic exchange the C size from 60mm to 300mm. We professional for CZ purlin roll forming machine","robots":{"index":"index","follow":"follow","max-snippet":"max-snippet:-1","max-image-preview":"max-image-preview:large","max-video-preview":"max-video-preview:-1"},"canonical":"https:\/\/www.hechforming.com\/es\/producto\/perfiladora-automatica-de-correas-en-c\/","og_locale":"es_ES","og_type":"article","og_title":"Automatic C purlin roll forming machine - Leading Roll Forming Machines Manufacturer &amp; Supplier","og_description":"the C purlin roll forming machine can automatic exchange the C size from 60mm to 300mm. We professional for CZ purlin roll forming machine","og_url":"https:\/\/www.hechforming.com\/es\/producto\/perfiladora-automatica-de-correas-en-c\/","og_site_name":"Leading Roll Forming Machines Manufacturer &amp; Supplier","article_publisher":"https:\/\/www.facebook.com\/hechuangmachine\/","article_modified_time":"2025-04-01T06:08:23+00:00","og_image":[{"width":800,"height":800,"url":"https:\/\/www.hechforming.com\/wp-content\/uploads\/2024\/12\/C-pruline-roll-forming-machine.jpg","type":"image\/jpeg"}],"twitter_card":"summary_large_image","twitter_misc":{"Tiempo de lectura":"3 minutos"},"schema":{"@context":"https:\/\/schema.org","@graph":[{"@type":"WebPage","@id":"https:\/\/www.hechforming.com\/product\/automatic-c-purlin-roll-forming-machine\/","url":"https:\/\/www.hechforming.com\/product\/automatic-c-purlin-roll-forming-machine\/","name":"Automatic C purlin roll forming machine - Leading Roll Forming Machines Manufacturer &amp; Supplier","isPartOf":{"@id":"https:\/\/www.hechforming.com\/#website"},"primaryImageOfPage":{"@id":"https:\/\/www.hechforming.com\/product\/automatic-c-purlin-roll-forming-machine\/#primaryimage"},"image":{"@id":"https:\/\/www.hechforming.com\/product\/automatic-c-purlin-roll-forming-machine\/#primaryimage"},"thumbnailUrl":"https:\/\/www.hechforming.com\/wp-content\/uploads\/2024\/12\/C-pruline-roll-forming-machine.jpg","datePublished":"2024-12-03T07:26:50+00:00","dateModified":"2025-04-01T06:08:23+00:00","description":"the C purlin roll forming machine can automatic exchange the C size from 60mm to 300mm. We professional for CZ purlin roll forming machine","breadcrumb":{"@id":"https:\/\/www.hechforming.com\/product\/automatic-c-purlin-roll-forming-machine\/#breadcrumb"},"inLanguage":"es","potentialAction":[{"@type":"ReadAction","target":["https:\/\/www.hechforming.com\/product\/automatic-c-purlin-roll-forming-machine\/"]}]},{"@type":"ImageObject","inLanguage":"es","@id":"https:\/\/www.hechforming.com\/product\/automatic-c-purlin-roll-forming-machine\/#primaryimage","url":"https:\/\/www.hechforming.com\/wp-content\/uploads\/2024\/12\/C-pruline-roll-forming-machine.jpg","contentUrl":"https:\/\/www.hechforming.com\/wp-content\/uploads\/2024\/12\/C-pruline-roll-forming-machine.jpg","width":800,"height":800,"caption":"this is C purlin roll forming machine picture"},{"@type":"BreadcrumbList","@id":"https:\/\/www.hechforming.com\/product\/automatic-c-purlin-roll-forming-machine\/#breadcrumb","itemListElement":[{"@type":"ListItem","position":1,"name":"\u9996\u9875","item":"https:\/\/www.hechforming.com\/"},{"@type":"ListItem","position":2,"name":"product","item":"https:\/\/www.hechforming.com\/product\/"},{"@type":"ListItem","position":3,"name":"Automatic C purlin roll forming machine"}]},{"@type":"WebSite","@id":"https:\/\/www.hechforming.com\/#website","url":"https:\/\/www.hechforming.com\/","name":"Cangzhou Hechuang Machinery Manufacturer Co.,ltd","description":"Leading Roll Forming Machines Manufacturer &amp; Supplier","publisher":{"@id":"https:\/\/www.hechforming.com\/#organization"},"potentialAction":[{"@type":"SearchAction","target":{"@type":"EntryPoint","urlTemplate":"https:\/\/www.hechforming.com\/?s={search_term_string}"},"query-input":{"@type":"PropertyValueSpecification","valueRequired":true,"valueName":"search_term_string"}}],"inLanguage":"es"},{"@type":"Organization","@id":"https:\/\/www.hechforming.com\/#organization","name":"Cangzhou Hechuang Machinery Manufacturer Co.,ltd","url":"https:\/\/www.hechforming.com\/","logo":{"@type":"ImageObject","inLanguage":"es","@id":"https:\/\/www.hechforming.com\/#\/schema\/logo\/image\/","url":"https:\/\/www.hechforming.com\/wp-content\/uploads\/2025\/03\/cropped-hechuang-roll-forming-machine-1-300x300-1.webp","contentUrl":"https:\/\/www.hechforming.com\/wp-content\/uploads\/2025\/03\/cropped-hechuang-roll-forming-machine-1-300x300-1.webp","width":300,"height":300,"caption":"Cangzhou Hechuang Machinery Manufacturer Co.,ltd"},"image":{"@id":"https:\/\/www.hechforming.com\/#\/schema\/logo\/image\/"},"sameAs":["https:\/\/www.facebook.com\/hechuangmachine\/","https:\/\/www.linkedin.com\/in\/cherry-steel-sheet-roll-forming-machine-58901b233\/","https:\/\/www.youtube.com\/@CANGZHOUHECHUANGMACHINER-fp1jg"]}]}},"_links":{"self":[{"href":"https:\/\/www.hechforming.com\/es\/wp-json\/wp\/v2\/product\/2393","targetHints":{"allow":["GET"]}}],"collection":[{"href":"https:\/\/www.hechforming.com\/es\/wp-json\/wp\/v2\/product"}],"about":[{"href":"https:\/\/www.hechforming.com\/es\/wp-json\/wp\/v2\/types\/product"}],"wp:featuredmedia":[{"embeddable":true,"href":"https:\/\/www.hechforming.com\/es\/wp-json\/wp\/v2\/media\/2394"}],"wp:attachment":[{"href":"https:\/\/www.hechforming.com\/es\/wp-json\/wp\/v2\/media?parent=2393"}],"wp:term":[{"taxonomy":"product_cat","embeddable":true,"href":"https:\/\/www.hechforming.com\/es\/wp-json\/wp\/v2\/product_cat?post=2393"},{"taxonomy":"product_tag","embeddable":true,"href":"https:\/\/www.hechforming.com\/es\/wp-json\/wp\/v2\/product_tag?post=2393"}],"curies":[{"name":"wp","href":"https:\/\/api.w.org\/{rel}","templated":true}]}}