{"id":2424,"date":"2024-12-06T23:07:09","date_gmt":"2024-12-06T15:07:09","guid":{"rendered":"https:\/\/www.hechforming.com\/?post_type=product&#038;p=2424"},"modified":"2025-03-24T11:03:59","modified_gmt":"2025-03-24T03:03:59","slug":"rain-gutter-roll-forming-machine","status":"publish","type":"product","link":"https:\/\/www.hechforming.com\/es\/producto\/maquina-perfiladora-de-vierteaguas\/","title":{"rendered":"M\u00e1quina perfiladora de vierteaguas"},"content":{"rendered":"<div class=\"ast-oembed-container\" style=\"height: 100%;\"><iframe title=\"M\u00e1quina perfiladora de barandillas de carretera\" width=\"500\" height=\"281\" src=\"https:\/\/www.youtube.com\/embed\/nTZX7Yet6_M?feature=oembed\" frameborder=\"0\" allow=\"accelerometer; autoplay; clipboard-write; encrypted-media; gyroscope; picture-in-picture; web-share\" referrerpolicy=\"strict-origin-when-cross-origin\" allowfullscreen><\/iframe><\/div>\n<p><img fetchpriority=\"high\" decoding=\"async\" class=\"\" src=\"http:\/\/www.hechforming.com\/wp-content\/uploads\/2024\/12\/%E8%AF%A6%E6%83%85%E5%9B%BE%E7%89%87_04.avif\" alt=\"M\u00e1quina formadora de rollos de doble capa\" width=\"900\" height=\"66\" \/><\/p>\n<table style=\"width: 100.582%; height: 1434px;\" width=\"605\">\n<tbody>\n<tr>\n<td width=\"50\">1<\/td>\n<td colspan=\"2\" width=\"213\">Peso<\/td>\n<td colspan=\"4\" width=\"342\">5 toneladas<\/td>\n<\/tr>\n<tr>\n<td>2<\/td>\n<td colspan=\"2\">L*AN*AL<\/td>\n<td colspan=\"4\">21.8*0.7*1.2m<\/td>\n<\/tr>\n<tr>\n<td>3<\/td>\n<td colspan=\"2\">Materiales aplicables<\/td>\n<td colspan=\"4\">PPGL<\/td>\n<\/tr>\n<tr>\n<td>4<\/td>\n<td colspan=\"2\">Garant\u00eda<\/td>\n<td colspan=\"4\">1 a\u00f1o<\/td>\n<\/tr>\n<tr>\n<td>5<\/td>\n<td colspan=\"2\">Lugar de origen<\/td>\n<td colspan=\"4\">China<\/td>\n<\/tr>\n<tr>\n<td>6<\/td>\n<td colspan=\"2\">Marca<\/td>\n<td colspan=\"4\">hechuang<\/td>\n<\/tr>\n<tr>\n<td>7<\/td>\n<td colspan=\"2\">espesor de los materiales<\/td>\n<td colspan=\"4\">0,3-0,8 mm<\/td>\n<\/tr>\n<tr>\n<td>8<\/td>\n<td colspan=\"2\">Velocidad<\/td>\n<td colspan=\"4\">3-5 m\/min<\/td>\n<\/tr>\n<tr>\n<td>9<\/td>\n<td colspan=\"2\">di\u00e1metro del eje<\/td>\n<td colspan=\"4\">70mm, eje s\u00f3lido<\/td>\n<\/tr>\n<tr>\n<td>10<\/td>\n<td colspan=\"2\">Material del rodillo<\/td>\n<td colspan=\"4\" width=\"342\">Acero para rodamientos,Superficie cromada Espesor 0,05mm<\/td>\n<\/tr>\n<tr>\n<td>11<\/td>\n<td colspan=\"2\">Estaci\u00f3n de rodillos<\/td>\n<td colspan=\"4\">16 estaciones<\/td>\n<\/tr>\n<tr>\n<td>12<\/td>\n<td colspan=\"2\">Material de las hojas de afeitar<\/td>\n<td colspan=\"4\" width=\"342\">material:Cr12MOV<br \/>\nProcesamiento: rectificado de precisi\u00f3n, corte, tratamiento t\u00e9rmico.<br \/>\nVida \u00fatil: 500.000 veces<\/td>\n<\/tr>\n<tr>\n<td>13<\/td>\n<td colspan=\"2\">Tipo de cortador<\/td>\n<td colspan=\"4\">Sistema hidr\u00e1ulico<\/td>\n<\/tr>\n<tr>\n<td>14<\/td>\n<td colspan=\"2\">Placa intermedia<\/td>\n<td colspan=\"4\">16 mm<\/td>\n<\/tr>\n<tr>\n<td>15<\/td>\n<td colspan=\"2\">Material del bastidor principal<\/td>\n<td colspan=\"4\">350H<\/td>\n<\/tr>\n<tr>\n<td>16<\/td>\n<td colspan=\"2\">PLC<\/td>\n<td colspan=\"4\" width=\"342\">Marca Plc\uff1aDelta<br \/>\nIdioma: Ingl\u00e9s \/ Chino<\/td>\n<\/tr>\n<tr>\n<td>17<\/td>\n<td colspan=\"2\">caja de control<\/td>\n<td colspan=\"4\">Armario de control dividido en voladizo<\/td>\n<\/tr>\n<tr>\n<td>18<\/td>\n<td colspan=\"2\">Rodamiento<\/td>\n<td colspan=\"4\">Marca china Harbin<\/td>\n<\/tr>\n<tr>\n<td>19<\/td>\n<td colspan=\"2\">alimentaci\u00f3n principal<\/td>\n<td colspan=\"4\">4kw+K7<\/td>\n<\/tr>\n<tr>\n<td>20<\/td>\n<td colspan=\"2\">potencia de bombeo<\/td>\n<td colspan=\"4\" width=\"342\">5,5 kW<\/td>\n<\/tr>\n<tr>\n<td>21<\/td>\n<td colspan=\"2\">Transmisi\u00f3n<\/td>\n<td colspan=\"4\">Por<\/td>\n<\/tr>\n<tr>\n<td>22<\/td>\n<td colspan=\"2\">codificador<\/td>\n<td colspan=\"4\">Omron<\/td>\n<\/tr>\n<tr>\n<td>23<\/td>\n<td colspan=\"2\">Sistema de frecuencias<\/td>\n<td colspan=\"4\">Dalta(marca taiwanesa)<\/td>\n<\/tr>\n<tr>\n<td>24<\/td>\n<td colspan=\"2\">sistema t\u00e1ctil<\/td>\n<td colspan=\"4\">Dalta(marca taiwanesa)<\/td>\n<\/tr>\n<tr>\n<td>25<\/td>\n<td colspan=\"2\">Tensi\u00f3n<\/td>\n<td colspan=\"4\">380 V, 50 Hz, trif\u00e1sico<\/td>\n<\/tr>\n<\/tbody>\n<\/table>\n<p>&nbsp;<\/p>\n<table style=\"border-collapse: collapse; width: 100.642%; height: 448px;\" border=\"0\" width=\"605\" cellspacing=\"0\" cellpadding=\"0\">\n<tbody>\n<tr style=\"height: 30.00pt;\">\n<td class=\"et3\" style=\"height: 30.00pt; width: 354.00pt;\" colspan=\"7\" width=\"472\" height=\"40\">\n<h6>Componentes principales de la m\u00e1quina perfiladora de cumbreras<\/h6>\n<\/td>\n<\/tr>\n<tr style=\"height: 18.00pt;\">\n<td class=\"et5\" style=\"height: 18.00pt;\" height=\"24\"><\/td>\n<td class=\"et6\" colspan=\"2\">piezas<\/td>\n<td class=\"et5\" colspan=\"2\">Unidad<\/td>\n<td class=\"et5\" colspan=\"2\">Cantidad<\/td>\n<\/tr>\n<tr style=\"height: 18.00pt;\">\n<td class=\"et5\" style=\"height: 18.00pt;\" height=\"24\">1<\/td>\n<td class=\"et9\" colspan=\"2\">Desenrollador de 5 toneladas<\/td>\n<td class=\"et12\" colspan=\"2\">configure<\/td>\n<td class=\"et12\" colspan=\"2\">1<\/td>\n<\/tr>\n<tr style=\"height: 18.00pt;\">\n<td class=\"et5\" style=\"height: 18.00pt;\" height=\"24\">2<\/td>\n<td class=\"et14\" colspan=\"2\">mesa de alimentaci\u00f3n<\/td>\n<td class=\"et12\" colspan=\"2\">configure<\/td>\n<td class=\"et12\" colspan=\"2\">1<\/td>\n<\/tr>\n<tr style=\"height: 18.00pt;\">\n<td class=\"et5\" style=\"height: 18.00pt;\" height=\"24\">3<\/td>\n<td class=\"et17\" colspan=\"2\">m\u00e1quina perfiladora<\/td>\n<td class=\"et12\" colspan=\"2\">configure<\/td>\n<td class=\"et12\" colspan=\"2\">1<\/td>\n<\/tr>\n<tr style=\"height: 18.00pt;\">\n<td class=\"et5\" style=\"height: 18.00pt;\" height=\"24\">4<\/td>\n<td class=\"et17\" colspan=\"2\">Estaci\u00f3n hidr\u00e1ulica<\/td>\n<td class=\"et12\" colspan=\"2\">configure<\/td>\n<td class=\"et12\" colspan=\"2\">1<\/td>\n<\/tr>\n<tr style=\"height: 18.00pt;\">\n<td class=\"et5\" style=\"height: 18.00pt;\" height=\"24\">5<\/td>\n<td class=\"et17\" colspan=\"2\">Sistema de control<\/td>\n<td class=\"et12\" colspan=\"2\">configure<\/td>\n<td class=\"et12\" colspan=\"2\">1<\/td>\n<\/tr>\n<tr style=\"height: 18.00pt;\">\n<td class=\"et18\" style=\"height: 18.00pt;\" height=\"24\">6<\/td>\n<td class=\"et19\" colspan=\"2\">Dispositivo de corte<\/td>\n<td class=\"et20\" colspan=\"2\">configure<\/td>\n<td class=\"et20\" colspan=\"2\">1<\/td>\n<\/tr>\n<\/tbody>\n<\/table>\n<p><img decoding=\"async\" class=\"\" src=\"http:\/\/www.hechforming.com\/wp-content\/uploads\/2024\/12\/%E8%AF%A6%E6%83%85%E5%9B%BE%E7%89%87_09.avif\" alt=\"M\u00e1quina formadora de rollos de doble capa\" width=\"900\" height=\"84\" \/><img decoding=\"async\" class=\"alignnone wp-image-2450\" src=\"http:\/\/www.hechforming.com\/wp-content\/uploads\/2024\/12\/111-1-300x300.jpg\" alt=\"\" width=\"900\" height=\"900\" srcset=\"https:\/\/www.hechforming.com\/wp-content\/uploads\/2024\/12\/111-1-300x300.jpg 300w, https:\/\/www.hechforming.com\/wp-content\/uploads\/2024\/12\/111-1-150x150.jpg 150w, https:\/\/www.hechforming.com\/wp-content\/uploads\/2024\/12\/111-1-768x768.jpg 768w, https:\/\/www.hechforming.com\/wp-content\/uploads\/2024\/12\/111-1-600x600.jpg 600w, https:\/\/www.hechforming.com\/wp-content\/uploads\/2024\/12\/111-1-100x100.jpg 100w, https:\/\/www.hechforming.com\/wp-content\/uploads\/2024\/12\/111-1-64x64.jpg 64w, https:\/\/www.hechforming.com\/wp-content\/uploads\/2024\/12\/111-1.jpg 800w\" sizes=\"(max-width: 900px) 100vw, 900px\" \/><img loading=\"lazy\" decoding=\"async\" class=\"\" src=\"http:\/\/www.hechforming.com\/wp-content\/uploads\/2024\/12\/%E8%AF%A6%E6%83%85%E5%9B%BE%E7%89%87_21.avif\" alt=\"M\u00e1quina formadora de rollos de doble capa\" width=\"900\" height=\"1040\" \/><\/p>\n<p><span style=\"font-family: arial, helvetica, sans-serif; color: #0000ff;\">1. 1. Qui\u00e9nes somos<\/span><br \/>\n<span style=\"font-family: arial, helvetica, sans-serif;\">Somos una empresa de fabricaci\u00f3n con sede en Cangzhou, provincia de Hebei, China, fundada en 2013. Nuestros principales mercados de exportaci\u00f3n incluyen Sudam\u00e9rica (30%), Ocean\u00eda (20%), \u00c1frica (20%), Norteam\u00e9rica (10%), Oriente Medio (10%) y el Sudeste Asi\u00e1tico (10%). Nuestro equipo est\u00e1 formado por 11-50 profesionales dedicados a ofrecer excelencia.<\/span><\/p>\n<p><span style=\"font-family: arial, helvetica, sans-serif; color: #0000ff;\">2. 2. Garant\u00eda de calidad<\/span><br \/>\n<span style=\"font-family: arial, helvetica, sans-serif;\">Pruebas de prototipos antes de la producci\u00f3n a granel <\/span><br \/>\n<span style=\"font-family: arial, helvetica, sans-serif;\">Rigurosos controles finales de calidad antes de la expedici\u00f3n<\/span><\/p>\n<p><span style=\"font-family: arial, helvetica, sans-serif; color: #0000ff;\">3. Nuestra gama de productos<\/span><br \/>\n<span style=\"font-family: arial, helvetica, sans-serif;\">Somos especialistas en fabricaci\u00f3n: <\/span><br \/>\n<span style=\"font-family: arial, helvetica, sans-serif;\">- Sistemas de perfilado de tejados y paredes <\/span><br \/>\n<span style=\"font-family: arial, helvetica, sans-serif;\">- Maquinaria para la fabricaci\u00f3n de tarimas <\/span><br \/>\n<span style=\"font-family: arial, helvetica, sans-serif;\">- Equipos de producci\u00f3n de quillas de acero ligero <\/span><br \/>\n<span style=\"font-family: arial, helvetica, sans-serif;\">- Unidades de perfilado de correas CZ <\/span><br \/>\n<span style=\"font-family: arial, helvetica, sans-serif;\">- Aplanadoras y cortadoras de precisi\u00f3n<\/span><\/p>\n<p><span style=\"font-family: arial, helvetica, sans-serif; color: #0000ff;\">4.Ventajas competitivas<\/span><br \/>\n<span style=\"font-family: arial, helvetica, sans-serif;\">\u2460 Fabricante de amplio espectro de maquinaria para tejados y equipos relacionados. <\/span><br \/>\n<span style=\"font-family: arial, helvetica, sans-serif;\">\u2461 D\u00e9cadas de experiencia en el sector con soluciones tecnol\u00f3gicas de vanguardia. <\/span><br \/>\n<span style=\"font-family: arial, helvetica, sans-serif;\">\u2462 Divisi\u00f3n de I+D especializada y equipo de atenci\u00f3n al cliente 24 horas al d\u00eda, 7 d\u00edas a la semana.<\/span><\/p>\n<p><span style=\"font-family: arial, helvetica, sans-serif; color: #0000ff;\">5. Capacidades de servicio<\/span><br \/>\n<span style=\"font-family: arial, helvetica, sans-serif;\">- Condiciones de entrega: FOB, CFR, CIF, EXW, FAS, CIP, FCA, CPT, DEQ, DDP, DDU, Entrega urgente, DAF, DES <\/span><br \/>\n<span style=\"font-family: arial, helvetica, sans-serif;\">- Divisas de transacci\u00f3n: USD, EUR, JPY, CAD, AUD, HKD, GBP, CNY, CHF <\/span><br \/>\n<span style=\"font-family: arial, helvetica, sans-serif;\">- Opciones de pago: T\/T, L\/C, MoneyGram, Tarjeta de cr\u00e9dito, PayPal, Western Union, Efectivo, Escrow <\/span><br \/>\n<span style=\"font-family: arial, helvetica, sans-serif;\">- Idiomas: Ingl\u00e9s, chino, espa\u00f1ol, japon\u00e9s, alem\u00e1n, franc\u00e9s y ruso.<\/span><\/p>","protected":false},"excerpt":{"rendered":"<p>La perfiladora de canalones emplea una eficaz tecnolog\u00eda de perfilado para transformar de forma r\u00e1pida y precisa las chapas met\u00e1licas en bruto en formas de canalones acabados de alta calidad. Esto no solo aumenta la eficiencia de la producci\u00f3n para satisfacer las exigencias de la fabricaci\u00f3n a gran escala, sino que tambi\u00e9n garantiza una calidad constante del producto.<\/p>\n<p>Gracias a su dise\u00f1o mec\u00e1nico de precisi\u00f3n y sus avanzados sistemas de control, la m\u00e1quina garantiza que cada canal\u00f3n cumpla estrictas normas de tama\u00f1o y forma, minimizando el desperdicio de material y mejorando la calidad general del producto. Es compatible con una amplia gama de materiales met\u00e1licos, incluidos el acero galvanizado y la aleaci\u00f3n de aluminio, lo que permite a los usuarios elegir el mejor material para los requisitos de su proyecto, garantizando tanto la durabilidad como el atractivo est\u00e9tico.<\/p>\n<p>Ideal para proyectos de techado residenciales, comerciales e industriales, la m\u00e1quina formadora de canalones ofrece soluciones vers\u00e1tiles y se utiliza ampliamente en la construcci\u00f3n de sistemas de drenaje de tejados. Es la elecci\u00f3n perfecta para constructores y contratistas de cubiertas que buscan fiabilidad y eficiencia.<\/p>","protected":false},"featured_media":2445,"template":"","meta":{"site-sidebar-layout":"default","site-content-layout":"","ast-site-content-layout":"default","site-content-style":"default","site-sidebar-style":"default","ast-global-header-display":"","ast-banner-title-visibility":"","ast-main-header-display":"","ast-hfb-above-header-display":"","ast-hfb-below-header-display":"","ast-hfb-mobile-header-display":"","site-post-title":"","ast-breadcrumbs-content":"","ast-featured-img":"","footer-sml-layout":"","theme-transparent-header-meta":"default","adv-header-id-meta":"","stick-header-meta":"","header-above-stick-meta":"","header-main-stick-meta":"","header-below-stick-meta":"","astra-migrate-meta-layouts":"set","ast-page-background-enabled":"default","ast-page-background-meta":{"desktop":{"background-color":"","background-image":"","background-repeat":"repeat","background-position":"center center","background-size":"auto","background-attachment":"scroll","background-type":"","background-media":"","overlay-type":"","overlay-color":"","overlay-opacity":"","overlay-gradient":""},"tablet":{"background-color":"","background-image":"","background-repeat":"repeat","background-position":"center center","background-size":"auto","background-attachment":"scroll","background-type":"","background-media":"","overlay-type":"","overlay-color":"","overlay-opacity":"","overlay-gradient":""},"mobile":{"background-color":"","background-image":"","background-repeat":"repeat","background-position":"center center","background-size":"auto","background-attachment":"scroll","background-type":"","background-media":"","overlay-type":"","overlay-color":"","overlay-opacity":"","overlay-gradient":""}},"ast-content-background-meta":{"desktop":{"background-color":"var(--ast-global-color-5)","background-image":"","background-repeat":"repeat","background-position":"center center","background-size":"auto","background-attachment":"scroll","background-type":"","background-media":"","overlay-type":"","overlay-color":"","overlay-opacity":"","overlay-gradient":""},"tablet":{"background-color":"var(--ast-global-color-5)","background-image":"","background-repeat":"repeat","background-position":"center center","background-size":"auto","background-attachment":"scroll","background-type":"","background-media":"","overlay-type":"","overlay-color":"","overlay-opacity":"","overlay-gradient":""},"mobile":{"background-color":"var(--ast-global-color-5)","background-image":"","background-repeat":"repeat","background-position":"center center","background-size":"auto","background-attachment":"scroll","background-type":"","background-media":"","overlay-type":"","overlay-color":"","overlay-opacity":"","overlay-gradient":""}}},"product_cat":[36],"product_tag":[96,95,97,94],"class_list":{"0":"post-2424","1":"product","2":"type-product","3":"status-publish","4":"has-post-thumbnail","6":"product_cat-rain-gutter-machine","7":"product_tag-china-rain-gutter-machine","8":"product_tag-gutter-machine-manufacturer","9":"product_tag-gutter-roll-forming-machine-supplier","10":"product_tag-rain-gutter-roll-forming-machine","11":"desktop-align-left","12":"tablet-align-left","13":"mobile-align-left","15":"first","16":"instock","17":"shipping-taxable","18":"product-type-simple"},"yoast_head":"<!-- This site is optimized with the Yoast SEO plugin v24.8.1 - https:\/\/yoast.com\/wordpress\/plugins\/seo\/ -->\n<title>Rain gutter roll forming machine - Leading Roll Forming Machines Manufacturer &amp; Supplier<\/title>\n<meta name=\"description\" content=\"The ridge cap forming machine uses high-quality colored steel material to produce ridge tiles with smooth edges and aesthetically pleasing shapes\" \/>\n<meta name=\"robots\" content=\"index, follow, max-snippet:-1, max-image-preview:large, max-video-preview:-1\" \/>\n<link rel=\"canonical\" href=\"https:\/\/www.hechforming.com\/es\/producto\/maquina-perfiladora-de-vierteaguas\/\" \/>\n<meta property=\"og:locale\" content=\"es_ES\" \/>\n<meta property=\"og:type\" content=\"article\" \/>\n<meta property=\"og:title\" content=\"Rain gutter roll forming machine - Leading Roll Forming Machines Manufacturer &amp; Supplier\" \/>\n<meta property=\"og:description\" content=\"The ridge cap forming machine uses high-quality colored steel material to produce ridge tiles with smooth edges and aesthetically pleasing shapes\" \/>\n<meta property=\"og:url\" content=\"https:\/\/www.hechforming.com\/es\/producto\/maquina-perfiladora-de-vierteaguas\/\" \/>\n<meta property=\"og:site_name\" content=\"Leading Roll Forming Machines Manufacturer &amp; Supplier\" \/>\n<meta property=\"article:publisher\" content=\"https:\/\/www.facebook.com\/hechuangmachine\/\" \/>\n<meta property=\"article:modified_time\" content=\"2025-03-24T03:03:59+00:00\" \/>\n<meta property=\"og:image\" content=\"https:\/\/www.hechforming.com\/wp-content\/uploads\/2024\/12\/111.jpg\" \/>\n\t<meta property=\"og:image:width\" content=\"800\" \/>\n\t<meta property=\"og:image:height\" content=\"800\" \/>\n\t<meta property=\"og:image:type\" content=\"image\/jpeg\" \/>\n<meta name=\"twitter:card\" content=\"summary_large_image\" \/>\n<meta name=\"twitter:label1\" content=\"Tiempo de lectura\" \/>\n\t<meta name=\"twitter:data1\" content=\"3 minutos\" \/>\n<script type=\"application\/ld+json\" class=\"yoast-schema-graph\">{\"@context\":\"https:\/\/schema.org\",\"@graph\":[{\"@type\":\"WebPage\",\"@id\":\"https:\/\/www.hechforming.com\/product\/rain-gutter-roll-forming-machine\/\",\"url\":\"https:\/\/www.hechforming.com\/product\/rain-gutter-roll-forming-machine\/\",\"name\":\"Rain gutter roll forming machine - Leading Roll Forming Machines Manufacturer &amp; Supplier\",\"isPartOf\":{\"@id\":\"https:\/\/www.hechforming.com\/#website\"},\"primaryImageOfPage\":{\"@id\":\"https:\/\/www.hechforming.com\/product\/rain-gutter-roll-forming-machine\/#primaryimage\"},\"image\":{\"@id\":\"https:\/\/www.hechforming.com\/product\/rain-gutter-roll-forming-machine\/#primaryimage\"},\"thumbnailUrl\":\"https:\/\/www.hechforming.com\/wp-content\/uploads\/2024\/12\/111.jpg\",\"datePublished\":\"2024-12-06T15:07:09+00:00\",\"dateModified\":\"2025-03-24T03:03:59+00:00\",\"description\":\"The ridge cap forming machine uses high-quality colored steel material to produce ridge tiles with smooth edges and aesthetically pleasing shapes\",\"breadcrumb\":{\"@id\":\"https:\/\/www.hechforming.com\/product\/rain-gutter-roll-forming-machine\/#breadcrumb\"},\"inLanguage\":\"es\",\"potentialAction\":[{\"@type\":\"ReadAction\",\"target\":[\"https:\/\/www.hechforming.com\/product\/rain-gutter-roll-forming-machine\/\"]}]},{\"@type\":\"ImageObject\",\"inLanguage\":\"es\",\"@id\":\"https:\/\/www.hechforming.com\/product\/rain-gutter-roll-forming-machine\/#primaryimage\",\"url\":\"https:\/\/www.hechforming.com\/wp-content\/uploads\/2024\/12\/111.jpg\",\"contentUrl\":\"https:\/\/www.hechforming.com\/wp-content\/uploads\/2024\/12\/111.jpg\",\"width\":800,\"height\":800,\"caption\":\"rain gutter machine\"},{\"@type\":\"BreadcrumbList\",\"@id\":\"https:\/\/www.hechforming.com\/product\/rain-gutter-roll-forming-machine\/#breadcrumb\",\"itemListElement\":[{\"@type\":\"ListItem\",\"position\":1,\"name\":\"\u9996\u9875\",\"item\":\"https:\/\/www.hechforming.com\/\"},{\"@type\":\"ListItem\",\"position\":2,\"name\":\"product\",\"item\":\"https:\/\/www.hechforming.com\/product\/\"},{\"@type\":\"ListItem\",\"position\":3,\"name\":\"Rain gutter roll forming machine\"}]},{\"@type\":\"WebSite\",\"@id\":\"https:\/\/www.hechforming.com\/#website\",\"url\":\"https:\/\/www.hechforming.com\/\",\"name\":\"Cangzhou Hechuang Machinery Manufacturer Co.,ltd\",\"description\":\"Leading Roll Forming Machines Manufacturer &amp; Supplier\",\"publisher\":{\"@id\":\"https:\/\/www.hechforming.com\/#organization\"},\"potentialAction\":[{\"@type\":\"SearchAction\",\"target\":{\"@type\":\"EntryPoint\",\"urlTemplate\":\"https:\/\/www.hechforming.com\/?s={search_term_string}\"},\"query-input\":{\"@type\":\"PropertyValueSpecification\",\"valueRequired\":true,\"valueName\":\"search_term_string\"}}],\"inLanguage\":\"es\"},{\"@type\":\"Organization\",\"@id\":\"https:\/\/www.hechforming.com\/#organization\",\"name\":\"Cangzhou Hechuang Machinery Manufacturer Co.,ltd\",\"url\":\"https:\/\/www.hechforming.com\/\",\"logo\":{\"@type\":\"ImageObject\",\"inLanguage\":\"es\",\"@id\":\"https:\/\/www.hechforming.com\/#\/schema\/logo\/image\/\",\"url\":\"https:\/\/www.hechforming.com\/wp-content\/uploads\/2025\/03\/cropped-hechuang-roll-forming-machine-1-300x300-1.webp\",\"contentUrl\":\"https:\/\/www.hechforming.com\/wp-content\/uploads\/2025\/03\/cropped-hechuang-roll-forming-machine-1-300x300-1.webp\",\"width\":300,\"height\":300,\"caption\":\"Cangzhou Hechuang Machinery Manufacturer Co.,ltd\"},\"image\":{\"@id\":\"https:\/\/www.hechforming.com\/#\/schema\/logo\/image\/\"},\"sameAs\":[\"https:\/\/www.facebook.com\/hechuangmachine\/\",\"https:\/\/www.linkedin.com\/in\/cherry-steel-sheet-roll-forming-machine-58901b233\/\",\"https:\/\/www.youtube.com\/@CANGZHOUHECHUANGMACHINER-fp1jg\"]}]}<\/script>\n<!-- \/ Yoast SEO plugin. -->","yoast_head_json":{"title":"Rain gutter roll forming machine - Leading Roll Forming Machines Manufacturer &amp; Supplier","description":"The ridge cap forming machine uses high-quality colored steel material to produce ridge tiles with smooth edges and aesthetically pleasing shapes","robots":{"index":"index","follow":"follow","max-snippet":"max-snippet:-1","max-image-preview":"max-image-preview:large","max-video-preview":"max-video-preview:-1"},"canonical":"https:\/\/www.hechforming.com\/es\/producto\/maquina-perfiladora-de-vierteaguas\/","og_locale":"es_ES","og_type":"article","og_title":"Rain gutter roll forming machine - Leading Roll Forming Machines Manufacturer &amp; Supplier","og_description":"The ridge cap forming machine uses high-quality colored steel material to produce ridge tiles with smooth edges and aesthetically pleasing shapes","og_url":"https:\/\/www.hechforming.com\/es\/producto\/maquina-perfiladora-de-vierteaguas\/","og_site_name":"Leading Roll Forming Machines Manufacturer &amp; Supplier","article_publisher":"https:\/\/www.facebook.com\/hechuangmachine\/","article_modified_time":"2025-03-24T03:03:59+00:00","og_image":[{"width":800,"height":800,"url":"https:\/\/www.hechforming.com\/wp-content\/uploads\/2024\/12\/111.jpg","type":"image\/jpeg"}],"twitter_card":"summary_large_image","twitter_misc":{"Tiempo de lectura":"3 minutos"},"schema":{"@context":"https:\/\/schema.org","@graph":[{"@type":"WebPage","@id":"https:\/\/www.hechforming.com\/product\/rain-gutter-roll-forming-machine\/","url":"https:\/\/www.hechforming.com\/product\/rain-gutter-roll-forming-machine\/","name":"Rain gutter roll forming machine - Leading Roll Forming Machines Manufacturer &amp; Supplier","isPartOf":{"@id":"https:\/\/www.hechforming.com\/#website"},"primaryImageOfPage":{"@id":"https:\/\/www.hechforming.com\/product\/rain-gutter-roll-forming-machine\/#primaryimage"},"image":{"@id":"https:\/\/www.hechforming.com\/product\/rain-gutter-roll-forming-machine\/#primaryimage"},"thumbnailUrl":"https:\/\/www.hechforming.com\/wp-content\/uploads\/2024\/12\/111.jpg","datePublished":"2024-12-06T15:07:09+00:00","dateModified":"2025-03-24T03:03:59+00:00","description":"The ridge cap forming machine uses high-quality colored steel material to produce ridge tiles with smooth edges and aesthetically pleasing shapes","breadcrumb":{"@id":"https:\/\/www.hechforming.com\/product\/rain-gutter-roll-forming-machine\/#breadcrumb"},"inLanguage":"es","potentialAction":[{"@type":"ReadAction","target":["https:\/\/www.hechforming.com\/product\/rain-gutter-roll-forming-machine\/"]}]},{"@type":"ImageObject","inLanguage":"es","@id":"https:\/\/www.hechforming.com\/product\/rain-gutter-roll-forming-machine\/#primaryimage","url":"https:\/\/www.hechforming.com\/wp-content\/uploads\/2024\/12\/111.jpg","contentUrl":"https:\/\/www.hechforming.com\/wp-content\/uploads\/2024\/12\/111.jpg","width":800,"height":800,"caption":"rain gutter machine"},{"@type":"BreadcrumbList","@id":"https:\/\/www.hechforming.com\/product\/rain-gutter-roll-forming-machine\/#breadcrumb","itemListElement":[{"@type":"ListItem","position":1,"name":"\u9996\u9875","item":"https:\/\/www.hechforming.com\/"},{"@type":"ListItem","position":2,"name":"product","item":"https:\/\/www.hechforming.com\/product\/"},{"@type":"ListItem","position":3,"name":"Rain gutter roll forming machine"}]},{"@type":"WebSite","@id":"https:\/\/www.hechforming.com\/#website","url":"https:\/\/www.hechforming.com\/","name":"Cangzhou Hechuang Machinery Manufacturer Co.,ltd","description":"Leading Roll Forming Machines Manufacturer &amp; Supplier","publisher":{"@id":"https:\/\/www.hechforming.com\/#organization"},"potentialAction":[{"@type":"SearchAction","target":{"@type":"EntryPoint","urlTemplate":"https:\/\/www.hechforming.com\/?s={search_term_string}"},"query-input":{"@type":"PropertyValueSpecification","valueRequired":true,"valueName":"search_term_string"}}],"inLanguage":"es"},{"@type":"Organization","@id":"https:\/\/www.hechforming.com\/#organization","name":"Cangzhou Hechuang Machinery Manufacturer Co.,ltd","url":"https:\/\/www.hechforming.com\/","logo":{"@type":"ImageObject","inLanguage":"es","@id":"https:\/\/www.hechforming.com\/#\/schema\/logo\/image\/","url":"https:\/\/www.hechforming.com\/wp-content\/uploads\/2025\/03\/cropped-hechuang-roll-forming-machine-1-300x300-1.webp","contentUrl":"https:\/\/www.hechforming.com\/wp-content\/uploads\/2025\/03\/cropped-hechuang-roll-forming-machine-1-300x300-1.webp","width":300,"height":300,"caption":"Cangzhou Hechuang Machinery Manufacturer Co.,ltd"},"image":{"@id":"https:\/\/www.hechforming.com\/#\/schema\/logo\/image\/"},"sameAs":["https:\/\/www.facebook.com\/hechuangmachine\/","https:\/\/www.linkedin.com\/in\/cherry-steel-sheet-roll-forming-machine-58901b233\/","https:\/\/www.youtube.com\/@CANGZHOUHECHUANGMACHINER-fp1jg"]}]}},"_links":{"self":[{"href":"https:\/\/www.hechforming.com\/es\/wp-json\/wp\/v2\/product\/2424","targetHints":{"allow":["GET"]}}],"collection":[{"href":"https:\/\/www.hechforming.com\/es\/wp-json\/wp\/v2\/product"}],"about":[{"href":"https:\/\/www.hechforming.com\/es\/wp-json\/wp\/v2\/types\/product"}],"wp:featuredmedia":[{"embeddable":true,"href":"https:\/\/www.hechforming.com\/es\/wp-json\/wp\/v2\/media\/2445"}],"wp:attachment":[{"href":"https:\/\/www.hechforming.com\/es\/wp-json\/wp\/v2\/media?parent=2424"}],"wp:term":[{"taxonomy":"product_cat","embeddable":true,"href":"https:\/\/www.hechforming.com\/es\/wp-json\/wp\/v2\/product_cat?post=2424"},{"taxonomy":"product_tag","embeddable":true,"href":"https:\/\/www.hechforming.com\/es\/wp-json\/wp\/v2\/product_tag?post=2424"}],"curies":[{"name":"wp","href":"https:\/\/api.w.org\/{rel}","templated":true}]}}