{"id":2451,"date":"2024-12-13T16:59:47","date_gmt":"2024-12-13T08:59:47","guid":{"rendered":"https:\/\/www.hechforming.com\/?post_type=product&#038;p=2451"},"modified":"2025-03-24T09:32:40","modified_gmt":"2025-03-24T01:32:40","slug":"ridge-cap-rolll-forming-machine","status":"publish","type":"product","link":"https:\/\/www.hechforming.com\/es\/producto\/perfiladora-de-cumbreras-2\/","title":{"rendered":"Perfiladora de cumbreras"},"content":{"rendered":"<p><img decoding=\"async\" class=\"\" src=\"http:\/\/www.hechforming.com\/wp-content\/uploads\/2024\/12\/%E8%AF%A6%E6%83%85%E5%9B%BE%E7%89%87_04.avif\" alt=\"M\u00e1quina formadora de rollos de doble capa\" width=\"805\" height=\"59\" \/><\/p>\n<table style=\"border-collapse: collapse; width: 97.0597%; height: 452px;\" border=\"0\" width=\"546\" cellspacing=\"0\" cellpadding=\"0\">\n<tbody>\n<tr style=\"height: 27.00pt;\">\n<td class=\"et2\" style=\"height: 27.00pt; width: 109.50pt;\" width=\"146\" height=\"36\"><span style=\"font-family: arial, helvetica, sans-serif;\">Peso<\/span><\/td>\n<td class=\"et2\" style=\"width: 153.00pt;\" width=\"204\"><span style=\"font-family: arial, helvetica, sans-serif;\">Alrededor de3,5T<\/span><\/td>\n<td class=\"et2\" style=\"width: 93.00pt;\" width=\"124\"><span style=\"font-family: arial, helvetica, sans-serif;\">Volumen<\/span><\/td>\n<td class=\"et3\" style=\"width: 54.00pt;\" width=\"72\"><span style=\"font-family: arial, helvetica, sans-serif;\">8400*800*1100mm<\/span><\/td>\n<\/tr>\n<tr style=\"height: 14.25pt;\">\n<td class=\"et4\" style=\"height: 14.25pt; width: 109.50pt;\" width=\"146\" height=\"19\"><span style=\"font-family: arial, helvetica, sans-serif;\">Anchura de alimentaci\u00f3n<\/span><\/td>\n<td class=\"et4\" style=\"width: 153.00pt;\" width=\"204\"><span style=\"font-family: arial, helvetica, sans-serif;\">308 mm<\/span><\/td>\n<td class=\"et4\" style=\"width: 93.00pt;\" width=\"124\"><span style=\"font-family: arial, helvetica, sans-serif;\">Anchura de moldeo<\/span><\/td>\n<td class=\"et5\" style=\"width: 54.00pt;\" width=\"72\"><span style=\"font-family: arial, helvetica, sans-serif;\">203 mm<\/span><\/td>\n<\/tr>\n<tr style=\"height: 14.25pt;\">\n<td class=\"et4\" style=\"height: 14.25pt; width: 109.50pt;\" width=\"146\" height=\"19\"><span style=\"font-family: arial, helvetica, sans-serif;\">Grosor de la chapa<\/span><\/td>\n<td class=\"et4\" style=\"width: 153.00pt;\" width=\"204\"><span style=\"font-family: arial, helvetica, sans-serif;\">0,3-0,7 mm<\/span><\/td>\n<td class=\"et4\" style=\"width: 93.00pt;\" width=\"124\"><span style=\"font-family: arial, helvetica, sans-serif;\">Velocidad de salida<\/span><\/td>\n<td class=\"et5\" style=\"width: 54.00pt;\" width=\"72\"><span style=\"font-family: arial, helvetica, sans-serif;\">3min<\/span><\/td>\n<\/tr>\n<tr style=\"height: 27.00pt;\">\n<td class=\"et4\" style=\"height: 27.00pt; width: 109.50pt;\" width=\"146\" height=\"36\"><span style=\"font-family: arial, helvetica, sans-serif;\">Sistema de propulsi\u00f3n<\/span><\/td>\n<td class=\"et4\" style=\"width: 153.00pt;\" width=\"204\"><span style=\"font-family: arial, helvetica, sans-serif;\">Accionamiento del motor<\/span><\/td>\n<td class=\"et4\" style=\"width: 93.00pt;\" width=\"124\"><span style=\"font-family: arial, helvetica, sans-serif;\">Tipo de transmisi\u00f3n<\/span><\/td>\n<td class=\"et5\" style=\"width: 54.00pt;\" width=\"72\"><span style=\"font-family: arial, helvetica, sans-serif;\">transmisi\u00f3n por cadena<\/span><\/td>\n<\/tr>\n<tr style=\"height: 14.25pt;\">\n<td class=\"et4\" style=\"height: 14.25pt; width: 109.50pt;\" width=\"146\" height=\"19\"><span style=\"font-family: arial, helvetica, sans-serif;\">N\u00famero de fila<\/span><\/td>\n<td class=\"et4\" style=\"width: 153.00pt;\" width=\"204\"><span style=\"font-family: arial, helvetica, sans-serif;\">14<\/span><\/td>\n<td class=\"et4\" style=\"width: 93.00pt;\" width=\"124\"><span style=\"font-family: arial, helvetica, sans-serif;\">lotor power<\/span><\/td>\n<td class=\"et5\" style=\"width: 54.00pt;\" width=\"72\"><span style=\"font-family: arial, helvetica, sans-serif;\">4KW<\/span><\/td>\n<\/tr>\n<tr style=\"height: 54.00pt;\">\n<td class=\"et4\" style=\"height: 54.00pt; width: 109.50pt;\" width=\"146\" height=\"72\"><span style=\"font-family: arial, helvetica, sans-serif;\">Potencia hidr\u00e1ulica<\/span><\/td>\n<td class=\"et4\" style=\"width: 153.00pt;\" width=\"204\"><span style=\"font-family: arial, helvetica, sans-serif;\">4KW<\/span><\/td>\n<td class=\"et4\" style=\"width: 93.00pt;\" width=\"124\"><span style=\"font-family: arial, helvetica, sans-serif;\">tipo de corte<\/span><\/td>\n<td class=\"et5\" style=\"width: 54.00pt;\" width=\"72\"><span style=\"font-family: arial, helvetica, sans-serif;\">Cizalla gu\u00eda,Prensado gu\u00eda<\/span><\/td>\n<\/tr>\n<\/tbody>\n<\/table>\n<p><img fetchpriority=\"high\" decoding=\"async\" class=\"\" src=\"http:\/\/www.hechforming.com\/wp-content\/uploads\/2024\/12\/%E8%AF%A6%E6%83%85%E5%9B%BE%E7%89%87_09.avif\" alt=\"M\u00e1quina formadora de rollos de doble capa\" width=\"804\" height=\"75\" \/><\/p>\n<table style=\"border-collapse: collapse; width: 97.0246%; height: 697px;\">\n<tbody>\n<tr>\n<td style=\"width: 33.3333%;\"><img decoding=\"async\" class=\"\" src=\"https:\/\/www.hechforming.com\/wp-content\/uploads\/2024\/12\/%E4%B8%BB%E5%9B%BE_6-300x300.webp\" alt=\"Perfiladora de cumbreras\" width=\"310\" height=\"310\" \/><\/td>\n<td style=\"width: 33.3333%;\"><img loading=\"lazy\" decoding=\"async\" class=\"\" src=\"https:\/\/www.hechforming.com\/wp-content\/uploads\/2024\/12\/%E4%B8%BB%E5%9B%BE_2-300x300.webp\" alt=\"Perfiladora de cumbreras\" width=\"310\" height=\"310\" \/><\/td>\n<td style=\"width: 33.3333%;\"><img loading=\"lazy\" decoding=\"async\" class=\"\" src=\"https:\/\/www.hechforming.com\/wp-content\/uploads\/2024\/12\/%E4%B8%BB%E5%9B%BE_3-300x300.webp\" alt=\"Perfiladora de cumbreras\" width=\"310\" height=\"310\" \/><\/td>\n<\/tr>\n<tr>\n<td style=\"width: 33.3333%;\"><img loading=\"lazy\" decoding=\"async\" class=\"wp-image-3167\" src=\"https:\/\/www.hechforming.com\/wp-content\/uploads\/2024\/12\/\u4e3b\u56fe_4-300x300.webp\" alt=\"Perfiladora de cumbreras\" width=\"310\" height=\"310\" srcset=\"https:\/\/www.hechforming.com\/wp-content\/uploads\/2024\/12\/\u4e3b\u56fe_4-300x300.webp 300w, https:\/\/www.hechforming.com\/wp-content\/uploads\/2024\/12\/\u4e3b\u56fe_4-150x150.webp 150w, https:\/\/www.hechforming.com\/wp-content\/uploads\/2024\/12\/\u4e3b\u56fe_4-768x768.webp 768w, https:\/\/www.hechforming.com\/wp-content\/uploads\/2024\/12\/\u4e3b\u56fe_4-12x12.webp 12w, https:\/\/www.hechforming.com\/wp-content\/uploads\/2024\/12\/\u4e3b\u56fe_4-600x600.webp 600w, https:\/\/www.hechforming.com\/wp-content\/uploads\/2024\/12\/\u4e3b\u56fe_4-100x100.webp 100w, https:\/\/www.hechforming.com\/wp-content\/uploads\/2024\/12\/\u4e3b\u56fe_4.webp 800w\" sizes=\"(max-width: 310px) 100vw, 310px\" \/><\/td>\n<td style=\"width: 33.3333%;\"><img loading=\"lazy\" decoding=\"async\" class=\"wp-image-3168\" src=\"https:\/\/www.hechforming.com\/wp-content\/uploads\/2024\/12\/\u4e3b\u56fe_5-300x300.webp\" alt=\"Perfiladora de cumbreras\" width=\"310\" height=\"310\" srcset=\"https:\/\/www.hechforming.com\/wp-content\/uploads\/2024\/12\/\u4e3b\u56fe_5-300x300.webp 300w, https:\/\/www.hechforming.com\/wp-content\/uploads\/2024\/12\/\u4e3b\u56fe_5-150x150.webp 150w, https:\/\/www.hechforming.com\/wp-content\/uploads\/2024\/12\/\u4e3b\u56fe_5-768x768.webp 768w, https:\/\/www.hechforming.com\/wp-content\/uploads\/2024\/12\/\u4e3b\u56fe_5-12x12.webp 12w, https:\/\/www.hechforming.com\/wp-content\/uploads\/2024\/12\/\u4e3b\u56fe_5-600x600.webp 600w, https:\/\/www.hechforming.com\/wp-content\/uploads\/2024\/12\/\u4e3b\u56fe_5-100x100.webp 100w, https:\/\/www.hechforming.com\/wp-content\/uploads\/2024\/12\/\u4e3b\u56fe_5.webp 800w\" sizes=\"(max-width: 310px) 100vw, 310px\" \/><\/td>\n<td style=\"width: 33.3333%;\"><img loading=\"lazy\" decoding=\"async\" class=\"wp-image-3164\" src=\"https:\/\/www.hechforming.com\/wp-content\/uploads\/2024\/12\/\u4e3b\u56fe_1-300x300.webp\" alt=\"Perfiladora de cumbreras\" width=\"310\" height=\"310\" srcset=\"https:\/\/www.hechforming.com\/wp-content\/uploads\/2024\/12\/\u4e3b\u56fe_1-300x300.webp 300w, https:\/\/www.hechforming.com\/wp-content\/uploads\/2024\/12\/\u4e3b\u56fe_1-150x150.webp 150w, https:\/\/www.hechforming.com\/wp-content\/uploads\/2024\/12\/\u4e3b\u56fe_1-768x768.webp 768w, https:\/\/www.hechforming.com\/wp-content\/uploads\/2024\/12\/\u4e3b\u56fe_1-12x12.webp 12w, https:\/\/www.hechforming.com\/wp-content\/uploads\/2024\/12\/\u4e3b\u56fe_1-600x600.webp 600w, https:\/\/www.hechforming.com\/wp-content\/uploads\/2024\/12\/\u4e3b\u56fe_1-100x100.webp 100w, https:\/\/www.hechforming.com\/wp-content\/uploads\/2024\/12\/\u4e3b\u56fe_1.webp 800w\" sizes=\"(max-width: 310px) 100vw, 310px\" \/><\/td>\n<\/tr>\n<\/tbody>\n<\/table>\n<p><img loading=\"lazy\" decoding=\"async\" class=\"\" src=\"http:\/\/www.hechforming.com\/wp-content\/uploads\/2024\/12\/%E8%AF%A6%E6%83%85%E5%9B%BE%E7%89%87_21.avif\" alt=\"M\u00e1quina formadora de rollos de doble capa\" width=\"805\" height=\"930\" \/><\/p>\n<p><span style=\"font-family: arial, helvetica, sans-serif; color: #0000ff;\">1. 1. Qui\u00e9nes somos<\/span><br \/>\n<span style=\"font-family: arial, helvetica, sans-serif;\">Somos una empresa de fabricaci\u00f3n con sede en Cangzhou, provincia de Hebei, China, fundada en 2013. Nuestros principales mercados de exportaci\u00f3n incluyen Sudam\u00e9rica (30%), Ocean\u00eda (20%), \u00c1frica (20%), Norteam\u00e9rica (10%), Oriente Medio (10%) y el Sudeste Asi\u00e1tico (10%). Nuestro equipo est\u00e1 formado por 11-50 profesionales dedicados a ofrecer excelencia.<\/span><\/p>\n<p><span style=\"font-family: arial, helvetica, sans-serif; color: #0000ff;\">2. 2. Garant\u00eda de calidad<\/span><br \/>\n<span style=\"font-family: arial, helvetica, sans-serif;\">Pruebas de prototipos antes de la producci\u00f3n a granel <\/span><br \/>\n<span style=\"font-family: arial, helvetica, sans-serif;\">Rigurosos controles finales de calidad antes de la expedici\u00f3n<\/span><\/p>\n<p><span style=\"font-family: arial, helvetica, sans-serif; color: #0000ff;\">3. Nuestra gama de productos<\/span><br \/>\n<span style=\"font-family: arial, helvetica, sans-serif;\">Somos especialistas en fabricaci\u00f3n: <\/span><br \/>\n<span style=\"font-family: arial, helvetica, sans-serif;\">- Sistemas de perfilado de tejados y paredes <\/span><br \/>\n<span style=\"font-family: arial, helvetica, sans-serif;\">- Maquinaria para la fabricaci\u00f3n de tarimas <\/span><br \/>\n<span style=\"font-family: arial, helvetica, sans-serif;\">- Equipos de producci\u00f3n de quillas de acero ligero <\/span><br \/>\n<span style=\"font-family: arial, helvetica, sans-serif;\">- Unidades de perfilado de correas CZ <\/span><br \/>\n<span style=\"font-family: arial, helvetica, sans-serif;\">- Aplanadoras y cortadoras de precisi\u00f3n<\/span><\/p>\n<p><span style=\"font-family: arial, helvetica, sans-serif; color: #0000ff;\">4.Ventajas competitivas<\/span><br \/>\n<span style=\"font-family: arial, helvetica, sans-serif;\">\u2460 Fabricante de amplio espectro de maquinaria para tejados y equipos relacionados. <\/span><br \/>\n<span style=\"font-family: arial, helvetica, sans-serif;\">\u2461 D\u00e9cadas de experiencia en el sector con soluciones tecnol\u00f3gicas de vanguardia. <\/span><br \/>\n<span style=\"font-family: arial, helvetica, sans-serif;\">\u2462 Divisi\u00f3n de I+D especializada y equipo de atenci\u00f3n al cliente 24 horas al d\u00eda, 7 d\u00edas a la semana.<\/span><\/p>\n<p><span style=\"font-family: arial, helvetica, sans-serif; color: #0000ff;\">5. Capacidades de servicio<\/span><br \/>\n<span style=\"font-family: arial, helvetica, sans-serif;\">- Condiciones de entrega: FOB, CFR, CIF, EXW, FAS, CIP, FCA, CPT, DEQ, DDP, DDU, Entrega urgente, DAF, DES <\/span><br \/>\n<span style=\"font-family: arial, helvetica, sans-serif;\">- Divisas de transacci\u00f3n: USD, EUR, JPY, CAD, AUD, HKD, GBP, CNY, CHF <\/span><br \/>\n<span style=\"font-family: arial, helvetica, sans-serif;\">- Opciones de pago: T\/T, L\/C, MoneyGram, Tarjeta de cr\u00e9dito, PayPal, Western Union, Efectivo, Escrow <\/span><br \/>\n<span style=\"font-family: arial, helvetica, sans-serif;\">- Idiomas: Ingl\u00e9s, chino, espa\u00f1ol, japon\u00e9s, alem\u00e1n, franc\u00e9s y ruso.<\/span><\/p>","protected":false},"excerpt":{"rendered":"<p>La maquina perfiladora de cumbreras utiliza material de acero de color de alta calidad para producir cumbreras con bordes lisos y formas esteticamente agradables a traves de tecnologia avanzada de perfilado. Se utiliza com\u00fanmente para conectar techos de chapa de acero de color en proyectos de construcci\u00f3n. La m\u00e1quina cuenta con un sistema de control PLC f\u00e1cil de usar con una pantalla t\u00e1ctil para una operaci\u00f3n f\u00e1cil e intuitiva, lo que permite el ajuste de longitud y corte totalmente autom\u00e1tico.<\/p>","protected":false},"featured_media":2452,"template":"","meta":{"site-sidebar-layout":"default","site-content-layout":"","ast-site-content-layout":"default","site-content-style":"default","site-sidebar-style":"default","ast-global-header-display":"","ast-banner-title-visibility":"","ast-main-header-display":"","ast-hfb-above-header-display":"","ast-hfb-below-header-display":"","ast-hfb-mobile-header-display":"","site-post-title":"","ast-breadcrumbs-content":"","ast-featured-img":"","footer-sml-layout":"","theme-transparent-header-meta":"default","adv-header-id-meta":"","stick-header-meta":"","header-above-stick-meta":"","header-main-stick-meta":"","header-below-stick-meta":"","astra-migrate-meta-layouts":"set","ast-page-background-enabled":"default","ast-page-background-meta":{"desktop":{"background-color":"","background-image":"","background-repeat":"repeat","background-position":"center center","background-size":"auto","background-attachment":"scroll","background-type":"","background-media":"","overlay-type":"","overlay-color":"","overlay-opacity":"","overlay-gradient":""},"tablet":{"background-color":"","background-image":"","background-repeat":"repeat","background-position":"center center","background-size":"auto","background-attachment":"scroll","background-type":"","background-media":"","overlay-type":"","overlay-color":"","overlay-opacity":"","overlay-gradient":""},"mobile":{"background-color":"","background-image":"","background-repeat":"repeat","background-position":"center center","background-size":"auto","background-attachment":"scroll","background-type":"","background-media":"","overlay-type":"","overlay-color":"","overlay-opacity":"","overlay-gradient":""}},"ast-content-background-meta":{"desktop":{"background-color":"var(--ast-global-color-5)","background-image":"","background-repeat":"repeat","background-position":"center center","background-size":"auto","background-attachment":"scroll","background-type":"","background-media":"","overlay-type":"","overlay-color":"","overlay-opacity":"","overlay-gradient":""},"tablet":{"background-color":"var(--ast-global-color-5)","background-image":"","background-repeat":"repeat","background-position":"center center","background-size":"auto","background-attachment":"scroll","background-type":"","background-media":"","overlay-type":"","overlay-color":"","overlay-opacity":"","overlay-gradient":""},"mobile":{"background-color":"var(--ast-global-color-5)","background-image":"","background-repeat":"repeat","background-position":"center center","background-size":"auto","background-attachment":"scroll","background-type":"","background-media":"","overlay-type":"","overlay-color":"","overlay-opacity":"","overlay-gradient":""}}},"product_cat":[39],"product_tag":[98,99],"class_list":{"0":"post-2451","1":"product","2":"type-product","3":"status-publish","4":"has-post-thumbnail","6":"product_cat-ridge-cap-roll-forming-machine","7":"product_tag-ridge-cap-roll-forming-machine","8":"product_tag-roof-cap-roll-forming-machine","9":"desktop-align-left","10":"tablet-align-left","11":"mobile-align-left","13":"first","14":"instock","15":"shipping-taxable","16":"product-type-simple"},"yoast_head":"<!-- This site is optimized with the Yoast SEO plugin v24.8.1 - https:\/\/yoast.com\/wordpress\/plugins\/seo\/ -->\n<title>Ridge cap rolll forming machine - Leading Roll Forming Machines Manufacturer &amp; Supplier<\/title>\n<meta name=\"description\" content=\"ridge cap forming machine uses high-quality colored steel material to produce ridge tiles with smooth edges and aesthetically pleasing shapes\" \/>\n<meta name=\"robots\" content=\"index, follow, max-snippet:-1, max-image-preview:large, max-video-preview:-1\" \/>\n<link rel=\"canonical\" href=\"https:\/\/www.hechforming.com\/es\/producto\/perfiladora-de-cumbreras-2\/\" \/>\n<meta property=\"og:locale\" content=\"es_ES\" \/>\n<meta property=\"og:type\" content=\"article\" \/>\n<meta property=\"og:title\" content=\"Ridge cap rolll forming machine - Leading Roll Forming Machines Manufacturer &amp; Supplier\" \/>\n<meta property=\"og:description\" content=\"ridge cap forming machine uses high-quality colored steel material to produce ridge tiles with smooth edges and aesthetically pleasing shapes\" \/>\n<meta property=\"og:url\" content=\"https:\/\/www.hechforming.com\/es\/producto\/perfiladora-de-cumbreras-2\/\" \/>\n<meta property=\"og:site_name\" content=\"Leading Roll Forming Machines Manufacturer &amp; Supplier\" \/>\n<meta property=\"article:publisher\" content=\"https:\/\/www.facebook.com\/hechuangmachine\/\" \/>\n<meta property=\"article:modified_time\" content=\"2025-03-24T01:32:40+00:00\" \/>\n<meta property=\"og:image\" content=\"https:\/\/www.hechforming.com\/wp-content\/uploads\/2024\/12\/logo.jpg\" \/>\n\t<meta property=\"og:image:width\" content=\"800\" \/>\n\t<meta property=\"og:image:height\" content=\"800\" \/>\n\t<meta property=\"og:image:type\" content=\"image\/jpeg\" \/>\n<meta name=\"twitter:card\" content=\"summary_large_image\" \/>\n<meta name=\"twitter:label1\" content=\"Tiempo de lectura\" \/>\n\t<meta name=\"twitter:data1\" content=\"3 minutos\" \/>\n<script type=\"application\/ld+json\" class=\"yoast-schema-graph\">{\"@context\":\"https:\/\/schema.org\",\"@graph\":[{\"@type\":\"WebPage\",\"@id\":\"https:\/\/www.hechforming.com\/product\/ridge-cap-rolll-forming-machine\/\",\"url\":\"https:\/\/www.hechforming.com\/product\/ridge-cap-rolll-forming-machine\/\",\"name\":\"Ridge cap rolll forming machine - Leading Roll Forming Machines Manufacturer &amp; Supplier\",\"isPartOf\":{\"@id\":\"https:\/\/www.hechforming.com\/#website\"},\"primaryImageOfPage\":{\"@id\":\"https:\/\/www.hechforming.com\/product\/ridge-cap-rolll-forming-machine\/#primaryimage\"},\"image\":{\"@id\":\"https:\/\/www.hechforming.com\/product\/ridge-cap-rolll-forming-machine\/#primaryimage\"},\"thumbnailUrl\":\"https:\/\/www.hechforming.com\/wp-content\/uploads\/2024\/12\/logo.jpg\",\"datePublished\":\"2024-12-13T08:59:47+00:00\",\"dateModified\":\"2025-03-24T01:32:40+00:00\",\"description\":\"ridge cap forming machine uses high-quality colored steel material to produce ridge tiles with smooth edges and aesthetically pleasing shapes\",\"breadcrumb\":{\"@id\":\"https:\/\/www.hechforming.com\/product\/ridge-cap-rolll-forming-machine\/#breadcrumb\"},\"inLanguage\":\"es\",\"potentialAction\":[{\"@type\":\"ReadAction\",\"target\":[\"https:\/\/www.hechforming.com\/product\/ridge-cap-rolll-forming-machine\/\"]}]},{\"@type\":\"ImageObject\",\"inLanguage\":\"es\",\"@id\":\"https:\/\/www.hechforming.com\/product\/ridge-cap-rolll-forming-machine\/#primaryimage\",\"url\":\"https:\/\/www.hechforming.com\/wp-content\/uploads\/2024\/12\/logo.jpg\",\"contentUrl\":\"https:\/\/www.hechforming.com\/wp-content\/uploads\/2024\/12\/logo.jpg\",\"width\":800,\"height\":800,\"caption\":\"Ridge cap rolll forming machine\"},{\"@type\":\"BreadcrumbList\",\"@id\":\"https:\/\/www.hechforming.com\/product\/ridge-cap-rolll-forming-machine\/#breadcrumb\",\"itemListElement\":[{\"@type\":\"ListItem\",\"position\":1,\"name\":\"\u9996\u9875\",\"item\":\"https:\/\/www.hechforming.com\/\"},{\"@type\":\"ListItem\",\"position\":2,\"name\":\"product\",\"item\":\"https:\/\/www.hechforming.com\/product\/\"},{\"@type\":\"ListItem\",\"position\":3,\"name\":\"Ridge cap rolll forming machine\"}]},{\"@type\":\"WebSite\",\"@id\":\"https:\/\/www.hechforming.com\/#website\",\"url\":\"https:\/\/www.hechforming.com\/\",\"name\":\"Cangzhou Hechuang Machinery Manufacturer Co.,ltd\",\"description\":\"Leading Roll Forming Machines Manufacturer &amp; Supplier\",\"publisher\":{\"@id\":\"https:\/\/www.hechforming.com\/#organization\"},\"potentialAction\":[{\"@type\":\"SearchAction\",\"target\":{\"@type\":\"EntryPoint\",\"urlTemplate\":\"https:\/\/www.hechforming.com\/?s={search_term_string}\"},\"query-input\":{\"@type\":\"PropertyValueSpecification\",\"valueRequired\":true,\"valueName\":\"search_term_string\"}}],\"inLanguage\":\"es\"},{\"@type\":\"Organization\",\"@id\":\"https:\/\/www.hechforming.com\/#organization\",\"name\":\"Cangzhou Hechuang Machinery Manufacturer Co.,ltd\",\"url\":\"https:\/\/www.hechforming.com\/\",\"logo\":{\"@type\":\"ImageObject\",\"inLanguage\":\"es\",\"@id\":\"https:\/\/www.hechforming.com\/#\/schema\/logo\/image\/\",\"url\":\"https:\/\/www.hechforming.com\/wp-content\/uploads\/2025\/03\/cropped-hechuang-roll-forming-machine-1-300x300-1.webp\",\"contentUrl\":\"https:\/\/www.hechforming.com\/wp-content\/uploads\/2025\/03\/cropped-hechuang-roll-forming-machine-1-300x300-1.webp\",\"width\":300,\"height\":300,\"caption\":\"Cangzhou Hechuang Machinery Manufacturer Co.,ltd\"},\"image\":{\"@id\":\"https:\/\/www.hechforming.com\/#\/schema\/logo\/image\/\"},\"sameAs\":[\"https:\/\/www.facebook.com\/hechuangmachine\/\",\"https:\/\/www.linkedin.com\/in\/cherry-steel-sheet-roll-forming-machine-58901b233\/\",\"https:\/\/www.youtube.com\/@CANGZHOUHECHUANGMACHINER-fp1jg\"]}]}<\/script>\n<!-- \/ Yoast SEO plugin. -->","yoast_head_json":{"title":"Ridge cap rolll forming machine - Leading Roll Forming Machines Manufacturer &amp; Supplier","description":"ridge cap forming machine uses high-quality colored steel material to produce ridge tiles with smooth edges and aesthetically pleasing shapes","robots":{"index":"index","follow":"follow","max-snippet":"max-snippet:-1","max-image-preview":"max-image-preview:large","max-video-preview":"max-video-preview:-1"},"canonical":"https:\/\/www.hechforming.com\/es\/producto\/perfiladora-de-cumbreras-2\/","og_locale":"es_ES","og_type":"article","og_title":"Ridge cap rolll forming machine - Leading Roll Forming Machines Manufacturer &amp; Supplier","og_description":"ridge cap forming machine uses high-quality colored steel material to produce ridge tiles with smooth edges and aesthetically pleasing shapes","og_url":"https:\/\/www.hechforming.com\/es\/producto\/perfiladora-de-cumbreras-2\/","og_site_name":"Leading Roll Forming Machines Manufacturer &amp; Supplier","article_publisher":"https:\/\/www.facebook.com\/hechuangmachine\/","article_modified_time":"2025-03-24T01:32:40+00:00","og_image":[{"width":800,"height":800,"url":"https:\/\/www.hechforming.com\/wp-content\/uploads\/2024\/12\/logo.jpg","type":"image\/jpeg"}],"twitter_card":"summary_large_image","twitter_misc":{"Tiempo de lectura":"3 minutos"},"schema":{"@context":"https:\/\/schema.org","@graph":[{"@type":"WebPage","@id":"https:\/\/www.hechforming.com\/product\/ridge-cap-rolll-forming-machine\/","url":"https:\/\/www.hechforming.com\/product\/ridge-cap-rolll-forming-machine\/","name":"Ridge cap rolll forming machine - Leading Roll Forming Machines Manufacturer &amp; Supplier","isPartOf":{"@id":"https:\/\/www.hechforming.com\/#website"},"primaryImageOfPage":{"@id":"https:\/\/www.hechforming.com\/product\/ridge-cap-rolll-forming-machine\/#primaryimage"},"image":{"@id":"https:\/\/www.hechforming.com\/product\/ridge-cap-rolll-forming-machine\/#primaryimage"},"thumbnailUrl":"https:\/\/www.hechforming.com\/wp-content\/uploads\/2024\/12\/logo.jpg","datePublished":"2024-12-13T08:59:47+00:00","dateModified":"2025-03-24T01:32:40+00:00","description":"ridge cap forming machine uses high-quality colored steel material to produce ridge tiles with smooth edges and aesthetically pleasing shapes","breadcrumb":{"@id":"https:\/\/www.hechforming.com\/product\/ridge-cap-rolll-forming-machine\/#breadcrumb"},"inLanguage":"es","potentialAction":[{"@type":"ReadAction","target":["https:\/\/www.hechforming.com\/product\/ridge-cap-rolll-forming-machine\/"]}]},{"@type":"ImageObject","inLanguage":"es","@id":"https:\/\/www.hechforming.com\/product\/ridge-cap-rolll-forming-machine\/#primaryimage","url":"https:\/\/www.hechforming.com\/wp-content\/uploads\/2024\/12\/logo.jpg","contentUrl":"https:\/\/www.hechforming.com\/wp-content\/uploads\/2024\/12\/logo.jpg","width":800,"height":800,"caption":"Ridge cap rolll forming machine"},{"@type":"BreadcrumbList","@id":"https:\/\/www.hechforming.com\/product\/ridge-cap-rolll-forming-machine\/#breadcrumb","itemListElement":[{"@type":"ListItem","position":1,"name":"\u9996\u9875","item":"https:\/\/www.hechforming.com\/"},{"@type":"ListItem","position":2,"name":"product","item":"https:\/\/www.hechforming.com\/product\/"},{"@type":"ListItem","position":3,"name":"Ridge cap rolll forming machine"}]},{"@type":"WebSite","@id":"https:\/\/www.hechforming.com\/#website","url":"https:\/\/www.hechforming.com\/","name":"Cangzhou Hechuang Machinery Manufacturer Co.,ltd","description":"Leading Roll Forming Machines Manufacturer &amp; Supplier","publisher":{"@id":"https:\/\/www.hechforming.com\/#organization"},"potentialAction":[{"@type":"SearchAction","target":{"@type":"EntryPoint","urlTemplate":"https:\/\/www.hechforming.com\/?s={search_term_string}"},"query-input":{"@type":"PropertyValueSpecification","valueRequired":true,"valueName":"search_term_string"}}],"inLanguage":"es"},{"@type":"Organization","@id":"https:\/\/www.hechforming.com\/#organization","name":"Cangzhou Hechuang Machinery Manufacturer Co.,ltd","url":"https:\/\/www.hechforming.com\/","logo":{"@type":"ImageObject","inLanguage":"es","@id":"https:\/\/www.hechforming.com\/#\/schema\/logo\/image\/","url":"https:\/\/www.hechforming.com\/wp-content\/uploads\/2025\/03\/cropped-hechuang-roll-forming-machine-1-300x300-1.webp","contentUrl":"https:\/\/www.hechforming.com\/wp-content\/uploads\/2025\/03\/cropped-hechuang-roll-forming-machine-1-300x300-1.webp","width":300,"height":300,"caption":"Cangzhou Hechuang Machinery Manufacturer Co.,ltd"},"image":{"@id":"https:\/\/www.hechforming.com\/#\/schema\/logo\/image\/"},"sameAs":["https:\/\/www.facebook.com\/hechuangmachine\/","https:\/\/www.linkedin.com\/in\/cherry-steel-sheet-roll-forming-machine-58901b233\/","https:\/\/www.youtube.com\/@CANGZHOUHECHUANGMACHINER-fp1jg"]}]}},"_links":{"self":[{"href":"https:\/\/www.hechforming.com\/es\/wp-json\/wp\/v2\/product\/2451","targetHints":{"allow":["GET"]}}],"collection":[{"href":"https:\/\/www.hechforming.com\/es\/wp-json\/wp\/v2\/product"}],"about":[{"href":"https:\/\/www.hechforming.com\/es\/wp-json\/wp\/v2\/types\/product"}],"wp:featuredmedia":[{"embeddable":true,"href":"https:\/\/www.hechforming.com\/es\/wp-json\/wp\/v2\/media\/2452"}],"wp:attachment":[{"href":"https:\/\/www.hechforming.com\/es\/wp-json\/wp\/v2\/media?parent=2451"}],"wp:term":[{"taxonomy":"product_cat","embeddable":true,"href":"https:\/\/www.hechforming.com\/es\/wp-json\/wp\/v2\/product_cat?post=2451"},{"taxonomy":"product_tag","embeddable":true,"href":"https:\/\/www.hechforming.com\/es\/wp-json\/wp\/v2\/product_tag?post=2451"}],"curies":[{"name":"wp","href":"https:\/\/api.w.org\/{rel}","templated":true}]}}