{"id":2477,"date":"2024-12-15T10:59:23","date_gmt":"2024-12-15T02:59:23","guid":{"rendered":"https:\/\/www.hechforming.com\/?post_type=product&#038;p=2477"},"modified":"2025-03-24T08:52:51","modified_gmt":"2025-03-24T00:52:51","slug":"700-roof-sheet-roll-forming-machine","status":"publish","type":"product","link":"https:\/\/www.hechforming.com\/es\/producto\/maquina-perfiladora-de-chapa-de-tejado-700\/","title":{"rendered":"M\u00e1quina Perfiladora de L\u00e1minas para Techo 700 Clip-lock"},"content":{"rendered":"<p><img decoding=\"async\" class=\"\" src=\"http:\/\/www.hechforming.com\/wp-content\/uploads\/2024\/12\/%E8%AF%A6%E6%83%85%E5%9B%BE%E7%89%87_04.avif\" alt=\"M\u00e1quina formadora de rollos de doble capa\" width=\"805\" height=\"59\" \/><\/p>\n<div class=\"attribute-item\"><\/div>\n<div class=\"attribute-item\">\n<div class=\"right\" data-spm-anchor-id=\"a2700.details.0.i71.33295583xMcC42\">\n<table style=\"border-collapse: collapse; width: 97.5481%; height: 328px;\" border=\"0\" width=\"758\" cellspacing=\"0\" cellpadding=\"0\">\n<tbody>\n<tr style=\"height: 13.50pt;\">\n<td class=\"et2\" style=\"height: 13.50pt; width: 191.25pt;\" width=\"255\" height=\"18\"><span style=\"font-family: arial, helvetica, sans-serif;\">Tipo<\/span><\/td>\n<td class=\"et3\" style=\"width: 377.25pt;\" width=\"503\"><span style=\"font-family: arial, helvetica, sans-serif;\">M\u00e1quina formadora de baldosas<\/span><\/td>\n<\/tr>\n<tr style=\"height: 13.50pt;\">\n<td class=\"et2\" style=\"height: 13.50pt; width: 191.25pt;\" width=\"255\" height=\"18\"><span style=\"font-family: arial, helvetica, sans-serif;\">Tipo de baldosa<\/span><\/td>\n<td class=\"et3\" style=\"width: 377.25pt;\" width=\"503\"><span style=\"font-family: arial, helvetica, sans-serif;\">Acero<\/span><\/td>\n<\/tr>\n<tr style=\"height: 13.50pt;\">\n<td class=\"et2\" style=\"height: 13.50pt; width: 191.25pt;\" width=\"255\" height=\"18\"><span style=\"font-family: arial, helvetica, sans-serif;\">Utilice<\/span><\/td>\n<td class=\"et3\" style=\"width: 377.25pt;\" width=\"503\"><span style=\"font-family: arial, helvetica, sans-serif;\">TECHO<\/span><\/td>\n<\/tr>\n<tr style=\"height: 13.50pt;\">\n<td class=\"et2\" style=\"height: 13.50pt; width: 191.25pt;\" width=\"255\" height=\"18\"><span style=\"font-family: arial, helvetica, sans-serif;\">Tensi\u00f3n<\/span><\/td>\n<td class=\"et3\" style=\"width: 377.25pt;\" width=\"503\"><span style=\"font-family: arial, helvetica, sans-serif;\">380V, 440V, 220V<\/span><\/td>\n<\/tr>\n<tr style=\"height: 13.50pt;\">\n<td class=\"et2\" style=\"height: 13.50pt; width: 191.25pt;\" width=\"255\" height=\"18\"><span style=\"font-family: arial, helvetica, sans-serif;\">Delgadez rodante<\/span><\/td>\n<td class=\"et3\" style=\"width: 377.25pt;\" width=\"503\"><span style=\"font-family: arial, helvetica, sans-serif;\">0,3-0,8 mm<\/span><\/td>\n<\/tr>\n<tr style=\"height: 13.50pt;\">\n<td class=\"et2\" style=\"height: 13.50pt; width: 191.25pt;\" width=\"255\" height=\"18\"><span style=\"font-family: arial, helvetica, sans-serif;\">Anchura de alimentaci\u00f3n<\/span><\/td>\n<td class=\"et3\" style=\"width: 377.25pt;\" width=\"503\"><span style=\"font-family: arial, helvetica, sans-serif;\">Otros<\/span><\/td>\n<\/tr>\n<\/tbody>\n<\/table>\n<p><span style=\"font-size: 16px;\">Forma personalizada del panel de perfil de metal rollo formando techo hoja que hace la m\u00e1quina, es nuestra empresa productos m\u00e1s populares en la construcci\u00f3n de materiales de la m\u00e1quina. Para la hoja del tejado, incluye muchos tipo seg\u00fan su diversa forma, el tipo popular incluye el rollo acanalado de la teja que forma la m\u00e1quina, el rollo trapezoidal de la teja que forma la m\u00e1quina, el rollo esmaltado de la teja que forma la m\u00e1quina, el rollo del casquillo del canto que forma la m\u00e1quina y el otro rollo del panel del perfil del tipo que forma la m\u00e1quina.<\/span><\/div>\n<\/div>\n<div class=\"J_module\">\n<div class=\"detail-decorate-json-renderer-container\">\n<div class=\"magic-4\">\n<h3 class=\"magic-5\"><\/h3>\n<\/div>\n<\/div>\n<\/div>\n<table style=\"border-collapse: collapse; width: 97.542%; height: 194px;\">\n<tbody>\n<tr>\n<td style=\"width: 50%;\"><img fetchpriority=\"high\" decoding=\"async\" class=\"aligncenter\" src=\"http:\/\/www.hechforming.com\/wp-content\/uploads\/2024\/12\/55555555-300x165.png\" width=\"400\" height=\"220\" \/><\/td>\n<td style=\"width: 50%;\"><img decoding=\"async\" class=\"aligncenter\" src=\"http:\/\/www.hechforming.com\/wp-content\/uploads\/2024\/12\/33333333-300x219.jpg\" width=\"401\" height=\"293\" \/><\/td>\n<\/tr>\n<\/tbody>\n<\/table>\n<p><img loading=\"lazy\" decoding=\"async\" class=\"alignnone  wp-image-3162\" src=\"https:\/\/www.hechforming.com\/wp-content\/uploads\/2024\/12\/H4504d4825c2f4cd9981ad0918389f236d-300x300.webp\" alt=\"\" width=\"804\" height=\"804\" srcset=\"https:\/\/www.hechforming.com\/wp-content\/uploads\/2024\/12\/H4504d4825c2f4cd9981ad0918389f236d-300x300.webp 300w, https:\/\/www.hechforming.com\/wp-content\/uploads\/2024\/12\/H4504d4825c2f4cd9981ad0918389f236d-150x150.webp 150w, https:\/\/www.hechforming.com\/wp-content\/uploads\/2024\/12\/H4504d4825c2f4cd9981ad0918389f236d-768x768.webp 768w, https:\/\/www.hechforming.com\/wp-content\/uploads\/2024\/12\/H4504d4825c2f4cd9981ad0918389f236d-12x12.webp 12w, https:\/\/www.hechforming.com\/wp-content\/uploads\/2024\/12\/H4504d4825c2f4cd9981ad0918389f236d-600x600.webp 600w, https:\/\/www.hechforming.com\/wp-content\/uploads\/2024\/12\/H4504d4825c2f4cd9981ad0918389f236d-100x100.webp 100w, https:\/\/www.hechforming.com\/wp-content\/uploads\/2024\/12\/H4504d4825c2f4cd9981ad0918389f236d.webp 800w\" sizes=\"(max-width: 804px) 100vw, 804px\" \/><img loading=\"lazy\" decoding=\"async\" class=\"alignnone wp-image-2486\" src=\"http:\/\/www.hechforming.com\/wp-content\/uploads\/2024\/12\/888888888-300x177.png\" alt=\"\" width=\"805\" height=\"475\" srcset=\"https:\/\/www.hechforming.com\/wp-content\/uploads\/2024\/12\/888888888-300x177.png 300w, https:\/\/www.hechforming.com\/wp-content\/uploads\/2024\/12\/888888888-768x453.png 768w, https:\/\/www.hechforming.com\/wp-content\/uploads\/2024\/12\/888888888-600x354.png 600w, https:\/\/www.hechforming.com\/wp-content\/uploads\/2024\/12\/888888888-64x38.png 64w, https:\/\/www.hechforming.com\/wp-content\/uploads\/2024\/12\/888888888.png 798w\" sizes=\"(max-width: 805px) 100vw, 805px\" \/><\/p>\n<p><img loading=\"lazy\" decoding=\"async\" class=\"\" src=\"http:\/\/www.hechforming.com\/wp-content\/uploads\/2024\/12\/%E8%AF%A6%E6%83%85%E5%9B%BE%E7%89%87_09.avif\" alt=\"M\u00e1quina formadora de rollos de doble capa\" width=\"804\" height=\"75\" \/><\/p>\n<p><img loading=\"lazy\" decoding=\"async\" class=\"alignnone wp-image-2487\" src=\"http:\/\/www.hechforming.com\/wp-content\/uploads\/2024\/12\/14-1-300x300.jpg\" alt=\"\" width=\"805\" height=\"805\" srcset=\"https:\/\/www.hechforming.com\/wp-content\/uploads\/2024\/12\/14-1-300x300.jpg 300w, https:\/\/www.hechforming.com\/wp-content\/uploads\/2024\/12\/14-1-150x150.jpg 150w, https:\/\/www.hechforming.com\/wp-content\/uploads\/2024\/12\/14-1-768x768.jpg 768w, https:\/\/www.hechforming.com\/wp-content\/uploads\/2024\/12\/14-1-600x600.jpg 600w, https:\/\/www.hechforming.com\/wp-content\/uploads\/2024\/12\/14-1-100x100.jpg 100w, https:\/\/www.hechforming.com\/wp-content\/uploads\/2024\/12\/14-1-64x64.jpg 64w, https:\/\/www.hechforming.com\/wp-content\/uploads\/2024\/12\/14-1.jpg 800w\" sizes=\"(max-width: 805px) 100vw, 805px\" \/><\/p>\n<p><img loading=\"lazy\" decoding=\"async\" class=\"\" src=\"http:\/\/www.hechforming.com\/wp-content\/uploads\/2024\/12\/%E8%AF%A6%E6%83%85%E5%9B%BE%E7%89%87_21.avif\" alt=\"M\u00e1quina formadora de rollos de doble capa\" width=\"805\" height=\"930\" \/><\/p>\n<p><span style=\"font-family: arial, helvetica, sans-serif; color: #0000ff;\">1. 1. Qui\u00e9nes somos<\/span><br \/>\n<span style=\"font-family: arial, helvetica, sans-serif;\">Somos una empresa de fabricaci\u00f3n con sede en Cangzhou, provincia de Hebei, China, fundada en 2013. Nuestros principales mercados de exportaci\u00f3n incluyen Sudam\u00e9rica (30%), Ocean\u00eda (20%), \u00c1frica (20%), Norteam\u00e9rica (10%), Oriente Medio (10%) y el Sudeste Asi\u00e1tico (10%). Nuestro equipo est\u00e1 formado por 11-50 profesionales dedicados a ofrecer excelencia.<\/span><\/p>\n<p><span style=\"font-family: arial, helvetica, sans-serif; color: #0000ff;\">2. 2. Garant\u00eda de calidad<\/span><br \/>\n<span style=\"font-family: arial, helvetica, sans-serif;\">Pruebas de prototipos antes de la producci\u00f3n a granel <\/span><br \/>\n<span style=\"font-family: arial, helvetica, sans-serif;\">Rigurosos controles finales de calidad antes de la expedici\u00f3n<\/span><\/p>\n<p><span style=\"font-family: arial, helvetica, sans-serif; color: #0000ff;\">3. Nuestra gama de productos<\/span><br \/>\n<span style=\"font-family: arial, helvetica, sans-serif;\">Somos especialistas en fabricaci\u00f3n: <\/span><br \/>\n<span style=\"font-family: arial, helvetica, sans-serif;\">- Sistemas de perfilado de tejados y paredes <\/span><br \/>\n<span style=\"font-family: arial, helvetica, sans-serif;\">- Maquinaria para la fabricaci\u00f3n de tarimas <\/span><br \/>\n<span style=\"font-family: arial, helvetica, sans-serif;\">- Equipos de producci\u00f3n de quillas de acero ligero <\/span><br \/>\n<span style=\"font-family: arial, helvetica, sans-serif;\">- Unidades de perfilado de correas CZ <\/span><br \/>\n<span style=\"font-family: arial, helvetica, sans-serif;\">- Aplanadoras y cortadoras de precisi\u00f3n<\/span><\/p>\n<p><span style=\"font-family: arial, helvetica, sans-serif; color: #0000ff;\">4.Ventajas competitivas<\/span><br \/>\n<span style=\"font-family: arial, helvetica, sans-serif;\">\u2460 Fabricante de amplio espectro de maquinaria para tejados y equipos relacionados. <\/span><br \/>\n<span style=\"font-family: arial, helvetica, sans-serif;\">\u2461 D\u00e9cadas de experiencia en el sector con soluciones tecnol\u00f3gicas de vanguardia. <\/span><br \/>\n<span style=\"font-family: arial, helvetica, sans-serif;\">\u2462 Divisi\u00f3n de I+D especializada y equipo de atenci\u00f3n al cliente 24 horas al d\u00eda, 7 d\u00edas a la semana.<\/span><\/p>\n<p><span style=\"font-family: arial, helvetica, sans-serif; color: #0000ff;\">5. Capacidades de servicio<\/span><br \/>\n<span style=\"font-family: arial, helvetica, sans-serif;\">- Condiciones de entrega: FOB, CFR, CIF, EXW, FAS, CIP, FCA, CPT, DEQ, DDP, DDU, Entrega urgente, DAF, DES <\/span><br \/>\n<span style=\"font-family: arial, helvetica, sans-serif;\">- Divisas de transacci\u00f3n: USD, EUR, JPY, CAD, AUD, HKD, GBP, CNY, CHF <\/span><br \/>\n<span style=\"font-family: arial, helvetica, sans-serif;\">- Opciones de pago: T\/T, L\/C, MoneyGram, Tarjeta de cr\u00e9dito, PayPal, Western Union, Efectivo, Escrow <\/span><br \/>\n<span style=\"font-family: arial, helvetica, sans-serif;\">- Idiomas: Ingl\u00e9s, chino, espa\u00f1ol, japon\u00e9s, alem\u00e1n, franc\u00e9s y ruso.<\/span><\/p>","protected":false},"excerpt":{"rendered":"<p>La m\u00e1quina 700 clip-lock de Cangzhou Hechuang produce chapas de acero para tejados de 0,3-0,8 mm con una precisi\u00f3n de \u00b10,2 mm. Cuenta con sistema de servo corte y control PLC de pantalla t\u00e1ctil. Ideal para proyectos de almacenes y edificios prefabricados. Certificado CE\/ISO con 24 meses de garant\u00eda.<\/p>","protected":false},"featured_media":2478,"template":"","meta":{"site-sidebar-layout":"default","site-content-layout":"","ast-site-content-layout":"default","site-content-style":"default","site-sidebar-style":"default","ast-global-header-display":"","ast-banner-title-visibility":"","ast-main-header-display":"","ast-hfb-above-header-display":"","ast-hfb-below-header-display":"","ast-hfb-mobile-header-display":"","site-post-title":"","ast-breadcrumbs-content":"","ast-featured-img":"","footer-sml-layout":"","theme-transparent-header-meta":"default","adv-header-id-meta":"","stick-header-meta":"","header-above-stick-meta":"","header-main-stick-meta":"","header-below-stick-meta":"","astra-migrate-meta-layouts":"set","ast-page-background-enabled":"default","ast-page-background-meta":{"desktop":{"background-color":"","background-image":"","background-repeat":"repeat","background-position":"center center","background-size":"auto","background-attachment":"scroll","background-type":"","background-media":"","overlay-type":"","overlay-color":"","overlay-opacity":"","overlay-gradient":""},"tablet":{"background-color":"","background-image":"","background-repeat":"repeat","background-position":"center center","background-size":"auto","background-attachment":"scroll","background-type":"","background-media":"","overlay-type":"","overlay-color":"","overlay-opacity":"","overlay-gradient":""},"mobile":{"background-color":"","background-image":"","background-repeat":"repeat","background-position":"center center","background-size":"auto","background-attachment":"scroll","background-type":"","background-media":"","overlay-type":"","overlay-color":"","overlay-opacity":"","overlay-gradient":""}},"ast-content-background-meta":{"desktop":{"background-color":"var(--ast-global-color-5)","background-image":"","background-repeat":"repeat","background-position":"center center","background-size":"auto","background-attachment":"scroll","background-type":"","background-media":"","overlay-type":"","overlay-color":"","overlay-opacity":"","overlay-gradient":""},"tablet":{"background-color":"var(--ast-global-color-5)","background-image":"","background-repeat":"repeat","background-position":"center center","background-size":"auto","background-attachment":"scroll","background-type":"","background-media":"","overlay-type":"","overlay-color":"","overlay-opacity":"","overlay-gradient":""},"mobile":{"background-color":"var(--ast-global-color-5)","background-image":"","background-repeat":"repeat","background-position":"center center","background-size":"auto","background-attachment":"scroll","background-type":"","background-media":"","overlay-type":"","overlay-color":"","overlay-opacity":"","overlay-gradient":""}}},"product_cat":[34],"product_tag":[],"class_list":{"0":"post-2477","1":"product","2":"type-product","3":"status-publish","4":"has-post-thumbnail","6":"product_cat-trapezoidal-making-machine","7":"desktop-align-left","8":"tablet-align-left","9":"mobile-align-left","11":"first","12":"instock","13":"shipping-taxable","14":"product-type-simple"},"yoast_head":"<!-- This site is optimized with the Yoast SEO plugin v24.8.1 - https:\/\/yoast.com\/wordpress\/plugins\/seo\/ -->\n<title>700 Clip-lock Roof Sheet Roll Forming Machine - Leading Roll Forming Machines Manufacturer &amp; Supplier<\/title>\n<meta name=\"description\" content=\"Professional 700 clip-lock roll forming machine manufacturer. Achieve 15m\/min production speed.CE\/ISO certified with 24-month warrany\" \/>\n<meta name=\"robots\" content=\"index, follow, max-snippet:-1, max-image-preview:large, max-video-preview:-1\" \/>\n<link rel=\"canonical\" href=\"https:\/\/www.hechforming.com\/es\/producto\/maquina-perfiladora-de-chapa-de-tejado-700\/\" \/>\n<meta property=\"og:locale\" content=\"es_ES\" \/>\n<meta property=\"og:type\" content=\"article\" \/>\n<meta property=\"og:title\" content=\"700 Clip-lock Roof Sheet Roll Forming Machine - Leading Roll Forming Machines Manufacturer &amp; Supplier\" \/>\n<meta property=\"og:description\" content=\"Professional 700 clip-lock roll forming machine manufacturer. Achieve 15m\/min production speed.CE\/ISO certified with 24-month warrany\" \/>\n<meta property=\"og:url\" content=\"https:\/\/www.hechforming.com\/es\/producto\/maquina-perfiladora-de-chapa-de-tejado-700\/\" \/>\n<meta property=\"og:site_name\" content=\"Leading Roll Forming Machines Manufacturer &amp; Supplier\" \/>\n<meta property=\"article:publisher\" content=\"https:\/\/www.facebook.com\/hechuangmachine\/\" \/>\n<meta property=\"article:modified_time\" content=\"2025-03-24T00:52:51+00:00\" \/>\n<meta property=\"og:image\" content=\"https:\/\/www.hechforming.com\/wp-content\/uploads\/2024\/12\/999999.jpg\" \/>\n\t<meta property=\"og:image:width\" content=\"800\" \/>\n\t<meta property=\"og:image:height\" content=\"800\" \/>\n\t<meta property=\"og:image:type\" content=\"image\/jpeg\" \/>\n<meta name=\"twitter:card\" content=\"summary_large_image\" \/>\n<meta name=\"twitter:label1\" content=\"Tiempo de lectura\" \/>\n\t<meta name=\"twitter:data1\" content=\"3 minutos\" \/>\n<script type=\"application\/ld+json\" class=\"yoast-schema-graph\">{\"@context\":\"https:\/\/schema.org\",\"@graph\":[{\"@type\":\"WebPage\",\"@id\":\"https:\/\/www.hechforming.com\/product\/700-roof-sheet-roll-forming-machine\/\",\"url\":\"https:\/\/www.hechforming.com\/product\/700-roof-sheet-roll-forming-machine\/\",\"name\":\"700 Clip-lock Roof Sheet Roll Forming Machine - Leading Roll Forming Machines Manufacturer &amp; Supplier\",\"isPartOf\":{\"@id\":\"https:\/\/www.hechforming.com\/#website\"},\"primaryImageOfPage\":{\"@id\":\"https:\/\/www.hechforming.com\/product\/700-roof-sheet-roll-forming-machine\/#primaryimage\"},\"image\":{\"@id\":\"https:\/\/www.hechforming.com\/product\/700-roof-sheet-roll-forming-machine\/#primaryimage\"},\"thumbnailUrl\":\"https:\/\/www.hechforming.com\/wp-content\/uploads\/2024\/12\/999999.jpg\",\"datePublished\":\"2024-12-15T02:59:23+00:00\",\"dateModified\":\"2025-03-24T00:52:51+00:00\",\"description\":\"Professional 700 clip-lock roll forming machine manufacturer. Achieve 15m\/min production speed.CE\/ISO certified with 24-month warrany\",\"breadcrumb\":{\"@id\":\"https:\/\/www.hechforming.com\/product\/700-roof-sheet-roll-forming-machine\/#breadcrumb\"},\"inLanguage\":\"es\",\"potentialAction\":[{\"@type\":\"ReadAction\",\"target\":[\"https:\/\/www.hechforming.com\/product\/700-roof-sheet-roll-forming-machine\/\"]}]},{\"@type\":\"ImageObject\",\"inLanguage\":\"es\",\"@id\":\"https:\/\/www.hechforming.com\/product\/700-roof-sheet-roll-forming-machine\/#primaryimage\",\"url\":\"https:\/\/www.hechforming.com\/wp-content\/uploads\/2024\/12\/999999.jpg\",\"contentUrl\":\"https:\/\/www.hechforming.com\/wp-content\/uploads\/2024\/12\/999999.jpg\",\"width\":800,\"height\":800},{\"@type\":\"BreadcrumbList\",\"@id\":\"https:\/\/www.hechforming.com\/product\/700-roof-sheet-roll-forming-machine\/#breadcrumb\",\"itemListElement\":[{\"@type\":\"ListItem\",\"position\":1,\"name\":\"\u9996\u9875\",\"item\":\"https:\/\/www.hechforming.com\/\"},{\"@type\":\"ListItem\",\"position\":2,\"name\":\"product\",\"item\":\"https:\/\/www.hechforming.com\/product\/\"},{\"@type\":\"ListItem\",\"position\":3,\"name\":\"700 Clip-lock Roof Sheet Roll Forming Machine\"}]},{\"@type\":\"WebSite\",\"@id\":\"https:\/\/www.hechforming.com\/#website\",\"url\":\"https:\/\/www.hechforming.com\/\",\"name\":\"Cangzhou Hechuang Machinery Manufacturer Co.,ltd\",\"description\":\"Leading Roll Forming Machines Manufacturer &amp; Supplier\",\"publisher\":{\"@id\":\"https:\/\/www.hechforming.com\/#organization\"},\"potentialAction\":[{\"@type\":\"SearchAction\",\"target\":{\"@type\":\"EntryPoint\",\"urlTemplate\":\"https:\/\/www.hechforming.com\/?s={search_term_string}\"},\"query-input\":{\"@type\":\"PropertyValueSpecification\",\"valueRequired\":true,\"valueName\":\"search_term_string\"}}],\"inLanguage\":\"es\"},{\"@type\":\"Organization\",\"@id\":\"https:\/\/www.hechforming.com\/#organization\",\"name\":\"Cangzhou Hechuang Machinery Manufacturer Co.,ltd\",\"url\":\"https:\/\/www.hechforming.com\/\",\"logo\":{\"@type\":\"ImageObject\",\"inLanguage\":\"es\",\"@id\":\"https:\/\/www.hechforming.com\/#\/schema\/logo\/image\/\",\"url\":\"https:\/\/www.hechforming.com\/wp-content\/uploads\/2025\/03\/cropped-hechuang-roll-forming-machine-1-300x300-1.webp\",\"contentUrl\":\"https:\/\/www.hechforming.com\/wp-content\/uploads\/2025\/03\/cropped-hechuang-roll-forming-machine-1-300x300-1.webp\",\"width\":300,\"height\":300,\"caption\":\"Cangzhou Hechuang Machinery Manufacturer Co.,ltd\"},\"image\":{\"@id\":\"https:\/\/www.hechforming.com\/#\/schema\/logo\/image\/\"},\"sameAs\":[\"https:\/\/www.facebook.com\/hechuangmachine\/\",\"https:\/\/www.linkedin.com\/in\/cherry-steel-sheet-roll-forming-machine-58901b233\/\",\"https:\/\/www.youtube.com\/@CANGZHOUHECHUANGMACHINER-fp1jg\"]}]}<\/script>\n<!-- \/ Yoast SEO plugin. -->","yoast_head_json":{"title":"700 Clip-lock Roof Sheet Roll Forming Machine - Leading Roll Forming Machines Manufacturer &amp; Supplier","description":"Professional 700 clip-lock roll forming machine manufacturer. Achieve 15m\/min production speed.CE\/ISO certified with 24-month warrany","robots":{"index":"index","follow":"follow","max-snippet":"max-snippet:-1","max-image-preview":"max-image-preview:large","max-video-preview":"max-video-preview:-1"},"canonical":"https:\/\/www.hechforming.com\/es\/producto\/maquina-perfiladora-de-chapa-de-tejado-700\/","og_locale":"es_ES","og_type":"article","og_title":"700 Clip-lock Roof Sheet Roll Forming Machine - Leading Roll Forming Machines Manufacturer &amp; Supplier","og_description":"Professional 700 clip-lock roll forming machine manufacturer. Achieve 15m\/min production speed.CE\/ISO certified with 24-month warrany","og_url":"https:\/\/www.hechforming.com\/es\/producto\/maquina-perfiladora-de-chapa-de-tejado-700\/","og_site_name":"Leading Roll Forming Machines Manufacturer &amp; Supplier","article_publisher":"https:\/\/www.facebook.com\/hechuangmachine\/","article_modified_time":"2025-03-24T00:52:51+00:00","og_image":[{"width":800,"height":800,"url":"https:\/\/www.hechforming.com\/wp-content\/uploads\/2024\/12\/999999.jpg","type":"image\/jpeg"}],"twitter_card":"summary_large_image","twitter_misc":{"Tiempo de lectura":"3 minutos"},"schema":{"@context":"https:\/\/schema.org","@graph":[{"@type":"WebPage","@id":"https:\/\/www.hechforming.com\/product\/700-roof-sheet-roll-forming-machine\/","url":"https:\/\/www.hechforming.com\/product\/700-roof-sheet-roll-forming-machine\/","name":"700 Clip-lock Roof Sheet Roll Forming Machine - Leading Roll Forming Machines Manufacturer &amp; Supplier","isPartOf":{"@id":"https:\/\/www.hechforming.com\/#website"},"primaryImageOfPage":{"@id":"https:\/\/www.hechforming.com\/product\/700-roof-sheet-roll-forming-machine\/#primaryimage"},"image":{"@id":"https:\/\/www.hechforming.com\/product\/700-roof-sheet-roll-forming-machine\/#primaryimage"},"thumbnailUrl":"https:\/\/www.hechforming.com\/wp-content\/uploads\/2024\/12\/999999.jpg","datePublished":"2024-12-15T02:59:23+00:00","dateModified":"2025-03-24T00:52:51+00:00","description":"Professional 700 clip-lock roll forming machine manufacturer. Achieve 15m\/min production speed.CE\/ISO certified with 24-month warrany","breadcrumb":{"@id":"https:\/\/www.hechforming.com\/product\/700-roof-sheet-roll-forming-machine\/#breadcrumb"},"inLanguage":"es","potentialAction":[{"@type":"ReadAction","target":["https:\/\/www.hechforming.com\/product\/700-roof-sheet-roll-forming-machine\/"]}]},{"@type":"ImageObject","inLanguage":"es","@id":"https:\/\/www.hechforming.com\/product\/700-roof-sheet-roll-forming-machine\/#primaryimage","url":"https:\/\/www.hechforming.com\/wp-content\/uploads\/2024\/12\/999999.jpg","contentUrl":"https:\/\/www.hechforming.com\/wp-content\/uploads\/2024\/12\/999999.jpg","width":800,"height":800},{"@type":"BreadcrumbList","@id":"https:\/\/www.hechforming.com\/product\/700-roof-sheet-roll-forming-machine\/#breadcrumb","itemListElement":[{"@type":"ListItem","position":1,"name":"\u9996\u9875","item":"https:\/\/www.hechforming.com\/"},{"@type":"ListItem","position":2,"name":"product","item":"https:\/\/www.hechforming.com\/product\/"},{"@type":"ListItem","position":3,"name":"700 Clip-lock Roof Sheet Roll Forming Machine"}]},{"@type":"WebSite","@id":"https:\/\/www.hechforming.com\/#website","url":"https:\/\/www.hechforming.com\/","name":"Cangzhou Hechuang Machinery Manufacturer Co.,ltd","description":"Leading Roll Forming Machines Manufacturer &amp; Supplier","publisher":{"@id":"https:\/\/www.hechforming.com\/#organization"},"potentialAction":[{"@type":"SearchAction","target":{"@type":"EntryPoint","urlTemplate":"https:\/\/www.hechforming.com\/?s={search_term_string}"},"query-input":{"@type":"PropertyValueSpecification","valueRequired":true,"valueName":"search_term_string"}}],"inLanguage":"es"},{"@type":"Organization","@id":"https:\/\/www.hechforming.com\/#organization","name":"Cangzhou Hechuang Machinery Manufacturer Co.,ltd","url":"https:\/\/www.hechforming.com\/","logo":{"@type":"ImageObject","inLanguage":"es","@id":"https:\/\/www.hechforming.com\/#\/schema\/logo\/image\/","url":"https:\/\/www.hechforming.com\/wp-content\/uploads\/2025\/03\/cropped-hechuang-roll-forming-machine-1-300x300-1.webp","contentUrl":"https:\/\/www.hechforming.com\/wp-content\/uploads\/2025\/03\/cropped-hechuang-roll-forming-machine-1-300x300-1.webp","width":300,"height":300,"caption":"Cangzhou Hechuang Machinery Manufacturer Co.,ltd"},"image":{"@id":"https:\/\/www.hechforming.com\/#\/schema\/logo\/image\/"},"sameAs":["https:\/\/www.facebook.com\/hechuangmachine\/","https:\/\/www.linkedin.com\/in\/cherry-steel-sheet-roll-forming-machine-58901b233\/","https:\/\/www.youtube.com\/@CANGZHOUHECHUANGMACHINER-fp1jg"]}]}},"_links":{"self":[{"href":"https:\/\/www.hechforming.com\/es\/wp-json\/wp\/v2\/product\/2477","targetHints":{"allow":["GET"]}}],"collection":[{"href":"https:\/\/www.hechforming.com\/es\/wp-json\/wp\/v2\/product"}],"about":[{"href":"https:\/\/www.hechforming.com\/es\/wp-json\/wp\/v2\/types\/product"}],"wp:featuredmedia":[{"embeddable":true,"href":"https:\/\/www.hechforming.com\/es\/wp-json\/wp\/v2\/media\/2478"}],"wp:attachment":[{"href":"https:\/\/www.hechforming.com\/es\/wp-json\/wp\/v2\/media?parent=2477"}],"wp:term":[{"taxonomy":"product_cat","embeddable":true,"href":"https:\/\/www.hechforming.com\/es\/wp-json\/wp\/v2\/product_cat?post=2477"},{"taxonomy":"product_tag","embeddable":true,"href":"https:\/\/www.hechforming.com\/es\/wp-json\/wp\/v2\/product_tag?post=2477"}],"curies":[{"name":"wp","href":"https:\/\/api.w.org\/{rel}","templated":true}]}}