{"id":2521,"date":"2024-12-16T11:32:33","date_gmt":"2024-12-16T03:32:33","guid":{"rendered":"https:\/\/www.hechforming.com\/?post_type=product&#038;p=2521"},"modified":"2025-07-08T16:13:15","modified_gmt":"2025-07-08T08:13:15","slug":"hanging-board-roll-forming-machine","status":"publish","type":"product","link":"https:\/\/www.hechforming.com\/es\/producto\/maquina-perfiladora-de-tableros-colgantes\/","title":{"rendered":"M\u00e1quina Perfiladora de Tableros Colgantes"},"content":{"rendered":"<p><img decoding=\"async\" src=\"http:\/\/www.hechforming.com\/wp-content\/uploads\/2024\/12\/%E8%AF%A6%E6%83%85%E5%9B%BE%E7%89%87_04.avif\" alt=\"M\u00e1quina formadora de rollos de doble capa\" \/><\/p>\n<table style=\"font-size: 16px; font-style: normal; border-collapse: collapse; width: 90.566%; height: 443px;\" border=\"0\" width=\"758\" cellspacing=\"0\" cellpadding=\"0\">\n<tbody>\n<tr style=\"height: 13.50pt;\">\n<td class=\"et2\" style=\"height: 13.5pt; width: 49.7857%;\" width=\"255\" height=\"18\"><span style=\"font-family: arial, helvetica, sans-serif;\">Tipo<\/span><\/td>\n<td class=\"et3\" style=\"width: 50.1429%;\" width=\"503\"><span style=\"font-family: arial, helvetica, sans-serif;\">M\u00e1quina formadora de baldosas<\/span><\/td>\n<\/tr>\n<tr style=\"height: 12.75pt;\">\n<td class=\"et4\" style=\"height: 12.75pt; width: 49.7857%;\" height=\"17\"><span style=\"font-family: arial, helvetica, sans-serif;\">Tipo de baldosa<\/span><\/td>\n<td class=\"et5\" style=\"width: 50.1429%;\"><span style=\"font-family: arial, helvetica, sans-serif;\">Acero<\/span><\/td>\n<\/tr>\n<tr style=\"height: 12.75pt;\">\n<td class=\"et4\" style=\"height: 12.75pt; width: 49.7857%;\" height=\"17\"><span style=\"font-family: arial, helvetica, sans-serif;\">Utilice<\/span><\/td>\n<td class=\"et5\" style=\"width: 50.1429%;\"><span style=\"font-family: arial, helvetica, sans-serif;\">Pared<\/span><\/td>\n<\/tr>\n<tr style=\"height: 12.75pt;\">\n<td class=\"et4\" style=\"height: 12.75pt; width: 49.7857%;\" height=\"17\"><span style=\"font-family: arial, helvetica, sans-serif;\">Tensi\u00f3n<\/span><\/td>\n<td class=\"et5\" style=\"width: 50.1429%;\"><span style=\"font-family: arial, helvetica, sans-serif;\">220V<\/span><\/td>\n<\/tr>\n<tr style=\"height: 12.75pt;\">\n<td class=\"et4\" style=\"height: 12.75pt; width: 49.7857%;\" height=\"17\"><span style=\"font-family: arial, helvetica, sans-serif;\">Delgadez rodante<\/span><\/td>\n<td class=\"et5\" style=\"width: 50.1429%;\"><span style=\"font-family: arial, helvetica, sans-serif;\">0,3-0,8 mm<\/span><\/td>\n<\/tr>\n<tr style=\"height: 12.75pt;\">\n<td class=\"et6\" style=\"height: 12.75pt; width: 49.7857%;\" height=\"17\"><span style=\"font-family: arial, helvetica, sans-serif;\">Anchura de alimentaci\u00f3n<\/span><\/td>\n<td class=\"et7\" style=\"width: 50.1429%;\"><span style=\"font-family: arial, helvetica, sans-serif;\">240 mm<\/span><\/td>\n<\/tr>\n<\/tbody>\n<\/table>\n<p>flujo de trabajo de la m\u00e1quina perfiladora de tableros colgantes<br \/>\nDesbobinador hidr\u00e1ulico-mesa de alimentaci\u00f3n-dispositivo de salida-sistema de punzonado-rodillos de perfilado-sistema de corte-grapadora de salida<\/p>\n<p><img fetchpriority=\"high\" decoding=\"async\" class=\"alignnone wp-image-2486\" src=\"http:\/\/www.hechforming.com\/wp-content\/uploads\/2024\/12\/888888888-300x177.png\" alt=\"\" width=\"800\" height=\"472\" srcset=\"https:\/\/www.hechforming.com\/wp-content\/uploads\/2024\/12\/888888888-300x177.png 300w, https:\/\/www.hechforming.com\/wp-content\/uploads\/2024\/12\/888888888-768x453.png 768w, https:\/\/www.hechforming.com\/wp-content\/uploads\/2024\/12\/888888888-600x354.png 600w, https:\/\/www.hechforming.com\/wp-content\/uploads\/2024\/12\/888888888-64x38.png 64w, https:\/\/www.hechforming.com\/wp-content\/uploads\/2024\/12\/888888888.png 798w\" sizes=\"(max-width: 800px) 100vw, 800px\" \/><\/p>\n<p><img decoding=\"async\" class=\"\" src=\"http:\/\/www.hechforming.com\/wp-content\/uploads\/2024\/12\/%E8%AF%A6%E6%83%85%E5%9B%BE%E7%89%87_09.avif\" alt=\"M\u00e1quina formadora de rollos de doble capa\" width=\"793\" height=\"74\" \/><\/p>\n<p><img decoding=\"async\" class=\"alignnone wp-image-2528\" src=\"http:\/\/www.hechforming.com\/wp-content\/uploads\/2024\/12\/c7a978d6293b9d0f58327db9ea49ec7-300x300.jpg\" alt=\"\" width=\"800\" height=\"800\" srcset=\"https:\/\/www.hechforming.com\/wp-content\/uploads\/2024\/12\/c7a978d6293b9d0f58327db9ea49ec7-300x300.jpg 300w, https:\/\/www.hechforming.com\/wp-content\/uploads\/2024\/12\/c7a978d6293b9d0f58327db9ea49ec7-150x150.jpg 150w, https:\/\/www.hechforming.com\/wp-content\/uploads\/2024\/12\/c7a978d6293b9d0f58327db9ea49ec7-768x768.jpg 768w, https:\/\/www.hechforming.com\/wp-content\/uploads\/2024\/12\/c7a978d6293b9d0f58327db9ea49ec7-600x600.jpg 600w, https:\/\/www.hechforming.com\/wp-content\/uploads\/2024\/12\/c7a978d6293b9d0f58327db9ea49ec7-100x100.jpg 100w, https:\/\/www.hechforming.com\/wp-content\/uploads\/2024\/12\/c7a978d6293b9d0f58327db9ea49ec7-64x64.jpg 64w, https:\/\/www.hechforming.com\/wp-content\/uploads\/2024\/12\/c7a978d6293b9d0f58327db9ea49ec7.jpg 800w\" sizes=\"(max-width: 800px) 100vw, 800px\" \/><\/p>\n<table style=\"border-collapse: collapse; width: 90.5563%; height: 414px;\">\n<tbody>\n<tr>\n<td style=\"width: 33.3333%; text-align: center;\"><img loading=\"lazy\" decoding=\"async\" class=\"alignnone wp-image-3154\" src=\"https:\/\/www.hechforming.com\/wp-content\/uploads\/2024\/12\/\u8be6\u60c5\u56fe\u7247_06-300x300.webp\" alt=\"\" width=\"401\" height=\"401\" srcset=\"https:\/\/www.hechforming.com\/wp-content\/uploads\/2024\/12\/\u8be6\u60c5\u56fe\u7247_06-300x300.webp 300w, https:\/\/www.hechforming.com\/wp-content\/uploads\/2024\/12\/\u8be6\u60c5\u56fe\u7247_06-150x150.webp 150w, https:\/\/www.hechforming.com\/wp-content\/uploads\/2024\/12\/\u8be6\u60c5\u56fe\u7247_06-768x768.webp 768w, https:\/\/www.hechforming.com\/wp-content\/uploads\/2024\/12\/\u8be6\u60c5\u56fe\u7247_06-12x12.webp 12w, https:\/\/www.hechforming.com\/wp-content\/uploads\/2024\/12\/\u8be6\u60c5\u56fe\u7247_06-600x600.webp 600w, https:\/\/www.hechforming.com\/wp-content\/uploads\/2024\/12\/\u8be6\u60c5\u56fe\u7247_06-100x100.webp 100w, https:\/\/www.hechforming.com\/wp-content\/uploads\/2024\/12\/\u8be6\u60c5\u56fe\u7247_06.webp 800w\" sizes=\"(max-width: 401px) 100vw, 401px\" \/><\/td>\n<td style=\"width: 33.3333%; text-align: center;\"><img loading=\"lazy\" decoding=\"async\" class=\"\" src=\"https:\/\/www.hechforming.com\/wp-content\/uploads\/2025\/03\/2-5-300x300-1.webp\" alt=\"m\u00e1quina perfiladora\" width=\"400\" height=\"400\" \/><\/td>\n<td style=\"width: 33.3333%; text-align: center;\"><img loading=\"lazy\" decoding=\"async\" class=\"wp-image-3056\" src=\"https:\/\/www.hechforming.com\/wp-content\/uploads\/2025\/03\/16-300x300-1.webp\" alt=\"m\u00e1quina perfiladora\" width=\"400\" height=\"400\" srcset=\"https:\/\/www.hechforming.com\/wp-content\/uploads\/2025\/03\/16-300x300-1.webp 300w, https:\/\/www.hechforming.com\/wp-content\/uploads\/2025\/03\/16-300x300-1-150x150.webp 150w, https:\/\/www.hechforming.com\/wp-content\/uploads\/2025\/03\/16-300x300-1-12x12.webp 12w, https:\/\/www.hechforming.com\/wp-content\/uploads\/2025\/03\/16-300x300-1-100x100.webp 100w\" sizes=\"(max-width: 400px) 100vw, 400px\" \/><\/td>\n<\/tr>\n<\/tbody>\n<\/table>\n<p><img loading=\"lazy\" decoding=\"async\" class=\"\" src=\"http:\/\/www.hechforming.com\/wp-content\/uploads\/2024\/12\/%E8%AF%A6%E6%83%85%E5%9B%BE%E7%89%87_21.avif\" alt=\"M\u00e1quina formadora de rollos de doble capa\" width=\"800\" height=\"924\" \/><\/p>\n<p><span style=\"font-family: arial, helvetica, sans-serif; color: #0000ff;\">1. 1. Qui\u00e9nes somos<\/span><br \/>\n<span style=\"font-family: arial, helvetica, sans-serif;\">Somos una empresa de fabricaci\u00f3n con sede en Cangzhou, provincia de Hebei, China, fundada en 2013. Nuestros principales mercados de exportaci\u00f3n incluyen Sudam\u00e9rica (30%), Ocean\u00eda (20%), \u00c1frica (20%), Norteam\u00e9rica (10%), Oriente Medio (10%) y el Sudeste Asi\u00e1tico (10%). Nuestro equipo est\u00e1 formado por 11-50 profesionales dedicados a ofrecer excelencia.<\/span><\/p>\n<p><span style=\"font-family: arial, helvetica, sans-serif; color: #0000ff;\">2. 2. Garant\u00eda de calidad<\/span><br \/>\n<span style=\"font-family: arial, helvetica, sans-serif;\">Pruebas de prototipos antes de la producci\u00f3n a granel <\/span><br \/>\n<span style=\"font-family: arial, helvetica, sans-serif;\">Rigurosos controles finales de calidad antes de la expedici\u00f3n<\/span><\/p>\n<p><span style=\"font-family: arial, helvetica, sans-serif; color: #0000ff;\">3. Nuestra gama de productos<\/span><br \/>\n<span style=\"font-family: arial, helvetica, sans-serif;\">Somos especialistas en fabricaci\u00f3n: <\/span><br \/>\n<span style=\"font-family: arial, helvetica, sans-serif;\">- Sistemas de perfilado de tejados y paredes <\/span><br \/>\n<span style=\"font-family: arial, helvetica, sans-serif;\">- Maquinaria para la fabricaci\u00f3n de tarimas <\/span><br \/>\n<span style=\"font-family: arial, helvetica, sans-serif;\">- Equipos de producci\u00f3n de quillas de acero ligero <\/span><br \/>\n<span style=\"font-family: arial, helvetica, sans-serif;\">- Unidades de perfilado de correas CZ <\/span><br \/>\n<span style=\"font-family: arial, helvetica, sans-serif;\">- Aplanadoras y cortadoras de precisi\u00f3n<\/span><\/p>\n<p><span style=\"font-family: arial, helvetica, sans-serif; color: #0000ff;\">4.Ventajas competitivas<\/span><br \/>\n<span style=\"font-family: arial, helvetica, sans-serif;\">\u2460 Fabricante de amplio espectro de maquinaria para tejados y equipos relacionados. <\/span><br \/>\n<span style=\"font-family: arial, helvetica, sans-serif;\">\u2461 D\u00e9cadas de experiencia en el sector con soluciones tecnol\u00f3gicas de vanguardia. <\/span><br \/>\n<span style=\"font-family: arial, helvetica, sans-serif;\">\u2462 Divisi\u00f3n de I+D especializada y equipo de atenci\u00f3n al cliente 24 horas al d\u00eda, 7 d\u00edas a la semana.<\/span><\/p>\n<p><span style=\"font-family: arial, helvetica, sans-serif; color: #0000ff;\">5. Capacidades de servicio<\/span><br \/>\n<span style=\"font-family: arial, helvetica, sans-serif;\">- Condiciones de entrega: FOB, CFR, CIF, EXW, FAS, CIP, FCA, CPT, DEQ, DDP, DDU, Entrega urgente, DAF, DES <\/span><br \/>\n<span style=\"font-family: arial, helvetica, sans-serif;\">- Divisas de transacci\u00f3n: USD, EUR, JPY, CAD, AUD, HKD, GBP, CNY, CHF <\/span><br \/>\n<span style=\"font-family: arial, helvetica, sans-serif;\">- Opciones de pago: T\/T, L\/C, MoneyGram, Tarjeta de cr\u00e9dito, PayPal, Western Union, Efectivo, Escrow <\/span><br \/>\n<span style=\"font-family: arial, helvetica, sans-serif;\">- Idiomas: Ingl\u00e9s, chino, espa\u00f1ol, japon\u00e9s, alem\u00e1n, franc\u00e9s y ruso.<\/span><\/p>","protected":false},"excerpt":{"rendered":"<p>Type Tile Forming Machine Tile Type Steel Use Wall Voltage 220V Rolling thinckness 0.3-0.8mm Feeding width 240mm working flow of [&hellip;]<\/p>","protected":false},"featured_media":3156,"template":"","meta":{"site-sidebar-layout":"default","site-content-layout":"","ast-site-content-layout":"default","site-content-style":"default","site-sidebar-style":"default","ast-global-header-display":"","ast-banner-title-visibility":"","ast-main-header-display":"","ast-hfb-above-header-display":"","ast-hfb-below-header-display":"","ast-hfb-mobile-header-display":"","site-post-title":"","ast-breadcrumbs-content":"","ast-featured-img":"","footer-sml-layout":"","theme-transparent-header-meta":"default","adv-header-id-meta":"","stick-header-meta":"","header-above-stick-meta":"","header-main-stick-meta":"","header-below-stick-meta":"","astra-migrate-meta-layouts":"set","ast-page-background-enabled":"default","ast-page-background-meta":{"desktop":{"background-color":"","background-image":"","background-repeat":"repeat","background-position":"center center","background-size":"auto","background-attachment":"scroll","background-type":"","background-media":"","overlay-type":"","overlay-color":"","overlay-opacity":"","overlay-gradient":""},"tablet":{"background-color":"","background-image":"","background-repeat":"repeat","background-position":"center center","background-size":"auto","background-attachment":"scroll","background-type":"","background-media":"","overlay-type":"","overlay-color":"","overlay-opacity":"","overlay-gradient":""},"mobile":{"background-color":"","background-image":"","background-repeat":"repeat","background-position":"center center","background-size":"auto","background-attachment":"scroll","background-type":"","background-media":"","overlay-type":"","overlay-color":"","overlay-opacity":"","overlay-gradient":""}},"ast-content-background-meta":{"desktop":{"background-color":"var(--ast-global-color-5)","background-image":"","background-repeat":"repeat","background-position":"center center","background-size":"auto","background-attachment":"scroll","background-type":"","background-media":"","overlay-type":"","overlay-color":"","overlay-opacity":"","overlay-gradient":""},"tablet":{"background-color":"var(--ast-global-color-5)","background-image":"","background-repeat":"repeat","background-position":"center center","background-size":"auto","background-attachment":"scroll","background-type":"","background-media":"","overlay-type":"","overlay-color":"","overlay-opacity":"","overlay-gradient":""},"mobile":{"background-color":"var(--ast-global-color-5)","background-image":"","background-repeat":"repeat","background-position":"center center","background-size":"auto","background-attachment":"scroll","background-type":"","background-media":"","overlay-type":"","overlay-color":"","overlay-opacity":"","overlay-gradient":""}}},"product_cat":[16,72],"product_tag":[161],"class_list":{"0":"post-2521","1":"product","2":"type-product","3":"status-publish","4":"has-post-thumbnail","6":"product_cat-uncategorized","7":"product_cat-metal-fence-roll-forming-machine","8":"product_tag-hanging-board-roll-forming-machine","9":"desktop-align-left","10":"tablet-align-left","11":"mobile-align-left","13":"first","14":"instock","15":"shipping-taxable","16":"product-type-simple"},"yoast_head":"<!-- This site is optimized with the Yoast SEO plugin v24.8.1 - https:\/\/yoast.com\/wordpress\/plugins\/seo\/ -->\n<title>Hanging board Roll Forming Machine - Leading Roll Forming Machines Manufacturer &amp; Supplier<\/title>\n<meta name=\"robots\" content=\"index, follow, max-snippet:-1, max-image-preview:large, max-video-preview:-1\" \/>\n<link rel=\"canonical\" href=\"https:\/\/www.hechforming.com\/es\/producto\/maquina-perfiladora-de-tableros-colgantes\/\" \/>\n<meta property=\"og:locale\" content=\"es_ES\" \/>\n<meta property=\"og:type\" content=\"article\" \/>\n<meta property=\"og:title\" content=\"Hanging board Roll Forming Machine - Leading Roll Forming Machines Manufacturer &amp; Supplier\" \/>\n<meta property=\"og:description\" content=\"Type Tile Forming Machine Tile Type Steel Use Wall Voltage 220V Rolling thinckness 0.3-0.8mm Feeding width 240mm working flow of [&hellip;]\" \/>\n<meta property=\"og:url\" content=\"https:\/\/www.hechforming.com\/es\/producto\/maquina-perfiladora-de-tableros-colgantes\/\" \/>\n<meta property=\"og:site_name\" content=\"Leading Roll Forming Machines Manufacturer &amp; Supplier\" \/>\n<meta property=\"article:publisher\" content=\"https:\/\/www.facebook.com\/hechuangmachine\/\" \/>\n<meta property=\"article:modified_time\" content=\"2025-07-08T08:13:15+00:00\" \/>\n<meta property=\"og:image\" content=\"https:\/\/www.hechforming.com\/wp-content\/uploads\/2024\/12\/1Z.webp\" \/>\n\t<meta property=\"og:image:width\" content=\"800\" \/>\n\t<meta property=\"og:image:height\" content=\"800\" \/>\n\t<meta property=\"og:image:type\" content=\"image\/webp\" \/>\n<meta name=\"twitter:card\" content=\"summary_large_image\" \/>\n<meta name=\"twitter:label1\" content=\"Tiempo de lectura\" \/>\n\t<meta name=\"twitter:data1\" content=\"3 minutos\" \/>\n<script type=\"application\/ld+json\" class=\"yoast-schema-graph\">{\"@context\":\"https:\/\/schema.org\",\"@graph\":[{\"@type\":\"WebPage\",\"@id\":\"https:\/\/www.hechforming.com\/product\/hanging-board-roll-forming-machine\/\",\"url\":\"https:\/\/www.hechforming.com\/product\/hanging-board-roll-forming-machine\/\",\"name\":\"Hanging board Roll Forming Machine - Leading Roll Forming Machines Manufacturer &amp; Supplier\",\"isPartOf\":{\"@id\":\"https:\/\/www.hechforming.com\/#website\"},\"primaryImageOfPage\":{\"@id\":\"https:\/\/www.hechforming.com\/product\/hanging-board-roll-forming-machine\/#primaryimage\"},\"image\":{\"@id\":\"https:\/\/www.hechforming.com\/product\/hanging-board-roll-forming-machine\/#primaryimage\"},\"thumbnailUrl\":\"https:\/\/www.hechforming.com\/wp-content\/uploads\/2024\/12\/1Z.webp\",\"datePublished\":\"2024-12-16T03:32:33+00:00\",\"dateModified\":\"2025-07-08T08:13:15+00:00\",\"breadcrumb\":{\"@id\":\"https:\/\/www.hechforming.com\/product\/hanging-board-roll-forming-machine\/#breadcrumb\"},\"inLanguage\":\"es\",\"potentialAction\":[{\"@type\":\"ReadAction\",\"target\":[\"https:\/\/www.hechforming.com\/product\/hanging-board-roll-forming-machine\/\"]}]},{\"@type\":\"ImageObject\",\"inLanguage\":\"es\",\"@id\":\"https:\/\/www.hechforming.com\/product\/hanging-board-roll-forming-machine\/#primaryimage\",\"url\":\"https:\/\/www.hechforming.com\/wp-content\/uploads\/2024\/12\/1Z.webp\",\"contentUrl\":\"https:\/\/www.hechforming.com\/wp-content\/uploads\/2024\/12\/1Z.webp\",\"width\":800,\"height\":800},{\"@type\":\"BreadcrumbList\",\"@id\":\"https:\/\/www.hechforming.com\/product\/hanging-board-roll-forming-machine\/#breadcrumb\",\"itemListElement\":[{\"@type\":\"ListItem\",\"position\":1,\"name\":\"\u9996\u9875\",\"item\":\"https:\/\/www.hechforming.com\/\"},{\"@type\":\"ListItem\",\"position\":2,\"name\":\"product\",\"item\":\"https:\/\/www.hechforming.com\/product\/\"},{\"@type\":\"ListItem\",\"position\":3,\"name\":\"Hanging board Roll Forming Machine\"}]},{\"@type\":\"WebSite\",\"@id\":\"https:\/\/www.hechforming.com\/#website\",\"url\":\"https:\/\/www.hechforming.com\/\",\"name\":\"Cangzhou Hechuang Machinery Manufacturer Co.,ltd\",\"description\":\"Leading Roll Forming Machines Manufacturer &amp; Supplier\",\"publisher\":{\"@id\":\"https:\/\/www.hechforming.com\/#organization\"},\"potentialAction\":[{\"@type\":\"SearchAction\",\"target\":{\"@type\":\"EntryPoint\",\"urlTemplate\":\"https:\/\/www.hechforming.com\/?s={search_term_string}\"},\"query-input\":{\"@type\":\"PropertyValueSpecification\",\"valueRequired\":true,\"valueName\":\"search_term_string\"}}],\"inLanguage\":\"es\"},{\"@type\":\"Organization\",\"@id\":\"https:\/\/www.hechforming.com\/#organization\",\"name\":\"Cangzhou Hechuang Machinery Manufacturer Co.,ltd\",\"url\":\"https:\/\/www.hechforming.com\/\",\"logo\":{\"@type\":\"ImageObject\",\"inLanguage\":\"es\",\"@id\":\"https:\/\/www.hechforming.com\/#\/schema\/logo\/image\/\",\"url\":\"https:\/\/www.hechforming.com\/wp-content\/uploads\/2025\/03\/cropped-hechuang-roll-forming-machine-1-300x300-1.webp\",\"contentUrl\":\"https:\/\/www.hechforming.com\/wp-content\/uploads\/2025\/03\/cropped-hechuang-roll-forming-machine-1-300x300-1.webp\",\"width\":300,\"height\":300,\"caption\":\"Cangzhou Hechuang Machinery Manufacturer Co.,ltd\"},\"image\":{\"@id\":\"https:\/\/www.hechforming.com\/#\/schema\/logo\/image\/\"},\"sameAs\":[\"https:\/\/www.facebook.com\/hechuangmachine\/\",\"https:\/\/www.linkedin.com\/in\/cherry-steel-sheet-roll-forming-machine-58901b233\/\",\"https:\/\/www.youtube.com\/@CANGZHOUHECHUANGMACHINER-fp1jg\"]}]}<\/script>\n<!-- \/ Yoast SEO plugin. -->","yoast_head_json":{"title":"Hanging board Roll Forming Machine - Leading Roll Forming Machines Manufacturer &amp; Supplier","robots":{"index":"index","follow":"follow","max-snippet":"max-snippet:-1","max-image-preview":"max-image-preview:large","max-video-preview":"max-video-preview:-1"},"canonical":"https:\/\/www.hechforming.com\/es\/producto\/maquina-perfiladora-de-tableros-colgantes\/","og_locale":"es_ES","og_type":"article","og_title":"Hanging board Roll Forming Machine - Leading Roll Forming Machines Manufacturer &amp; Supplier","og_description":"Type Tile Forming Machine Tile Type Steel Use Wall Voltage 220V Rolling thinckness 0.3-0.8mm Feeding width 240mm working flow of [&hellip;]","og_url":"https:\/\/www.hechforming.com\/es\/producto\/maquina-perfiladora-de-tableros-colgantes\/","og_site_name":"Leading Roll Forming Machines Manufacturer &amp; Supplier","article_publisher":"https:\/\/www.facebook.com\/hechuangmachine\/","article_modified_time":"2025-07-08T08:13:15+00:00","og_image":[{"width":800,"height":800,"url":"https:\/\/www.hechforming.com\/wp-content\/uploads\/2024\/12\/1Z.webp","type":"image\/webp"}],"twitter_card":"summary_large_image","twitter_misc":{"Tiempo de lectura":"3 minutos"},"schema":{"@context":"https:\/\/schema.org","@graph":[{"@type":"WebPage","@id":"https:\/\/www.hechforming.com\/product\/hanging-board-roll-forming-machine\/","url":"https:\/\/www.hechforming.com\/product\/hanging-board-roll-forming-machine\/","name":"Hanging board Roll Forming Machine - Leading Roll Forming Machines Manufacturer &amp; Supplier","isPartOf":{"@id":"https:\/\/www.hechforming.com\/#website"},"primaryImageOfPage":{"@id":"https:\/\/www.hechforming.com\/product\/hanging-board-roll-forming-machine\/#primaryimage"},"image":{"@id":"https:\/\/www.hechforming.com\/product\/hanging-board-roll-forming-machine\/#primaryimage"},"thumbnailUrl":"https:\/\/www.hechforming.com\/wp-content\/uploads\/2024\/12\/1Z.webp","datePublished":"2024-12-16T03:32:33+00:00","dateModified":"2025-07-08T08:13:15+00:00","breadcrumb":{"@id":"https:\/\/www.hechforming.com\/product\/hanging-board-roll-forming-machine\/#breadcrumb"},"inLanguage":"es","potentialAction":[{"@type":"ReadAction","target":["https:\/\/www.hechforming.com\/product\/hanging-board-roll-forming-machine\/"]}]},{"@type":"ImageObject","inLanguage":"es","@id":"https:\/\/www.hechforming.com\/product\/hanging-board-roll-forming-machine\/#primaryimage","url":"https:\/\/www.hechforming.com\/wp-content\/uploads\/2024\/12\/1Z.webp","contentUrl":"https:\/\/www.hechforming.com\/wp-content\/uploads\/2024\/12\/1Z.webp","width":800,"height":800},{"@type":"BreadcrumbList","@id":"https:\/\/www.hechforming.com\/product\/hanging-board-roll-forming-machine\/#breadcrumb","itemListElement":[{"@type":"ListItem","position":1,"name":"\u9996\u9875","item":"https:\/\/www.hechforming.com\/"},{"@type":"ListItem","position":2,"name":"product","item":"https:\/\/www.hechforming.com\/product\/"},{"@type":"ListItem","position":3,"name":"Hanging board Roll Forming Machine"}]},{"@type":"WebSite","@id":"https:\/\/www.hechforming.com\/#website","url":"https:\/\/www.hechforming.com\/","name":"Cangzhou Hechuang Machinery Manufacturer Co.,ltd","description":"Leading Roll Forming Machines Manufacturer &amp; Supplier","publisher":{"@id":"https:\/\/www.hechforming.com\/#organization"},"potentialAction":[{"@type":"SearchAction","target":{"@type":"EntryPoint","urlTemplate":"https:\/\/www.hechforming.com\/?s={search_term_string}"},"query-input":{"@type":"PropertyValueSpecification","valueRequired":true,"valueName":"search_term_string"}}],"inLanguage":"es"},{"@type":"Organization","@id":"https:\/\/www.hechforming.com\/#organization","name":"Cangzhou Hechuang Machinery Manufacturer Co.,ltd","url":"https:\/\/www.hechforming.com\/","logo":{"@type":"ImageObject","inLanguage":"es","@id":"https:\/\/www.hechforming.com\/#\/schema\/logo\/image\/","url":"https:\/\/www.hechforming.com\/wp-content\/uploads\/2025\/03\/cropped-hechuang-roll-forming-machine-1-300x300-1.webp","contentUrl":"https:\/\/www.hechforming.com\/wp-content\/uploads\/2025\/03\/cropped-hechuang-roll-forming-machine-1-300x300-1.webp","width":300,"height":300,"caption":"Cangzhou Hechuang Machinery Manufacturer Co.,ltd"},"image":{"@id":"https:\/\/www.hechforming.com\/#\/schema\/logo\/image\/"},"sameAs":["https:\/\/www.facebook.com\/hechuangmachine\/","https:\/\/www.linkedin.com\/in\/cherry-steel-sheet-roll-forming-machine-58901b233\/","https:\/\/www.youtube.com\/@CANGZHOUHECHUANGMACHINER-fp1jg"]}]}},"_links":{"self":[{"href":"https:\/\/www.hechforming.com\/es\/wp-json\/wp\/v2\/product\/2521","targetHints":{"allow":["GET"]}}],"collection":[{"href":"https:\/\/www.hechforming.com\/es\/wp-json\/wp\/v2\/product"}],"about":[{"href":"https:\/\/www.hechforming.com\/es\/wp-json\/wp\/v2\/types\/product"}],"wp:featuredmedia":[{"embeddable":true,"href":"https:\/\/www.hechforming.com\/es\/wp-json\/wp\/v2\/media\/3156"}],"wp:attachment":[{"href":"https:\/\/www.hechforming.com\/es\/wp-json\/wp\/v2\/media?parent=2521"}],"wp:term":[{"taxonomy":"product_cat","embeddable":true,"href":"https:\/\/www.hechforming.com\/es\/wp-json\/wp\/v2\/product_cat?post=2521"},{"taxonomy":"product_tag","embeddable":true,"href":"https:\/\/www.hechforming.com\/es\/wp-json\/wp\/v2\/product_tag?post=2521"}],"curies":[{"name":"wp","href":"https:\/\/api.w.org\/{rel}","templated":true}]}}