{"id":3664,"date":"2025-04-12T11:02:14","date_gmt":"2025-04-12T03:02:14","guid":{"rendered":"https:\/\/www.hechforming.com\/?post_type=product&#038;p=3664"},"modified":"2025-04-14T12:27:52","modified_gmt":"2025-04-14T04:27:52","slug":"cut-to-length-and-leveling-lines","status":"publish","type":"product","link":"https:\/\/www.hechforming.com\/es\/producto\/corte-a-medida-y-lineas-de-nivelacion\/","title":{"rendered":"Corte a medida y l\u00edneas de nivelaci\u00f3n"},"content":{"rendered":"<p class=\"\" data-start=\"60\" data-end=\"374\">Nuestra <strong data-start=\"64\" data-end=\"100\">Corte a medida y l\u00edneas de nivelaci\u00f3n<\/strong> est\u00e1n dise\u00f1ados para proporcionar un corte y nivelado de alta precisi\u00f3n de bobinas de acero. Este sistema realiza autom\u00e1ticamente el desenrollado, nivelado y corte del acero, garantizando un material liso y plano listo para su posterior procesamiento con longitudes precisas. Las funciones principales incluyen:<\/p>\n<ol data-start=\"376\" data-end=\"1062\">\n<li class=\"\" data-start=\"376\" data-end=\"475\">\n<p class=\"\" data-start=\"379\" data-end=\"475\"><strong data-start=\"379\" data-end=\"402\">Desenrollado autom\u00e1tico<\/strong>: Desenrolla autom\u00e1ticamente la bobina de acero, garantizando una alimentaci\u00f3n suave del material.<\/p>\n<\/li>\n<li class=\"\" data-start=\"476\" data-end=\"637\">\n<p class=\"\" data-start=\"479\" data-end=\"637\"><strong data-start=\"479\" data-end=\"500\">Funci\u00f3n de nivelaci\u00f3n<\/strong>: Utiliza dispositivos de nivelaci\u00f3n precisos para eliminar las irregularidades de la superficie o las curvaturas del acero, garantizando que el producto final sea liso y plano.<\/p>\n<\/li>\n<li class=\"\" data-start=\"638\" data-end=\"792\">\n<p class=\"\" data-start=\"641\" data-end=\"792\"><strong data-start=\"641\" data-end=\"662\">Corte de precisi\u00f3n<\/strong>: Corta autom\u00e1ticamente el acero a la longitud especificada en funci\u00f3n de las dimensiones preestablecidas, garantizando la uniformidad de tama\u00f1o en todas las chapas.<\/p>\n<\/li>\n<li class=\"\" data-start=\"793\" data-end=\"910\">\n<p class=\"\" data-start=\"796\" data-end=\"910\"><strong data-start=\"796\" data-end=\"819\">Funcionamiento eficiente<\/strong>: El sistema mec\u00e1nico de alta velocidad mejora la eficacia de la producci\u00f3n, reduciendo el desperdicio de material.<\/p>\n<\/li>\n<li class=\"\" data-start=\"911\" data-end=\"1062\">\n<p class=\"\" data-start=\"914\" data-end=\"1062\"><strong data-start=\"914\" data-end=\"939\">Ahorro de espacio y tiempo<\/strong>: El dise\u00f1o integrado de los equipos ahorra espacio en la f\u00e1brica al tiempo que mejora la eficiencia global de la l\u00ednea de producci\u00f3n.<\/p>\n<\/li>\n<li class=\"\" data-start=\"911\" data-end=\"1062\">\n<table style=\"border-collapse: collapse; width: 100%;\">\n<tbody>\n<tr>\n<td style=\"width: 50%;\"><img fetchpriority=\"high\" decoding=\"async\" class=\"alignnone wp-image-3673\" src=\"https:\/\/www.hechforming.com\/wp-content\/uploads\/2025\/04\/8-1-300x300.webp\" alt=\"Nuestras l\u00edneas de corte a medida y nivelaci\u00f3n est\u00e1n dise\u00f1adas para proporcionar un corte y nivelaci\u00f3n de alta precisi\u00f3n de bobinas de acero. Este sistema realiza autom\u00e1ticamente el desenrollado, nivelado y corte del acero, garantizando un material liso y plano listo para su posterior procesamiento con longitudes precisas. Las funciones principales incluyen: Desenrollado autom\u00e1tico: Desenrolla autom\u00e1ticamente la bobina de acero, garantizando una alimentaci\u00f3n suave del material. Funci\u00f3n de nivelaci\u00f3n: Utiliza dispositivos de nivelaci\u00f3n precisos para eliminar irregularidades superficiales o dobleces en el acero, asegurando que el producto final sea liso y plano. Corte de precisi\u00f3n: Corta autom\u00e1ticamente el acero a la longitud especificada en funci\u00f3n de las dimensiones preestablecidas, garantizando la uniformidad de tama\u00f1o en todas las chapas. Funcionamiento eficaz: El sistema mec\u00e1nico de alta velocidad mejora la eficiencia de la producci\u00f3n, reduciendo el desperdicio de material. Ahorro de espacio y tiempo: El dise\u00f1o integrado del equipo ahorra espacio en la f\u00e1brica a la vez que mejora la eficiencia general de la l\u00ednea de producci\u00f3n.\" width=\"511\" height=\"511\" srcset=\"https:\/\/www.hechforming.com\/wp-content\/uploads\/2025\/04\/8-1-300x300.webp 300w, https:\/\/www.hechforming.com\/wp-content\/uploads\/2025\/04\/8-1-150x150.webp 150w, https:\/\/www.hechforming.com\/wp-content\/uploads\/2025\/04\/8-1-768x768.webp 768w, https:\/\/www.hechforming.com\/wp-content\/uploads\/2025\/04\/8-1-12x12.webp 12w, https:\/\/www.hechforming.com\/wp-content\/uploads\/2025\/04\/8-1-600x600.webp 600w, https:\/\/www.hechforming.com\/wp-content\/uploads\/2025\/04\/8-1-100x100.webp 100w, https:\/\/www.hechforming.com\/wp-content\/uploads\/2025\/04\/8-1.webp 800w\" sizes=\"(max-width: 511px) 100vw, 511px\" \/><\/td>\n<td style=\"width: 50%;\"><img decoding=\"async\" class=\"alignnone wp-image-3672\" src=\"https:\/\/www.hechforming.com\/wp-content\/uploads\/2025\/04\/7-300x300.webp\" alt=\"Nuestras l\u00edneas de corte a medida y nivelaci\u00f3n est\u00e1n dise\u00f1adas para proporcionar un corte y nivelaci\u00f3n de alta precisi\u00f3n de bobinas de acero. Este sistema realiza autom\u00e1ticamente el desenrollado, nivelado y corte del acero, garantizando un material liso y plano listo para su posterior procesamiento con longitudes precisas. Las funciones principales incluyen: Desenrollado autom\u00e1tico: Desenrolla autom\u00e1ticamente la bobina de acero, garantizando una alimentaci\u00f3n suave del material. Funci\u00f3n de nivelaci\u00f3n: Utiliza dispositivos de nivelaci\u00f3n precisos para eliminar irregularidades superficiales o dobleces en el acero, asegurando que el producto final sea liso y plano. Corte de precisi\u00f3n: Corta autom\u00e1ticamente el acero a la longitud especificada en funci\u00f3n de las dimensiones preestablecidas, garantizando la uniformidad de tama\u00f1o en todas las chapas. Funcionamiento eficaz: El sistema mec\u00e1nico de alta velocidad mejora la eficiencia de la producci\u00f3n, reduciendo el desperdicio de material. Ahorro de espacio y tiempo: El dise\u00f1o integrado del equipo ahorra espacio en la f\u00e1brica a la vez que mejora la eficiencia general de la l\u00ednea de producci\u00f3n.\" width=\"503\" height=\"503\" srcset=\"https:\/\/www.hechforming.com\/wp-content\/uploads\/2025\/04\/7-300x300.webp 300w, https:\/\/www.hechforming.com\/wp-content\/uploads\/2025\/04\/7-150x150.webp 150w, https:\/\/www.hechforming.com\/wp-content\/uploads\/2025\/04\/7-768x768.webp 768w, https:\/\/www.hechforming.com\/wp-content\/uploads\/2025\/04\/7-12x12.webp 12w, https:\/\/www.hechforming.com\/wp-content\/uploads\/2025\/04\/7-600x600.webp 600w, https:\/\/www.hechforming.com\/wp-content\/uploads\/2025\/04\/7-100x100.webp 100w, https:\/\/www.hechforming.com\/wp-content\/uploads\/2025\/04\/7.webp 800w\" sizes=\"(max-width: 503px) 100vw, 503px\" \/><\/td>\n<\/tr>\n<tr>\n<td style=\"width: 50%;\"><img decoding=\"async\" class=\"wp-image-3670\" src=\"https:\/\/www.hechforming.com\/wp-content\/uploads\/2025\/04\/6-300x300.webp\" alt=\"m\u00e1quina de corte a medida\" width=\"494\" height=\"494\" srcset=\"https:\/\/www.hechforming.com\/wp-content\/uploads\/2025\/04\/6-300x300.webp 300w, https:\/\/www.hechforming.com\/wp-content\/uploads\/2025\/04\/6-150x150.webp 150w, https:\/\/www.hechforming.com\/wp-content\/uploads\/2025\/04\/6-768x768.webp 768w, https:\/\/www.hechforming.com\/wp-content\/uploads\/2025\/04\/6-12x12.webp 12w, https:\/\/www.hechforming.com\/wp-content\/uploads\/2025\/04\/6-600x600.webp 600w, https:\/\/www.hechforming.com\/wp-content\/uploads\/2025\/04\/6-100x100.webp 100w, https:\/\/www.hechforming.com\/wp-content\/uploads\/2025\/04\/6.webp 800w\" sizes=\"(max-width: 494px) 100vw, 494px\" \/><\/td>\n<td style=\"width: 50%;\"><img loading=\"lazy\" decoding=\"async\" class=\"alignnone wp-image-3669\" src=\"https:\/\/www.hechforming.com\/wp-content\/uploads\/2025\/04\/5-300x300.webp\" alt=\"m\u00e1quina de corte a medida\" width=\"500\" height=\"500\" srcset=\"https:\/\/www.hechforming.com\/wp-content\/uploads\/2025\/04\/5-300x300.webp 300w, https:\/\/www.hechforming.com\/wp-content\/uploads\/2025\/04\/5-150x150.webp 150w, https:\/\/www.hechforming.com\/wp-content\/uploads\/2025\/04\/5-768x768.webp 768w, https:\/\/www.hechforming.com\/wp-content\/uploads\/2025\/04\/5-12x12.webp 12w, https:\/\/www.hechforming.com\/wp-content\/uploads\/2025\/04\/5-600x600.webp 600w, https:\/\/www.hechforming.com\/wp-content\/uploads\/2025\/04\/5-100x100.webp 100w, https:\/\/www.hechforming.com\/wp-content\/uploads\/2025\/04\/5.webp 800w\" sizes=\"(max-width: 500px) 100vw, 500px\" \/><\/td>\n<\/tr>\n<\/tbody>\n<\/table>\n<p>&nbsp;<\/li>\n<\/ol>","protected":false},"excerpt":{"rendered":"<p>Nuestras l\u00edneas de corte a medida y nivelaci\u00f3n proporcionan un corte y nivelaci\u00f3n precisos de bobinas de acero para diversas necesidades de fabricaci\u00f3n. Estas l\u00edneas de alto rendimiento desenrollan, nivelan y cortan autom\u00e1ticamente el acero a las longitudes deseadas con precisi\u00f3n, garantizando un material liso y plano listo para su posterior procesamiento. Ideales para industrias que requieren chapas met\u00e1licas de alta calidad y precisi\u00f3n, nuestras m\u00e1quinas est\u00e1n dise\u00f1adas para lograr la m\u00e1xima eficacia, reducir el desperdicio de material y mejorar la productividad. Perfectas para aplicaciones en los sectores de la construcci\u00f3n, la automoci\u00f3n y la fabricaci\u00f3n de metales.<\/p>","protected":false},"featured_media":3667,"template":"","meta":{"site-sidebar-layout":"default","site-content-layout":"","ast-site-content-layout":"normal-width-container","site-content-style":"default","site-sidebar-style":"default","ast-global-header-display":"","ast-banner-title-visibility":"","ast-main-header-display":"","ast-hfb-above-header-display":"","ast-hfb-below-header-display":"","ast-hfb-mobile-header-display":"","site-post-title":"","ast-breadcrumbs-content":"","ast-featured-img":"","footer-sml-layout":"","theme-transparent-header-meta":"default","adv-header-id-meta":"","stick-header-meta":"","header-above-stick-meta":"","header-main-stick-meta":"","header-below-stick-meta":"","astra-migrate-meta-layouts":"set","ast-page-background-enabled":"default","ast-page-background-meta":{"desktop":{"background-color":"","background-image":"","background-repeat":"repeat","background-position":"center center","background-size":"auto","background-attachment":"scroll","background-type":"","background-media":"","overlay-type":"","overlay-color":"","overlay-opacity":"","overlay-gradient":""},"tablet":{"background-color":"","background-image":"","background-repeat":"repeat","background-position":"center center","background-size":"auto","background-attachment":"scroll","background-type":"","background-media":"","overlay-type":"","overlay-color":"","overlay-opacity":"","overlay-gradient":""},"mobile":{"background-color":"","background-image":"","background-repeat":"repeat","background-position":"center center","background-size":"auto","background-attachment":"scroll","background-type":"","background-media":"","overlay-type":"","overlay-color":"","overlay-opacity":"","overlay-gradient":""}},"ast-content-background-meta":{"desktop":{"background-color":"var(--ast-global-color-5)","background-image":"","background-repeat":"repeat","background-position":"center center","background-size":"auto","background-attachment":"scroll","background-type":"","background-media":"","overlay-type":"","overlay-color":"","overlay-opacity":"","overlay-gradient":""},"tablet":{"background-color":"var(--ast-global-color-5)","background-image":"","background-repeat":"repeat","background-position":"center center","background-size":"auto","background-attachment":"scroll","background-type":"","background-media":"","overlay-type":"","overlay-color":"","overlay-opacity":"","overlay-gradient":""},"mobile":{"background-color":"var(--ast-global-color-5)","background-image":"","background-repeat":"repeat","background-position":"center center","background-size":"auto","background-attachment":"scroll","background-type":"","background-media":"","overlay-type":"","overlay-color":"","overlay-opacity":"","overlay-gradient":""}}},"product_cat":[32],"product_tag":[140],"class_list":{"0":"post-3664","1":"product","2":"type-product","3":"status-publish","4":"has-post-thumbnail","6":"product_cat-steel-slittling-line","7":"product_tag-cut-to-length-machine","8":"desktop-align-left","9":"tablet-align-left","10":"mobile-align-left","12":"first","13":"instock","14":"shipping-taxable","15":"product-type-simple"},"yoast_head":"<!-- This site is optimized with the Yoast SEO plugin v24.8.1 - https:\/\/yoast.com\/wordpress\/plugins\/seo\/ -->\n<title>Cut to length and leveling lines - Leading Roll Forming Machines Manufacturer &amp; Supplier<\/title>\n<meta name=\"description\" content=\"Cut to Length and Leveling Lines are designed to provide high-precision cutting and leveling of steel coils.\" \/>\n<meta name=\"robots\" content=\"index, follow, max-snippet:-1, max-image-preview:large, max-video-preview:-1\" \/>\n<link rel=\"canonical\" href=\"https:\/\/www.hechforming.com\/es\/producto\/corte-a-medida-y-lineas-de-nivelacion\/\" \/>\n<meta property=\"og:locale\" content=\"es_ES\" \/>\n<meta property=\"og:type\" content=\"article\" \/>\n<meta property=\"og:title\" content=\"Cut to length and leveling lines - Leading Roll Forming Machines Manufacturer &amp; Supplier\" \/>\n<meta property=\"og:description\" content=\"Cut to Length and Leveling Lines are designed to provide high-precision cutting and leveling of steel coils.\" \/>\n<meta property=\"og:url\" content=\"https:\/\/www.hechforming.com\/es\/producto\/corte-a-medida-y-lineas-de-nivelacion\/\" \/>\n<meta property=\"og:site_name\" content=\"Leading Roll Forming Machines Manufacturer &amp; Supplier\" \/>\n<meta property=\"article:publisher\" content=\"https:\/\/www.facebook.com\/hechuangmachine\/\" \/>\n<meta property=\"article:modified_time\" content=\"2025-04-14T04:27:52+00:00\" \/>\n<meta property=\"og:image\" content=\"https:\/\/www.hechforming.com\/wp-content\/uploads\/2025\/04\/1-2.webp\" \/>\n\t<meta property=\"og:image:width\" content=\"750\" \/>\n\t<meta property=\"og:image:height\" content=\"750\" \/>\n\t<meta property=\"og:image:type\" content=\"image\/webp\" \/>\n<meta name=\"twitter:card\" content=\"summary_large_image\" \/>\n<meta name=\"twitter:label1\" content=\"Tiempo de lectura\" \/>\n\t<meta name=\"twitter:data1\" content=\"2 minutos\" \/>\n<script type=\"application\/ld+json\" class=\"yoast-schema-graph\">{\"@context\":\"https:\/\/schema.org\",\"@graph\":[{\"@type\":\"WebPage\",\"@id\":\"https:\/\/www.hechforming.com\/product\/cut-to-length-and-leveling-lines\/\",\"url\":\"https:\/\/www.hechforming.com\/product\/cut-to-length-and-leveling-lines\/\",\"name\":\"Cut to length and leveling lines - Leading Roll Forming Machines Manufacturer &amp; Supplier\",\"isPartOf\":{\"@id\":\"https:\/\/www.hechforming.com\/#website\"},\"primaryImageOfPage\":{\"@id\":\"https:\/\/www.hechforming.com\/product\/cut-to-length-and-leveling-lines\/#primaryimage\"},\"image\":{\"@id\":\"https:\/\/www.hechforming.com\/product\/cut-to-length-and-leveling-lines\/#primaryimage\"},\"thumbnailUrl\":\"https:\/\/www.hechforming.com\/wp-content\/uploads\/2025\/04\/1-2.webp\",\"datePublished\":\"2025-04-12T03:02:14+00:00\",\"dateModified\":\"2025-04-14T04:27:52+00:00\",\"description\":\"Cut to Length and Leveling Lines are designed to provide high-precision cutting and leveling of steel coils.\",\"breadcrumb\":{\"@id\":\"https:\/\/www.hechforming.com\/product\/cut-to-length-and-leveling-lines\/#breadcrumb\"},\"inLanguage\":\"es\",\"potentialAction\":[{\"@type\":\"ReadAction\",\"target\":[\"https:\/\/www.hechforming.com\/product\/cut-to-length-and-leveling-lines\/\"]}]},{\"@type\":\"ImageObject\",\"inLanguage\":\"es\",\"@id\":\"https:\/\/www.hechforming.com\/product\/cut-to-length-and-leveling-lines\/#primaryimage\",\"url\":\"https:\/\/www.hechforming.com\/wp-content\/uploads\/2025\/04\/1-2.webp\",\"contentUrl\":\"https:\/\/www.hechforming.com\/wp-content\/uploads\/2025\/04\/1-2.webp\",\"width\":750,\"height\":750,\"caption\":\"cut to length machine\"},{\"@type\":\"BreadcrumbList\",\"@id\":\"https:\/\/www.hechforming.com\/product\/cut-to-length-and-leveling-lines\/#breadcrumb\",\"itemListElement\":[{\"@type\":\"ListItem\",\"position\":1,\"name\":\"\u9996\u9875\",\"item\":\"https:\/\/www.hechforming.com\/\"},{\"@type\":\"ListItem\",\"position\":2,\"name\":\"product\",\"item\":\"https:\/\/www.hechforming.com\/product\/\"},{\"@type\":\"ListItem\",\"position\":3,\"name\":\"Cut to length and leveling lines\"}]},{\"@type\":\"WebSite\",\"@id\":\"https:\/\/www.hechforming.com\/#website\",\"url\":\"https:\/\/www.hechforming.com\/\",\"name\":\"Cangzhou Hechuang Machinery Manufacturer Co.,ltd\",\"description\":\"Leading Roll Forming Machines Manufacturer &amp; Supplier\",\"publisher\":{\"@id\":\"https:\/\/www.hechforming.com\/#organization\"},\"potentialAction\":[{\"@type\":\"SearchAction\",\"target\":{\"@type\":\"EntryPoint\",\"urlTemplate\":\"https:\/\/www.hechforming.com\/?s={search_term_string}\"},\"query-input\":{\"@type\":\"PropertyValueSpecification\",\"valueRequired\":true,\"valueName\":\"search_term_string\"}}],\"inLanguage\":\"es\"},{\"@type\":\"Organization\",\"@id\":\"https:\/\/www.hechforming.com\/#organization\",\"name\":\"Cangzhou Hechuang Machinery Manufacturer Co.,ltd\",\"url\":\"https:\/\/www.hechforming.com\/\",\"logo\":{\"@type\":\"ImageObject\",\"inLanguage\":\"es\",\"@id\":\"https:\/\/www.hechforming.com\/#\/schema\/logo\/image\/\",\"url\":\"https:\/\/www.hechforming.com\/wp-content\/uploads\/2025\/03\/cropped-hechuang-roll-forming-machine-1-300x300-1.webp\",\"contentUrl\":\"https:\/\/www.hechforming.com\/wp-content\/uploads\/2025\/03\/cropped-hechuang-roll-forming-machine-1-300x300-1.webp\",\"width\":300,\"height\":300,\"caption\":\"Cangzhou Hechuang Machinery Manufacturer Co.,ltd\"},\"image\":{\"@id\":\"https:\/\/www.hechforming.com\/#\/schema\/logo\/image\/\"},\"sameAs\":[\"https:\/\/www.facebook.com\/hechuangmachine\/\",\"https:\/\/www.linkedin.com\/in\/cherry-steel-sheet-roll-forming-machine-58901b233\/\",\"https:\/\/www.youtube.com\/@CANGZHOUHECHUANGMACHINER-fp1jg\"]}]}<\/script>\n<!-- \/ Yoast SEO plugin. -->","yoast_head_json":{"title":"Cut to length and leveling lines - Leading Roll Forming Machines Manufacturer &amp; Supplier","description":"Cut to Length and Leveling Lines are designed to provide high-precision cutting and leveling of steel coils.","robots":{"index":"index","follow":"follow","max-snippet":"max-snippet:-1","max-image-preview":"max-image-preview:large","max-video-preview":"max-video-preview:-1"},"canonical":"https:\/\/www.hechforming.com\/es\/producto\/corte-a-medida-y-lineas-de-nivelacion\/","og_locale":"es_ES","og_type":"article","og_title":"Cut to length and leveling lines - Leading Roll Forming Machines Manufacturer &amp; Supplier","og_description":"Cut to Length and Leveling Lines are designed to provide high-precision cutting and leveling of steel coils.","og_url":"https:\/\/www.hechforming.com\/es\/producto\/corte-a-medida-y-lineas-de-nivelacion\/","og_site_name":"Leading Roll Forming Machines Manufacturer &amp; Supplier","article_publisher":"https:\/\/www.facebook.com\/hechuangmachine\/","article_modified_time":"2025-04-14T04:27:52+00:00","og_image":[{"width":750,"height":750,"url":"https:\/\/www.hechforming.com\/wp-content\/uploads\/2025\/04\/1-2.webp","type":"image\/webp"}],"twitter_card":"summary_large_image","twitter_misc":{"Tiempo de lectura":"2 minutos"},"schema":{"@context":"https:\/\/schema.org","@graph":[{"@type":"WebPage","@id":"https:\/\/www.hechforming.com\/product\/cut-to-length-and-leveling-lines\/","url":"https:\/\/www.hechforming.com\/product\/cut-to-length-and-leveling-lines\/","name":"Cut to length and leveling lines - Leading Roll Forming Machines Manufacturer &amp; Supplier","isPartOf":{"@id":"https:\/\/www.hechforming.com\/#website"},"primaryImageOfPage":{"@id":"https:\/\/www.hechforming.com\/product\/cut-to-length-and-leveling-lines\/#primaryimage"},"image":{"@id":"https:\/\/www.hechforming.com\/product\/cut-to-length-and-leveling-lines\/#primaryimage"},"thumbnailUrl":"https:\/\/www.hechforming.com\/wp-content\/uploads\/2025\/04\/1-2.webp","datePublished":"2025-04-12T03:02:14+00:00","dateModified":"2025-04-14T04:27:52+00:00","description":"Cut to Length and Leveling Lines are designed to provide high-precision cutting and leveling of steel coils.","breadcrumb":{"@id":"https:\/\/www.hechforming.com\/product\/cut-to-length-and-leveling-lines\/#breadcrumb"},"inLanguage":"es","potentialAction":[{"@type":"ReadAction","target":["https:\/\/www.hechforming.com\/product\/cut-to-length-and-leveling-lines\/"]}]},{"@type":"ImageObject","inLanguage":"es","@id":"https:\/\/www.hechforming.com\/product\/cut-to-length-and-leveling-lines\/#primaryimage","url":"https:\/\/www.hechforming.com\/wp-content\/uploads\/2025\/04\/1-2.webp","contentUrl":"https:\/\/www.hechforming.com\/wp-content\/uploads\/2025\/04\/1-2.webp","width":750,"height":750,"caption":"cut to length machine"},{"@type":"BreadcrumbList","@id":"https:\/\/www.hechforming.com\/product\/cut-to-length-and-leveling-lines\/#breadcrumb","itemListElement":[{"@type":"ListItem","position":1,"name":"\u9996\u9875","item":"https:\/\/www.hechforming.com\/"},{"@type":"ListItem","position":2,"name":"product","item":"https:\/\/www.hechforming.com\/product\/"},{"@type":"ListItem","position":3,"name":"Cut to length and leveling lines"}]},{"@type":"WebSite","@id":"https:\/\/www.hechforming.com\/#website","url":"https:\/\/www.hechforming.com\/","name":"Cangzhou Hechuang Machinery Manufacturer Co.,ltd","description":"Leading Roll Forming Machines Manufacturer &amp; Supplier","publisher":{"@id":"https:\/\/www.hechforming.com\/#organization"},"potentialAction":[{"@type":"SearchAction","target":{"@type":"EntryPoint","urlTemplate":"https:\/\/www.hechforming.com\/?s={search_term_string}"},"query-input":{"@type":"PropertyValueSpecification","valueRequired":true,"valueName":"search_term_string"}}],"inLanguage":"es"},{"@type":"Organization","@id":"https:\/\/www.hechforming.com\/#organization","name":"Cangzhou Hechuang Machinery Manufacturer Co.,ltd","url":"https:\/\/www.hechforming.com\/","logo":{"@type":"ImageObject","inLanguage":"es","@id":"https:\/\/www.hechforming.com\/#\/schema\/logo\/image\/","url":"https:\/\/www.hechforming.com\/wp-content\/uploads\/2025\/03\/cropped-hechuang-roll-forming-machine-1-300x300-1.webp","contentUrl":"https:\/\/www.hechforming.com\/wp-content\/uploads\/2025\/03\/cropped-hechuang-roll-forming-machine-1-300x300-1.webp","width":300,"height":300,"caption":"Cangzhou Hechuang Machinery Manufacturer Co.,ltd"},"image":{"@id":"https:\/\/www.hechforming.com\/#\/schema\/logo\/image\/"},"sameAs":["https:\/\/www.facebook.com\/hechuangmachine\/","https:\/\/www.linkedin.com\/in\/cherry-steel-sheet-roll-forming-machine-58901b233\/","https:\/\/www.youtube.com\/@CANGZHOUHECHUANGMACHINER-fp1jg"]}]}},"_links":{"self":[{"href":"https:\/\/www.hechforming.com\/es\/wp-json\/wp\/v2\/product\/3664","targetHints":{"allow":["GET"]}}],"collection":[{"href":"https:\/\/www.hechforming.com\/es\/wp-json\/wp\/v2\/product"}],"about":[{"href":"https:\/\/www.hechforming.com\/es\/wp-json\/wp\/v2\/types\/product"}],"wp:featuredmedia":[{"embeddable":true,"href":"https:\/\/www.hechforming.com\/es\/wp-json\/wp\/v2\/media\/3667"}],"wp:attachment":[{"href":"https:\/\/www.hechforming.com\/es\/wp-json\/wp\/v2\/media?parent=3664"}],"wp:term":[{"taxonomy":"product_cat","embeddable":true,"href":"https:\/\/www.hechforming.com\/es\/wp-json\/wp\/v2\/product_cat?post=3664"},{"taxonomy":"product_tag","embeddable":true,"href":"https:\/\/www.hechforming.com\/es\/wp-json\/wp\/v2\/product_tag?post=3664"}],"curies":[{"name":"wp","href":"https:\/\/api.w.org\/{rel}","templated":true}]}}