{"id":3674,"date":"2025-04-18T08:53:57","date_gmt":"2025-04-18T00:53:57","guid":{"rendered":"https:\/\/www.hechforming.com\/?post_type=product&#038;p=3674"},"modified":"2025-04-21T10:03:25","modified_gmt":"2025-04-21T02:03:25","slug":"oem-light-keel-roll-forming-machine","status":"publish","type":"product","link":"https:\/\/www.hechforming.com\/es\/producto\/maquina-perfiladora-de-quilla-ligera-oem\/","title":{"rendered":"M\u00e1quina perfiladora de quilla ligera OEM"},"content":{"rendered":"<p class=\"\" data-start=\"51\" data-end=\"579\">Nuestra perfiladora de quilla ligera OEM est\u00e1 dise\u00f1ada para satisfacer las demandas de las industrias de la construcci\u00f3n y de sistemas de techos. Esta m\u00e1quina de alto rendimiento est\u00e1 dise\u00f1ada para producir marcos de acero ligeros con precisi\u00f3n y eficiencia. Gracias a su avanzada tecnolog\u00eda de perfilado, garantiza resultados uniformes y de alta calidad con un desperdicio m\u00ednimo de material. Ideal para producir quillas utilizadas en rejillas de techos, sistemas de tabiques y otras estructuras ligeras de acero, esta m\u00e1quina mejora la productividad y reduce los costes operativos.<\/p>\n<p class=\"\" data-start=\"581\" data-end=\"594\">Caracter\u00edsticas principales:<\/p>\n<ul data-start=\"595\" data-end=\"1113\">\n<li class=\"\" data-start=\"595\" data-end=\"692\">\n<p class=\"\" data-start=\"597\" data-end=\"692\"><strong data-start=\"597\" data-end=\"624\">Perfilado de precisi\u00f3n:<\/strong> Proporciona dimensiones precisas para quillas ligeras uniformes y de alta calidad.<\/p>\n<\/li>\n<li class=\"\" data-start=\"693\" data-end=\"820\">\n<p class=\"\" data-start=\"695\" data-end=\"820\"><strong data-start=\"695\" data-end=\"719\">Dise\u00f1o personalizable:<\/strong> Adaptado para satisfacer requisitos espec\u00edficos, lo que lo hace vers\u00e1til para diferentes aplicaciones de construcci\u00f3n.<\/p>\n<\/li>\n<li class=\"\" data-start=\"821\" data-end=\"908\">\n<p class=\"\" data-start=\"823\" data-end=\"908\"><strong data-start=\"823\" data-end=\"848\">Producci\u00f3n eficiente:<\/strong> Aumenta la velocidad de producci\u00f3n a la vez que minimiza el desperdicio de material.<\/p>\n<\/li>\n<li class=\"\" data-start=\"909\" data-end=\"1004\">\n<p class=\"\" data-start=\"911\" data-end=\"1004\"><strong data-start=\"911\" data-end=\"926\">Durabilidad:<\/strong> Construido con materiales de alta calidad, que garantizan un rendimiento duradero y fiable.<\/p>\n<\/li>\n<li class=\"\" data-start=\"1005\" data-end=\"1113\">\n<p class=\"\" data-start=\"1007\" data-end=\"1113\"><strong data-start=\"1007\" data-end=\"1035\">Interfaz f\u00e1cil de usar:<\/strong> Funcionamiento y mantenimiento sencillos para maximizar el tiempo de funcionamiento y reducir el tiempo de formaci\u00f3n.\u00a0\u00a0<img fetchpriority=\"high\" decoding=\"async\" class=\"alignnone  wp-image-3682\" src=\"https:\/\/www.hechforming.com\/wp-content\/uploads\/2025\/04\/3-300x99.jpg\" alt=\"\" width=\"927\" height=\"306\" srcset=\"https:\/\/www.hechforming.com\/wp-content\/uploads\/2025\/04\/3-300x99.jpg 300w, https:\/\/www.hechforming.com\/wp-content\/uploads\/2025\/04\/3-1024x339.jpg 1024w, https:\/\/www.hechforming.com\/wp-content\/uploads\/2025\/04\/3-768x254.jpg 768w, https:\/\/www.hechforming.com\/wp-content\/uploads\/2025\/04\/3-18x6.jpg 18w, https:\/\/www.hechforming.com\/wp-content\/uploads\/2025\/04\/3-600x199.jpg 600w, https:\/\/www.hechforming.com\/wp-content\/uploads\/2025\/04\/3.jpg 1200w\" sizes=\"(max-width: 927px) 100vw, 927px\" \/><\/p>\n<\/li>\n<\/ul>","protected":false},"excerpt":{"rendered":"<p>Perfiladora de quilla ligera OEM eficiente y precisa, dise\u00f1ada para los sistemas de construcci\u00f3n y techos. Mejora la velocidad de producci\u00f3n a la vez que reduce el desperdicio de material, lo que la convierte en la soluci\u00f3n ideal para fabricar estructuras de acero ligeras.<\/p>","protected":false},"featured_media":3675,"template":"","meta":{"site-sidebar-layout":"default","site-content-layout":"","ast-site-content-layout":"default","site-content-style":"default","site-sidebar-style":"default","ast-global-header-display":"","ast-banner-title-visibility":"","ast-main-header-display":"","ast-hfb-above-header-display":"","ast-hfb-below-header-display":"","ast-hfb-mobile-header-display":"","site-post-title":"","ast-breadcrumbs-content":"","ast-featured-img":"","footer-sml-layout":"","theme-transparent-header-meta":"default","adv-header-id-meta":"","stick-header-meta":"","header-above-stick-meta":"","header-main-stick-meta":"","header-below-stick-meta":"","astra-migrate-meta-layouts":"set","ast-page-background-enabled":"default","ast-page-background-meta":{"desktop":{"background-color":"","background-image":"","background-repeat":"repeat","background-position":"center center","background-size":"auto","background-attachment":"scroll","background-type":"","background-media":"","overlay-type":"","overlay-color":"","overlay-opacity":"","overlay-gradient":""},"tablet":{"background-color":"","background-image":"","background-repeat":"repeat","background-position":"center center","background-size":"auto","background-attachment":"scroll","background-type":"","background-media":"","overlay-type":"","overlay-color":"","overlay-opacity":"","overlay-gradient":""},"mobile":{"background-color":"","background-image":"","background-repeat":"repeat","background-position":"center center","background-size":"auto","background-attachment":"scroll","background-type":"","background-media":"","overlay-type":"","overlay-color":"","overlay-opacity":"","overlay-gradient":""}},"ast-content-background-meta":{"desktop":{"background-color":"var(--ast-global-color-5)","background-image":"","background-repeat":"repeat","background-position":"center center","background-size":"auto","background-attachment":"scroll","background-type":"","background-media":"","overlay-type":"","overlay-color":"","overlay-opacity":"","overlay-gradient":""},"tablet":{"background-color":"var(--ast-global-color-5)","background-image":"","background-repeat":"repeat","background-position":"center center","background-size":"auto","background-attachment":"scroll","background-type":"","background-media":"","overlay-type":"","overlay-color":"","overlay-opacity":"","overlay-gradient":""},"mobile":{"background-color":"var(--ast-global-color-5)","background-image":"","background-repeat":"repeat","background-position":"center center","background-size":"auto","background-attachment":"scroll","background-type":"","background-media":"","overlay-type":"","overlay-color":"","overlay-opacity":"","overlay-gradient":""}}},"product_cat":[35],"product_tag":[141,123],"class_list":{"0":"post-3674","1":"product","2":"type-product","3":"status-publish","4":"has-post-thumbnail","6":"product_cat-light-keel-roll-forming-machine","7":"product_tag-china-light-keel-roll-forming-machine","8":"product_tag-precision-light-steel-keel-roll-forming-machine","9":"desktop-align-left","10":"tablet-align-left","11":"mobile-align-left","13":"first","14":"instock","15":"shipping-taxable","16":"product-type-simple"},"yoast_head":"<!-- This site is optimized with the Yoast SEO plugin v24.8.1 - https:\/\/yoast.com\/wordpress\/plugins\/seo\/ -->\n<title>OEM light keel roll forming machine - Leading Roll Forming Machines Manufacturer &amp; Supplier<\/title>\n<meta name=\"description\" content=\"Explore our OEM light keel roll forming machine, built for precision and efficiency in manufacturing lightweight steel frames\" \/>\n<meta name=\"robots\" content=\"index, follow, max-snippet:-1, max-image-preview:large, max-video-preview:-1\" \/>\n<link rel=\"canonical\" href=\"https:\/\/www.hechforming.com\/es\/producto\/maquina-perfiladora-de-quilla-ligera-oem\/\" \/>\n<meta property=\"og:locale\" content=\"es_ES\" \/>\n<meta property=\"og:type\" content=\"article\" \/>\n<meta property=\"og:title\" content=\"OEM light keel roll forming machine - Leading Roll Forming Machines Manufacturer &amp; Supplier\" \/>\n<meta property=\"og:description\" content=\"Explore our OEM light keel roll forming machine, built for precision and efficiency in manufacturing lightweight steel frames\" \/>\n<meta property=\"og:url\" content=\"https:\/\/www.hechforming.com\/es\/producto\/maquina-perfiladora-de-quilla-ligera-oem\/\" \/>\n<meta property=\"og:site_name\" content=\"Leading Roll Forming Machines Manufacturer &amp; Supplier\" \/>\n<meta property=\"article:publisher\" content=\"https:\/\/www.facebook.com\/hechuangmachine\/\" \/>\n<meta property=\"article:modified_time\" content=\"2025-04-21T02:03:25+00:00\" \/>\n<meta property=\"og:image\" content=\"https:\/\/www.hechforming.com\/wp-content\/uploads\/2025\/04\/1-3.webp\" \/>\n\t<meta property=\"og:image:width\" content=\"750\" \/>\n\t<meta property=\"og:image:height\" content=\"750\" \/>\n\t<meta property=\"og:image:type\" content=\"image\/webp\" \/>\n<meta name=\"twitter:card\" content=\"summary_large_image\" \/>\n<meta name=\"twitter:label1\" content=\"Tiempo de lectura\" \/>\n\t<meta name=\"twitter:data1\" content=\"1 minuto\" \/>\n<script type=\"application\/ld+json\" class=\"yoast-schema-graph\">{\"@context\":\"https:\/\/schema.org\",\"@graph\":[{\"@type\":\"WebPage\",\"@id\":\"https:\/\/www.hechforming.com\/product\/oem-light-keel-roll-forming-machine\/\",\"url\":\"https:\/\/www.hechforming.com\/product\/oem-light-keel-roll-forming-machine\/\",\"name\":\"OEM light keel roll forming machine - Leading Roll Forming Machines Manufacturer &amp; Supplier\",\"isPartOf\":{\"@id\":\"https:\/\/www.hechforming.com\/#website\"},\"primaryImageOfPage\":{\"@id\":\"https:\/\/www.hechforming.com\/product\/oem-light-keel-roll-forming-machine\/#primaryimage\"},\"image\":{\"@id\":\"https:\/\/www.hechforming.com\/product\/oem-light-keel-roll-forming-machine\/#primaryimage\"},\"thumbnailUrl\":\"https:\/\/www.hechforming.com\/wp-content\/uploads\/2025\/04\/1-3.webp\",\"datePublished\":\"2025-04-18T00:53:57+00:00\",\"dateModified\":\"2025-04-21T02:03:25+00:00\",\"description\":\"Explore our OEM light keel roll forming machine, built for precision and efficiency in manufacturing lightweight steel frames\",\"breadcrumb\":{\"@id\":\"https:\/\/www.hechforming.com\/product\/oem-light-keel-roll-forming-machine\/#breadcrumb\"},\"inLanguage\":\"es\",\"potentialAction\":[{\"@type\":\"ReadAction\",\"target\":[\"https:\/\/www.hechforming.com\/product\/oem-light-keel-roll-forming-machine\/\"]}]},{\"@type\":\"ImageObject\",\"inLanguage\":\"es\",\"@id\":\"https:\/\/www.hechforming.com\/product\/oem-light-keel-roll-forming-machine\/#primaryimage\",\"url\":\"https:\/\/www.hechforming.com\/wp-content\/uploads\/2025\/04\/1-3.webp\",\"contentUrl\":\"https:\/\/www.hechforming.com\/wp-content\/uploads\/2025\/04\/1-3.webp\",\"width\":750,\"height\":750,\"caption\":\"OEM light keel roll forming machine\"},{\"@type\":\"BreadcrumbList\",\"@id\":\"https:\/\/www.hechforming.com\/product\/oem-light-keel-roll-forming-machine\/#breadcrumb\",\"itemListElement\":[{\"@type\":\"ListItem\",\"position\":1,\"name\":\"\u9996\u9875\",\"item\":\"https:\/\/www.hechforming.com\/\"},{\"@type\":\"ListItem\",\"position\":2,\"name\":\"product\",\"item\":\"https:\/\/www.hechforming.com\/product\/\"},{\"@type\":\"ListItem\",\"position\":3,\"name\":\"OEM light keel roll forming machine\"}]},{\"@type\":\"WebSite\",\"@id\":\"https:\/\/www.hechforming.com\/#website\",\"url\":\"https:\/\/www.hechforming.com\/\",\"name\":\"Cangzhou Hechuang Machinery Manufacturer Co.,ltd\",\"description\":\"Leading Roll Forming Machines Manufacturer &amp; Supplier\",\"publisher\":{\"@id\":\"https:\/\/www.hechforming.com\/#organization\"},\"potentialAction\":[{\"@type\":\"SearchAction\",\"target\":{\"@type\":\"EntryPoint\",\"urlTemplate\":\"https:\/\/www.hechforming.com\/?s={search_term_string}\"},\"query-input\":{\"@type\":\"PropertyValueSpecification\",\"valueRequired\":true,\"valueName\":\"search_term_string\"}}],\"inLanguage\":\"es\"},{\"@type\":\"Organization\",\"@id\":\"https:\/\/www.hechforming.com\/#organization\",\"name\":\"Cangzhou Hechuang Machinery Manufacturer Co.,ltd\",\"url\":\"https:\/\/www.hechforming.com\/\",\"logo\":{\"@type\":\"ImageObject\",\"inLanguage\":\"es\",\"@id\":\"https:\/\/www.hechforming.com\/#\/schema\/logo\/image\/\",\"url\":\"https:\/\/www.hechforming.com\/wp-content\/uploads\/2025\/03\/cropped-hechuang-roll-forming-machine-1-300x300-1.webp\",\"contentUrl\":\"https:\/\/www.hechforming.com\/wp-content\/uploads\/2025\/03\/cropped-hechuang-roll-forming-machine-1-300x300-1.webp\",\"width\":300,\"height\":300,\"caption\":\"Cangzhou Hechuang Machinery Manufacturer Co.,ltd\"},\"image\":{\"@id\":\"https:\/\/www.hechforming.com\/#\/schema\/logo\/image\/\"},\"sameAs\":[\"https:\/\/www.facebook.com\/hechuangmachine\/\",\"https:\/\/www.linkedin.com\/in\/cherry-steel-sheet-roll-forming-machine-58901b233\/\",\"https:\/\/www.youtube.com\/@CANGZHOUHECHUANGMACHINER-fp1jg\"]}]}<\/script>\n<!-- \/ Yoast SEO plugin. -->","yoast_head_json":{"title":"OEM light keel roll forming machine - Leading Roll Forming Machines Manufacturer &amp; Supplier","description":"Explore our OEM light keel roll forming machine, built for precision and efficiency in manufacturing lightweight steel frames","robots":{"index":"index","follow":"follow","max-snippet":"max-snippet:-1","max-image-preview":"max-image-preview:large","max-video-preview":"max-video-preview:-1"},"canonical":"https:\/\/www.hechforming.com\/es\/producto\/maquina-perfiladora-de-quilla-ligera-oem\/","og_locale":"es_ES","og_type":"article","og_title":"OEM light keel roll forming machine - Leading Roll Forming Machines Manufacturer &amp; Supplier","og_description":"Explore our OEM light keel roll forming machine, built for precision and efficiency in manufacturing lightweight steel frames","og_url":"https:\/\/www.hechforming.com\/es\/producto\/maquina-perfiladora-de-quilla-ligera-oem\/","og_site_name":"Leading Roll Forming Machines Manufacturer &amp; Supplier","article_publisher":"https:\/\/www.facebook.com\/hechuangmachine\/","article_modified_time":"2025-04-21T02:03:25+00:00","og_image":[{"width":750,"height":750,"url":"https:\/\/www.hechforming.com\/wp-content\/uploads\/2025\/04\/1-3.webp","type":"image\/webp"}],"twitter_card":"summary_large_image","twitter_misc":{"Tiempo de lectura":"1 minuto"},"schema":{"@context":"https:\/\/schema.org","@graph":[{"@type":"WebPage","@id":"https:\/\/www.hechforming.com\/product\/oem-light-keel-roll-forming-machine\/","url":"https:\/\/www.hechforming.com\/product\/oem-light-keel-roll-forming-machine\/","name":"OEM light keel roll forming machine - Leading Roll Forming Machines Manufacturer &amp; Supplier","isPartOf":{"@id":"https:\/\/www.hechforming.com\/#website"},"primaryImageOfPage":{"@id":"https:\/\/www.hechforming.com\/product\/oem-light-keel-roll-forming-machine\/#primaryimage"},"image":{"@id":"https:\/\/www.hechforming.com\/product\/oem-light-keel-roll-forming-machine\/#primaryimage"},"thumbnailUrl":"https:\/\/www.hechforming.com\/wp-content\/uploads\/2025\/04\/1-3.webp","datePublished":"2025-04-18T00:53:57+00:00","dateModified":"2025-04-21T02:03:25+00:00","description":"Explore our OEM light keel roll forming machine, built for precision and efficiency in manufacturing lightweight steel frames","breadcrumb":{"@id":"https:\/\/www.hechforming.com\/product\/oem-light-keel-roll-forming-machine\/#breadcrumb"},"inLanguage":"es","potentialAction":[{"@type":"ReadAction","target":["https:\/\/www.hechforming.com\/product\/oem-light-keel-roll-forming-machine\/"]}]},{"@type":"ImageObject","inLanguage":"es","@id":"https:\/\/www.hechforming.com\/product\/oem-light-keel-roll-forming-machine\/#primaryimage","url":"https:\/\/www.hechforming.com\/wp-content\/uploads\/2025\/04\/1-3.webp","contentUrl":"https:\/\/www.hechforming.com\/wp-content\/uploads\/2025\/04\/1-3.webp","width":750,"height":750,"caption":"OEM light keel roll forming machine"},{"@type":"BreadcrumbList","@id":"https:\/\/www.hechforming.com\/product\/oem-light-keel-roll-forming-machine\/#breadcrumb","itemListElement":[{"@type":"ListItem","position":1,"name":"\u9996\u9875","item":"https:\/\/www.hechforming.com\/"},{"@type":"ListItem","position":2,"name":"product","item":"https:\/\/www.hechforming.com\/product\/"},{"@type":"ListItem","position":3,"name":"OEM light keel roll forming machine"}]},{"@type":"WebSite","@id":"https:\/\/www.hechforming.com\/#website","url":"https:\/\/www.hechforming.com\/","name":"Cangzhou Hechuang Machinery Manufacturer Co.,ltd","description":"Leading Roll Forming Machines Manufacturer &amp; Supplier","publisher":{"@id":"https:\/\/www.hechforming.com\/#organization"},"potentialAction":[{"@type":"SearchAction","target":{"@type":"EntryPoint","urlTemplate":"https:\/\/www.hechforming.com\/?s={search_term_string}"},"query-input":{"@type":"PropertyValueSpecification","valueRequired":true,"valueName":"search_term_string"}}],"inLanguage":"es"},{"@type":"Organization","@id":"https:\/\/www.hechforming.com\/#organization","name":"Cangzhou Hechuang Machinery Manufacturer Co.,ltd","url":"https:\/\/www.hechforming.com\/","logo":{"@type":"ImageObject","inLanguage":"es","@id":"https:\/\/www.hechforming.com\/#\/schema\/logo\/image\/","url":"https:\/\/www.hechforming.com\/wp-content\/uploads\/2025\/03\/cropped-hechuang-roll-forming-machine-1-300x300-1.webp","contentUrl":"https:\/\/www.hechforming.com\/wp-content\/uploads\/2025\/03\/cropped-hechuang-roll-forming-machine-1-300x300-1.webp","width":300,"height":300,"caption":"Cangzhou Hechuang Machinery Manufacturer Co.,ltd"},"image":{"@id":"https:\/\/www.hechforming.com\/#\/schema\/logo\/image\/"},"sameAs":["https:\/\/www.facebook.com\/hechuangmachine\/","https:\/\/www.linkedin.com\/in\/cherry-steel-sheet-roll-forming-machine-58901b233\/","https:\/\/www.youtube.com\/@CANGZHOUHECHUANGMACHINER-fp1jg"]}]}},"_links":{"self":[{"href":"https:\/\/www.hechforming.com\/es\/wp-json\/wp\/v2\/product\/3674","targetHints":{"allow":["GET"]}}],"collection":[{"href":"https:\/\/www.hechforming.com\/es\/wp-json\/wp\/v2\/product"}],"about":[{"href":"https:\/\/www.hechforming.com\/es\/wp-json\/wp\/v2\/types\/product"}],"wp:featuredmedia":[{"embeddable":true,"href":"https:\/\/www.hechforming.com\/es\/wp-json\/wp\/v2\/media\/3675"}],"wp:attachment":[{"href":"https:\/\/www.hechforming.com\/es\/wp-json\/wp\/v2\/media?parent=3674"}],"wp:term":[{"taxonomy":"product_cat","embeddable":true,"href":"https:\/\/www.hechforming.com\/es\/wp-json\/wp\/v2\/product_cat?post=3674"},{"taxonomy":"product_tag","embeddable":true,"href":"https:\/\/www.hechforming.com\/es\/wp-json\/wp\/v2\/product_tag?post=3674"}],"curies":[{"name":"wp","href":"https:\/\/api.w.org\/{rel}","templated":true}]}}