{"id":3683,"date":"2025-04-19T09:51:00","date_gmt":"2025-04-19T01:51:00","guid":{"rendered":"https:\/\/www.hechforming.com\/?post_type=product&#038;p=3683"},"modified":"2025-04-21T10:03:18","modified_gmt":"2025-04-21T02:03:18","slug":"china-shutter-door-roll-forming-machine","status":"publish","type":"product","link":"https:\/\/www.hechforming.com\/es\/producto\/china-shutter-door-roll-forming-machine\/","title":{"rendered":"china shutter door roll forming machine"},"content":{"rendered":"<h2>L\u00ednea de producci\u00f3n de puertas de persiana<\/h2>\n<p><img fetchpriority=\"high\" decoding=\"async\" class=\"alignnone wp-image-2939\" src=\"https:\/\/www.hechforming.com\/wp-content\/uploads\/2024\/12\/%E8%AF%A6%E6%83%85%E5%9B%BE%E7%89%87_03.avif\" alt=\"M\u00e1quina formadora de rollos de doble capa\" width=\"801\" height=\"175\" \/><\/p>\n<h6><span class=\"magic-15\"><b>Tomado nota<\/b><\/span>:\u00a0<b>\u00a1\u00a1\u00a1usted puede enviar la forma de la puerta de la persiana, y el espesor que necesita, para que podamos personalizar de acuerdo a sus necesidades, lo cual es muy importante para nosotros!!!<\/b><\/h6>\n<p><img decoding=\"async\" class=\"wp-image-2940\" src=\"https:\/\/www.hechforming.com\/wp-content\/uploads\/2024\/12\/%E8%AF%A6%E6%83%85%E5%9B%BE%E7%89%87_04.avif\" alt=\"M\u00e1quina formadora de rollos de doble capa\" width=\"805\" height=\"59\" \/><\/p>\n<table border=\"0\" width=\"528\" cellspacing=\"0\" cellpadding=\"0\">\n<tbody>\n<tr>\n<td class=\"et2\" width=\"53\" height=\"19\">No.<\/td>\n<td class=\"et2\" colspan=\"2\" width=\"219\">Art\u00edculo<\/td>\n<td class=\"et2\" colspan=\"2\" width=\"256\">Datos<\/td>\n<\/tr>\n<tr>\n<td class=\"et4\" width=\"53\" height=\"55\">1<\/td>\n<td class=\"et4\" colspan=\"2\" width=\"219\">Materia prima<\/td>\n<td class=\"et4\" colspan=\"2\" width=\"256\">Chapa de acero de color o galvanizada<\/td>\n<\/tr>\n<tr>\n<td class=\"et4\" width=\"53\" height=\"37\">2<\/td>\n<td class=\"et4\" colspan=\"2\" width=\"219\">Material Grosor<\/td>\n<td class=\"et4\" colspan=\"2\" width=\"256\">0,3-0,8 mm o personalizado<\/td>\n<\/tr>\n<tr>\n<td class=\"et4\" width=\"53\" height=\"73\">3<\/td>\n<td class=\"et4\" colspan=\"2\" width=\"219\">Material del rodillo de moldeo<\/td>\n<td class=\"et4\" colspan=\"2\" width=\"256\">Acero 45# de alta calidad, superficie cromada espesor 0,05 mm<\/td>\n<\/tr>\n<tr>\n<td class=\"et4\" width=\"53\" height=\"55\">4<\/td>\n<td class=\"et4\" colspan=\"2\" width=\"219\">Material del eje<\/td>\n<td class=\"et4\" colspan=\"2\" width=\"256\">ACERO 45# con temple y revenido<\/td>\n<\/tr>\n<tr>\n<td class=\"et4\" width=\"53\" height=\"21\">5<\/td>\n<td class=\"et4\" colspan=\"2\" width=\"219\">Di\u00e1metro del eje<\/td>\n<td class=\"et4\" colspan=\"2\" width=\"256\">50 mm, eje macizo<\/td>\n<\/tr>\n<tr>\n<td class=\"et4\" width=\"53\" height=\"21\">6<\/td>\n<td class=\"et4\" colspan=\"2\" width=\"219\">Cuerpo de la m\u00e1quina<\/td>\n<td class=\"et4\" colspan=\"2\" width=\"256\">tubo cuadrado<\/td>\n<\/tr>\n<tr>\n<td class=\"et4\" width=\"53\" height=\"55\">7<\/td>\n<td class=\"et4\" colspan=\"2\" width=\"219\">Potencia del motor principal<\/td>\n<td class=\"et4\" colspan=\"2\" width=\"256\">5,5kw \/7,5kw(seg\u00fan tipo)<\/td>\n<\/tr>\n<tr>\n<td class=\"et4\" width=\"53\" height=\"37\">8<\/td>\n<td class=\"et4\" colspan=\"2\" width=\"219\">Potencia hidr\u00e1ulica<\/td>\n<td class=\"et4\" colspan=\"2\" width=\"256\">4kw (seg\u00fan tipo)<\/td>\n<\/tr>\n<tr>\n<td class=\"et4\" width=\"53\" height=\"21\">9<\/td>\n<td class=\"et4\" colspan=\"2\" width=\"219\">Sistema de control<\/td>\n<td class=\"et4\" colspan=\"2\" width=\"256\">Control PLC (DELTA)<\/td>\n<\/tr>\n<tr>\n<td class=\"et4\" width=\"53\" height=\"37\">10<\/td>\n<td class=\"et4\" colspan=\"2\" width=\"219\">Rodamiento<\/td>\n<td class=\"et4\" colspan=\"2\" width=\"256\">Marca china Harbin<\/td>\n<\/tr>\n<tr>\n<td class=\"et4\" width=\"53\" height=\"37\">11<\/td>\n<td class=\"et4\" colspan=\"2\" width=\"219\">Transmisi\u00f3n<\/td>\n<td class=\"et4\" colspan=\"2\" width=\"256\">Por cadena, con cubrecadena<\/td>\n<\/tr>\n<tr>\n<td class=\"et6\" width=\"53\" height=\"19\">12<\/td>\n<td class=\"et6\" colspan=\"2\" width=\"219\">Tensi\u00f3n<\/td>\n<td class=\"et6\" colspan=\"2\" width=\"256\">220V\/380V,50Hz,3 fases<\/td>\n<\/tr>\n<\/tbody>\n<\/table>\n<p><img decoding=\"async\" class=\"alignnone wp-image-3689\" src=\"https:\/\/www.hechforming.com\/wp-content\/uploads\/2025\/04\/10-1-300x300.webp\" alt=\"m\u00e1quina formadora de puertas de persiana oem\" width=\"647\" height=\"647\" srcset=\"https:\/\/www.hechforming.com\/wp-content\/uploads\/2025\/04\/10-1-300x300.webp 300w, https:\/\/www.hechforming.com\/wp-content\/uploads\/2025\/04\/10-1-150x150.webp 150w, https:\/\/www.hechforming.com\/wp-content\/uploads\/2025\/04\/10-1-768x768.webp 768w, https:\/\/www.hechforming.com\/wp-content\/uploads\/2025\/04\/10-1-12x12.webp 12w, https:\/\/www.hechforming.com\/wp-content\/uploads\/2025\/04\/10-1-600x600.webp 600w, https:\/\/www.hechforming.com\/wp-content\/uploads\/2025\/04\/10-1-100x100.webp 100w, https:\/\/www.hechforming.com\/wp-content\/uploads\/2025\/04\/10-1.webp 800w\" sizes=\"(max-width: 647px) 100vw, 647px\" \/><\/p>\n<h3 class=\"magic-5\">Caracter\u00edstica :<\/h3>\n<div class=\"magic-7\">\n<div class=\"magic-8\">\n<div class=\"magic-9\" data-spm-anchor-id=\"a2700.details.0.i76.7eda73feWdSeZP\">1.La m\u00e1quina puede utilizar chapa de acero galvanizado, chapa de blindaje de color o chapa de aluminio como chapa de material.<\/div>\n<div class=\"magic-9\" data-spm-anchor-id=\"a2700.details.0.i76.7eda73feWdSeZP\">2.Controlling por la pantalla del ordenador PLC, operar es f\u00e1cil. 3.Running es constante y confiable, endurable sin necesidad de mantenimiento.<\/div>\n<div class=\"magic-9\" data-spm-anchor-id=\"a2700.details.0.i76.7eda73feWdSeZP\">3.We puede hacer y dise\u00f1ar tipos de voluntad de la m\u00e1quina perfiladora de acuerdo a la petici\u00f3n del cliente.<\/div>\n<\/div>\n<\/div>\n<p>&nbsp;<\/p>\n<table>\n<tbody>\n<tr>\n<td><img loading=\"lazy\" decoding=\"async\" class=\"alignnone size-medium wp-image-3686\" src=\"https:\/\/www.hechforming.com\/wp-content\/uploads\/2025\/04\/7-1-300x300.webp\" alt=\"formadora de puertas de persiana\" width=\"300\" height=\"300\" srcset=\"https:\/\/www.hechforming.com\/wp-content\/uploads\/2025\/04\/7-1-300x300.webp 300w, https:\/\/www.hechforming.com\/wp-content\/uploads\/2025\/04\/7-1-150x150.webp 150w, https:\/\/www.hechforming.com\/wp-content\/uploads\/2025\/04\/7-1-768x768.webp 768w, https:\/\/www.hechforming.com\/wp-content\/uploads\/2025\/04\/7-1-12x12.webp 12w, https:\/\/www.hechforming.com\/wp-content\/uploads\/2025\/04\/7-1-600x600.webp 600w, https:\/\/www.hechforming.com\/wp-content\/uploads\/2025\/04\/7-1-100x100.webp 100w, https:\/\/www.hechforming.com\/wp-content\/uploads\/2025\/04\/7-1.webp 800w\" sizes=\"(max-width: 300px) 100vw, 300px\" \/><\/td>\n<td><img loading=\"lazy\" decoding=\"async\" class=\"alignnone size-medium wp-image-3688\" src=\"https:\/\/www.hechforming.com\/wp-content\/uploads\/2025\/04\/9-300x300.webp\" alt=\"m\u00e1quina formadora de puertas de persiana oem\" width=\"300\" height=\"300\" srcset=\"https:\/\/www.hechforming.com\/wp-content\/uploads\/2025\/04\/9-300x300.webp 300w, https:\/\/www.hechforming.com\/wp-content\/uploads\/2025\/04\/9-150x150.webp 150w, https:\/\/www.hechforming.com\/wp-content\/uploads\/2025\/04\/9-768x768.webp 768w, https:\/\/www.hechforming.com\/wp-content\/uploads\/2025\/04\/9-12x12.webp 12w, https:\/\/www.hechforming.com\/wp-content\/uploads\/2025\/04\/9-600x600.webp 600w, https:\/\/www.hechforming.com\/wp-content\/uploads\/2025\/04\/9-100x100.webp 100w, https:\/\/www.hechforming.com\/wp-content\/uploads\/2025\/04\/9.webp 800w\" sizes=\"(max-width: 300px) 100vw, 300px\" \/><\/td>\n<td><img loading=\"lazy\" decoding=\"async\" class=\"alignnone size-medium wp-image-3691\" src=\"https:\/\/www.hechforming.com\/wp-content\/uploads\/2025\/04\/16-2-300x300.webp\" alt=\"china shutter door roll forming machine\" width=\"300\" height=\"300\" srcset=\"https:\/\/www.hechforming.com\/wp-content\/uploads\/2025\/04\/16-2-300x300.webp 300w, https:\/\/www.hechforming.com\/wp-content\/uploads\/2025\/04\/16-2-150x150.webp 150w, https:\/\/www.hechforming.com\/wp-content\/uploads\/2025\/04\/16-2-768x768.webp 768w, https:\/\/www.hechforming.com\/wp-content\/uploads\/2025\/04\/16-2-12x12.webp 12w, https:\/\/www.hechforming.com\/wp-content\/uploads\/2025\/04\/16-2-600x600.webp 600w, https:\/\/www.hechforming.com\/wp-content\/uploads\/2025\/04\/16-2-100x100.webp 100w, https:\/\/www.hechforming.com\/wp-content\/uploads\/2025\/04\/16-2.webp 800w\" sizes=\"(max-width: 300px) 100vw, 300px\" \/><\/td>\n<\/tr>\n<tr>\n<td>\n<div class=\"magic-31\">\n<h6 class=\"magic-5\"><strong>Caracter\u00edstica :<\/strong><\/h6>\n<div class=\"magic-7\">\n<div class=\"magic-8\">\n<div class=\"magic-9\" data-spm-anchor-id=\"a2700.details.0.i76.7eda73feWdSeZP\"><\/div>\n<\/div>\n<\/div>\n<\/div>\n<\/td>\n<td>\n<div class=\"magic-31\">\n<div class=\"magic-31\">\n<h6 class=\"magic-32\" data-spm-anchor-id=\"a2700.details.0.i79.7eda73feWdSeZP\"><strong><span data-spm-anchor-id=\"a2700.details.0.i80.7eda73feWdSeZP\">Mesa de alimentaci\u00f3n\u00a0<\/span><\/strong><\/h6>\n<\/div>\n<div class=\"magic-8\">\n<div class=\"magic-33\"><\/div>\n<\/div>\n<\/div>\n<\/td>\n<td>\n<div class=\"magic-31\">\n<h6 class=\"magic-32\"><strong><span data-spm-anchor-id=\"a2700.details.0.i100.7eda73feWdSeZP\">La forma de la puerta de persiana<\/span><\/strong><\/h6>\n<\/div>\n<div class=\"magic-8\">\n<div class=\"magic-33\"><\/div>\n<\/div>\n<\/td>\n<\/tr>\n<\/tbody>\n<\/table>\n<div class=\"magic-31\"><\/div>\n<p><img loading=\"lazy\" decoding=\"async\" class=\"wp-image-2957\" src=\"https:\/\/www.hechforming.com\/wp-content\/uploads\/2024\/12\/%E8%AF%A6%E6%83%85%E5%9B%BE%E7%89%87_21.avif\" alt=\"M\u00e1quina formadora de rollos de doble capa\" width=\"800\" height=\"924\" \/><\/p>\n<p>1. 1. Qui\u00e9nes somos<br \/>\n<span style=\"color: #000000;\">Nosotros a<a style=\"color: #000000;\" href=\"https:\/\/www.youtube.com\/@CANGZHOUHECHUANGMACHINER-fp1jg\">Somos una empresa de fabricaci\u00f3n con sede en Cangzhou, provincia de Hebei, China, fundada en 2013. Nuestros principales mercados de exportaci\u00f3n incluyen Sudam\u00e9rica (30%), Ocean\u00eda (20%), \u00c1frica (20%), Norteam\u00e9rica (10%), Oriente Medio (10%) y el Sudeste Asi\u00e1tico (10%). Nuestro equipo est\u00e1 formado por 11-50 profesionales dedicados a ofrecer excelencia.<\/a><\/span><\/p>\n<p>2. 2. Garant\u00eda de calidad<br \/>\n<a href=\"http:\/\/www.hechforming.com\/es\/\">Pruebas de prototipos antes de la producci\u00f3n a granel<\/a><br \/>\nRigurosos controles finales de calidad antes de la expedici\u00f3n<\/p>\n<p>3. Nuestra gama de productos<br \/>\nSomos especialistas en fabricaci\u00f3n:<br \/>\n- Sistemas de perfilado de techos y paredes<br \/>\n- Maquinaria para la fabricaci\u00f3n de tarimas<br \/>\n- Equipos de producci\u00f3n de quillas de acero ligero<br \/>\n- Unidades de perfilado de correas CZ<br \/>\n- Aplanadoras y cortadoras de precisi\u00f3n<\/p>\n<p>4.Ventajas competitivas<br \/>\n\u2460 Fabricante de amplio espectro de maquinaria para tejados y equipos relacionados.<br \/>\n\u2461 D\u00e9cadas de experiencia en el sector con soluciones tecnol\u00f3gicas de vanguardia.<br \/>\n\u2462 Divisi\u00f3n de I+D especializada y equipo de atenci\u00f3n al cliente 24 horas al d\u00eda, 7 d\u00edas a la semana.<\/p>\n<p>5. Capacidades de servicio<br \/>\n- Condiciones de entrega: FOB, CFR, CIF, EXW, FAS, CIP, FCA, CPT, DEQ, DDP, DDU, Entrega urgente, DAF, DES<br \/>\n- Divisas de transacci\u00f3n: USD, EUR, JPY, CAD, AUD, HKD, GBP, CNY, CHF<br \/>\n- Opciones de pago: T\/T, L\/C, MoneyGram, Tarjeta de cr\u00e9dito, PayPal, Western Union, Efectivo, Escrow<br \/>\n- Idiomas: Ingl\u00e9s, chino, espa\u00f1ol, japon\u00e9s, alem\u00e1n, franc\u00e9s y ruso.<\/p>","protected":false},"excerpt":{"rendered":"<p>La maquina perfiladora de puerta de persiana de China consiste en un desenrollador de 3 soportes, mesa de alimentaci\u00f3n, maquina perfiladora principal, y sistema de corte. Si usted requiere diferentes formas, tambi\u00e9n podemos personalizarlo con rodillos adicionales. Tambi\u00e9n podemos hacer OEM como su petici\u00f3n.<\/p>","protected":false},"featured_media":3690,"template":"","meta":{"site-sidebar-layout":"default","site-content-layout":"","ast-site-content-layout":"default","site-content-style":"default","site-sidebar-style":"default","ast-global-header-display":"","ast-banner-title-visibility":"","ast-main-header-display":"","ast-hfb-above-header-display":"","ast-hfb-below-header-display":"","ast-hfb-mobile-header-display":"","site-post-title":"","ast-breadcrumbs-content":"","ast-featured-img":"","footer-sml-layout":"","theme-transparent-header-meta":"default","adv-header-id-meta":"","stick-header-meta":"","header-above-stick-meta":"","header-main-stick-meta":"","header-below-stick-meta":"","astra-migrate-meta-layouts":"set","ast-page-background-enabled":"default","ast-page-background-meta":{"desktop":{"background-color":"","background-image":"","background-repeat":"repeat","background-position":"center center","background-size":"auto","background-attachment":"scroll","background-type":"","background-media":"","overlay-type":"","overlay-color":"","overlay-opacity":"","overlay-gradient":""},"tablet":{"background-color":"","background-image":"","background-repeat":"repeat","background-position":"center center","background-size":"auto","background-attachment":"scroll","background-type":"","background-media":"","overlay-type":"","overlay-color":"","overlay-opacity":"","overlay-gradient":""},"mobile":{"background-color":"","background-image":"","background-repeat":"repeat","background-position":"center center","background-size":"auto","background-attachment":"scroll","background-type":"","background-media":"","overlay-type":"","overlay-color":"","overlay-opacity":"","overlay-gradient":""}},"ast-content-background-meta":{"desktop":{"background-color":"var(--ast-global-color-5)","background-image":"","background-repeat":"repeat","background-position":"center center","background-size":"auto","background-attachment":"scroll","background-type":"","background-media":"","overlay-type":"","overlay-color":"","overlay-opacity":"","overlay-gradient":""},"tablet":{"background-color":"var(--ast-global-color-5)","background-image":"","background-repeat":"repeat","background-position":"center center","background-size":"auto","background-attachment":"scroll","background-type":"","background-media":"","overlay-type":"","overlay-color":"","overlay-opacity":"","overlay-gradient":""},"mobile":{"background-color":"var(--ast-global-color-5)","background-image":"","background-repeat":"repeat","background-position":"center center","background-size":"auto","background-attachment":"scroll","background-type":"","background-media":"","overlay-type":"","overlay-color":"","overlay-opacity":"","overlay-gradient":""}}},"product_cat":[71],"product_tag":[116,142,143],"class_list":{"0":"post-3683","1":"product","2":"type-product","3":"status-publish","4":"has-post-thumbnail","6":"product_cat-shutter-door-roll-fomming-machine","7":"product_tag-oem-door-shutter-roll-forming-machine","8":"product_tag-roller-shutter-door-machine","9":"product_tag-shutter-door-making-machine","10":"desktop-align-left","11":"tablet-align-left","12":"mobile-align-left","14":"first","15":"instock","16":"shipping-taxable","17":"product-type-simple"},"yoast_head":"<!-- This site is optimized with the Yoast SEO plugin v24.8.1 - https:\/\/yoast.com\/wordpress\/plugins\/seo\/ -->\n<title>china shutter door roll forming machine - Leading Roll Forming Machines Manufacturer &amp; Supplier<\/title>\n<meta name=\"description\" content=\"Explore durable China shutter door roll forming machines for efficient production. Perfect for industrial use. Get a quote today!\" \/>\n<meta name=\"robots\" content=\"index, follow, max-snippet:-1, max-image-preview:large, max-video-preview:-1\" \/>\n<link rel=\"canonical\" href=\"https:\/\/www.hechforming.com\/es\/producto\/china-shutter-door-roll-forming-machine\/\" \/>\n<meta property=\"og:locale\" content=\"es_ES\" \/>\n<meta property=\"og:type\" content=\"article\" \/>\n<meta property=\"og:title\" content=\"china shutter door roll forming machine - Leading Roll Forming Machines Manufacturer &amp; Supplier\" \/>\n<meta property=\"og:description\" content=\"Explore durable China shutter door roll forming machines for efficient production. Perfect for industrial use. Get a quote today!\" \/>\n<meta property=\"og:url\" content=\"https:\/\/www.hechforming.com\/es\/producto\/china-shutter-door-roll-forming-machine\/\" \/>\n<meta property=\"og:site_name\" content=\"Leading Roll Forming Machines Manufacturer &amp; Supplier\" \/>\n<meta property=\"article:publisher\" content=\"https:\/\/www.facebook.com\/hechuangmachine\/\" \/>\n<meta property=\"article:modified_time\" content=\"2025-04-21T02:03:18+00:00\" \/>\n<meta property=\"og:image\" content=\"https:\/\/www.hechforming.com\/wp-content\/uploads\/2025\/04\/14-\u62f7\u8d1d.webp\" \/>\n\t<meta property=\"og:image:width\" content=\"800\" \/>\n\t<meta property=\"og:image:height\" content=\"800\" \/>\n\t<meta property=\"og:image:type\" content=\"image\/webp\" \/>\n<meta name=\"twitter:card\" content=\"summary_large_image\" \/>\n<meta name=\"twitter:label1\" content=\"Tiempo de lectura\" \/>\n\t<meta name=\"twitter:data1\" content=\"4 minutos\" \/>\n<script type=\"application\/ld+json\" class=\"yoast-schema-graph\">{\"@context\":\"https:\/\/schema.org\",\"@graph\":[{\"@type\":\"WebPage\",\"@id\":\"https:\/\/www.hechforming.com\/product\/china-shutter-door-roll-forming-machine\/\",\"url\":\"https:\/\/www.hechforming.com\/product\/china-shutter-door-roll-forming-machine\/\",\"name\":\"china shutter door roll forming machine - Leading Roll Forming Machines Manufacturer &amp; Supplier\",\"isPartOf\":{\"@id\":\"https:\/\/www.hechforming.com\/#website\"},\"primaryImageOfPage\":{\"@id\":\"https:\/\/www.hechforming.com\/product\/china-shutter-door-roll-forming-machine\/#primaryimage\"},\"image\":{\"@id\":\"https:\/\/www.hechforming.com\/product\/china-shutter-door-roll-forming-machine\/#primaryimage\"},\"thumbnailUrl\":\"https:\/\/www.hechforming.com\/wp-content\/uploads\/2025\/04\/14-\u62f7\u8d1d.webp\",\"datePublished\":\"2025-04-19T01:51:00+00:00\",\"dateModified\":\"2025-04-21T02:03:18+00:00\",\"description\":\"Explore durable China shutter door roll forming machines for efficient production. Perfect for industrial use. Get a quote today!\",\"breadcrumb\":{\"@id\":\"https:\/\/www.hechforming.com\/product\/china-shutter-door-roll-forming-machine\/#breadcrumb\"},\"inLanguage\":\"es\",\"potentialAction\":[{\"@type\":\"ReadAction\",\"target\":[\"https:\/\/www.hechforming.com\/product\/china-shutter-door-roll-forming-machine\/\"]}]},{\"@type\":\"ImageObject\",\"inLanguage\":\"es\",\"@id\":\"https:\/\/www.hechforming.com\/product\/china-shutter-door-roll-forming-machine\/#primaryimage\",\"url\":\"https:\/\/www.hechforming.com\/wp-content\/uploads\/2025\/04\/14-\u62f7\u8d1d.webp\",\"contentUrl\":\"https:\/\/www.hechforming.com\/wp-content\/uploads\/2025\/04\/14-\u62f7\u8d1d.webp\",\"width\":800,\"height\":800,\"caption\":\"china shutter door roll forming machine\"},{\"@type\":\"BreadcrumbList\",\"@id\":\"https:\/\/www.hechforming.com\/product\/china-shutter-door-roll-forming-machine\/#breadcrumb\",\"itemListElement\":[{\"@type\":\"ListItem\",\"position\":1,\"name\":\"\u9996\u9875\",\"item\":\"https:\/\/www.hechforming.com\/\"},{\"@type\":\"ListItem\",\"position\":2,\"name\":\"product\",\"item\":\"https:\/\/www.hechforming.com\/product\/\"},{\"@type\":\"ListItem\",\"position\":3,\"name\":\"china shutter door roll forming machine\"}]},{\"@type\":\"WebSite\",\"@id\":\"https:\/\/www.hechforming.com\/#website\",\"url\":\"https:\/\/www.hechforming.com\/\",\"name\":\"Cangzhou Hechuang Machinery Manufacturer Co.,ltd\",\"description\":\"Leading Roll Forming Machines Manufacturer &amp; Supplier\",\"publisher\":{\"@id\":\"https:\/\/www.hechforming.com\/#organization\"},\"potentialAction\":[{\"@type\":\"SearchAction\",\"target\":{\"@type\":\"EntryPoint\",\"urlTemplate\":\"https:\/\/www.hechforming.com\/?s={search_term_string}\"},\"query-input\":{\"@type\":\"PropertyValueSpecification\",\"valueRequired\":true,\"valueName\":\"search_term_string\"}}],\"inLanguage\":\"es\"},{\"@type\":\"Organization\",\"@id\":\"https:\/\/www.hechforming.com\/#organization\",\"name\":\"Cangzhou Hechuang Machinery Manufacturer Co.,ltd\",\"url\":\"https:\/\/www.hechforming.com\/\",\"logo\":{\"@type\":\"ImageObject\",\"inLanguage\":\"es\",\"@id\":\"https:\/\/www.hechforming.com\/#\/schema\/logo\/image\/\",\"url\":\"https:\/\/www.hechforming.com\/wp-content\/uploads\/2025\/03\/cropped-hechuang-roll-forming-machine-1-300x300-1.webp\",\"contentUrl\":\"https:\/\/www.hechforming.com\/wp-content\/uploads\/2025\/03\/cropped-hechuang-roll-forming-machine-1-300x300-1.webp\",\"width\":300,\"height\":300,\"caption\":\"Cangzhou Hechuang Machinery Manufacturer Co.,ltd\"},\"image\":{\"@id\":\"https:\/\/www.hechforming.com\/#\/schema\/logo\/image\/\"},\"sameAs\":[\"https:\/\/www.facebook.com\/hechuangmachine\/\",\"https:\/\/www.linkedin.com\/in\/cherry-steel-sheet-roll-forming-machine-58901b233\/\",\"https:\/\/www.youtube.com\/@CANGZHOUHECHUANGMACHINER-fp1jg\"]}]}<\/script>\n<!-- \/ Yoast SEO plugin. -->","yoast_head_json":{"title":"china shutter door roll forming machine - Leading Roll Forming Machines Manufacturer &amp; Supplier","description":"Explore durable China shutter door roll forming machines for efficient production. Perfect for industrial use. Get a quote today!","robots":{"index":"index","follow":"follow","max-snippet":"max-snippet:-1","max-image-preview":"max-image-preview:large","max-video-preview":"max-video-preview:-1"},"canonical":"https:\/\/www.hechforming.com\/es\/producto\/china-shutter-door-roll-forming-machine\/","og_locale":"es_ES","og_type":"article","og_title":"china shutter door roll forming machine - Leading Roll Forming Machines Manufacturer &amp; Supplier","og_description":"Explore durable China shutter door roll forming machines for efficient production. Perfect for industrial use. Get a quote today!","og_url":"https:\/\/www.hechforming.com\/es\/producto\/china-shutter-door-roll-forming-machine\/","og_site_name":"Leading Roll Forming Machines Manufacturer &amp; Supplier","article_publisher":"https:\/\/www.facebook.com\/hechuangmachine\/","article_modified_time":"2025-04-21T02:03:18+00:00","og_image":[{"width":800,"height":800,"url":"https:\/\/www.hechforming.com\/wp-content\/uploads\/2025\/04\/14-\u62f7\u8d1d.webp","type":"image\/webp"}],"twitter_card":"summary_large_image","twitter_misc":{"Tiempo de lectura":"4 minutos"},"schema":{"@context":"https:\/\/schema.org","@graph":[{"@type":"WebPage","@id":"https:\/\/www.hechforming.com\/product\/china-shutter-door-roll-forming-machine\/","url":"https:\/\/www.hechforming.com\/product\/china-shutter-door-roll-forming-machine\/","name":"china shutter door roll forming machine - Leading Roll Forming Machines Manufacturer &amp; Supplier","isPartOf":{"@id":"https:\/\/www.hechforming.com\/#website"},"primaryImageOfPage":{"@id":"https:\/\/www.hechforming.com\/product\/china-shutter-door-roll-forming-machine\/#primaryimage"},"image":{"@id":"https:\/\/www.hechforming.com\/product\/china-shutter-door-roll-forming-machine\/#primaryimage"},"thumbnailUrl":"https:\/\/www.hechforming.com\/wp-content\/uploads\/2025\/04\/14-\u62f7\u8d1d.webp","datePublished":"2025-04-19T01:51:00+00:00","dateModified":"2025-04-21T02:03:18+00:00","description":"Explore durable China shutter door roll forming machines for efficient production. Perfect for industrial use. Get a quote today!","breadcrumb":{"@id":"https:\/\/www.hechforming.com\/product\/china-shutter-door-roll-forming-machine\/#breadcrumb"},"inLanguage":"es","potentialAction":[{"@type":"ReadAction","target":["https:\/\/www.hechforming.com\/product\/china-shutter-door-roll-forming-machine\/"]}]},{"@type":"ImageObject","inLanguage":"es","@id":"https:\/\/www.hechforming.com\/product\/china-shutter-door-roll-forming-machine\/#primaryimage","url":"https:\/\/www.hechforming.com\/wp-content\/uploads\/2025\/04\/14-\u62f7\u8d1d.webp","contentUrl":"https:\/\/www.hechforming.com\/wp-content\/uploads\/2025\/04\/14-\u62f7\u8d1d.webp","width":800,"height":800,"caption":"china shutter door roll forming machine"},{"@type":"BreadcrumbList","@id":"https:\/\/www.hechforming.com\/product\/china-shutter-door-roll-forming-machine\/#breadcrumb","itemListElement":[{"@type":"ListItem","position":1,"name":"\u9996\u9875","item":"https:\/\/www.hechforming.com\/"},{"@type":"ListItem","position":2,"name":"product","item":"https:\/\/www.hechforming.com\/product\/"},{"@type":"ListItem","position":3,"name":"china shutter door roll forming machine"}]},{"@type":"WebSite","@id":"https:\/\/www.hechforming.com\/#website","url":"https:\/\/www.hechforming.com\/","name":"Cangzhou Hechuang Machinery Manufacturer Co.,ltd","description":"Leading Roll Forming Machines Manufacturer &amp; Supplier","publisher":{"@id":"https:\/\/www.hechforming.com\/#organization"},"potentialAction":[{"@type":"SearchAction","target":{"@type":"EntryPoint","urlTemplate":"https:\/\/www.hechforming.com\/?s={search_term_string}"},"query-input":{"@type":"PropertyValueSpecification","valueRequired":true,"valueName":"search_term_string"}}],"inLanguage":"es"},{"@type":"Organization","@id":"https:\/\/www.hechforming.com\/#organization","name":"Cangzhou Hechuang Machinery Manufacturer Co.,ltd","url":"https:\/\/www.hechforming.com\/","logo":{"@type":"ImageObject","inLanguage":"es","@id":"https:\/\/www.hechforming.com\/#\/schema\/logo\/image\/","url":"https:\/\/www.hechforming.com\/wp-content\/uploads\/2025\/03\/cropped-hechuang-roll-forming-machine-1-300x300-1.webp","contentUrl":"https:\/\/www.hechforming.com\/wp-content\/uploads\/2025\/03\/cropped-hechuang-roll-forming-machine-1-300x300-1.webp","width":300,"height":300,"caption":"Cangzhou Hechuang Machinery Manufacturer Co.,ltd"},"image":{"@id":"https:\/\/www.hechforming.com\/#\/schema\/logo\/image\/"},"sameAs":["https:\/\/www.facebook.com\/hechuangmachine\/","https:\/\/www.linkedin.com\/in\/cherry-steel-sheet-roll-forming-machine-58901b233\/","https:\/\/www.youtube.com\/@CANGZHOUHECHUANGMACHINER-fp1jg"]}]}},"_links":{"self":[{"href":"https:\/\/www.hechforming.com\/es\/wp-json\/wp\/v2\/product\/3683","targetHints":{"allow":["GET"]}}],"collection":[{"href":"https:\/\/www.hechforming.com\/es\/wp-json\/wp\/v2\/product"}],"about":[{"href":"https:\/\/www.hechforming.com\/es\/wp-json\/wp\/v2\/types\/product"}],"wp:featuredmedia":[{"embeddable":true,"href":"https:\/\/www.hechforming.com\/es\/wp-json\/wp\/v2\/media\/3690"}],"wp:attachment":[{"href":"https:\/\/www.hechforming.com\/es\/wp-json\/wp\/v2\/media?parent=3683"}],"wp:term":[{"taxonomy":"product_cat","embeddable":true,"href":"https:\/\/www.hechforming.com\/es\/wp-json\/wp\/v2\/product_cat?post=3683"},{"taxonomy":"product_tag","embeddable":true,"href":"https:\/\/www.hechforming.com\/es\/wp-json\/wp\/v2\/product_tag?post=3683"}],"curies":[{"name":"wp","href":"https:\/\/api.w.org\/{rel}","templated":true}]}}