{"id":3693,"date":"2025-04-21T09:44:31","date_gmt":"2025-04-21T01:44:31","guid":{"rendered":"https:\/\/www.hechforming.com\/?post_type=product&#038;p=3693"},"modified":"2025-04-21T10:03:07","modified_gmt":"2025-04-21T02:03:07","slug":"standing-seam-metal-roof-machine","status":"publish","type":"product","link":"https:\/\/www.hechforming.com\/es\/producto\/maquina-para-tejados-metalicos-de-junta-alzada\/","title":{"rendered":"M\u00e1quina para tejados met\u00e1licos de junta alzada"},"content":{"rendered":"<div class=\"ast-oembed-container\" style=\"height: 100%;\"><iframe title=\"Perfiladora de juntas planas\" width=\"500\" height=\"281\" src=\"https:\/\/www.youtube.com\/embed\/wwUEf39Qbl8?feature=oembed\" frameborder=\"0\" allow=\"accelerometer; autoplay; clipboard-write; encrypted-media; gyroscope; picture-in-picture; web-share\" referrerpolicy=\"strict-origin-when-cross-origin\" allowfullscreen><\/iframe><\/div>\n<p>&nbsp;<\/p>\n<h2>Especificaci\u00f3n de la m\u00e1quina de coser de pie<\/h2>\n<p>&nbsp;<\/p>\n<ul data-start=\"110\" data-end=\"946\">\n<li class=\"\" data-start=\"110\" data-end=\"183\">\n<p class=\"\" data-start=\"112\" data-end=\"183\"><strong data-start=\"112\" data-end=\"135\">Grosor del material:<\/strong> 0,3 mm - 0,8 mm<\/p>\n<\/li>\n<li class=\"\" data-start=\"184\" data-end=\"253\">\n<p class=\"\" data-start=\"186\" data-end=\"253\"><strong data-start=\"186\" data-end=\"206\">Estaciones de rodillos:<\/strong> 12-16 (dependiendo de la configuraci\u00f3n de la m\u00e1quina)<\/p>\n<\/li>\n<li class=\"\" data-start=\"254\" data-end=\"289\">\n<p class=\"\" data-start=\"256\" data-end=\"289\"><strong data-start=\"256\" data-end=\"266\">Velocidad:<\/strong> 10-25m\/min<\/p>\n<\/li>\n<li class=\"\" data-start=\"290\" data-end=\"361\">\n<p class=\"\" data-start=\"292\" data-end=\"361\"><strong data-start=\"292\" data-end=\"304\">Tensi\u00f3n:<\/strong> 380 V, 50 Hz, trif\u00e1sico (personalizable para diferentes regiones)<\/p>\n<\/li>\n<li class=\"\" data-start=\"362\" data-end=\"423\">\n<p class=\"\" data-start=\"364\" data-end=\"423\"><strong data-start=\"364\" data-end=\"374\">Poder:<\/strong> 5,5 kW - 7,5 kW (seg\u00fan el modelo de m\u00e1quina)<\/p>\n<\/li>\n<li class=\"\" data-start=\"424\" data-end=\"469\">\n<p class=\"\" data-start=\"426\" data-end=\"469\"><strong data-start=\"426\" data-end=\"437\">Peso:<\/strong> Aproximadamente 3.500 kg - 4.500 kg<\/p>\n<\/li>\n<li class=\"\" data-start=\"470\" data-end=\"524\">\n<p class=\"\" data-start=\"472\" data-end=\"524\"><strong data-start=\"472\" data-end=\"487\">Dimensiones:<\/strong> 8000 mm (largo) x 1200 mm (ancho) x 1500 mm (alto)<\/p>\n<\/li>\n<li class=\"\" data-start=\"525\" data-end=\"572\">\n<p class=\"\" data-start=\"527\" data-end=\"572\"><strong data-start=\"527\" data-end=\"543\">Ancho del panel:<\/strong> 350 mm<\/p>\n<\/li>\n<li class=\"\" data-start=\"639\" data-end=\"700\">\n<p class=\"\" data-start=\"641\" data-end=\"700\"><strong data-start=\"641\" data-end=\"660\">Sistema de control:<\/strong> Control PLC con interfaz de pantalla t\u00e1ctil<\/p>\n<\/li>\n<li class=\"\" data-start=\"701\" data-end=\"765\">\n<p class=\"\" data-start=\"703\" data-end=\"765\"><strong data-start=\"703\" data-end=\"722\">Sistema de corte:<\/strong> Corte hidr\u00e1ulico o mec\u00e1nico (opcional)<\/p>\n<\/li>\n<li class=\"\" data-start=\"766\" data-end=\"850\">\n<p class=\"\" data-start=\"768\" data-end=\"850\"><strong data-start=\"768\" data-end=\"792\">Materiales admitidos:<\/strong> Acero galvanizado, aluminio, acero inoxidable, acero revestido<\/p>\n<\/li>\n<li class=\"\" data-start=\"851\" data-end=\"943\">\n<p class=\"\" data-start=\"853\" data-end=\"943\"><strong data-start=\"853\" data-end=\"877\">Capacidad de producci\u00f3n:<\/strong> Hasta 2000 metros por d\u00eda (dependiendo del tama\u00f1o y grosor del panel)<\/p>\n<\/li>\n<\/ul>\n<p class=\"\" data-start=\"947\" data-end=\"1036\"><img fetchpriority=\"high\" decoding=\"async\" class=\"alignnone wp-image-3702\" src=\"https:\/\/www.hechforming.com\/wp-content\/uploads\/2025\/04\/standing-seam-machine-9-300x169.webp\" alt=\"m\u00e1quina de coser de pie\" width=\"422\" height=\"238\" srcset=\"https:\/\/www.hechforming.com\/wp-content\/uploads\/2025\/04\/standing-seam-machine-9-300x169.webp 300w, https:\/\/www.hechforming.com\/wp-content\/uploads\/2025\/04\/standing-seam-machine-9-1024x576.webp 1024w, https:\/\/www.hechforming.com\/wp-content\/uploads\/2025\/04\/standing-seam-machine-9-768x432.webp 768w, https:\/\/www.hechforming.com\/wp-content\/uploads\/2025\/04\/standing-seam-machine-9-1536x864.webp 1536w, https:\/\/www.hechforming.com\/wp-content\/uploads\/2025\/04\/standing-seam-machine-9-2048x1152.webp 2048w, https:\/\/www.hechforming.com\/wp-content\/uploads\/2025\/04\/standing-seam-machine-9-18x10.webp 18w, https:\/\/www.hechforming.com\/wp-content\/uploads\/2025\/04\/standing-seam-machine-9-600x338.webp 600w\" sizes=\"(max-width: 422px) 100vw, 422px\" \/><a href=\"https:\/\/www.hechforming.com\/es\/producto\/maquina-perfiladora-de-quilla-ligera-oem\/\"><img decoding=\"async\" class=\"alignnone wp-image-3698\" src=\"https:\/\/www.hechforming.com\/wp-content\/uploads\/2025\/04\/standing-seam-machine-5-300x300.webp\" alt=\"m\u00e1quina de coser de pie\" width=\"344\" height=\"344\" srcset=\"https:\/\/www.hechforming.com\/wp-content\/uploads\/2025\/04\/standing-seam-machine-5-300x300.webp 300w, https:\/\/www.hechforming.com\/wp-content\/uploads\/2025\/04\/standing-seam-machine-5-150x150.webp 150w, https:\/\/www.hechforming.com\/wp-content\/uploads\/2025\/04\/standing-seam-machine-5-768x768.webp 768w, https:\/\/www.hechforming.com\/wp-content\/uploads\/2025\/04\/standing-seam-machine-5-12x12.webp 12w, https:\/\/www.hechforming.com\/wp-content\/uploads\/2025\/04\/standing-seam-machine-5-600x600.webp 600w, https:\/\/www.hechforming.com\/wp-content\/uploads\/2025\/04\/standing-seam-machine-5-100x100.webp 100w, https:\/\/www.hechforming.com\/wp-content\/uploads\/2025\/04\/standing-seam-machine-5.webp 800w\" sizes=\"(max-width: 344px) 100vw, 344px\" \/><\/a><\/p>\n<p data-start=\"947\" data-end=\"1036\"><a href=\"https:\/\/www.youtube.com\/@CANGZHOUHECHUANGMACHINER-fp1jg\"><img decoding=\"async\" class=\"alignnone wp-image-3701\" src=\"https:\/\/www.hechforming.com\/wp-content\/uploads\/2025\/04\/standing-seam-machine-8-300x300.webp\" alt=\"m\u00e1quina de coser de pie\" width=\"690\" height=\"690\" srcset=\"https:\/\/www.hechforming.com\/wp-content\/uploads\/2025\/04\/standing-seam-machine-8-300x300.webp 300w, https:\/\/www.hechforming.com\/wp-content\/uploads\/2025\/04\/standing-seam-machine-8-150x150.webp 150w, https:\/\/www.hechforming.com\/wp-content\/uploads\/2025\/04\/standing-seam-machine-8-768x768.webp 768w, https:\/\/www.hechforming.com\/wp-content\/uploads\/2025\/04\/standing-seam-machine-8-12x12.webp 12w, https:\/\/www.hechforming.com\/wp-content\/uploads\/2025\/04\/standing-seam-machine-8-600x600.webp 600w, https:\/\/www.hechforming.com\/wp-content\/uploads\/2025\/04\/standing-seam-machine-8-100x100.webp 100w, https:\/\/www.hechforming.com\/wp-content\/uploads\/2025\/04\/standing-seam-machine-8.webp 800w\" sizes=\"(max-width: 690px) 100vw, 690px\" \/><\/a><\/p>\n<p data-start=\"947\" data-end=\"1036\">","protected":false},"excerpt":{"rendered":"<p data-pm-slice=\"1 1 []\"><span style=\"font-family: arial, helvetica, sans-serif;\">Standing Seam Metal Roof Machine para la producci\u00f3n de paneles de techo precisa y duradera. Cangzhou hechuang maquinaria puede producir muchos perfiles diferentes de rollo forma la m\u00e1quina para el panel de la costura de pie snaplock, puede producir la m\u00e1quina como dise\u00f1o del cliente.<\/span><\/p>","protected":false},"featured_media":3694,"template":"","meta":{"site-sidebar-layout":"default","site-content-layout":"","ast-site-content-layout":"full-width-container","site-content-style":"default","site-sidebar-style":"default","ast-global-header-display":"","ast-banner-title-visibility":"","ast-main-header-display":"","ast-hfb-above-header-display":"","ast-hfb-below-header-display":"","ast-hfb-mobile-header-display":"","site-post-title":"","ast-breadcrumbs-content":"","ast-featured-img":"","footer-sml-layout":"","theme-transparent-header-meta":"default","adv-header-id-meta":"","stick-header-meta":"","header-above-stick-meta":"","header-main-stick-meta":"","header-below-stick-meta":"","astra-migrate-meta-layouts":"set","ast-page-background-enabled":"default","ast-page-background-meta":{"desktop":{"background-color":"","background-image":"","background-repeat":"repeat","background-position":"center center","background-size":"auto","background-attachment":"scroll","background-type":"","background-media":"","overlay-type":"","overlay-color":"","overlay-opacity":"","overlay-gradient":""},"tablet":{"background-color":"","background-image":"","background-repeat":"repeat","background-position":"center center","background-size":"auto","background-attachment":"scroll","background-type":"","background-media":"","overlay-type":"","overlay-color":"","overlay-opacity":"","overlay-gradient":""},"mobile":{"background-color":"","background-image":"","background-repeat":"repeat","background-position":"center center","background-size":"auto","background-attachment":"scroll","background-type":"","background-media":"","overlay-type":"","overlay-color":"","overlay-opacity":"","overlay-gradient":""}},"ast-content-background-meta":{"desktop":{"background-color":"var(--ast-global-color-5)","background-image":"","background-repeat":"repeat","background-position":"center center","background-size":"auto","background-attachment":"scroll","background-type":"","background-media":"","overlay-type":"","overlay-color":"","overlay-opacity":"","overlay-gradient":""},"tablet":{"background-color":"var(--ast-global-color-5)","background-image":"","background-repeat":"repeat","background-position":"center center","background-size":"auto","background-attachment":"scroll","background-type":"","background-media":"","overlay-type":"","overlay-color":"","overlay-opacity":"","overlay-gradient":""},"mobile":{"background-color":"var(--ast-global-color-5)","background-image":"","background-repeat":"repeat","background-position":"center center","background-size":"auto","background-attachment":"scroll","background-type":"","background-media":"","overlay-type":"","overlay-color":"","overlay-opacity":"","overlay-gradient":""}}},"product_cat":[37],"product_tag":[127,126,144,128,145],"class_list":{"0":"post-3693","1":"product","2":"type-product","3":"status-publish","4":"has-post-thumbnail","6":"product_cat-standing-seam-roll-forming-machine","7":"product_tag-roll-form-machine-for-snaplock-standing-seam-panel","8":"product_tag-standing-seam-machine","9":"product_tag-standing-seam-machine-for-sale","10":"product_tag-standing-seam-metal-roof-machine","11":"product_tag-standing-seam-roof-machine","12":"desktop-align-left","13":"tablet-align-left","14":"mobile-align-left","16":"first","17":"instock","18":"shipping-taxable","19":"product-type-simple"},"yoast_head":"<!-- This site is optimized with the Yoast SEO plugin v24.8.1 - https:\/\/yoast.com\/wordpress\/plugins\/seo\/ -->\n<title>Standing Seam Metal Roof Machine - Leading Roll Forming Machines Manufacturer &amp; Supplier<\/title>\n<meta name=\"description\" content=\"Shop our reliable Standing Seam Metal Roof Machine for efficient and precise metal roof panel production. high-quality roofing solutions.\" \/>\n<meta name=\"robots\" content=\"index, follow, max-snippet:-1, max-image-preview:large, max-video-preview:-1\" \/>\n<link rel=\"canonical\" href=\"https:\/\/www.hechforming.com\/es\/producto\/maquina-para-tejados-metalicos-de-junta-alzada\/\" \/>\n<meta property=\"og:locale\" content=\"es_ES\" \/>\n<meta property=\"og:type\" content=\"article\" \/>\n<meta property=\"og:title\" content=\"Standing Seam Metal Roof Machine - Leading Roll Forming Machines Manufacturer &amp; Supplier\" \/>\n<meta property=\"og:description\" content=\"Shop our reliable Standing Seam Metal Roof Machine for efficient and precise metal roof panel production. high-quality roofing solutions.\" \/>\n<meta property=\"og:url\" content=\"https:\/\/www.hechforming.com\/es\/producto\/maquina-para-tejados-metalicos-de-junta-alzada\/\" \/>\n<meta property=\"og:site_name\" content=\"Leading Roll Forming Machines Manufacturer &amp; Supplier\" \/>\n<meta property=\"article:publisher\" content=\"https:\/\/www.facebook.com\/hechuangmachine\/\" \/>\n<meta property=\"article:modified_time\" content=\"2025-04-21T02:03:07+00:00\" \/>\n<meta property=\"og:image\" content=\"https:\/\/www.hechforming.com\/wp-content\/uploads\/2025\/04\/standing-seam-machine-1.webp\" \/>\n\t<meta property=\"og:image:width\" content=\"750\" \/>\n\t<meta property=\"og:image:height\" content=\"750\" \/>\n\t<meta property=\"og:image:type\" content=\"image\/webp\" \/>\n<meta name=\"twitter:card\" content=\"summary_large_image\" \/>\n<meta name=\"twitter:label1\" content=\"Tiempo de lectura\" \/>\n\t<meta name=\"twitter:data1\" content=\"2 minutos\" \/>\n<script type=\"application\/ld+json\" class=\"yoast-schema-graph\">{\"@context\":\"https:\/\/schema.org\",\"@graph\":[{\"@type\":\"WebPage\",\"@id\":\"https:\/\/www.hechforming.com\/product\/standing-seam-metal-roof-machine\/\",\"url\":\"https:\/\/www.hechforming.com\/product\/standing-seam-metal-roof-machine\/\",\"name\":\"Standing Seam Metal Roof Machine - Leading Roll Forming Machines Manufacturer &amp; Supplier\",\"isPartOf\":{\"@id\":\"https:\/\/www.hechforming.com\/#website\"},\"primaryImageOfPage\":{\"@id\":\"https:\/\/www.hechforming.com\/product\/standing-seam-metal-roof-machine\/#primaryimage\"},\"image\":{\"@id\":\"https:\/\/www.hechforming.com\/product\/standing-seam-metal-roof-machine\/#primaryimage\"},\"thumbnailUrl\":\"https:\/\/www.hechforming.com\/wp-content\/uploads\/2025\/04\/standing-seam-machine-1.webp\",\"datePublished\":\"2025-04-21T01:44:31+00:00\",\"dateModified\":\"2025-04-21T02:03:07+00:00\",\"description\":\"Shop our reliable Standing Seam Metal Roof Machine for efficient and precise metal roof panel production. high-quality roofing solutions.\",\"breadcrumb\":{\"@id\":\"https:\/\/www.hechforming.com\/product\/standing-seam-metal-roof-machine\/#breadcrumb\"},\"inLanguage\":\"es\",\"potentialAction\":[{\"@type\":\"ReadAction\",\"target\":[\"https:\/\/www.hechforming.com\/product\/standing-seam-metal-roof-machine\/\"]}]},{\"@type\":\"ImageObject\",\"inLanguage\":\"es\",\"@id\":\"https:\/\/www.hechforming.com\/product\/standing-seam-metal-roof-machine\/#primaryimage\",\"url\":\"https:\/\/www.hechforming.com\/wp-content\/uploads\/2025\/04\/standing-seam-machine-1.webp\",\"contentUrl\":\"https:\/\/www.hechforming.com\/wp-content\/uploads\/2025\/04\/standing-seam-machine-1.webp\",\"width\":750,\"height\":750,\"caption\":\"standing seam machine\"},{\"@type\":\"BreadcrumbList\",\"@id\":\"https:\/\/www.hechforming.com\/product\/standing-seam-metal-roof-machine\/#breadcrumb\",\"itemListElement\":[{\"@type\":\"ListItem\",\"position\":1,\"name\":\"\u9996\u9875\",\"item\":\"https:\/\/www.hechforming.com\/\"},{\"@type\":\"ListItem\",\"position\":2,\"name\":\"product\",\"item\":\"https:\/\/www.hechforming.com\/product\/\"},{\"@type\":\"ListItem\",\"position\":3,\"name\":\"Standing Seam Metal Roof Machine\"}]},{\"@type\":\"WebSite\",\"@id\":\"https:\/\/www.hechforming.com\/#website\",\"url\":\"https:\/\/www.hechforming.com\/\",\"name\":\"Cangzhou Hechuang Machinery Manufacturer Co.,ltd\",\"description\":\"Leading Roll Forming Machines Manufacturer &amp; Supplier\",\"publisher\":{\"@id\":\"https:\/\/www.hechforming.com\/#organization\"},\"potentialAction\":[{\"@type\":\"SearchAction\",\"target\":{\"@type\":\"EntryPoint\",\"urlTemplate\":\"https:\/\/www.hechforming.com\/?s={search_term_string}\"},\"query-input\":{\"@type\":\"PropertyValueSpecification\",\"valueRequired\":true,\"valueName\":\"search_term_string\"}}],\"inLanguage\":\"es\"},{\"@type\":\"Organization\",\"@id\":\"https:\/\/www.hechforming.com\/#organization\",\"name\":\"Cangzhou Hechuang Machinery Manufacturer Co.,ltd\",\"url\":\"https:\/\/www.hechforming.com\/\",\"logo\":{\"@type\":\"ImageObject\",\"inLanguage\":\"es\",\"@id\":\"https:\/\/www.hechforming.com\/#\/schema\/logo\/image\/\",\"url\":\"https:\/\/www.hechforming.com\/wp-content\/uploads\/2025\/03\/cropped-hechuang-roll-forming-machine-1-300x300-1.webp\",\"contentUrl\":\"https:\/\/www.hechforming.com\/wp-content\/uploads\/2025\/03\/cropped-hechuang-roll-forming-machine-1-300x300-1.webp\",\"width\":300,\"height\":300,\"caption\":\"Cangzhou Hechuang Machinery Manufacturer Co.,ltd\"},\"image\":{\"@id\":\"https:\/\/www.hechforming.com\/#\/schema\/logo\/image\/\"},\"sameAs\":[\"https:\/\/www.facebook.com\/hechuangmachine\/\",\"https:\/\/www.linkedin.com\/in\/cherry-steel-sheet-roll-forming-machine-58901b233\/\",\"https:\/\/www.youtube.com\/@CANGZHOUHECHUANGMACHINER-fp1jg\"]}]}<\/script>\n<!-- \/ Yoast SEO plugin. -->","yoast_head_json":{"title":"Standing Seam Metal Roof Machine - Leading Roll Forming Machines Manufacturer &amp; Supplier","description":"Shop our reliable Standing Seam Metal Roof Machine for efficient and precise metal roof panel production. high-quality roofing solutions.","robots":{"index":"index","follow":"follow","max-snippet":"max-snippet:-1","max-image-preview":"max-image-preview:large","max-video-preview":"max-video-preview:-1"},"canonical":"https:\/\/www.hechforming.com\/es\/producto\/maquina-para-tejados-metalicos-de-junta-alzada\/","og_locale":"es_ES","og_type":"article","og_title":"Standing Seam Metal Roof Machine - Leading Roll Forming Machines Manufacturer &amp; Supplier","og_description":"Shop our reliable Standing Seam Metal Roof Machine for efficient and precise metal roof panel production. high-quality roofing solutions.","og_url":"https:\/\/www.hechforming.com\/es\/producto\/maquina-para-tejados-metalicos-de-junta-alzada\/","og_site_name":"Leading Roll Forming Machines Manufacturer &amp; Supplier","article_publisher":"https:\/\/www.facebook.com\/hechuangmachine\/","article_modified_time":"2025-04-21T02:03:07+00:00","og_image":[{"width":750,"height":750,"url":"https:\/\/www.hechforming.com\/wp-content\/uploads\/2025\/04\/standing-seam-machine-1.webp","type":"image\/webp"}],"twitter_card":"summary_large_image","twitter_misc":{"Tiempo de lectura":"2 minutos"},"schema":{"@context":"https:\/\/schema.org","@graph":[{"@type":"WebPage","@id":"https:\/\/www.hechforming.com\/product\/standing-seam-metal-roof-machine\/","url":"https:\/\/www.hechforming.com\/product\/standing-seam-metal-roof-machine\/","name":"Standing Seam Metal Roof Machine - Leading Roll Forming Machines Manufacturer &amp; Supplier","isPartOf":{"@id":"https:\/\/www.hechforming.com\/#website"},"primaryImageOfPage":{"@id":"https:\/\/www.hechforming.com\/product\/standing-seam-metal-roof-machine\/#primaryimage"},"image":{"@id":"https:\/\/www.hechforming.com\/product\/standing-seam-metal-roof-machine\/#primaryimage"},"thumbnailUrl":"https:\/\/www.hechforming.com\/wp-content\/uploads\/2025\/04\/standing-seam-machine-1.webp","datePublished":"2025-04-21T01:44:31+00:00","dateModified":"2025-04-21T02:03:07+00:00","description":"Shop our reliable Standing Seam Metal Roof Machine for efficient and precise metal roof panel production. high-quality roofing solutions.","breadcrumb":{"@id":"https:\/\/www.hechforming.com\/product\/standing-seam-metal-roof-machine\/#breadcrumb"},"inLanguage":"es","potentialAction":[{"@type":"ReadAction","target":["https:\/\/www.hechforming.com\/product\/standing-seam-metal-roof-machine\/"]}]},{"@type":"ImageObject","inLanguage":"es","@id":"https:\/\/www.hechforming.com\/product\/standing-seam-metal-roof-machine\/#primaryimage","url":"https:\/\/www.hechforming.com\/wp-content\/uploads\/2025\/04\/standing-seam-machine-1.webp","contentUrl":"https:\/\/www.hechforming.com\/wp-content\/uploads\/2025\/04\/standing-seam-machine-1.webp","width":750,"height":750,"caption":"standing seam machine"},{"@type":"BreadcrumbList","@id":"https:\/\/www.hechforming.com\/product\/standing-seam-metal-roof-machine\/#breadcrumb","itemListElement":[{"@type":"ListItem","position":1,"name":"\u9996\u9875","item":"https:\/\/www.hechforming.com\/"},{"@type":"ListItem","position":2,"name":"product","item":"https:\/\/www.hechforming.com\/product\/"},{"@type":"ListItem","position":3,"name":"Standing Seam Metal Roof Machine"}]},{"@type":"WebSite","@id":"https:\/\/www.hechforming.com\/#website","url":"https:\/\/www.hechforming.com\/","name":"Cangzhou Hechuang Machinery Manufacturer Co.,ltd","description":"Leading Roll Forming Machines Manufacturer &amp; Supplier","publisher":{"@id":"https:\/\/www.hechforming.com\/#organization"},"potentialAction":[{"@type":"SearchAction","target":{"@type":"EntryPoint","urlTemplate":"https:\/\/www.hechforming.com\/?s={search_term_string}"},"query-input":{"@type":"PropertyValueSpecification","valueRequired":true,"valueName":"search_term_string"}}],"inLanguage":"es"},{"@type":"Organization","@id":"https:\/\/www.hechforming.com\/#organization","name":"Cangzhou Hechuang Machinery Manufacturer Co.,ltd","url":"https:\/\/www.hechforming.com\/","logo":{"@type":"ImageObject","inLanguage":"es","@id":"https:\/\/www.hechforming.com\/#\/schema\/logo\/image\/","url":"https:\/\/www.hechforming.com\/wp-content\/uploads\/2025\/03\/cropped-hechuang-roll-forming-machine-1-300x300-1.webp","contentUrl":"https:\/\/www.hechforming.com\/wp-content\/uploads\/2025\/03\/cropped-hechuang-roll-forming-machine-1-300x300-1.webp","width":300,"height":300,"caption":"Cangzhou Hechuang Machinery Manufacturer Co.,ltd"},"image":{"@id":"https:\/\/www.hechforming.com\/#\/schema\/logo\/image\/"},"sameAs":["https:\/\/www.facebook.com\/hechuangmachine\/","https:\/\/www.linkedin.com\/in\/cherry-steel-sheet-roll-forming-machine-58901b233\/","https:\/\/www.youtube.com\/@CANGZHOUHECHUANGMACHINER-fp1jg"]}]}},"_links":{"self":[{"href":"https:\/\/www.hechforming.com\/es\/wp-json\/wp\/v2\/product\/3693","targetHints":{"allow":["GET"]}}],"collection":[{"href":"https:\/\/www.hechforming.com\/es\/wp-json\/wp\/v2\/product"}],"about":[{"href":"https:\/\/www.hechforming.com\/es\/wp-json\/wp\/v2\/types\/product"}],"wp:featuredmedia":[{"embeddable":true,"href":"https:\/\/www.hechforming.com\/es\/wp-json\/wp\/v2\/media\/3694"}],"wp:attachment":[{"href":"https:\/\/www.hechforming.com\/es\/wp-json\/wp\/v2\/media?parent=3693"}],"wp:term":[{"taxonomy":"product_cat","embeddable":true,"href":"https:\/\/www.hechforming.com\/es\/wp-json\/wp\/v2\/product_cat?post=3693"},{"taxonomy":"product_tag","embeddable":true,"href":"https:\/\/www.hechforming.com\/es\/wp-json\/wp\/v2\/product_tag?post=3693"}],"curies":[{"name":"wp","href":"https:\/\/api.w.org\/{rel}","templated":true}]}}