{"id":3706,"date":"2025-04-28T13:48:22","date_gmt":"2025-04-28T05:48:22","guid":{"rendered":"https:\/\/www.hechforming.com\/?post_type=product&#038;p=3706"},"modified":"2025-07-08T16:14:00","modified_gmt":"2025-07-08T08:14:00","slug":"400430-standing-seam-metal-roof-roll-forming-machine","status":"publish","type":"product","link":"https:\/\/www.hechforming.com\/es\/producto\/400430-standing-seam-metal-roof-roll-formando-equipo\/","title":{"rendered":"M\u00e1quina Perfiladora de Techo Met\u00e1lico de Juntas Planas 400&amp;430"},"content":{"rendered":"<h4>Especificaci\u00f3n de la m\u00e1quina formadora de juntas planas<\/h4>\n<p>&nbsp;<\/p>\n<ul data-start=\"110\" data-end=\"946\">\n<li class=\"\" data-start=\"110\" data-end=\"183\">\n<p class=\"\" data-start=\"112\" data-end=\"183\"><strong data-start=\"112\" data-end=\"135\">Grosor del material:<\/strong>\u00a00,3 mm - 0,8 mm<\/p>\n<\/li>\n<li class=\"\" data-start=\"184\" data-end=\"253\">\n<p class=\"\" data-start=\"186\" data-end=\"253\"><strong data-start=\"186\" data-end=\"206\">Estaciones de rodillos:<\/strong>\u00a012-16 (dependiendo de la configuraci\u00f3n de la m\u00e1quina)<\/p>\n<\/li>\n<li class=\"\" data-start=\"254\" data-end=\"289\">\n<p class=\"\" data-start=\"256\" data-end=\"289\"><strong data-start=\"256\" data-end=\"266\">Velocidad:<\/strong>\u00a010-25m\/min<\/p>\n<\/li>\n<li class=\"\" data-start=\"290\" data-end=\"361\">\n<p class=\"\" data-start=\"292\" data-end=\"361\"><strong data-start=\"292\" data-end=\"304\">Tensi\u00f3n:<\/strong>\u00a0380 V, 50 Hz, trif\u00e1sico (personalizable para diferentes regiones)<\/p>\n<\/li>\n<li class=\"\" data-start=\"362\" data-end=\"423\">\n<p class=\"\" data-start=\"364\" data-end=\"423\"><strong data-start=\"364\" data-end=\"374\">Poder:<\/strong>\u00a05,5 kW - 7,5 kW (seg\u00fan el modelo de m\u00e1quina)<\/p>\n<\/li>\n<li class=\"\" data-start=\"424\" data-end=\"469\">\n<p class=\"\" data-start=\"426\" data-end=\"469\"><strong data-start=\"426\" data-end=\"437\">Peso:<\/strong>\u00a0Aproximadamente 3.500 kg - 4.500 kg<\/p>\n<\/li>\n<li class=\"\" data-start=\"470\" data-end=\"524\">\n<p class=\"\" data-start=\"472\" data-end=\"524\"><strong data-start=\"472\" data-end=\"487\">Dimensiones:<\/strong>\u00a08000 mm (largo) x 1200 mm (ancho) x 1500 mm (alto)<\/p>\n<\/li>\n<li class=\"\" data-start=\"525\" data-end=\"572\">\n<p class=\"\" data-start=\"527\" data-end=\"572\"><strong data-start=\"527\" data-end=\"543\">Ancho del panel:<\/strong>\u00a0350 mm<\/p>\n<\/li>\n<li class=\"\" data-start=\"639\" data-end=\"700\">\n<p class=\"\" data-start=\"641\" data-end=\"700\"><strong data-start=\"641\" data-end=\"660\">Sistema de control:<\/strong>\u00a0Control PLC con interfaz de pantalla t\u00e1ctil<\/p>\n<\/li>\n<li class=\"\" data-start=\"701\" data-end=\"765\">\n<p class=\"\" data-start=\"703\" data-end=\"765\"><strong data-start=\"703\" data-end=\"722\">Sistema de corte:<\/strong>\u00a0Corte hidr\u00e1ulico o mec\u00e1nico (opcional)<\/p>\n<\/li>\n<li class=\"\" data-start=\"766\" data-end=\"850\">\n<p class=\"\" data-start=\"768\" data-end=\"850\"><strong data-start=\"768\" data-end=\"792\">Materiales admitidos:<\/strong>\u00a0Acero galvanizado, aluminio, acero inoxidable, acero revestido<\/p>\n<\/li>\n<li class=\"\" data-start=\"851\" data-end=\"943\">\n<p class=\"\" data-start=\"853\" data-end=\"943\"><strong data-start=\"853\" data-end=\"877\">Capacidad de producci\u00f3n:<\/strong>\u00a0Hasta 2000 metros por d\u00eda (dependiendo del tama\u00f1o y grosor del panel)<\/p>\n<p><img fetchpriority=\"high\" decoding=\"async\" class=\"wp-image-3709\" src=\"https:\/\/www.hechforming.com\/wp-content\/uploads\/2025\/04\/3-2-300x225.webp\" alt=\"m\u00e1quina de coser de pie\" width=\"411\" height=\"308\" srcset=\"https:\/\/www.hechforming.com\/wp-content\/uploads\/2025\/04\/3-2-300x225.webp 300w, https:\/\/www.hechforming.com\/wp-content\/uploads\/2025\/04\/3-2-1024x768.webp 1024w, https:\/\/www.hechforming.com\/wp-content\/uploads\/2025\/04\/3-2-768x576.webp 768w, https:\/\/www.hechforming.com\/wp-content\/uploads\/2025\/04\/3-2-1536x1152.webp 1536w, https:\/\/www.hechforming.com\/wp-content\/uploads\/2025\/04\/3-2-16x12.webp 16w, https:\/\/www.hechforming.com\/wp-content\/uploads\/2025\/04\/3-2-600x450.webp 600w, https:\/\/www.hechforming.com\/wp-content\/uploads\/2025\/04\/3-2.webp 1706w\" sizes=\"(max-width: 411px) 100vw, 411px\" \/><\/p>\n<p><img decoding=\"async\" class=\"alignnone wp-image-3712\" src=\"https:\/\/www.hechforming.com\/wp-content\/uploads\/2025\/04\/7aef87d52b1c3e62810784417a8bdd3-271x300.webp\" alt=\"m\u00e1quina de coser de pie\" width=\"512\" height=\"567\" srcset=\"https:\/\/www.hechforming.com\/wp-content\/uploads\/2025\/04\/7aef87d52b1c3e62810784417a8bdd3-271x300.webp 271w, https:\/\/www.hechforming.com\/wp-content\/uploads\/2025\/04\/7aef87d52b1c3e62810784417a8bdd3-11x12.webp 11w, https:\/\/www.hechforming.com\/wp-content\/uploads\/2025\/04\/7aef87d52b1c3e62810784417a8bdd3.webp 440w\" sizes=\"(max-width: 512px) 100vw, 512px\" \/><\/p>\n<h5>Otra forma del tejado de junta alzada<\/h5>\n<p><img decoding=\"async\" class=\"alignnone wp-image-3703\" src=\"https:\/\/www.hechforming.com\/wp-content\/uploads\/2025\/04\/standing-seam-machine-10-300x169.webp\" alt=\"\" width=\"607\" height=\"342\" srcset=\"https:\/\/www.hechforming.com\/wp-content\/uploads\/2025\/04\/standing-seam-machine-10-300x169.webp 300w, https:\/\/www.hechforming.com\/wp-content\/uploads\/2025\/04\/standing-seam-machine-10-1024x576.webp 1024w, https:\/\/www.hechforming.com\/wp-content\/uploads\/2025\/04\/standing-seam-machine-10-768x432.webp 768w, https:\/\/www.hechforming.com\/wp-content\/uploads\/2025\/04\/standing-seam-machine-10-1536x864.webp 1536w, https:\/\/www.hechforming.com\/wp-content\/uploads\/2025\/04\/standing-seam-machine-10-2048x1152.webp 2048w, https:\/\/www.hechforming.com\/wp-content\/uploads\/2025\/04\/standing-seam-machine-10-18x10.webp 18w, https:\/\/www.hechforming.com\/wp-content\/uploads\/2025\/04\/standing-seam-machine-10-600x338.webp 600w\" sizes=\"(max-width: 607px) 100vw, 607px\" \/><\/li>\n<li class=\"\" data-start=\"851\" data-end=\"943\"><img loading=\"lazy\" decoding=\"async\" class=\"alignnone wp-image-3455\" src=\"https:\/\/www.hechforming.com\/wp-content\/uploads\/2025\/04\/1734509259899-296x300.webp\" alt=\"\" width=\"529\" height=\"536\" srcset=\"https:\/\/www.hechforming.com\/wp-content\/uploads\/2025\/04\/1734509259899-296x300.webp 296w, https:\/\/www.hechforming.com\/wp-content\/uploads\/2025\/04\/1734509259899-12x12.webp 12w, https:\/\/www.hechforming.com\/wp-content\/uploads\/2025\/04\/1734509259899-600x607.webp 600w, https:\/\/www.hechforming.com\/wp-content\/uploads\/2025\/04\/1734509259899-100x100.webp 100w, https:\/\/www.hechforming.com\/wp-content\/uploads\/2025\/04\/1734509259899.webp 746w\" sizes=\"(max-width: 529px) 100vw, 529px\" \/><\/li>\n<\/ul>","protected":false},"excerpt":{"rendered":"<p>Standing Seam Metal Roof Roll Forming Machine - una soluci\u00f3n avanzada que no s\u00f3lo cumple con los \u00faltimos est\u00e1ndares de la industria, sino que tambi\u00e9n establece nuevos puntos de referencia en la tecnolog\u00eda de techado. Desarrollada cuidadosamente mediante un profundo estudio de mercado y un posicionamiento estrat\u00e9gico, esta m\u00e1quina es un reflejo de nuestro compromiso con la innovaci\u00f3n puntera. Con una eficiencia de producci\u00f3n excepcional y una s\u00f3lida base tecnol\u00f3gica, muestra nuestra dedicaci\u00f3n a la mejora continua y la excelencia en la respuesta a las demandas siempre cambiantes del mercado. Potencie su proceso de fabricaci\u00f3n con una m\u00e1quina que representa la tecnolog\u00eda de vanguardia y un rendimiento excepcional<\/p>","protected":false},"featured_media":3713,"template":"","meta":{"site-sidebar-layout":"default","site-content-layout":"","ast-site-content-layout":"default","site-content-style":"default","site-sidebar-style":"default","ast-global-header-display":"","ast-banner-title-visibility":"","ast-main-header-display":"","ast-hfb-above-header-display":"","ast-hfb-below-header-display":"","ast-hfb-mobile-header-display":"","site-post-title":"","ast-breadcrumbs-content":"","ast-featured-img":"","footer-sml-layout":"","theme-transparent-header-meta":"default","adv-header-id-meta":"","stick-header-meta":"","header-above-stick-meta":"","header-main-stick-meta":"","header-below-stick-meta":"","astra-migrate-meta-layouts":"set","ast-page-background-enabled":"default","ast-page-background-meta":{"desktop":{"background-color":"","background-image":"","background-repeat":"repeat","background-position":"center center","background-size":"auto","background-attachment":"scroll","background-type":"","background-media":"","overlay-type":"","overlay-color":"","overlay-opacity":"","overlay-gradient":""},"tablet":{"background-color":"","background-image":"","background-repeat":"repeat","background-position":"center center","background-size":"auto","background-attachment":"scroll","background-type":"","background-media":"","overlay-type":"","overlay-color":"","overlay-opacity":"","overlay-gradient":""},"mobile":{"background-color":"","background-image":"","background-repeat":"repeat","background-position":"center center","background-size":"auto","background-attachment":"scroll","background-type":"","background-media":"","overlay-type":"","overlay-color":"","overlay-opacity":"","overlay-gradient":""}},"ast-content-background-meta":{"desktop":{"background-color":"var(--ast-global-color-5)","background-image":"","background-repeat":"repeat","background-position":"center center","background-size":"auto","background-attachment":"scroll","background-type":"","background-media":"","overlay-type":"","overlay-color":"","overlay-opacity":"","overlay-gradient":""},"tablet":{"background-color":"var(--ast-global-color-5)","background-image":"","background-repeat":"repeat","background-position":"center center","background-size":"auto","background-attachment":"scroll","background-type":"","background-media":"","overlay-type":"","overlay-color":"","overlay-opacity":"","overlay-gradient":""},"mobile":{"background-color":"var(--ast-global-color-5)","background-image":"","background-repeat":"repeat","background-position":"center center","background-size":"auto","background-attachment":"scroll","background-type":"","background-media":"","overlay-type":"","overlay-color":"","overlay-opacity":"","overlay-gradient":""}}},"product_cat":[37],"product_tag":[146,126,145],"class_list":{"0":"post-3706","1":"product","2":"type-product","3":"status-publish","4":"has-post-thumbnail","6":"product_cat-standing-seam-roll-forming-machine","7":"product_tag-beam-roof-machine","8":"product_tag-standing-seam-machine","9":"product_tag-standing-seam-roof-machine","10":"desktop-align-left","11":"tablet-align-left","12":"mobile-align-left","14":"first","15":"instock","16":"shipping-taxable","17":"product-type-simple"},"yoast_head":"<!-- This site is optimized with the Yoast SEO plugin v24.8.1 - https:\/\/yoast.com\/wordpress\/plugins\/seo\/ -->\n<title>400&amp;430 Standing Seam Metal Roof Roll Forming Machine - Leading Roll Forming Machines Manufacturer &amp; Supplier<\/title>\n<meta name=\"description\" content=\"High technology standing seam roll forming machine, cangzhou hechuang machinery produce customer design roll forming machine.\" \/>\n<meta name=\"robots\" content=\"index, follow, max-snippet:-1, max-image-preview:large, max-video-preview:-1\" \/>\n<link rel=\"canonical\" href=\"https:\/\/www.hechforming.com\/es\/producto\/400430-standing-seam-metal-roof-roll-formando-equipo\/\" \/>\n<meta property=\"og:locale\" content=\"es_ES\" \/>\n<meta property=\"og:type\" content=\"article\" \/>\n<meta property=\"og:title\" content=\"400&amp;430 Standing Seam Metal Roof Roll Forming Machine - Leading Roll Forming Machines Manufacturer &amp; Supplier\" \/>\n<meta property=\"og:description\" content=\"High technology standing seam roll forming machine, cangzhou hechuang machinery produce customer design roll forming machine.\" \/>\n<meta property=\"og:url\" content=\"https:\/\/www.hechforming.com\/es\/producto\/400430-standing-seam-metal-roof-roll-formando-equipo\/\" \/>\n<meta property=\"og:site_name\" content=\"Leading Roll Forming Machines Manufacturer &amp; Supplier\" \/>\n<meta property=\"article:publisher\" content=\"https:\/\/www.facebook.com\/hechuangmachine\/\" \/>\n<meta property=\"article:modified_time\" content=\"2025-07-08T08:14:00+00:00\" \/>\n<meta property=\"og:image\" content=\"https:\/\/www.hechforming.com\/wp-content\/uploads\/2025\/04\/00101.webp\" \/>\n\t<meta property=\"og:image:width\" content=\"750\" \/>\n\t<meta property=\"og:image:height\" content=\"750\" \/>\n\t<meta property=\"og:image:type\" content=\"image\/webp\" \/>\n<meta name=\"twitter:card\" content=\"summary_large_image\" \/>\n<meta name=\"twitter:label1\" content=\"Tiempo de lectura\" \/>\n\t<meta name=\"twitter:data1\" content=\"2 minutos\" \/>\n<script type=\"application\/ld+json\" class=\"yoast-schema-graph\">{\"@context\":\"https:\/\/schema.org\",\"@graph\":[{\"@type\":\"WebPage\",\"@id\":\"https:\/\/www.hechforming.com\/product\/400430-standing-seam-metal-roof-roll-forming-machine\/\",\"url\":\"https:\/\/www.hechforming.com\/product\/400430-standing-seam-metal-roof-roll-forming-machine\/\",\"name\":\"400&430 Standing Seam Metal Roof Roll Forming Machine - Leading Roll Forming Machines Manufacturer &amp; Supplier\",\"isPartOf\":{\"@id\":\"https:\/\/www.hechforming.com\/#website\"},\"primaryImageOfPage\":{\"@id\":\"https:\/\/www.hechforming.com\/product\/400430-standing-seam-metal-roof-roll-forming-machine\/#primaryimage\"},\"image\":{\"@id\":\"https:\/\/www.hechforming.com\/product\/400430-standing-seam-metal-roof-roll-forming-machine\/#primaryimage\"},\"thumbnailUrl\":\"https:\/\/www.hechforming.com\/wp-content\/uploads\/2025\/04\/00101.webp\",\"datePublished\":\"2025-04-28T05:48:22+00:00\",\"dateModified\":\"2025-07-08T08:14:00+00:00\",\"description\":\"High technology standing seam roll forming machine, cangzhou hechuang machinery produce customer design roll forming machine.\",\"breadcrumb\":{\"@id\":\"https:\/\/www.hechforming.com\/product\/400430-standing-seam-metal-roof-roll-forming-machine\/#breadcrumb\"},\"inLanguage\":\"es\",\"potentialAction\":[{\"@type\":\"ReadAction\",\"target\":[\"https:\/\/www.hechforming.com\/product\/400430-standing-seam-metal-roof-roll-forming-machine\/\"]}]},{\"@type\":\"ImageObject\",\"inLanguage\":\"es\",\"@id\":\"https:\/\/www.hechforming.com\/product\/400430-standing-seam-metal-roof-roll-forming-machine\/#primaryimage\",\"url\":\"https:\/\/www.hechforming.com\/wp-content\/uploads\/2025\/04\/00101.webp\",\"contentUrl\":\"https:\/\/www.hechforming.com\/wp-content\/uploads\/2025\/04\/00101.webp\",\"width\":750,\"height\":750,\"caption\":\"standing seam machine\"},{\"@type\":\"BreadcrumbList\",\"@id\":\"https:\/\/www.hechforming.com\/product\/400430-standing-seam-metal-roof-roll-forming-machine\/#breadcrumb\",\"itemListElement\":[{\"@type\":\"ListItem\",\"position\":1,\"name\":\"\u9996\u9875\",\"item\":\"https:\/\/www.hechforming.com\/\"},{\"@type\":\"ListItem\",\"position\":2,\"name\":\"product\",\"item\":\"https:\/\/www.hechforming.com\/product\/\"},{\"@type\":\"ListItem\",\"position\":3,\"name\":\"400&#038;430 Standing Seam Metal Roof Roll Forming Machine\"}]},{\"@type\":\"WebSite\",\"@id\":\"https:\/\/www.hechforming.com\/#website\",\"url\":\"https:\/\/www.hechforming.com\/\",\"name\":\"Cangzhou Hechuang Machinery Manufacturer Co.,ltd\",\"description\":\"Leading Roll Forming Machines Manufacturer &amp; Supplier\",\"publisher\":{\"@id\":\"https:\/\/www.hechforming.com\/#organization\"},\"potentialAction\":[{\"@type\":\"SearchAction\",\"target\":{\"@type\":\"EntryPoint\",\"urlTemplate\":\"https:\/\/www.hechforming.com\/?s={search_term_string}\"},\"query-input\":{\"@type\":\"PropertyValueSpecification\",\"valueRequired\":true,\"valueName\":\"search_term_string\"}}],\"inLanguage\":\"es\"},{\"@type\":\"Organization\",\"@id\":\"https:\/\/www.hechforming.com\/#organization\",\"name\":\"Cangzhou Hechuang Machinery Manufacturer Co.,ltd\",\"url\":\"https:\/\/www.hechforming.com\/\",\"logo\":{\"@type\":\"ImageObject\",\"inLanguage\":\"es\",\"@id\":\"https:\/\/www.hechforming.com\/#\/schema\/logo\/image\/\",\"url\":\"https:\/\/www.hechforming.com\/wp-content\/uploads\/2025\/03\/cropped-hechuang-roll-forming-machine-1-300x300-1.webp\",\"contentUrl\":\"https:\/\/www.hechforming.com\/wp-content\/uploads\/2025\/03\/cropped-hechuang-roll-forming-machine-1-300x300-1.webp\",\"width\":300,\"height\":300,\"caption\":\"Cangzhou Hechuang Machinery Manufacturer Co.,ltd\"},\"image\":{\"@id\":\"https:\/\/www.hechforming.com\/#\/schema\/logo\/image\/\"},\"sameAs\":[\"https:\/\/www.facebook.com\/hechuangmachine\/\",\"https:\/\/www.linkedin.com\/in\/cherry-steel-sheet-roll-forming-machine-58901b233\/\",\"https:\/\/www.youtube.com\/@CANGZHOUHECHUANGMACHINER-fp1jg\"]}]}<\/script>\n<!-- \/ Yoast SEO plugin. -->","yoast_head_json":{"title":"400&430 Standing Seam Metal Roof Roll Forming Machine - Leading Roll Forming Machines Manufacturer &amp; Supplier","description":"High technology standing seam roll forming machine, cangzhou hechuang machinery produce customer design roll forming machine.","robots":{"index":"index","follow":"follow","max-snippet":"max-snippet:-1","max-image-preview":"max-image-preview:large","max-video-preview":"max-video-preview:-1"},"canonical":"https:\/\/www.hechforming.com\/es\/producto\/400430-standing-seam-metal-roof-roll-formando-equipo\/","og_locale":"es_ES","og_type":"article","og_title":"400&430 Standing Seam Metal Roof Roll Forming Machine - Leading Roll Forming Machines Manufacturer &amp; Supplier","og_description":"High technology standing seam roll forming machine, cangzhou hechuang machinery produce customer design roll forming machine.","og_url":"https:\/\/www.hechforming.com\/es\/producto\/400430-standing-seam-metal-roof-roll-formando-equipo\/","og_site_name":"Leading Roll Forming Machines Manufacturer &amp; Supplier","article_publisher":"https:\/\/www.facebook.com\/hechuangmachine\/","article_modified_time":"2025-07-08T08:14:00+00:00","og_image":[{"width":750,"height":750,"url":"https:\/\/www.hechforming.com\/wp-content\/uploads\/2025\/04\/00101.webp","type":"image\/webp"}],"twitter_card":"summary_large_image","twitter_misc":{"Tiempo de lectura":"2 minutos"},"schema":{"@context":"https:\/\/schema.org","@graph":[{"@type":"WebPage","@id":"https:\/\/www.hechforming.com\/product\/400430-standing-seam-metal-roof-roll-forming-machine\/","url":"https:\/\/www.hechforming.com\/product\/400430-standing-seam-metal-roof-roll-forming-machine\/","name":"400&430 Standing Seam Metal Roof Roll Forming Machine - Leading Roll Forming Machines Manufacturer &amp; Supplier","isPartOf":{"@id":"https:\/\/www.hechforming.com\/#website"},"primaryImageOfPage":{"@id":"https:\/\/www.hechforming.com\/product\/400430-standing-seam-metal-roof-roll-forming-machine\/#primaryimage"},"image":{"@id":"https:\/\/www.hechforming.com\/product\/400430-standing-seam-metal-roof-roll-forming-machine\/#primaryimage"},"thumbnailUrl":"https:\/\/www.hechforming.com\/wp-content\/uploads\/2025\/04\/00101.webp","datePublished":"2025-04-28T05:48:22+00:00","dateModified":"2025-07-08T08:14:00+00:00","description":"High technology standing seam roll forming machine, cangzhou hechuang machinery produce customer design roll forming machine.","breadcrumb":{"@id":"https:\/\/www.hechforming.com\/product\/400430-standing-seam-metal-roof-roll-forming-machine\/#breadcrumb"},"inLanguage":"es","potentialAction":[{"@type":"ReadAction","target":["https:\/\/www.hechforming.com\/product\/400430-standing-seam-metal-roof-roll-forming-machine\/"]}]},{"@type":"ImageObject","inLanguage":"es","@id":"https:\/\/www.hechforming.com\/product\/400430-standing-seam-metal-roof-roll-forming-machine\/#primaryimage","url":"https:\/\/www.hechforming.com\/wp-content\/uploads\/2025\/04\/00101.webp","contentUrl":"https:\/\/www.hechforming.com\/wp-content\/uploads\/2025\/04\/00101.webp","width":750,"height":750,"caption":"standing seam machine"},{"@type":"BreadcrumbList","@id":"https:\/\/www.hechforming.com\/product\/400430-standing-seam-metal-roof-roll-forming-machine\/#breadcrumb","itemListElement":[{"@type":"ListItem","position":1,"name":"\u9996\u9875","item":"https:\/\/www.hechforming.com\/"},{"@type":"ListItem","position":2,"name":"product","item":"https:\/\/www.hechforming.com\/product\/"},{"@type":"ListItem","position":3,"name":"400&#038;430 Standing Seam Metal Roof Roll Forming Machine"}]},{"@type":"WebSite","@id":"https:\/\/www.hechforming.com\/#website","url":"https:\/\/www.hechforming.com\/","name":"Cangzhou Hechuang Machinery Manufacturer Co.,ltd","description":"Leading Roll Forming Machines Manufacturer &amp; Supplier","publisher":{"@id":"https:\/\/www.hechforming.com\/#organization"},"potentialAction":[{"@type":"SearchAction","target":{"@type":"EntryPoint","urlTemplate":"https:\/\/www.hechforming.com\/?s={search_term_string}"},"query-input":{"@type":"PropertyValueSpecification","valueRequired":true,"valueName":"search_term_string"}}],"inLanguage":"es"},{"@type":"Organization","@id":"https:\/\/www.hechforming.com\/#organization","name":"Cangzhou Hechuang Machinery Manufacturer Co.,ltd","url":"https:\/\/www.hechforming.com\/","logo":{"@type":"ImageObject","inLanguage":"es","@id":"https:\/\/www.hechforming.com\/#\/schema\/logo\/image\/","url":"https:\/\/www.hechforming.com\/wp-content\/uploads\/2025\/03\/cropped-hechuang-roll-forming-machine-1-300x300-1.webp","contentUrl":"https:\/\/www.hechforming.com\/wp-content\/uploads\/2025\/03\/cropped-hechuang-roll-forming-machine-1-300x300-1.webp","width":300,"height":300,"caption":"Cangzhou Hechuang Machinery Manufacturer Co.,ltd"},"image":{"@id":"https:\/\/www.hechforming.com\/#\/schema\/logo\/image\/"},"sameAs":["https:\/\/www.facebook.com\/hechuangmachine\/","https:\/\/www.linkedin.com\/in\/cherry-steel-sheet-roll-forming-machine-58901b233\/","https:\/\/www.youtube.com\/@CANGZHOUHECHUANGMACHINER-fp1jg"]}]}},"_links":{"self":[{"href":"https:\/\/www.hechforming.com\/es\/wp-json\/wp\/v2\/product\/3706","targetHints":{"allow":["GET"]}}],"collection":[{"href":"https:\/\/www.hechforming.com\/es\/wp-json\/wp\/v2\/product"}],"about":[{"href":"https:\/\/www.hechforming.com\/es\/wp-json\/wp\/v2\/types\/product"}],"wp:featuredmedia":[{"embeddable":true,"href":"https:\/\/www.hechforming.com\/es\/wp-json\/wp\/v2\/media\/3713"}],"wp:attachment":[{"href":"https:\/\/www.hechforming.com\/es\/wp-json\/wp\/v2\/media?parent=3706"}],"wp:term":[{"taxonomy":"product_cat","embeddable":true,"href":"https:\/\/www.hechforming.com\/es\/wp-json\/wp\/v2\/product_cat?post=3706"},{"taxonomy":"product_tag","embeddable":true,"href":"https:\/\/www.hechforming.com\/es\/wp-json\/wp\/v2\/product_tag?post=3706"}],"curies":[{"name":"wp","href":"https:\/\/api.w.org\/{rel}","templated":true}]}}