{"id":3920,"date":"2025-08-16T15:26:38","date_gmt":"2025-08-16T07:26:38","guid":{"rendered":"https:\/\/www.hechforming.com\/?post_type=product&#038;p=3920"},"modified":"2025-08-16T15:41:03","modified_gmt":"2025-08-16T07:41:03","slug":"metal-steel-sheet-coil-leveling-shearing","status":"publish","type":"product","link":"https:\/\/www.hechforming.com\/es\/producto\/cizalla-de-nivelacion-de-bobinas-de-chapa-de-acero\/","title":{"rendered":"Cizalla de nivelaci\u00f3n de bobinas de chapa de acero"},"content":{"rendered":"<p><span style=\"font-size: 24px;\">M\u00e1quina enderezadora de bobinas de chapa de acero port\u00e1til, autom\u00e1tica y sencilla<\/span><\/p>\n<div class=\"magic-11\" data-spm-anchor-id=\"a2700.details-description.0.i2.4cdd1ocH1ocHBI\">\n<p><img fetchpriority=\"high\" decoding=\"async\" class=\"wp-image-3922\" src=\"https:\/\/www.hechforming.com\/wp-content\/uploads\/2025\/08\/4-300x300.webp\" alt=\"M\u00e1quina de corte longitudinal y corte longitudinal de chapa de acero de nivelaci\u00f3n autom\u00e1tica, port\u00e1til y sencilla Tres en una funci\u00f3n m\u00faltiple\" width=\"900\" height=\"900\" srcset=\"https:\/\/www.hechforming.com\/wp-content\/uploads\/2025\/08\/4-300x300.webp 300w, https:\/\/www.hechforming.com\/wp-content\/uploads\/2025\/08\/4-150x150.webp 150w, https:\/\/www.hechforming.com\/wp-content\/uploads\/2025\/08\/4-768x768.webp 768w, https:\/\/www.hechforming.com\/wp-content\/uploads\/2025\/08\/4-12x12.webp 12w, https:\/\/www.hechforming.com\/wp-content\/uploads\/2025\/08\/4-600x600.webp 600w, https:\/\/www.hechforming.com\/wp-content\/uploads\/2025\/08\/4-100x100.webp 100w, https:\/\/www.hechforming.com\/wp-content\/uploads\/2025\/08\/4.webp 800w\" sizes=\"(max-width: 900px) 100vw, 900px\" \/><\/p>\n<table style=\"border-collapse: collapse; width: 100%;\">\n<tbody>\n<tr>\n<td style=\"width: 50%;\"><img decoding=\"async\" class=\"wp-image-3926\" src=\"https:\/\/www.hechforming.com\/wp-content\/uploads\/2025\/08\/8-300x300.webp\" alt=\"M\u00e1quina de corte longitudinal y corte longitudinal de chapa de acero de nivelaci\u00f3n autom\u00e1tica, port\u00e1til y sencilla Tres en una funci\u00f3n m\u00faltiple\" width=\"400\" height=\"400\" srcset=\"https:\/\/www.hechforming.com\/wp-content\/uploads\/2025\/08\/8-300x300.webp 300w, https:\/\/www.hechforming.com\/wp-content\/uploads\/2025\/08\/8-150x150.webp 150w, https:\/\/www.hechforming.com\/wp-content\/uploads\/2025\/08\/8-768x768.webp 768w, https:\/\/www.hechforming.com\/wp-content\/uploads\/2025\/08\/8-12x12.webp 12w, https:\/\/www.hechforming.com\/wp-content\/uploads\/2025\/08\/8-600x600.webp 600w, https:\/\/www.hechforming.com\/wp-content\/uploads\/2025\/08\/8-100x100.webp 100w, https:\/\/www.hechforming.com\/wp-content\/uploads\/2025\/08\/8.webp 800w\" sizes=\"(max-width: 400px) 100vw, 400px\" \/><\/td>\n<td style=\"width: 50%;\"><img decoding=\"async\" class=\"wp-image-3924\" src=\"https:\/\/www.hechforming.com\/wp-content\/uploads\/2025\/08\/6-300x300.webp\" alt=\"M\u00e1quina de corte longitudinal y corte longitudinal de chapa de acero de nivelaci\u00f3n autom\u00e1tica, port\u00e1til y sencilla Tres en una funci\u00f3n m\u00faltiple\" width=\"400\" height=\"400\" srcset=\"https:\/\/www.hechforming.com\/wp-content\/uploads\/2025\/08\/6-300x300.webp 300w, https:\/\/www.hechforming.com\/wp-content\/uploads\/2025\/08\/6-150x150.webp 150w, https:\/\/www.hechforming.com\/wp-content\/uploads\/2025\/08\/6-768x768.webp 768w, https:\/\/www.hechforming.com\/wp-content\/uploads\/2025\/08\/6-12x12.webp 12w, https:\/\/www.hechforming.com\/wp-content\/uploads\/2025\/08\/6-600x600.webp 600w, https:\/\/www.hechforming.com\/wp-content\/uploads\/2025\/08\/6-100x100.webp 100w, https:\/\/www.hechforming.com\/wp-content\/uploads\/2025\/08\/6.webp 800w\" sizes=\"(max-width: 400px) 100vw, 400px\" \/><\/td>\n<\/tr>\n<\/tbody>\n<\/table>\n<table style=\"border-collapse: collapse; width: 100%;\">\n<tbody>\n<tr>\n<td style=\"width: 50%;\"><img loading=\"lazy\" decoding=\"async\" class=\"wp-image-3923\" src=\"https:\/\/www.hechforming.com\/wp-content\/uploads\/2025\/08\/5-300x300.webp\" alt=\"M\u00e1quina de corte longitudinal y corte longitudinal de chapa de acero de nivelaci\u00f3n autom\u00e1tica, port\u00e1til y sencilla Tres en una funci\u00f3n m\u00faltiple\" width=\"400\" height=\"400\" srcset=\"https:\/\/www.hechforming.com\/wp-content\/uploads\/2025\/08\/5-300x300.webp 300w, https:\/\/www.hechforming.com\/wp-content\/uploads\/2025\/08\/5-150x150.webp 150w, https:\/\/www.hechforming.com\/wp-content\/uploads\/2025\/08\/5-768x768.webp 768w, https:\/\/www.hechforming.com\/wp-content\/uploads\/2025\/08\/5-12x12.webp 12w, https:\/\/www.hechforming.com\/wp-content\/uploads\/2025\/08\/5-600x600.webp 600w, https:\/\/www.hechforming.com\/wp-content\/uploads\/2025\/08\/5-100x100.webp 100w, https:\/\/www.hechforming.com\/wp-content\/uploads\/2025\/08\/5.webp 800w\" sizes=\"(max-width: 400px) 100vw, 400px\" \/><\/td>\n<td style=\"width: 50%;\"><img loading=\"lazy\" decoding=\"async\" class=\"wp-image-3925\" src=\"https:\/\/www.hechforming.com\/wp-content\/uploads\/2025\/08\/7-300x300.webp\" alt=\"M\u00e1quina de corte longitudinal y corte longitudinal de chapa de acero de nivelaci\u00f3n autom\u00e1tica, port\u00e1til y sencilla Tres en una funci\u00f3n m\u00faltiple\" width=\"400\" height=\"400\" srcset=\"https:\/\/www.hechforming.com\/wp-content\/uploads\/2025\/08\/7-300x300.webp 300w, https:\/\/www.hechforming.com\/wp-content\/uploads\/2025\/08\/7-150x150.webp 150w, https:\/\/www.hechforming.com\/wp-content\/uploads\/2025\/08\/7-768x768.webp 768w, https:\/\/www.hechforming.com\/wp-content\/uploads\/2025\/08\/7-12x12.webp 12w, https:\/\/www.hechforming.com\/wp-content\/uploads\/2025\/08\/7-600x600.webp 600w, https:\/\/www.hechforming.com\/wp-content\/uploads\/2025\/08\/7-100x100.webp 100w, https:\/\/www.hechforming.com\/wp-content\/uploads\/2025\/08\/7.webp 800w\" sizes=\"(max-width: 400px) 100vw, 400px\" \/><\/td>\n<\/tr>\n<\/tbody>\n<\/table>\n<div class=\"mceTemp\"><\/div>\n<div class=\"mceTemp\"><\/div>\n<p><img loading=\"lazy\" decoding=\"async\" class=\"\" style=\"font-style: inherit; font-weight: inherit;\" src=\"https:\/\/sc04.alicdn.com\/kf\/Hd35d567ba9a94851a77935aaa1dcfd4d7\/277708559\/Hd35d567ba9a94851a77935aaa1dcfd4d7.jpg\" width=\"902\" height=\"875\" \/><\/p>\n<\/div>\n<div class=\"magic-11\" data-spm-anchor-id=\"a2700.details-description.0.i2.4cdd1ocH1ocHBI\">\n<p><img loading=\"lazy\" decoding=\"async\" class=\"wp-image-3740\" src=\"https:\/\/www.hechforming.com\/wp-content\/uploads\/2025\/05\/\u8be6\u60c5\u56fe\u7247_22-300x248.webp\" alt=\"M\u00e1quina perfiladora de perfiles C m\u00e1s barata para la venta\" width=\"900\" height=\"744\" srcset=\"https:\/\/www.hechforming.com\/wp-content\/uploads\/2025\/05\/\u8be6\u60c5\u56fe\u7247_22-300x248.webp 300w, https:\/\/www.hechforming.com\/wp-content\/uploads\/2025\/05\/\u8be6\u60c5\u56fe\u7247_22-15x12.webp 15w, https:\/\/www.hechforming.com\/wp-content\/uploads\/2025\/05\/\u8be6\u60c5\u56fe\u7247_22-600x497.webp 600w, https:\/\/www.hechforming.com\/wp-content\/uploads\/2025\/05\/\u8be6\u60c5\u56fe\u7247_22.webp 748w\" sizes=\"(max-width: 900px) 100vw, 900px\" \/><\/p>\n<div class=\"mceTemp\"><\/div>\n<p><img loading=\"lazy\" decoding=\"async\" class=\"\" style=\"font-style: inherit; font-weight: inherit;\" src=\"http:\/\/www.hechforming.com\/wp-content\/uploads\/2024\/12\/%E8%AF%A6%E6%83%85%E5%9B%BE%E7%89%87_21.avif\" alt=\"M\u00e1quina formadora de rollos de doble capa\" width=\"900\" height=\"1040\" \/><\/p>\n<h2><span style=\"color: #0000ff; font-family: arial, helvetica, sans-serif; font-size: 16px;\">1. 1. Qui\u00e9nes somos<\/span><\/h2>\n<p><span style=\"font-family: arial, helvetica, sans-serif;\">Somos una empresa de fabricaci\u00f3n con sede en Cangzhou, provincia de Hebei, China, fundada en 2013. Nuestros principales mercados de exportaci\u00f3n incluyen Sudam\u00e9rica (30%), Ocean\u00eda (20%), \u00c1frica (20%), Norteam\u00e9rica (10%), Oriente Medio (10%) y el Sudeste Asi\u00e1tico (10%). Nuestro equipo est\u00e1 formado por 11-50 profesionales dedicados a ofrecer excelencia.<\/span><\/p>\n<h2><span style=\"font-family: arial, helvetica, sans-serif; color: #0000ff; font-size: 12pt;\">2. 2. Garant\u00eda de calidad<\/span><\/h2>\n<p>Pruebas de prototipos<br \/>\nCalidad final rigurosa<\/p>\n<h2><span style=\"font-family: arial, helvetica, sans-serif; color: #0000ff; font-size: 12pt;\">3. Nuestra gama de productos<\/span><\/h2>\n<p><span style=\"font-family: arial, helvetica, sans-serif; font-size: 12pt;\">Somos especialistas en fabricaci\u00f3n: <\/span><br \/>\n<span style=\"font-family: arial, helvetica, sans-serif; font-size: 12pt;\">- Sistemas de perfilado de tejados y paredes <\/span><br \/>\n<span style=\"font-family: arial, helvetica, sans-serif; font-size: 12pt;\">- Maquinaria para la fabricaci\u00f3n de tarimas <\/span><br \/>\n<span style=\"font-family: arial, helvetica, sans-serif; font-size: 12pt;\">- Equipos de producci\u00f3n de quillas de acero ligero <\/span><br \/>\n<span style=\"font-family: arial, helvetica, sans-serif; font-size: 12pt;\">- Unidades de perfilado de correas CZ <\/span><br \/>\n<span style=\"font-family: arial, helvetica, sans-serif; font-size: 12pt;\">- Aplanadoras y cortadoras de precisi\u00f3n<\/span><\/p>\n<h2><span style=\"font-family: arial, helvetica, sans-serif; color: #0000ff; font-size: 12pt;\">4.Ventajas competitivas<\/span><\/h2>\n<p><span style=\"font-family: arial, helvetica, sans-serif; font-size: 12pt;\">\u2460 Fabricante de amplio espectro de maquinaria para tejados y equipos relacionados. <\/span><br \/>\n<span style=\"font-family: arial, helvetica, sans-serif; font-size: 12pt;\">\u2461 D\u00e9cadas de experiencia en el sector con soluciones tecnol\u00f3gicas de vanguardia. <\/span><br \/>\n<span style=\"font-family: arial, helvetica, sans-serif; font-size: 12pt;\">\u2462 Divisi\u00f3n de I+D especializada y equipo de atenci\u00f3n al cliente 24 horas al d\u00eda, 7 d\u00edas a la semana.<\/span><\/p>\n<h2><span style=\"font-family: arial, helvetica, sans-serif; color: #0000ff; font-size: 12pt;\">5. Capacidades de servicio<\/span><\/h2>\n<p><span style=\"font-family: arial, helvetica, sans-serif; font-size: 12pt;\">- Condiciones de entrega: FOB, CFR, CIF, EXW, FAS, CIP, FCA, CPT, DEQ, DDP, DDU, Entrega urgente, DAF, DES <\/span><br \/>\n<span style=\"font-family: arial, helvetica, sans-serif; font-size: 12pt;\">- Divisas de transacci\u00f3n: USD, EUR, JPY, CAD, AUD, HKD, GBP, CNY, CHF <\/span><br \/>\n<span style=\"font-family: arial, helvetica, sans-serif; font-size: 12pt;\">- Opciones de pago: T\/T, L\/C, MoneyGram, Tarjeta de cr\u00e9dito, PayPal, Western Union, Efectivo, Escrow <\/span><br \/>\n<span style=\"font-family: arial, helvetica, sans-serif; font-size: 12pt;\">- Idiomas: Ingl\u00e9s, chino, espa\u00f1ol, japon\u00e9s, alem\u00e1n, franc\u00e9s y ruso.<\/span><\/p>\n<\/div>","protected":false},"excerpt":{"rendered":"<p>La m\u00e1quina cizalla niveladora de bobinas de chapa de acero est\u00e1 dise\u00f1ada para nivelar, enderezar y cizallar bobinas con precisi\u00f3n. Garantiza un corte suave, alta precisi\u00f3n y excelente planitud para las l\u00edneas de procesamiento de chapas de acero y bobinas, ayudando a los fabricantes a mejorar la eficiencia y la calidad del producto.<\/p>","protected":false},"featured_media":3929,"template":"","meta":{"site-sidebar-layout":"default","site-content-layout":"","ast-site-content-layout":"default","site-content-style":"default","site-sidebar-style":"default","ast-global-header-display":"","ast-banner-title-visibility":"","ast-main-header-display":"","ast-hfb-above-header-display":"","ast-hfb-below-header-display":"","ast-hfb-mobile-header-display":"","site-post-title":"","ast-breadcrumbs-content":"","ast-featured-img":"","footer-sml-layout":"","theme-transparent-header-meta":"default","adv-header-id-meta":"","stick-header-meta":"","header-above-stick-meta":"","header-main-stick-meta":"","header-below-stick-meta":"","astra-migrate-meta-layouts":"set","ast-page-background-enabled":"default","ast-page-background-meta":{"desktop":{"background-color":"","background-image":"","background-repeat":"repeat","background-position":"center center","background-size":"auto","background-attachment":"scroll","background-type":"","background-media":"","overlay-type":"","overlay-color":"","overlay-opacity":"","overlay-gradient":""},"tablet":{"background-color":"","background-image":"","background-repeat":"repeat","background-position":"center center","background-size":"auto","background-attachment":"scroll","background-type":"","background-media":"","overlay-type":"","overlay-color":"","overlay-opacity":"","overlay-gradient":""},"mobile":{"background-color":"","background-image":"","background-repeat":"repeat","background-position":"center center","background-size":"auto","background-attachment":"scroll","background-type":"","background-media":"","overlay-type":"","overlay-color":"","overlay-opacity":"","overlay-gradient":""}},"ast-content-background-meta":{"desktop":{"background-color":"var(--ast-global-color-5)","background-image":"","background-repeat":"repeat","background-position":"center center","background-size":"auto","background-attachment":"scroll","background-type":"","background-media":"","overlay-type":"","overlay-color":"","overlay-opacity":"","overlay-gradient":""},"tablet":{"background-color":"var(--ast-global-color-5)","background-image":"","background-repeat":"repeat","background-position":"center center","background-size":"auto","background-attachment":"scroll","background-type":"","background-media":"","overlay-type":"","overlay-color":"","overlay-opacity":"","overlay-gradient":""},"mobile":{"background-color":"var(--ast-global-color-5)","background-image":"","background-repeat":"repeat","background-position":"center center","background-size":"auto","background-attachment":"scroll","background-type":"","background-media":"","overlay-type":"","overlay-color":"","overlay-opacity":"","overlay-gradient":""}}},"product_cat":[166],"product_tag":[172,173,171,170,174],"class_list":{"0":"post-3920","1":"product","2":"type-product","3":"status-publish","4":"has-post-thumbnail","6":"product_cat-levelingslitting-cut-to-length-machine","7":"product_tag-coil-leveling","8":"product_tag-coil-shearing-straightening","9":"product_tag-metal-steel-sheet","10":"product_tag-metal-steel-sheet-coil-leveling-shearing","11":"product_tag-steel-sheet-processing","12":"desktop-align-left","13":"tablet-align-left","14":"mobile-align-left","16":"first","17":"instock","18":"shipping-taxable","19":"product-type-simple"},"yoast_head":"<!-- This site is optimized with the Yoast SEO plugin v24.8.1 - https:\/\/yoast.com\/wordpress\/plugins\/seo\/ -->\n<title>Metal Steel Sheet Coil Leveling Shearing - Leading Roll Forming Machines Manufacturer &amp; Supplier<\/title>\n<meta name=\"description\" content=\"High-precision Metal Steel Sheet Coil Leveling Shearing Machine for cutting, straightening and processing steel coils. Boost efficiency and ensure flatness.\" \/>\n<meta name=\"robots\" content=\"index, follow, max-snippet:-1, max-image-preview:large, max-video-preview:-1\" \/>\n<link rel=\"canonical\" href=\"https:\/\/www.hechforming.com\/es\/producto\/cizalla-de-nivelacion-de-bobinas-de-chapa-de-acero\/\" \/>\n<meta property=\"og:locale\" content=\"es_ES\" \/>\n<meta property=\"og:type\" content=\"article\" \/>\n<meta property=\"og:title\" content=\"Metal Steel Sheet Coil Leveling Shearing - Leading Roll Forming Machines Manufacturer &amp; Supplier\" \/>\n<meta property=\"og:description\" content=\"High-precision Metal Steel Sheet Coil Leveling Shearing Machine for cutting, straightening and processing steel coils. Boost efficiency and ensure flatness.\" \/>\n<meta property=\"og:url\" content=\"https:\/\/www.hechforming.com\/es\/producto\/cizalla-de-nivelacion-de-bobinas-de-chapa-de-acero\/\" \/>\n<meta property=\"og:site_name\" content=\"Leading Roll Forming Machines Manufacturer &amp; Supplier\" \/>\n<meta property=\"article:publisher\" content=\"https:\/\/www.facebook.com\/hechuangmachine\/\" \/>\n<meta property=\"article:modified_time\" content=\"2025-08-16T07:41:03+00:00\" \/>\n<meta property=\"og:image\" content=\"https:\/\/www.hechforming.com\/wp-content\/uploads\/2025\/08\/11-1.webp\" \/>\n\t<meta property=\"og:image:width\" content=\"800\" \/>\n\t<meta property=\"og:image:height\" content=\"800\" \/>\n\t<meta property=\"og:image:type\" content=\"image\/webp\" \/>\n<meta name=\"twitter:card\" content=\"summary_large_image\" \/>\n<meta name=\"twitter:label1\" content=\"Tiempo de lectura\" \/>\n\t<meta name=\"twitter:data1\" content=\"3 minutos\" \/>\n<script type=\"application\/ld+json\" class=\"yoast-schema-graph\">{\"@context\":\"https:\/\/schema.org\",\"@graph\":[{\"@type\":\"WebPage\",\"@id\":\"https:\/\/www.hechforming.com\/product\/metal-steel-sheet-coil-leveling-shearing\/\",\"url\":\"https:\/\/www.hechforming.com\/product\/metal-steel-sheet-coil-leveling-shearing\/\",\"name\":\"Metal Steel Sheet Coil Leveling Shearing - Leading Roll Forming Machines Manufacturer &amp; Supplier\",\"isPartOf\":{\"@id\":\"https:\/\/www.hechforming.com\/#website\"},\"primaryImageOfPage\":{\"@id\":\"https:\/\/www.hechforming.com\/product\/metal-steel-sheet-coil-leveling-shearing\/#primaryimage\"},\"image\":{\"@id\":\"https:\/\/www.hechforming.com\/product\/metal-steel-sheet-coil-leveling-shearing\/#primaryimage\"},\"thumbnailUrl\":\"https:\/\/www.hechforming.com\/wp-content\/uploads\/2025\/08\/11-1.webp\",\"datePublished\":\"2025-08-16T07:26:38+00:00\",\"dateModified\":\"2025-08-16T07:41:03+00:00\",\"description\":\"High-precision Metal Steel Sheet Coil Leveling Shearing Machine for cutting, straightening and processing steel coils. Boost efficiency and ensure flatness.\",\"breadcrumb\":{\"@id\":\"https:\/\/www.hechforming.com\/product\/metal-steel-sheet-coil-leveling-shearing\/#breadcrumb\"},\"inLanguage\":\"es\",\"potentialAction\":[{\"@type\":\"ReadAction\",\"target\":[\"https:\/\/www.hechforming.com\/product\/metal-steel-sheet-coil-leveling-shearing\/\"]}]},{\"@type\":\"ImageObject\",\"inLanguage\":\"es\",\"@id\":\"https:\/\/www.hechforming.com\/product\/metal-steel-sheet-coil-leveling-shearing\/#primaryimage\",\"url\":\"https:\/\/www.hechforming.com\/wp-content\/uploads\/2025\/08\/11-1.webp\",\"contentUrl\":\"https:\/\/www.hechforming.com\/wp-content\/uploads\/2025\/08\/11-1.webp\",\"width\":800,\"height\":800,\"caption\":\"Automatic Simple Portable Metal Steel Sheet Coil Leveling Shearing Cut to Length and Sliting Machine Muti Function Three in One\"},{\"@type\":\"BreadcrumbList\",\"@id\":\"https:\/\/www.hechforming.com\/product\/metal-steel-sheet-coil-leveling-shearing\/#breadcrumb\",\"itemListElement\":[{\"@type\":\"ListItem\",\"position\":1,\"name\":\"\u9996\u9875\",\"item\":\"https:\/\/www.hechforming.com\/\"},{\"@type\":\"ListItem\",\"position\":2,\"name\":\"product\",\"item\":\"https:\/\/www.hechforming.com\/product\/\"},{\"@type\":\"ListItem\",\"position\":3,\"name\":\"Metal Steel Sheet Coil Leveling Shearing\"}]},{\"@type\":\"WebSite\",\"@id\":\"https:\/\/www.hechforming.com\/#website\",\"url\":\"https:\/\/www.hechforming.com\/\",\"name\":\"Cangzhou Hechuang Machinery Manufacturer Co.,ltd\",\"description\":\"Leading Roll Forming Machines Manufacturer &amp; Supplier\",\"publisher\":{\"@id\":\"https:\/\/www.hechforming.com\/#organization\"},\"potentialAction\":[{\"@type\":\"SearchAction\",\"target\":{\"@type\":\"EntryPoint\",\"urlTemplate\":\"https:\/\/www.hechforming.com\/?s={search_term_string}\"},\"query-input\":{\"@type\":\"PropertyValueSpecification\",\"valueRequired\":true,\"valueName\":\"search_term_string\"}}],\"inLanguage\":\"es\"},{\"@type\":\"Organization\",\"@id\":\"https:\/\/www.hechforming.com\/#organization\",\"name\":\"Cangzhou Hechuang Machinery Manufacturer Co.,ltd\",\"url\":\"https:\/\/www.hechforming.com\/\",\"logo\":{\"@type\":\"ImageObject\",\"inLanguage\":\"es\",\"@id\":\"https:\/\/www.hechforming.com\/#\/schema\/logo\/image\/\",\"url\":\"https:\/\/www.hechforming.com\/wp-content\/uploads\/2025\/03\/cropped-hechuang-roll-forming-machine-1-300x300-1.webp\",\"contentUrl\":\"https:\/\/www.hechforming.com\/wp-content\/uploads\/2025\/03\/cropped-hechuang-roll-forming-machine-1-300x300-1.webp\",\"width\":300,\"height\":300,\"caption\":\"Cangzhou Hechuang Machinery Manufacturer Co.,ltd\"},\"image\":{\"@id\":\"https:\/\/www.hechforming.com\/#\/schema\/logo\/image\/\"},\"sameAs\":[\"https:\/\/www.facebook.com\/hechuangmachine\/\",\"https:\/\/www.linkedin.com\/in\/cherry-steel-sheet-roll-forming-machine-58901b233\/\",\"https:\/\/www.youtube.com\/@CANGZHOUHECHUANGMACHINER-fp1jg\"]}]}<\/script>\n<!-- \/ Yoast SEO plugin. -->","yoast_head_json":{"title":"Metal Steel Sheet Coil Leveling Shearing - Leading Roll Forming Machines Manufacturer &amp; Supplier","description":"High-precision Metal Steel Sheet Coil Leveling Shearing Machine for cutting, straightening and processing steel coils. Boost efficiency and ensure flatness.","robots":{"index":"index","follow":"follow","max-snippet":"max-snippet:-1","max-image-preview":"max-image-preview:large","max-video-preview":"max-video-preview:-1"},"canonical":"https:\/\/www.hechforming.com\/es\/producto\/cizalla-de-nivelacion-de-bobinas-de-chapa-de-acero\/","og_locale":"es_ES","og_type":"article","og_title":"Metal Steel Sheet Coil Leveling Shearing - Leading Roll Forming Machines Manufacturer &amp; Supplier","og_description":"High-precision Metal Steel Sheet Coil Leveling Shearing Machine for cutting, straightening and processing steel coils. Boost efficiency and ensure flatness.","og_url":"https:\/\/www.hechforming.com\/es\/producto\/cizalla-de-nivelacion-de-bobinas-de-chapa-de-acero\/","og_site_name":"Leading Roll Forming Machines Manufacturer &amp; Supplier","article_publisher":"https:\/\/www.facebook.com\/hechuangmachine\/","article_modified_time":"2025-08-16T07:41:03+00:00","og_image":[{"width":800,"height":800,"url":"https:\/\/www.hechforming.com\/wp-content\/uploads\/2025\/08\/11-1.webp","type":"image\/webp"}],"twitter_card":"summary_large_image","twitter_misc":{"Tiempo de lectura":"3 minutos"},"schema":{"@context":"https:\/\/schema.org","@graph":[{"@type":"WebPage","@id":"https:\/\/www.hechforming.com\/product\/metal-steel-sheet-coil-leveling-shearing\/","url":"https:\/\/www.hechforming.com\/product\/metal-steel-sheet-coil-leveling-shearing\/","name":"Metal Steel Sheet Coil Leveling Shearing - Leading Roll Forming Machines Manufacturer &amp; Supplier","isPartOf":{"@id":"https:\/\/www.hechforming.com\/#website"},"primaryImageOfPage":{"@id":"https:\/\/www.hechforming.com\/product\/metal-steel-sheet-coil-leveling-shearing\/#primaryimage"},"image":{"@id":"https:\/\/www.hechforming.com\/product\/metal-steel-sheet-coil-leveling-shearing\/#primaryimage"},"thumbnailUrl":"https:\/\/www.hechforming.com\/wp-content\/uploads\/2025\/08\/11-1.webp","datePublished":"2025-08-16T07:26:38+00:00","dateModified":"2025-08-16T07:41:03+00:00","description":"High-precision Metal Steel Sheet Coil Leveling Shearing Machine for cutting, straightening and processing steel coils. Boost efficiency and ensure flatness.","breadcrumb":{"@id":"https:\/\/www.hechforming.com\/product\/metal-steel-sheet-coil-leveling-shearing\/#breadcrumb"},"inLanguage":"es","potentialAction":[{"@type":"ReadAction","target":["https:\/\/www.hechforming.com\/product\/metal-steel-sheet-coil-leveling-shearing\/"]}]},{"@type":"ImageObject","inLanguage":"es","@id":"https:\/\/www.hechforming.com\/product\/metal-steel-sheet-coil-leveling-shearing\/#primaryimage","url":"https:\/\/www.hechforming.com\/wp-content\/uploads\/2025\/08\/11-1.webp","contentUrl":"https:\/\/www.hechforming.com\/wp-content\/uploads\/2025\/08\/11-1.webp","width":800,"height":800,"caption":"Automatic Simple Portable Metal Steel Sheet Coil Leveling Shearing Cut to Length and Sliting Machine Muti Function Three in One"},{"@type":"BreadcrumbList","@id":"https:\/\/www.hechforming.com\/product\/metal-steel-sheet-coil-leveling-shearing\/#breadcrumb","itemListElement":[{"@type":"ListItem","position":1,"name":"\u9996\u9875","item":"https:\/\/www.hechforming.com\/"},{"@type":"ListItem","position":2,"name":"product","item":"https:\/\/www.hechforming.com\/product\/"},{"@type":"ListItem","position":3,"name":"Metal Steel Sheet Coil Leveling Shearing"}]},{"@type":"WebSite","@id":"https:\/\/www.hechforming.com\/#website","url":"https:\/\/www.hechforming.com\/","name":"Cangzhou Hechuang Machinery Manufacturer Co.,ltd","description":"Leading Roll Forming Machines Manufacturer &amp; Supplier","publisher":{"@id":"https:\/\/www.hechforming.com\/#organization"},"potentialAction":[{"@type":"SearchAction","target":{"@type":"EntryPoint","urlTemplate":"https:\/\/www.hechforming.com\/?s={search_term_string}"},"query-input":{"@type":"PropertyValueSpecification","valueRequired":true,"valueName":"search_term_string"}}],"inLanguage":"es"},{"@type":"Organization","@id":"https:\/\/www.hechforming.com\/#organization","name":"Cangzhou Hechuang Machinery Manufacturer Co.,ltd","url":"https:\/\/www.hechforming.com\/","logo":{"@type":"ImageObject","inLanguage":"es","@id":"https:\/\/www.hechforming.com\/#\/schema\/logo\/image\/","url":"https:\/\/www.hechforming.com\/wp-content\/uploads\/2025\/03\/cropped-hechuang-roll-forming-machine-1-300x300-1.webp","contentUrl":"https:\/\/www.hechforming.com\/wp-content\/uploads\/2025\/03\/cropped-hechuang-roll-forming-machine-1-300x300-1.webp","width":300,"height":300,"caption":"Cangzhou Hechuang Machinery Manufacturer Co.,ltd"},"image":{"@id":"https:\/\/www.hechforming.com\/#\/schema\/logo\/image\/"},"sameAs":["https:\/\/www.facebook.com\/hechuangmachine\/","https:\/\/www.linkedin.com\/in\/cherry-steel-sheet-roll-forming-machine-58901b233\/","https:\/\/www.youtube.com\/@CANGZHOUHECHUANGMACHINER-fp1jg"]}]}},"_links":{"self":[{"href":"https:\/\/www.hechforming.com\/es\/wp-json\/wp\/v2\/product\/3920","targetHints":{"allow":["GET"]}}],"collection":[{"href":"https:\/\/www.hechforming.com\/es\/wp-json\/wp\/v2\/product"}],"about":[{"href":"https:\/\/www.hechforming.com\/es\/wp-json\/wp\/v2\/types\/product"}],"wp:featuredmedia":[{"embeddable":true,"href":"https:\/\/www.hechforming.com\/es\/wp-json\/wp\/v2\/media\/3929"}],"wp:attachment":[{"href":"https:\/\/www.hechforming.com\/es\/wp-json\/wp\/v2\/media?parent=3920"}],"wp:term":[{"taxonomy":"product_cat","embeddable":true,"href":"https:\/\/www.hechforming.com\/es\/wp-json\/wp\/v2\/product_cat?post=3920"},{"taxonomy":"product_tag","embeddable":true,"href":"https:\/\/www.hechforming.com\/es\/wp-json\/wp\/v2\/product_tag?post=3920"}],"curies":[{"name":"wp","href":"https:\/\/api.w.org\/{rel}","templated":true}]}}