{"id":3967,"date":"2025-12-26T10:01:14","date_gmt":"2025-12-26T02:01:14","guid":{"rendered":"https:\/\/www.hechforming.com\/?post_type=product&#038;p=3967"},"modified":"2025-12-26T14:48:15","modified_gmt":"2025-12-26T06:48:15","slug":"double-layer-roofing-roll-forming-machine","status":"publish","type":"product","link":"https:\/\/www.hechforming.com\/es\/producto\/maquina-perfiladora-de-tejados-de-doble-capa\/","title":{"rendered":"M\u00e1quina Perfiladora de Techos de Doble Capa"},"content":{"rendered":"<p><img fetchpriority=\"high\" decoding=\"async\" class=\"\" src=\"https:\/\/www.hechforming.com\/wp-content\/uploads\/2024\/12\/%E8%AF%A6%E6%83%85%E5%9B%BE%E7%89%87_03.avif\" alt=\"M\u00e1quina formadora de rollos de doble capa\" width=\"760\" height=\"166\" \/><\/p>\n<p><span class=\"magic-15\"><b>Tomado nota<\/b><\/span>:\u00a0<b>Hay dos tipos de m\u00e1quinas de fabricaci\u00f3n de azulejos: tipo est\u00e1ndar y tipo personalizado. \u00a1\u00a1\u00a1Si necesita personalizar, por favor env\u00edenos el dibujo de dise\u00f1o, ancho de alimentaci\u00f3n, espesor y materias primas, para que podamos personalizar de acuerdo a sus necesidades, que es muy importante para nosotros!!!<\/b><\/p>\n<div class=\"id-grid id-max-h-[68px] id-overflow-hidden id-grid-cols-[2fr_3fr] id-border-b-[0.5px] id-border-[#ddd]\">\n<div class=\"id-text-sm id-p-4 id-bg-[#f8f8f8] id-flex id-items-center\" title=\"Delgadez rodante\">\n<div class=\"id-line-clamp-2 id-leading-[18px]\"><img decoding=\"async\" src=\"https:\/\/www.hechforming.com\/wp-content\/uploads\/2024\/12\/%E8%AF%A6%E6%83%85%E5%9B%BE%E7%89%87_04.avif\" alt=\"M\u00e1quina formadora de rollos de doble capa\" \/><\/div>\n<div><\/div>\n<\/div>\n<\/div>\n<div class=\"id-grid id-max-h-[68px] id-overflow-hidden id-grid-cols-[2fr_3fr] id-border-b-[0.5px] id-border-[#ddd]\">\n<div class=\"id-text-sm id-p-4 id-bg-[#f8f8f8] id-flex id-items-center\" title=\"Nombre\"><\/div>\n<div class=\"id-text-sm id-font-medium id-p-4 id-flex id-items-center id-flex-wrap\" title=\"perfiladora de esmalte trapezoidal y ondulado\"><\/div>\n<\/div>\n<div class=\"id-grid id-max-h-[68px] id-overflow-hidden id-grid-cols-[2fr_3fr] id-border-b-[0.5px] id-border-[#ddd]\">\n<div class=\"id-text-sm id-font-medium id-p-4 id-flex id-items-center id-flex-wrap\" title=\"Cr12 Mov tratamiento templado 58\u2103-62\u2103\">\n<table style=\"border-collapse: collapse; width: 74.869%; height: 674px;\">\n<tbody>\n<tr style=\"height: 69px;\">\n<td style=\"width: 8.83895%; height: 69px;\">1<\/td>\n<td class=\"et4\" style=\"width: 33.6891%; height: 69px;\" width=\"219\">Materia prima<\/td>\n<td style=\"width: 38.839%; height: 69px;\">Chapa de acero de color o galvanizada<\/td>\n<\/tr>\n<tr style=\"height: 53px;\">\n<td style=\"width: 8.83895%; height: 53px;\">2<\/td>\n<td style=\"width: 33.6891%; height: 53px;\">Material del rodillo de moldeo<\/td>\n<td style=\"width: 38.839%; height: 53px;\">Acero 45# de alta calidad, superficie cromada espesor 0,05 mm<\/td>\n<\/tr>\n<tr style=\"height: 53px;\">\n<td style=\"width: 8.83895%; height: 53px;\">3<\/td>\n<td style=\"width: 33.6891%; height: 53px;\">Material del eje<\/td>\n<td style=\"width: 38.839%; height: 53px;\">ACERO 45# con temple y revenido<\/td>\n<\/tr>\n<tr style=\"height: 53px;\">\n<td style=\"width: 8.83895%; height: 53px;\">4<\/td>\n<td style=\"width: 33.6891%; height: 53px;\">Di\u00e1metro del eje<\/td>\n<td style=\"width: 38.839%; height: 53px;\">70mm, eje s\u00f3lido<\/td>\n<\/tr>\n<tr style=\"height: 53px;\">\n<td style=\"width: 8.83895%; height: 53px;\">5<\/td>\n<td style=\"width: 33.6891%; height: 53px;\">Cuerpo de la m\u00e1quina<\/td>\n<td style=\"width: 38.839%; height: 53px;\">Acero 350H soldado<\/td>\n<\/tr>\n<tr style=\"height: 53px;\">\n<td style=\"width: 8.83895%; height: 53px;\">6<\/td>\n<td style=\"width: 33.6891%; height: 53px;\">Sistema de control<\/td>\n<td style=\"width: 38.839%; height: 53px;\">Control PLC (DELTA)<\/td>\n<\/tr>\n<tr style=\"height: 53px;\">\n<td style=\"width: 8.83895%; height: 53px;\">7<\/td>\n<td style=\"width: 33.6891%; height: 53px;\">Rodamiento<\/td>\n<td style=\"width: 38.839%; height: 53px;\">Marca china Harbin<\/td>\n<\/tr>\n<tr style=\"height: 53px;\">\n<td style=\"width: 8.83895%; height: 53px;\">8<\/td>\n<td style=\"width: 33.6891%; height: 53px;\">Potencia del motor principal<\/td>\n<td style=\"width: 38.839%; height: 53px;\">5,5kw \/7,5kw(seg\u00fan tipo)<\/td>\n<\/tr>\n<\/tbody>\n<\/table>\n<figure id=\"attachment_3984\" aria-describedby=\"caption-attachment-3984\" style=\"width: 899px\" class=\"wp-caption alignnone\"><img decoding=\"async\" class=\"wp-image-3984\" src=\"https:\/\/www.hechforming.com\/wp-content\/uploads\/2025\/12\/7-300x300.webp\" alt=\"M\u00e1quina formadora de rollos de doble capa para tejados\" width=\"899\" height=\"899\" srcset=\"https:\/\/www.hechforming.com\/wp-content\/uploads\/2025\/12\/7-300x300.webp 300w, https:\/\/www.hechforming.com\/wp-content\/uploads\/2025\/12\/7-150x150.webp 150w, https:\/\/www.hechforming.com\/wp-content\/uploads\/2025\/12\/7-768x768.webp 768w, https:\/\/www.hechforming.com\/wp-content\/uploads\/2025\/12\/7-12x12.webp 12w, https:\/\/www.hechforming.com\/wp-content\/uploads\/2025\/12\/7-600x600.webp 600w, https:\/\/www.hechforming.com\/wp-content\/uploads\/2025\/12\/7-100x100.webp 100w, https:\/\/www.hechforming.com\/wp-content\/uploads\/2025\/12\/7.webp 800w\" sizes=\"(max-width: 899px) 100vw, 899px\" \/><figcaption id=\"caption-attachment-3984\" class=\"wp-caption-text\"><span style=\"font-size: 12pt;\">Caracter\u00edstica :<\/span><br \/><span style=\"font-size: 12pt;\">1.La m\u00e1quina puede utilizar chapa de acero galvanizado, chapa de blindaje de color o chapa de aluminio como chapa de material.<\/span><br \/><span style=\"font-size: 12pt;\">2.Controlling por la pantalla del ordenador PLC, operar es f\u00e1cil. 3.Running es constante y confiable, endurable sin necesidad de mantenimiento.<\/span><\/figcaption><\/figure>\n<p>&nbsp;<\/p>\n<p><img decoding=\"async\" class=\"alignleft\" src=\"https:\/\/www.hechforming.com\/wp-content\/uploads\/2024\/12\/%E8%AF%A6%E6%83%85%E5%9B%BE%E7%89%87_10.avif\" alt=\"M\u00e1quina formadora de rollos de doble capa\" width=\"401\" height=\"401\" \/><\/p>\n<div class=\"text-title\" style=\"text-align: left; padding-left: 40px;\"><strong>Decoiler de la m\u00e1quina para fabricar l\u00e1minas met\u00e1licas de acero para techos<\/strong><\/div>\n<div class=\"text-content\" style=\"text-align: left; padding-left: 40px;\"><span data-spm-anchor-id=\"a2700.details.0.i82.7eda73feWdSeZP\">La hoja del tejado hace piezas de la carga de la m\u00e1quina, marco del cargamento del decoiler que podemos ofrecer diverso tipo podemos elegir. el tipo est\u00e1ndar es manual, tambi\u00e9n puede elegir el marco el\u00e9ctrico del cargamento o el marco hidr\u00e1ulico del cargamento. Este marco de carga decoiler tambi\u00e9n puede utilizar en otro tipo de m\u00e1quina, el cliente puede comprar solo.<\/span><\/div>\n<div class=\"text-content\" style=\"text-align: right;\"><\/div>\n<div><\/div>\n<div><\/div>\n<div><\/div>\n<div><\/div>\n<div><\/div>\n<div><\/div>\n<div><\/div>\n<div><\/div>\n<div><\/div>\n<div><\/div>\n<div><img decoding=\"async\" src=\"https:\/\/www.hechforming.com\/wp-content\/uploads\/2024\/12\/%E8%AF%A6%E6%83%85%E5%9B%BE%E7%89%87_21.avif\" alt=\"M\u00e1quina formadora de rollos de doble capa\" \/><\/div>\n<div style=\"text-align: left;\"><\/div>\n<div><\/div>\n<div>\n<p>1. 1. Qui\u00e9nes somos<br \/>\nSomos una empresa de fabricaci\u00f3n con sede en Cangzhou, provincia de Hebei, China, fundada en 2013. Nuestros principales mercados de exportaci\u00f3n incluyen Sudam\u00e9rica (30%), Ocean\u00eda (20%), \u00c1frica (20%), Norteam\u00e9rica (10%), Oriente Medio (10%) y el Sudeste Asi\u00e1tico (10%). Nuestro equipo est\u00e1 formado por 11-50 profesionales dedicados a ofrecer excelencia.<\/p>\n<p>2. 2. Garant\u00eda de calidad<br \/>\nPruebas de prototipos antes de la producci\u00f3n a granel<br \/>\nRigurosos controles finales de calidad antes de la expedici\u00f3n<\/p>\n<p>3. Nuestra gama de productos<br \/>\nSomos especialistas en fabricaci\u00f3n:<br \/>\n- Sistemas de perfilado de techos y paredes<br \/>\n- Maquinaria para la fabricaci\u00f3n de tarimas<br \/>\n- Equipos de producci\u00f3n de quillas de acero ligero<br \/>\n- Unidades de perfilado de correas CZ<br \/>\n- Aplanadoras y cortadoras de precisi\u00f3n<\/p>\n<p>4.Ventajas competitivas<br \/>\n\u2460 Fabricante de amplio espectro de maquinaria para tejados y equipos relacionados.<br \/>\n\u2461 D\u00e9cadas de experiencia en el sector con soluciones tecnol\u00f3gicas de vanguardia.<br \/>\n\u2462 Divisi\u00f3n de I+D especializada y equipo de atenci\u00f3n al cliente 24 horas al d\u00eda, 7 d\u00edas a la semana.<\/p>\n<p>5. Capacidades de servicio<br \/>\n- Condiciones de entrega: FOB, CFR, CIF, EXW, FAS, CIP, FCA, CPT, DEQ, DDP, DDU, Entrega urgente, DAF, DES<br \/>\n- Divisas de transacci\u00f3n: USD, EUR, JPY, CAD, AUD, HKD, GBP, CNY, CHF<br \/>\n- Opciones de pago: T\/T, L\/C, MoneyGram, Tarjeta de cr\u00e9dito, PayPal, Western Union, Efectivo, Escrow<br \/>\n- Idiomas: Ingl\u00e9s, chino, espa\u00f1ol, japon\u00e9s, alem\u00e1n, franc\u00e9s y ruso.<\/p>\n<\/div>\n<div><\/div>\n<div><\/div>\n<div><\/div>\n<div><\/div>\n<div><\/div>\n<div><\/div>\n<div><\/div>\n<div><\/div>\n<div class=\"text-content\" style=\"text-align: right;\"><span data-spm-anchor-id=\"a2700.details.0.i82.7eda73feWdSeZP\">.<\/span><\/div>\n<\/div>\n<\/div>","protected":false},"excerpt":{"rendered":"<p>La m\u00e1quina de conformado de chapa met\u00e1lica de doble capa adopta una estructura de prensado de rodillos de doble capa superior e inferior, lo que permite que una m\u00e1quina produzca dos especificaciones diferentes de chapas met\u00e1licas. La conversi\u00f3n r\u00e1pida se logra mediante el cambio de capas de formaci\u00f3n, ahorrando significativamente el espacio y la inversi\u00f3n en equipos. El equipo funciona de forma estable y tiene una alta precisi\u00f3n de conformado, y es ampliamente utilizado en la producci\u00f3n de chapas met\u00e1licas arquitect\u00f3nicas, tales como paneles de techo y paneles de pared.<\/p>","protected":false},"featured_media":3978,"template":"","meta":{"site-sidebar-layout":"default","site-content-layout":"","ast-site-content-layout":"default","site-content-style":"default","site-sidebar-style":"default","ast-global-header-display":"","ast-banner-title-visibility":"","ast-main-header-display":"","ast-hfb-above-header-display":"","ast-hfb-below-header-display":"","ast-hfb-mobile-header-display":"","site-post-title":"","ast-breadcrumbs-content":"","ast-featured-img":"","footer-sml-layout":"","theme-transparent-header-meta":"default","adv-header-id-meta":"","stick-header-meta":"","header-above-stick-meta":"","header-main-stick-meta":"","header-below-stick-meta":"","astra-migrate-meta-layouts":"set","ast-page-background-enabled":"default","ast-page-background-meta":{"desktop":{"background-color":"","background-image":"","background-repeat":"repeat","background-position":"center center","background-size":"auto","background-attachment":"scroll","background-type":"","background-media":"","overlay-type":"","overlay-color":"","overlay-opacity":"","overlay-gradient":""},"tablet":{"background-color":"","background-image":"","background-repeat":"repeat","background-position":"center center","background-size":"auto","background-attachment":"scroll","background-type":"","background-media":"","overlay-type":"","overlay-color":"","overlay-opacity":"","overlay-gradient":""},"mobile":{"background-color":"","background-image":"","background-repeat":"repeat","background-position":"center center","background-size":"auto","background-attachment":"scroll","background-type":"","background-media":"","overlay-type":"","overlay-color":"","overlay-opacity":"","overlay-gradient":""}},"ast-content-background-meta":{"desktop":{"background-color":"var(--ast-global-color-5)","background-image":"","background-repeat":"repeat","background-position":"center center","background-size":"auto","background-attachment":"scroll","background-type":"","background-media":"","overlay-type":"","overlay-color":"","overlay-opacity":"","overlay-gradient":""},"tablet":{"background-color":"var(--ast-global-color-5)","background-image":"","background-repeat":"repeat","background-position":"center center","background-size":"auto","background-attachment":"scroll","background-type":"","background-media":"","overlay-type":"","overlay-color":"","overlay-opacity":"","overlay-gradient":""},"mobile":{"background-color":"var(--ast-global-color-5)","background-image":"","background-repeat":"repeat","background-position":"center center","background-size":"auto","background-attachment":"scroll","background-type":"","background-media":"","overlay-type":"","overlay-color":"","overlay-opacity":"","overlay-gradient":""}}},"product_cat":[16,183,33],"product_tag":[159,176],"class_list":{"0":"post-3967","1":"product","2":"type-product","3":"status-publish","4":"has-post-thumbnail","6":"product_cat-uncategorized","7":"product_cat-double-layer-roll-forming-machine","8":"product_cat-roof-roll-forming-machine","9":"product_tag-double-layer-roof-tile-making-machine","10":"product_tag-double-layer-roofing-tile-making","11":"desktop-align-left","12":"tablet-align-left","13":"mobile-align-left","15":"first","16":"instock","17":"shipping-taxable","18":"product-type-simple"},"yoast_head":"<!-- This site is optimized with the Yoast SEO plugin v24.8.1 - https:\/\/yoast.com\/wordpress\/plugins\/seo\/ -->\n<title>Double Layer Roofing Roll Forming Machine - Leading Roll Forming Machines Manufacturer &amp; Supplier<\/title>\n<meta name=\"description\" content=\"High efficiency double layer roll forming machine for steel roofing sheets. Two different profiles in one machine, easy operation, stable and cost-saving.\" \/>\n<meta name=\"robots\" content=\"index, follow, max-snippet:-1, max-image-preview:large, max-video-preview:-1\" \/>\n<link rel=\"canonical\" href=\"https:\/\/www.hechforming.com\/es\/producto\/maquina-perfiladora-de-tejados-de-doble-capa\/\" \/>\n<meta property=\"og:locale\" content=\"es_ES\" \/>\n<meta property=\"og:type\" content=\"article\" \/>\n<meta property=\"og:title\" content=\"Double Layer Roofing Roll Forming Machine - Leading Roll Forming Machines Manufacturer &amp; Supplier\" \/>\n<meta property=\"og:description\" content=\"High efficiency double layer roll forming machine for steel roofing sheets. Two different profiles in one machine, easy operation, stable and cost-saving.\" \/>\n<meta property=\"og:url\" content=\"https:\/\/www.hechforming.com\/es\/producto\/maquina-perfiladora-de-tejados-de-doble-capa\/\" \/>\n<meta property=\"og:site_name\" content=\"Leading Roll Forming Machines Manufacturer &amp; Supplier\" \/>\n<meta property=\"article:publisher\" content=\"https:\/\/www.facebook.com\/hechuangmachine\/\" \/>\n<meta property=\"article:modified_time\" content=\"2025-12-26T06:48:15+00:00\" \/>\n<meta property=\"og:image\" content=\"https:\/\/www.hechforming.com\/wp-content\/uploads\/2025\/12\/22.webp\" \/>\n\t<meta property=\"og:image:width\" content=\"800\" \/>\n\t<meta property=\"og:image:height\" content=\"800\" \/>\n\t<meta property=\"og:image:type\" content=\"image\/webp\" \/>\n<meta name=\"twitter:card\" content=\"summary_large_image\" \/>\n<meta name=\"twitter:label1\" content=\"Tiempo de lectura\" \/>\n\t<meta name=\"twitter:data1\" content=\"3 minutos\" \/>\n<script type=\"application\/ld+json\" class=\"yoast-schema-graph\">{\"@context\":\"https:\/\/schema.org\",\"@graph\":[{\"@type\":\"WebPage\",\"@id\":\"https:\/\/www.hechforming.com\/product\/double-layer-roofing-roll-forming-machine\/\",\"url\":\"https:\/\/www.hechforming.com\/product\/double-layer-roofing-roll-forming-machine\/\",\"name\":\"Double Layer Roofing Roll Forming Machine - Leading Roll Forming Machines Manufacturer &amp; Supplier\",\"isPartOf\":{\"@id\":\"https:\/\/www.hechforming.com\/#website\"},\"primaryImageOfPage\":{\"@id\":\"https:\/\/www.hechforming.com\/product\/double-layer-roofing-roll-forming-machine\/#primaryimage\"},\"image\":{\"@id\":\"https:\/\/www.hechforming.com\/product\/double-layer-roofing-roll-forming-machine\/#primaryimage\"},\"thumbnailUrl\":\"https:\/\/www.hechforming.com\/wp-content\/uploads\/2025\/12\/22.webp\",\"datePublished\":\"2025-12-26T02:01:14+00:00\",\"dateModified\":\"2025-12-26T06:48:15+00:00\",\"description\":\"High efficiency double layer roll forming machine for steel roofing sheets. Two different profiles in one machine, easy operation, stable and cost-saving.\",\"breadcrumb\":{\"@id\":\"https:\/\/www.hechforming.com\/product\/double-layer-roofing-roll-forming-machine\/#breadcrumb\"},\"inLanguage\":\"es\",\"potentialAction\":[{\"@type\":\"ReadAction\",\"target\":[\"https:\/\/www.hechforming.com\/product\/double-layer-roofing-roll-forming-machine\/\"]}]},{\"@type\":\"ImageObject\",\"inLanguage\":\"es\",\"@id\":\"https:\/\/www.hechforming.com\/product\/double-layer-roofing-roll-forming-machine\/#primaryimage\",\"url\":\"https:\/\/www.hechforming.com\/wp-content\/uploads\/2025\/12\/22.webp\",\"contentUrl\":\"https:\/\/www.hechforming.com\/wp-content\/uploads\/2025\/12\/22.webp\",\"width\":800,\"height\":800,\"caption\":\"Double layer roll forming machine roofing formng machine\"},{\"@type\":\"BreadcrumbList\",\"@id\":\"https:\/\/www.hechforming.com\/product\/double-layer-roofing-roll-forming-machine\/#breadcrumb\",\"itemListElement\":[{\"@type\":\"ListItem\",\"position\":1,\"name\":\"\u9996\u9875\",\"item\":\"https:\/\/www.hechforming.com\/\"},{\"@type\":\"ListItem\",\"position\":2,\"name\":\"product\",\"item\":\"https:\/\/www.hechforming.com\/product\/\"},{\"@type\":\"ListItem\",\"position\":3,\"name\":\"Double Layer Roofing Roll Forming Machine\"}]},{\"@type\":\"WebSite\",\"@id\":\"https:\/\/www.hechforming.com\/#website\",\"url\":\"https:\/\/www.hechforming.com\/\",\"name\":\"Cangzhou Hechuang Machinery Manufacturer Co.,ltd\",\"description\":\"Leading Roll Forming Machines Manufacturer &amp; Supplier\",\"publisher\":{\"@id\":\"https:\/\/www.hechforming.com\/#organization\"},\"potentialAction\":[{\"@type\":\"SearchAction\",\"target\":{\"@type\":\"EntryPoint\",\"urlTemplate\":\"https:\/\/www.hechforming.com\/?s={search_term_string}\"},\"query-input\":{\"@type\":\"PropertyValueSpecification\",\"valueRequired\":true,\"valueName\":\"search_term_string\"}}],\"inLanguage\":\"es\"},{\"@type\":\"Organization\",\"@id\":\"https:\/\/www.hechforming.com\/#organization\",\"name\":\"Cangzhou Hechuang Machinery Manufacturer Co.,ltd\",\"url\":\"https:\/\/www.hechforming.com\/\",\"logo\":{\"@type\":\"ImageObject\",\"inLanguage\":\"es\",\"@id\":\"https:\/\/www.hechforming.com\/#\/schema\/logo\/image\/\",\"url\":\"https:\/\/www.hechforming.com\/wp-content\/uploads\/2025\/03\/cropped-hechuang-roll-forming-machine-1-300x300-1.webp\",\"contentUrl\":\"https:\/\/www.hechforming.com\/wp-content\/uploads\/2025\/03\/cropped-hechuang-roll-forming-machine-1-300x300-1.webp\",\"width\":300,\"height\":300,\"caption\":\"Cangzhou Hechuang Machinery Manufacturer Co.,ltd\"},\"image\":{\"@id\":\"https:\/\/www.hechforming.com\/#\/schema\/logo\/image\/\"},\"sameAs\":[\"https:\/\/www.facebook.com\/hechuangmachine\/\",\"https:\/\/www.linkedin.com\/in\/cherry-steel-sheet-roll-forming-machine-58901b233\/\",\"https:\/\/www.youtube.com\/@CANGZHOUHECHUANGMACHINER-fp1jg\"]}]}<\/script>\n<!-- \/ Yoast SEO plugin. -->","yoast_head_json":{"title":"Double Layer Roofing Roll Forming Machine - Leading Roll Forming Machines Manufacturer &amp; Supplier","description":"High efficiency double layer roll forming machine for steel roofing sheets. Two different profiles in one machine, easy operation, stable and cost-saving.","robots":{"index":"index","follow":"follow","max-snippet":"max-snippet:-1","max-image-preview":"max-image-preview:large","max-video-preview":"max-video-preview:-1"},"canonical":"https:\/\/www.hechforming.com\/es\/producto\/maquina-perfiladora-de-tejados-de-doble-capa\/","og_locale":"es_ES","og_type":"article","og_title":"Double Layer Roofing Roll Forming Machine - Leading Roll Forming Machines Manufacturer &amp; Supplier","og_description":"High efficiency double layer roll forming machine for steel roofing sheets. Two different profiles in one machine, easy operation, stable and cost-saving.","og_url":"https:\/\/www.hechforming.com\/es\/producto\/maquina-perfiladora-de-tejados-de-doble-capa\/","og_site_name":"Leading Roll Forming Machines Manufacturer &amp; Supplier","article_publisher":"https:\/\/www.facebook.com\/hechuangmachine\/","article_modified_time":"2025-12-26T06:48:15+00:00","og_image":[{"width":800,"height":800,"url":"https:\/\/www.hechforming.com\/wp-content\/uploads\/2025\/12\/22.webp","type":"image\/webp"}],"twitter_card":"summary_large_image","twitter_misc":{"Tiempo de lectura":"3 minutos"},"schema":{"@context":"https:\/\/schema.org","@graph":[{"@type":"WebPage","@id":"https:\/\/www.hechforming.com\/product\/double-layer-roofing-roll-forming-machine\/","url":"https:\/\/www.hechforming.com\/product\/double-layer-roofing-roll-forming-machine\/","name":"Double Layer Roofing Roll Forming Machine - Leading Roll Forming Machines Manufacturer &amp; Supplier","isPartOf":{"@id":"https:\/\/www.hechforming.com\/#website"},"primaryImageOfPage":{"@id":"https:\/\/www.hechforming.com\/product\/double-layer-roofing-roll-forming-machine\/#primaryimage"},"image":{"@id":"https:\/\/www.hechforming.com\/product\/double-layer-roofing-roll-forming-machine\/#primaryimage"},"thumbnailUrl":"https:\/\/www.hechforming.com\/wp-content\/uploads\/2025\/12\/22.webp","datePublished":"2025-12-26T02:01:14+00:00","dateModified":"2025-12-26T06:48:15+00:00","description":"High efficiency double layer roll forming machine for steel roofing sheets. Two different profiles in one machine, easy operation, stable and cost-saving.","breadcrumb":{"@id":"https:\/\/www.hechforming.com\/product\/double-layer-roofing-roll-forming-machine\/#breadcrumb"},"inLanguage":"es","potentialAction":[{"@type":"ReadAction","target":["https:\/\/www.hechforming.com\/product\/double-layer-roofing-roll-forming-machine\/"]}]},{"@type":"ImageObject","inLanguage":"es","@id":"https:\/\/www.hechforming.com\/product\/double-layer-roofing-roll-forming-machine\/#primaryimage","url":"https:\/\/www.hechforming.com\/wp-content\/uploads\/2025\/12\/22.webp","contentUrl":"https:\/\/www.hechforming.com\/wp-content\/uploads\/2025\/12\/22.webp","width":800,"height":800,"caption":"Double layer roll forming machine roofing formng machine"},{"@type":"BreadcrumbList","@id":"https:\/\/www.hechforming.com\/product\/double-layer-roofing-roll-forming-machine\/#breadcrumb","itemListElement":[{"@type":"ListItem","position":1,"name":"\u9996\u9875","item":"https:\/\/www.hechforming.com\/"},{"@type":"ListItem","position":2,"name":"product","item":"https:\/\/www.hechforming.com\/product\/"},{"@type":"ListItem","position":3,"name":"Double Layer Roofing Roll Forming Machine"}]},{"@type":"WebSite","@id":"https:\/\/www.hechforming.com\/#website","url":"https:\/\/www.hechforming.com\/","name":"Cangzhou Hechuang Machinery Manufacturer Co.,ltd","description":"Leading Roll Forming Machines Manufacturer &amp; Supplier","publisher":{"@id":"https:\/\/www.hechforming.com\/#organization"},"potentialAction":[{"@type":"SearchAction","target":{"@type":"EntryPoint","urlTemplate":"https:\/\/www.hechforming.com\/?s={search_term_string}"},"query-input":{"@type":"PropertyValueSpecification","valueRequired":true,"valueName":"search_term_string"}}],"inLanguage":"es"},{"@type":"Organization","@id":"https:\/\/www.hechforming.com\/#organization","name":"Cangzhou Hechuang Machinery Manufacturer Co.,ltd","url":"https:\/\/www.hechforming.com\/","logo":{"@type":"ImageObject","inLanguage":"es","@id":"https:\/\/www.hechforming.com\/#\/schema\/logo\/image\/","url":"https:\/\/www.hechforming.com\/wp-content\/uploads\/2025\/03\/cropped-hechuang-roll-forming-machine-1-300x300-1.webp","contentUrl":"https:\/\/www.hechforming.com\/wp-content\/uploads\/2025\/03\/cropped-hechuang-roll-forming-machine-1-300x300-1.webp","width":300,"height":300,"caption":"Cangzhou Hechuang Machinery Manufacturer Co.,ltd"},"image":{"@id":"https:\/\/www.hechforming.com\/#\/schema\/logo\/image\/"},"sameAs":["https:\/\/www.facebook.com\/hechuangmachine\/","https:\/\/www.linkedin.com\/in\/cherry-steel-sheet-roll-forming-machine-58901b233\/","https:\/\/www.youtube.com\/@CANGZHOUHECHUANGMACHINER-fp1jg"]}]}},"_links":{"self":[{"href":"https:\/\/www.hechforming.com\/es\/wp-json\/wp\/v2\/product\/3967","targetHints":{"allow":["GET"]}}],"collection":[{"href":"https:\/\/www.hechforming.com\/es\/wp-json\/wp\/v2\/product"}],"about":[{"href":"https:\/\/www.hechforming.com\/es\/wp-json\/wp\/v2\/types\/product"}],"wp:featuredmedia":[{"embeddable":true,"href":"https:\/\/www.hechforming.com\/es\/wp-json\/wp\/v2\/media\/3978"}],"wp:attachment":[{"href":"https:\/\/www.hechforming.com\/es\/wp-json\/wp\/v2\/media?parent=3967"}],"wp:term":[{"taxonomy":"product_cat","embeddable":true,"href":"https:\/\/www.hechforming.com\/es\/wp-json\/wp\/v2\/product_cat?post=3967"},{"taxonomy":"product_tag","embeddable":true,"href":"https:\/\/www.hechforming.com\/es\/wp-json\/wp\/v2\/product_tag?post=3967"}],"curies":[{"name":"wp","href":"https:\/\/api.w.org\/{rel}","templated":true}]}}