{"id":3990,"date":"2026-01-24T11:08:28","date_gmt":"2026-01-24T03:08:28","guid":{"rendered":"https:\/\/www.hechforming.com\/?post_type=product&#038;p=3990"},"modified":"2026-01-24T11:12:26","modified_gmt":"2026-01-24T03:12:26","slug":"automatic-steel-floor-deck-roll-forming-machine","status":"publish","type":"product","link":"https:\/\/www.hechforming.com\/es\/producto\/maquina-perfiladora-automatica-de-suelos-de-acero\/","title":{"rendered":"M\u00e1quina Perfiladora Autom\u00e1tica de Piso de Acero"},"content":{"rendered":"<p>&nbsp;<\/p>\n<div class=\"ast-oembed-container\" style=\"height: 100%;\"><iframe title=\"Formadora de tarimas\" width=\"500\" height=\"281\" src=\"https:\/\/www.youtube.com\/embed\/FRQPgsgNVKw?feature=oembed\" frameborder=\"0\" allow=\"accelerometer; autoplay; clipboard-write; encrypted-media; gyroscope; picture-in-picture; web-share\" referrerpolicy=\"strict-origin-when-cross-origin\" allowfullscreen><\/iframe><\/div>\n<p>&nbsp;<\/p>\n<p><img fetchpriority=\"high\" decoding=\"async\" class=\"alignnone wp-image-3994\" src=\"https:\/\/www.hechforming.com\/wp-content\/uploads\/2026\/01\/6e60e5b5f15e92318e45fb48ce604b4b-300x121.png\" alt=\"\" width=\"1376\" height=\"555\" srcset=\"https:\/\/www.hechforming.com\/wp-content\/uploads\/2026\/01\/6e60e5b5f15e92318e45fb48ce604b4b-300x121.png 300w, https:\/\/www.hechforming.com\/wp-content\/uploads\/2026\/01\/6e60e5b5f15e92318e45fb48ce604b4b-18x7.png 18w, https:\/\/www.hechforming.com\/wp-content\/uploads\/2026\/01\/6e60e5b5f15e92318e45fb48ce604b4b-600x242.png 600w, https:\/\/www.hechforming.com\/wp-content\/uploads\/2026\/01\/6e60e5b5f15e92318e45fb48ce604b4b.png 728w\" sizes=\"(max-width: 1376px) 100vw, 1376px\" \/><\/p>\n<p>M\u00e1quina perfiladora de cubierta de piso de acero de alta calidad para proyectos de construcci\u00f3n. Rendimiento estable, control autom\u00e1tico y f\u00e1cil operaci\u00f3n.<\/p>\n<p><span style=\"font-size: 18pt;\"><strong>DESCRIBETION<\/strong><\/span><\/p>\n<p><img decoding=\"async\" class=\"alignnone wp-image-3998\" src=\"https:\/\/www.hechforming.com\/wp-content\/uploads\/2026\/01\/463c7513e9145007fed9832d96b620ac-300x236.png\" alt=\"\" width=\"1342\" height=\"1056\" srcset=\"https:\/\/www.hechforming.com\/wp-content\/uploads\/2026\/01\/463c7513e9145007fed9832d96b620ac-300x236.png 300w, https:\/\/www.hechforming.com\/wp-content\/uploads\/2026\/01\/463c7513e9145007fed9832d96b620ac-15x12.png 15w, https:\/\/www.hechforming.com\/wp-content\/uploads\/2026\/01\/463c7513e9145007fed9832d96b620ac-600x471.png 600w, https:\/\/www.hechforming.com\/wp-content\/uploads\/2026\/01\/463c7513e9145007fed9832d96b620ac.png 750w\" sizes=\"(max-width: 1342px) 100vw, 1342px\" \/><\/p>\n<p>&nbsp;<\/p>\n<p>&nbsp;<\/p>\n<p>En <strong data-start=\"90\" data-end=\"131\">M\u00e1quina Perfiladora de Piso de Acero<\/strong> se utiliza para la producci\u00f3n continua de chapas de forjado para edificios de estructura met\u00e1lica.<br data-start=\"221\" data-end=\"224\" \/>Adopta la tecnolog\u00eda de perfilado en fr\u00edo con un funcionamiento estable y una gran precisi\u00f3n de conformado.<br data-start=\"311\" data-end=\"314\" \/>La m\u00e1quina puede procesar bobinas de acero galvanizado y prepintado.<br data-start=\"377\" data-end=\"380\" \/>Las planchas de cubierta para suelos acabados tienen una gran resistencia, una buena capacidad de carga y son f\u00e1ciles de instalar.<br data-start=\"479\" data-end=\"482\" \/>Se utiliza ampliamente en proyectos de construcci\u00f3n industrial, comercial y de varios pisos.<\/p>\n<p><img decoding=\"async\" class=\"alignnone wp-image-3988\" src=\"https:\/\/www.hechforming.com\/wp-content\/uploads\/2026\/01\/4-300x300.webp\" alt=\"\" width=\"1345\" height=\"1345\" srcset=\"https:\/\/www.hechforming.com\/wp-content\/uploads\/2026\/01\/4-300x300.webp 300w, https:\/\/www.hechforming.com\/wp-content\/uploads\/2026\/01\/4-150x150.webp 150w, https:\/\/www.hechforming.com\/wp-content\/uploads\/2026\/01\/4-768x768.webp 768w, https:\/\/www.hechforming.com\/wp-content\/uploads\/2026\/01\/4-12x12.webp 12w, https:\/\/www.hechforming.com\/wp-content\/uploads\/2026\/01\/4-600x600.webp 600w, https:\/\/www.hechforming.com\/wp-content\/uploads\/2026\/01\/4-100x100.webp 100w, https:\/\/www.hechforming.com\/wp-content\/uploads\/2026\/01\/4.webp 800w\" sizes=\"(max-width: 1345px) 100vw, 1345px\" \/><\/p>\n<p><img loading=\"lazy\" decoding=\"async\" class=\"alignnone wp-image-3996\" src=\"https:\/\/www.hechforming.com\/wp-content\/uploads\/2026\/01\/c54000b8f068415d52e31a5b4c4fdd62-300x131.png\" alt=\"\" width=\"1347\" height=\"588\" srcset=\"https:\/\/www.hechforming.com\/wp-content\/uploads\/2026\/01\/c54000b8f068415d52e31a5b4c4fdd62-300x131.png 300w, https:\/\/www.hechforming.com\/wp-content\/uploads\/2026\/01\/c54000b8f068415d52e31a5b4c4fdd62-768x336.png 768w, https:\/\/www.hechforming.com\/wp-content\/uploads\/2026\/01\/c54000b8f068415d52e31a5b4c4fdd62-18x8.png 18w, https:\/\/www.hechforming.com\/wp-content\/uploads\/2026\/01\/c54000b8f068415d52e31a5b4c4fdd62-600x263.png 600w, https:\/\/www.hechforming.com\/wp-content\/uploads\/2026\/01\/c54000b8f068415d52e31a5b4c4fdd62.png 795w\" sizes=\"(max-width: 1347px) 100vw, 1347px\" \/><\/p>\n<p><img loading=\"lazy\" decoding=\"async\" class=\"alignnone wp-image-3997\" src=\"https:\/\/www.hechforming.com\/wp-content\/uploads\/2026\/01\/cd5b0a904a827ae879329c583e3ca73c-260x300.png\" alt=\"\" width=\"1354\" height=\"1562\" srcset=\"https:\/\/www.hechforming.com\/wp-content\/uploads\/2026\/01\/cd5b0a904a827ae879329c583e3ca73c-260x300.png 260w, https:\/\/www.hechforming.com\/wp-content\/uploads\/2026\/01\/cd5b0a904a827ae879329c583e3ca73c-10x12.png 10w, https:\/\/www.hechforming.com\/wp-content\/uploads\/2026\/01\/cd5b0a904a827ae879329c583e3ca73c-600x693.png 600w, https:\/\/www.hechforming.com\/wp-content\/uploads\/2026\/01\/cd5b0a904a827ae879329c583e3ca73c.png 746w\" sizes=\"(max-width: 1354px) 100vw, 1354px\" \/><\/p>\n<div class=\"J_module\">\n<div class=\"detail-decorate-json-renderer-container\">\n<div class=\"magic-1\">\n<div class=\"magic-2\">\n<div class=\"magic-3\">\n<div class=\"magic-4\"><span data-spm-anchor-id=\"a2700.details-description.0.i5.3979XvfLXvfLbQ\">P: \u00bfEs usted fabricante?<br \/>\nA: S\u00ed, somos fabricante para el rollo fr\u00edo que forma la m\u00e1quina.<\/span><\/p>\n<div data-spm-anchor-id=\"a2700.details-description.0.i2.3979XvfLXvfLbQ\"><span data-spm-anchor-id=\"a2700.details-description.0.i3.3979XvfLXvfLbQ\"><span data-spm-anchor-id=\"a2700.details-description.0.i3.3979XvfLXvfLbQ\"><br \/>\nQ: si se puede aceptar OEM? Dise\u00f1o y fabricaci\u00f3n seg\u00fan nuestra foto.<br \/>\nA: S\u00ed, podemos aceptar al OEM, pose\u00edmos al equipo experto del ingeniero, y utilizamos componentes famosos de la marca seg\u00fan sus demandas.<\/span><\/span>P: \u00bfCu\u00e1l es la garant\u00eda de nuestra m\u00e1quina?<br \/>\nR: ofrecemos 1 a\u00f1o de garant\u00eda y soporte t\u00e9cnico de por vida.<\/p>\n<p>P:\u00bfCu\u00e1ntos trabajadores se necesitan para el funcionamiento de la m\u00e1quina \uff1f<br \/>\nA: Un trabajador es engough, el uso de la m\u00e1quina autom\u00e1tica PLC sistema de control.<\/p>\n<p>P.\u00bfPuede hacerse cargo del transporte?<br \/>\nA.Yes,we owned expert export team, we can arrangement for you to your destination port or address.<\/p>\n<p>P:\u00bfQu\u00e9 servicio pueden ofrecer antes de realizar el pedido?<br \/>\nR: Sobre el servicio de pre-venta, ofrecemos soluciones profesionales de acuerdo a sus demandas, tales como el dise\u00f1o, los par\u00e1metros t\u00e9cnicos, el flujo de entrega, etc, al mismo tiempo, podemos suministrar carta de invitaci\u00f3n para su visita a nuestra f\u00e1brica y conocer m\u00e1s nuestra f\u00e1brica.<\/p>\n<p>P: \u00bfCu\u00e1l es el servicio posventa?<br \/>\nR: Proporcionaremos asistencia t\u00e9cnica de por vida y suministraremos piezas de desgaste r\u00e1pido en el plazo de 1 a\u00f1o.<\/p>\n<p>P: \u00bfCu\u00e1l es el plazo de entrega?<br \/>\nR: 35 d\u00edas tras la recepci\u00f3n del pago<\/p>\n<p>P: Instalaci\u00f3n y formaci\u00f3n<br \/>\na.If compradores visitan nuestra f\u00e1brica y comprobar el rollo que forma la m\u00e1quina, le ense\u00f1aremos c\u00f3mo instalar y utilizar la m\u00e1quina, y alsotrain sus trabajadores \/ t\u00e9cnico cara a cara.<br \/>\nb.Sin visita, le enviaremos manual de usuario y video para ense\u00f1arle a instalar y operar.<br \/>\nc.If comprador necesita nuestro t\u00e9cnico para ir a su f\u00e1brica local, podr\u00edamos ir al extranjero para guiarle de forma gratuita, pero usted debe pagar la<br \/>\nGastos de transporte y alojamiento.<\/p>\n<p>P: \u00bfQu\u00e9 puede comprarnos?<br \/>\nM\u00e1quina Perfiladora de Techo y Pared,M\u00e1quina Perfiladora de Cubierta de Piso,M\u00e1quina Perfiladora de Quilla de Acero Liviano,M\u00e1quina Perfiladora de Purlin CZ,M\u00e1quina Perfiladora de Corte de Nivelaci\u00f3n y otras m\u00e1quinas relacionadas.<\/p>\n<\/div>\n<\/div>\n<\/div>\n<\/div>\n<\/div>\n<\/div>\n<\/div>\n<div class=\"J_module\">\n<div class=\"detail-decorate-json-renderer-container\">\n<div class=\"magic-1\">\n<div class=\"magic-2\">\n<div class=\"magic-3\">\n<div class=\"magic-4\" data-spm-anchor-id=\"a2700.details-description.0.i6.3979XvfLXvfLbQ\">M\u00e1quina sopladora de botellas PET semiautom\u00e1tica M\u00e1quina para fabricar botellas M\u00e1quina para moldear botellas La m\u00e1quina para fabricar botellas PET es adecuada para producir envases y botellas de pl\u00e1stico PET de todas las formas.<\/div>\n<\/div>\n<\/div>\n<\/div>\n<\/div>\n<\/div>","protected":false},"excerpt":{"rendered":"<p>En <strong data-start=\"103\" data-end=\"144\">M\u00e1quina Perfiladora de Piso de Acero<\/strong> se utiliza para fabricar planchas met\u00e1licas de forjado para la construcci\u00f3n de edificios.<br data-start=\"214\" data-end=\"217\" \/>Se caracteriza por un funcionamiento estable, una gran precisi\u00f3n de conformado y un control sencillo.<br data-start=\"287\" data-end=\"290\" \/>La m\u00e1quina puede procesar bobinas de acero galvanizado y prepintado.<br data-start=\"353\" data-end=\"356\" \/>Las planchas de cubierta de suelo acabado tienen una gran resistencia y son f\u00e1ciles de instalar.<br data-start=\"426\" data-end=\"429\" \/>Esta m\u00e1quina es adecuada para proyectos de construcci\u00f3n industriales y comerciales.<\/p>","protected":false},"featured_media":3988,"template":"","meta":{"site-sidebar-layout":"default","site-content-layout":"","ast-site-content-layout":"default","site-content-style":"default","site-sidebar-style":"default","ast-global-header-display":"","ast-banner-title-visibility":"","ast-main-header-display":"","ast-hfb-above-header-display":"","ast-hfb-below-header-display":"","ast-hfb-mobile-header-display":"","site-post-title":"","ast-breadcrumbs-content":"","ast-featured-img":"","footer-sml-layout":"","theme-transparent-header-meta":"default","adv-header-id-meta":"","stick-header-meta":"","header-above-stick-meta":"","header-main-stick-meta":"","header-below-stick-meta":"","astra-migrate-meta-layouts":"set","ast-page-background-enabled":"default","ast-page-background-meta":{"desktop":{"background-color":"","background-image":"","background-repeat":"repeat","background-position":"center center","background-size":"auto","background-attachment":"scroll","background-type":"","background-media":"","overlay-type":"","overlay-color":"","overlay-opacity":"","overlay-gradient":""},"tablet":{"background-color":"","background-image":"","background-repeat":"repeat","background-position":"center center","background-size":"auto","background-attachment":"scroll","background-type":"","background-media":"","overlay-type":"","overlay-color":"","overlay-opacity":"","overlay-gradient":""},"mobile":{"background-color":"","background-image":"","background-repeat":"repeat","background-position":"center center","background-size":"auto","background-attachment":"scroll","background-type":"","background-media":"","overlay-type":"","overlay-color":"","overlay-opacity":"","overlay-gradient":""}},"ast-content-background-meta":{"desktop":{"background-color":"var(--ast-global-color-5)","background-image":"","background-repeat":"repeat","background-position":"center center","background-size":"auto","background-attachment":"scroll","background-type":"","background-media":"","overlay-type":"","overlay-color":"","overlay-opacity":"","overlay-gradient":""},"tablet":{"background-color":"var(--ast-global-color-5)","background-image":"","background-repeat":"repeat","background-position":"center center","background-size":"auto","background-attachment":"scroll","background-type":"","background-media":"","overlay-type":"","overlay-color":"","overlay-opacity":"","overlay-gradient":""},"mobile":{"background-color":"var(--ast-global-color-5)","background-image":"","background-repeat":"repeat","background-position":"center center","background-size":"auto","background-attachment":"scroll","background-type":"","background-media":"","overlay-type":"","overlay-color":"","overlay-opacity":"","overlay-gradient":""}}},"product_cat":[38],"product_tag":[185,186,184],"class_list":{"0":"post-3990","1":"product","2":"type-product","3":"status-publish","4":"has-post-thumbnail","6":"product_cat-floor-deck-roll-forming-machine","7":"product_tag-floor-deck-roll-forming-machine","8":"product_tag-metal-deck-roll-forming-machine","9":"product_tag-steel-floor-deck-roll-forming-machine","10":"desktop-align-left","11":"tablet-align-left","12":"mobile-align-left","14":"first","15":"instock","16":"shipping-taxable","17":"product-type-simple"},"yoast_head":"<!-- This site is optimized with the Yoast SEO plugin v24.8.1 - https:\/\/yoast.com\/wordpress\/plugins\/seo\/ -->\n<title>Automatic Steel Floor Deck Roll Forming Machine - Leading Roll Forming Machines Manufacturer &amp; Supplier<\/title>\n<meta name=\"description\" content=\"High quality steel floor deck roll forming machine for construction projects. Stable performance, automatic control, and easy operation.\" \/>\n<meta name=\"robots\" content=\"index, follow, max-snippet:-1, max-image-preview:large, max-video-preview:-1\" \/>\n<link rel=\"canonical\" href=\"https:\/\/www.hechforming.com\/es\/producto\/maquina-perfiladora-automatica-de-suelos-de-acero\/\" \/>\n<meta property=\"og:locale\" content=\"es_ES\" \/>\n<meta property=\"og:type\" content=\"article\" \/>\n<meta property=\"og:title\" content=\"Automatic Steel Floor Deck Roll Forming Machine - Leading Roll Forming Machines Manufacturer &amp; Supplier\" \/>\n<meta property=\"og:description\" content=\"High quality steel floor deck roll forming machine for construction projects. Stable performance, automatic control, and easy operation.\" \/>\n<meta property=\"og:url\" content=\"https:\/\/www.hechforming.com\/es\/producto\/maquina-perfiladora-automatica-de-suelos-de-acero\/\" \/>\n<meta property=\"og:site_name\" content=\"Leading Roll Forming Machines Manufacturer &amp; Supplier\" \/>\n<meta property=\"article:publisher\" content=\"https:\/\/www.facebook.com\/hechuangmachine\/\" \/>\n<meta property=\"article:modified_time\" content=\"2026-01-24T03:12:26+00:00\" \/>\n<meta property=\"og:image\" content=\"https:\/\/www.hechforming.com\/wp-content\/uploads\/2026\/01\/4.webp\" \/>\n\t<meta property=\"og:image:width\" content=\"800\" \/>\n\t<meta property=\"og:image:height\" content=\"800\" \/>\n\t<meta property=\"og:image:type\" content=\"image\/webp\" \/>\n<meta name=\"twitter:card\" content=\"summary_large_image\" \/>\n<meta name=\"twitter:label1\" content=\"Tiempo de lectura\" \/>\n\t<meta name=\"twitter:data1\" content=\"3 minutos\" \/>\n<script type=\"application\/ld+json\" class=\"yoast-schema-graph\">{\"@context\":\"https:\/\/schema.org\",\"@graph\":[{\"@type\":\"WebPage\",\"@id\":\"https:\/\/www.hechforming.com\/product\/automatic-steel-floor-deck-roll-forming-machine\/\",\"url\":\"https:\/\/www.hechforming.com\/product\/automatic-steel-floor-deck-roll-forming-machine\/\",\"name\":\"Automatic Steel Floor Deck Roll Forming Machine - Leading Roll Forming Machines Manufacturer &amp; Supplier\",\"isPartOf\":{\"@id\":\"https:\/\/www.hechforming.com\/#website\"},\"primaryImageOfPage\":{\"@id\":\"https:\/\/www.hechforming.com\/product\/automatic-steel-floor-deck-roll-forming-machine\/#primaryimage\"},\"image\":{\"@id\":\"https:\/\/www.hechforming.com\/product\/automatic-steel-floor-deck-roll-forming-machine\/#primaryimage\"},\"thumbnailUrl\":\"https:\/\/www.hechforming.com\/wp-content\/uploads\/2026\/01\/4.webp\",\"datePublished\":\"2026-01-24T03:08:28+00:00\",\"dateModified\":\"2026-01-24T03:12:26+00:00\",\"description\":\"High quality steel floor deck roll forming machine for construction projects. Stable performance, automatic control, and easy operation.\",\"breadcrumb\":{\"@id\":\"https:\/\/www.hechforming.com\/product\/automatic-steel-floor-deck-roll-forming-machine\/#breadcrumb\"},\"inLanguage\":\"es\",\"potentialAction\":[{\"@type\":\"ReadAction\",\"target\":[\"https:\/\/www.hechforming.com\/product\/automatic-steel-floor-deck-roll-forming-machine\/\"]}]},{\"@type\":\"ImageObject\",\"inLanguage\":\"es\",\"@id\":\"https:\/\/www.hechforming.com\/product\/automatic-steel-floor-deck-roll-forming-machine\/#primaryimage\",\"url\":\"https:\/\/www.hechforming.com\/wp-content\/uploads\/2026\/01\/4.webp\",\"contentUrl\":\"https:\/\/www.hechforming.com\/wp-content\/uploads\/2026\/01\/4.webp\",\"width\":800,\"height\":800},{\"@type\":\"BreadcrumbList\",\"@id\":\"https:\/\/www.hechforming.com\/product\/automatic-steel-floor-deck-roll-forming-machine\/#breadcrumb\",\"itemListElement\":[{\"@type\":\"ListItem\",\"position\":1,\"name\":\"\u9996\u9875\",\"item\":\"https:\/\/www.hechforming.com\/\"},{\"@type\":\"ListItem\",\"position\":2,\"name\":\"product\",\"item\":\"https:\/\/www.hechforming.com\/product\/\"},{\"@type\":\"ListItem\",\"position\":3,\"name\":\"Automatic Steel Floor Deck Roll Forming Machine\"}]},{\"@type\":\"WebSite\",\"@id\":\"https:\/\/www.hechforming.com\/#website\",\"url\":\"https:\/\/www.hechforming.com\/\",\"name\":\"Cangzhou Hechuang Machinery Manufacturer Co.,ltd\",\"description\":\"Leading Roll Forming Machines Manufacturer &amp; Supplier\",\"publisher\":{\"@id\":\"https:\/\/www.hechforming.com\/#organization\"},\"potentialAction\":[{\"@type\":\"SearchAction\",\"target\":{\"@type\":\"EntryPoint\",\"urlTemplate\":\"https:\/\/www.hechforming.com\/?s={search_term_string}\"},\"query-input\":{\"@type\":\"PropertyValueSpecification\",\"valueRequired\":true,\"valueName\":\"search_term_string\"}}],\"inLanguage\":\"es\"},{\"@type\":\"Organization\",\"@id\":\"https:\/\/www.hechforming.com\/#organization\",\"name\":\"Cangzhou Hechuang Machinery Manufacturer Co.,ltd\",\"url\":\"https:\/\/www.hechforming.com\/\",\"logo\":{\"@type\":\"ImageObject\",\"inLanguage\":\"es\",\"@id\":\"https:\/\/www.hechforming.com\/#\/schema\/logo\/image\/\",\"url\":\"https:\/\/www.hechforming.com\/wp-content\/uploads\/2025\/03\/cropped-hechuang-roll-forming-machine-1-300x300-1.webp\",\"contentUrl\":\"https:\/\/www.hechforming.com\/wp-content\/uploads\/2025\/03\/cropped-hechuang-roll-forming-machine-1-300x300-1.webp\",\"width\":300,\"height\":300,\"caption\":\"Cangzhou Hechuang Machinery Manufacturer Co.,ltd\"},\"image\":{\"@id\":\"https:\/\/www.hechforming.com\/#\/schema\/logo\/image\/\"},\"sameAs\":[\"https:\/\/www.facebook.com\/hechuangmachine\/\",\"https:\/\/www.linkedin.com\/in\/cherry-steel-sheet-roll-forming-machine-58901b233\/\",\"https:\/\/www.youtube.com\/@CANGZHOUHECHUANGMACHINER-fp1jg\"]}]}<\/script>\n<!-- \/ Yoast SEO plugin. -->","yoast_head_json":{"title":"Automatic Steel Floor Deck Roll Forming Machine - Leading Roll Forming Machines Manufacturer &amp; Supplier","description":"High quality steel floor deck roll forming machine for construction projects. Stable performance, automatic control, and easy operation.","robots":{"index":"index","follow":"follow","max-snippet":"max-snippet:-1","max-image-preview":"max-image-preview:large","max-video-preview":"max-video-preview:-1"},"canonical":"https:\/\/www.hechforming.com\/es\/producto\/maquina-perfiladora-automatica-de-suelos-de-acero\/","og_locale":"es_ES","og_type":"article","og_title":"Automatic Steel Floor Deck Roll Forming Machine - Leading Roll Forming Machines Manufacturer &amp; Supplier","og_description":"High quality steel floor deck roll forming machine for construction projects. Stable performance, automatic control, and easy operation.","og_url":"https:\/\/www.hechforming.com\/es\/producto\/maquina-perfiladora-automatica-de-suelos-de-acero\/","og_site_name":"Leading Roll Forming Machines Manufacturer &amp; Supplier","article_publisher":"https:\/\/www.facebook.com\/hechuangmachine\/","article_modified_time":"2026-01-24T03:12:26+00:00","og_image":[{"width":800,"height":800,"url":"https:\/\/www.hechforming.com\/wp-content\/uploads\/2026\/01\/4.webp","type":"image\/webp"}],"twitter_card":"summary_large_image","twitter_misc":{"Tiempo de lectura":"3 minutos"},"schema":{"@context":"https:\/\/schema.org","@graph":[{"@type":"WebPage","@id":"https:\/\/www.hechforming.com\/product\/automatic-steel-floor-deck-roll-forming-machine\/","url":"https:\/\/www.hechforming.com\/product\/automatic-steel-floor-deck-roll-forming-machine\/","name":"Automatic Steel Floor Deck Roll Forming Machine - Leading Roll Forming Machines Manufacturer &amp; Supplier","isPartOf":{"@id":"https:\/\/www.hechforming.com\/#website"},"primaryImageOfPage":{"@id":"https:\/\/www.hechforming.com\/product\/automatic-steel-floor-deck-roll-forming-machine\/#primaryimage"},"image":{"@id":"https:\/\/www.hechforming.com\/product\/automatic-steel-floor-deck-roll-forming-machine\/#primaryimage"},"thumbnailUrl":"https:\/\/www.hechforming.com\/wp-content\/uploads\/2026\/01\/4.webp","datePublished":"2026-01-24T03:08:28+00:00","dateModified":"2026-01-24T03:12:26+00:00","description":"High quality steel floor deck roll forming machine for construction projects. Stable performance, automatic control, and easy operation.","breadcrumb":{"@id":"https:\/\/www.hechforming.com\/product\/automatic-steel-floor-deck-roll-forming-machine\/#breadcrumb"},"inLanguage":"es","potentialAction":[{"@type":"ReadAction","target":["https:\/\/www.hechforming.com\/product\/automatic-steel-floor-deck-roll-forming-machine\/"]}]},{"@type":"ImageObject","inLanguage":"es","@id":"https:\/\/www.hechforming.com\/product\/automatic-steel-floor-deck-roll-forming-machine\/#primaryimage","url":"https:\/\/www.hechforming.com\/wp-content\/uploads\/2026\/01\/4.webp","contentUrl":"https:\/\/www.hechforming.com\/wp-content\/uploads\/2026\/01\/4.webp","width":800,"height":800},{"@type":"BreadcrumbList","@id":"https:\/\/www.hechforming.com\/product\/automatic-steel-floor-deck-roll-forming-machine\/#breadcrumb","itemListElement":[{"@type":"ListItem","position":1,"name":"\u9996\u9875","item":"https:\/\/www.hechforming.com\/"},{"@type":"ListItem","position":2,"name":"product","item":"https:\/\/www.hechforming.com\/product\/"},{"@type":"ListItem","position":3,"name":"Automatic Steel Floor Deck Roll Forming Machine"}]},{"@type":"WebSite","@id":"https:\/\/www.hechforming.com\/#website","url":"https:\/\/www.hechforming.com\/","name":"Cangzhou Hechuang Machinery Manufacturer Co.,ltd","description":"Leading Roll Forming Machines Manufacturer &amp; Supplier","publisher":{"@id":"https:\/\/www.hechforming.com\/#organization"},"potentialAction":[{"@type":"SearchAction","target":{"@type":"EntryPoint","urlTemplate":"https:\/\/www.hechforming.com\/?s={search_term_string}"},"query-input":{"@type":"PropertyValueSpecification","valueRequired":true,"valueName":"search_term_string"}}],"inLanguage":"es"},{"@type":"Organization","@id":"https:\/\/www.hechforming.com\/#organization","name":"Cangzhou Hechuang Machinery Manufacturer Co.,ltd","url":"https:\/\/www.hechforming.com\/","logo":{"@type":"ImageObject","inLanguage":"es","@id":"https:\/\/www.hechforming.com\/#\/schema\/logo\/image\/","url":"https:\/\/www.hechforming.com\/wp-content\/uploads\/2025\/03\/cropped-hechuang-roll-forming-machine-1-300x300-1.webp","contentUrl":"https:\/\/www.hechforming.com\/wp-content\/uploads\/2025\/03\/cropped-hechuang-roll-forming-machine-1-300x300-1.webp","width":300,"height":300,"caption":"Cangzhou Hechuang Machinery Manufacturer Co.,ltd"},"image":{"@id":"https:\/\/www.hechforming.com\/#\/schema\/logo\/image\/"},"sameAs":["https:\/\/www.facebook.com\/hechuangmachine\/","https:\/\/www.linkedin.com\/in\/cherry-steel-sheet-roll-forming-machine-58901b233\/","https:\/\/www.youtube.com\/@CANGZHOUHECHUANGMACHINER-fp1jg"]}]}},"_links":{"self":[{"href":"https:\/\/www.hechforming.com\/es\/wp-json\/wp\/v2\/product\/3990","targetHints":{"allow":["GET"]}}],"collection":[{"href":"https:\/\/www.hechforming.com\/es\/wp-json\/wp\/v2\/product"}],"about":[{"href":"https:\/\/www.hechforming.com\/es\/wp-json\/wp\/v2\/types\/product"}],"wp:featuredmedia":[{"embeddable":true,"href":"https:\/\/www.hechforming.com\/es\/wp-json\/wp\/v2\/media\/3988"}],"wp:attachment":[{"href":"https:\/\/www.hechforming.com\/es\/wp-json\/wp\/v2\/media?parent=3990"}],"wp:term":[{"taxonomy":"product_cat","embeddable":true,"href":"https:\/\/www.hechforming.com\/es\/wp-json\/wp\/v2\/product_cat?post=3990"},{"taxonomy":"product_tag","embeddable":true,"href":"https:\/\/www.hechforming.com\/es\/wp-json\/wp\/v2\/product_tag?post=3990"}],"curies":[{"name":"wp","href":"https:\/\/api.w.org\/{rel}","templated":true}]}}