{"id":4008,"date":"2026-01-24T14:21:02","date_gmt":"2026-01-24T06:21:02","guid":{"rendered":"https:\/\/www.hechforming.com\/?post_type=product&#038;p=4008"},"modified":"2026-01-24T14:21:02","modified_gmt":"2026-01-24T06:21:02","slug":"steel-coil-leveling-line-cut-to-length-machine-forming-machine","status":"publish","type":"product","link":"https:\/\/www.hechforming.com\/es\/producto\/linea-de-nivelacion-de-bobinas-de-acero-corte-a-medida-maquina-formadora\/","title":{"rendered":"L\u00ednea de nivelaci\u00f3n de bobinas de acero M\u00e1quina de corte longitudinal"},"content":{"rendered":"<div class=\"ast-oembed-container\" style=\"height: 100%;\"><iframe title=\"M\u00e1quina de corte a medida | Niveladora de bobinas\" width=\"500\" height=\"281\" src=\"https:\/\/www.youtube.com\/embed\/ihZZ4NI7pM0?feature=oembed\" frameborder=\"0\" allow=\"accelerometer; autoplay; clipboard-write; encrypted-media; gyroscope; picture-in-picture; web-share\" referrerpolicy=\"strict-origin-when-cross-origin\" allowfullscreen><\/iframe><\/div>\n<p data-start=\"155\" data-end=\"628\"><strong data-start=\"155\" data-end=\"171\">Descripci\u00f3n:<\/strong><br data-start=\"171\" data-end=\"174\" \/>Nuestra m\u00e1quina de nivelaci\u00f3n y corte a medida combina la nivelaci\u00f3n de precisi\u00f3n con el corte exacto de chapas en un \u00fanico flujo de trabajo. Aplana l\u00e1minas de metal, elimina tensiones y rizos, y las corta a longitudes exactas con gran eficiencia. Equipada con rodillos avanzados, alimentaci\u00f3n autom\u00e1tica y control PLC, manipula chapas de acero, aluminio y cobre con facilidad. Duradera, precisa y r\u00e1pida, es ideal para las industrias de fabricaci\u00f3n de metal, construcci\u00f3n y automoci\u00f3n.<\/p>\n<p data-start=\"630\" data-end=\"649\"><strong data-start=\"630\" data-end=\"647\">Caracter\u00edsticas principales:<\/strong><\/p>\n<ul data-start=\"650\" data-end=\"917\">\n<li data-start=\"650\" data-end=\"703\">\n<p data-start=\"652\" data-end=\"703\">Nivelaci\u00f3n de alta precisi\u00f3n para hojas perfectamente planas<\/p>\n<\/li>\n<li data-start=\"704\" data-end=\"759\">\n<p data-start=\"706\" data-end=\"759\">Sistema de corte preciso para una producci\u00f3n uniforme<\/p>\n<\/li>\n<li data-start=\"760\" data-end=\"816\">\n<p data-start=\"762\" data-end=\"816\">Alimentaci\u00f3n autom\u00e1tica y control PLC para un funcionamiento sencillo<\/p>\n<\/li>\n<li data-start=\"817\" data-end=\"873\">\n<p data-start=\"819\" data-end=\"873\">Manipula una gran variedad de metales: acero, aluminio, cobre<\/p>\n<\/li>\n<li data-start=\"874\" data-end=\"917\">\n<p data-start=\"876\" data-end=\"917\">Dise\u00f1o robusto para una fiabilidad a largo plazo<\/p>\n<\/li>\n<\/ul>\n<p data-start=\"919\" data-end=\"1088\"><strong data-start=\"919\" data-end=\"936\">Aplicaciones:<\/strong><br data-start=\"936\" data-end=\"939\" \/>Ideal para materiales de construcci\u00f3n, piezas de automoci\u00f3n, maquinaria y l\u00edneas de procesamiento de metales, garantizando la calidad y la eficacia en cada producci\u00f3n.<\/p>\n<p><img fetchpriority=\"high\" decoding=\"async\" class=\"alignnone  wp-image-4015\" src=\"https:\/\/www.hechforming.com\/wp-content\/uploads\/2026\/01\/cee520b28a664afb1f5ad624480b9bc1-2-300x169.png\" alt=\"\" width=\"1383\" height=\"779\" srcset=\"https:\/\/www.hechforming.com\/wp-content\/uploads\/2026\/01\/cee520b28a664afb1f5ad624480b9bc1-2-300x169.png 300w, https:\/\/www.hechforming.com\/wp-content\/uploads\/2026\/01\/cee520b28a664afb1f5ad624480b9bc1-2-18x10.png 18w, https:\/\/www.hechforming.com\/wp-content\/uploads\/2026\/01\/cee520b28a664afb1f5ad624480b9bc1-2-600x338.png 600w, https:\/\/www.hechforming.com\/wp-content\/uploads\/2026\/01\/cee520b28a664afb1f5ad624480b9bc1-2.png 742w\" sizes=\"(max-width: 1383px) 100vw, 1383px\" \/><\/p>\n<p>&nbsp;<\/p>\n<p>&nbsp;<\/p>\n<p><img decoding=\"async\" class=\"alignnone  wp-image-3668\" src=\"https:\/\/www.hechforming.com\/wp-content\/uploads\/2025\/04\/4-2-300x300.webp\" alt=\"m\u00e1quina de corte a medida\" width=\"1449\" height=\"1449\" srcset=\"https:\/\/www.hechforming.com\/wp-content\/uploads\/2025\/04\/4-2-300x300.webp 300w, https:\/\/www.hechforming.com\/wp-content\/uploads\/2025\/04\/4-2-150x150.webp 150w, https:\/\/www.hechforming.com\/wp-content\/uploads\/2025\/04\/4-2-768x768.webp 768w, https:\/\/www.hechforming.com\/wp-content\/uploads\/2025\/04\/4-2-12x12.webp 12w, https:\/\/www.hechforming.com\/wp-content\/uploads\/2025\/04\/4-2-600x600.webp 600w, https:\/\/www.hechforming.com\/wp-content\/uploads\/2025\/04\/4-2-100x100.webp 100w, https:\/\/www.hechforming.com\/wp-content\/uploads\/2025\/04\/4-2.webp 800w\" sizes=\"(max-width: 1449px) 100vw, 1449px\" \/><\/p>\n<p>&nbsp;<\/p>\n<p><img decoding=\"async\" class=\"alignnone  wp-image-3996\" src=\"https:\/\/www.hechforming.com\/wp-content\/uploads\/2026\/01\/c54000b8f068415d52e31a5b4c4fdd62-300x131.png\" alt=\"\" width=\"1374\" height=\"600\" srcset=\"https:\/\/www.hechforming.com\/wp-content\/uploads\/2026\/01\/c54000b8f068415d52e31a5b4c4fdd62-300x131.png 300w, https:\/\/www.hechforming.com\/wp-content\/uploads\/2026\/01\/c54000b8f068415d52e31a5b4c4fdd62-768x336.png 768w, https:\/\/www.hechforming.com\/wp-content\/uploads\/2026\/01\/c54000b8f068415d52e31a5b4c4fdd62-18x8.png 18w, https:\/\/www.hechforming.com\/wp-content\/uploads\/2026\/01\/c54000b8f068415d52e31a5b4c4fdd62-600x263.png 600w, https:\/\/www.hechforming.com\/wp-content\/uploads\/2026\/01\/c54000b8f068415d52e31a5b4c4fdd62.png 795w\" sizes=\"(max-width: 1374px) 100vw, 1374px\" \/><\/p>\n<p><img loading=\"lazy\" decoding=\"async\" class=\"alignnone  wp-image-3997\" src=\"https:\/\/www.hechforming.com\/wp-content\/uploads\/2026\/01\/cd5b0a904a827ae879329c583e3ca73c-260x300.png\" alt=\"\" width=\"1441\" height=\"1663\" srcset=\"https:\/\/www.hechforming.com\/wp-content\/uploads\/2026\/01\/cd5b0a904a827ae879329c583e3ca73c-260x300.png 260w, https:\/\/www.hechforming.com\/wp-content\/uploads\/2026\/01\/cd5b0a904a827ae879329c583e3ca73c-10x12.png 10w, https:\/\/www.hechforming.com\/wp-content\/uploads\/2026\/01\/cd5b0a904a827ae879329c583e3ca73c-600x693.png 600w, https:\/\/www.hechforming.com\/wp-content\/uploads\/2026\/01\/cd5b0a904a827ae879329c583e3ca73c.png 746w\" sizes=\"(max-width: 1441px) 100vw, 1441px\" \/><\/p>\n<p><b><span class=\"magic-10\" data-spm-anchor-id=\"a2700.details-description.0.i0.446cn8QYn8QYve\">Q1. \u00bfC\u00f3mo elijo la m\u00e1quina adecuada para m\u00ed?<\/span><\/b><\/p>\n<div><span class=\"magic-10\">1. Una m\u00e1quina no se limita a proporcionar unas cuantas fotos para demostrar lo que puede producir <\/span><\/div>\n<div><span class=\"magic-10\">2. Una m\u00e1quina debe tener un sistema completo de producci\u00f3n y montaje fotos y v\u00eddeos. 3. A la hora de elegir una empresa con f\u00e1brica, es necesario asegurarse de que la empresa dispone de un completo sistema de servicio posventa. <\/span><\/div>\n<div><b><span class=\"magic-10\">\u00a0<\/span><\/b><\/div>\n<div><b><span class=\"magic-10\">Q2. No muestran el producto que necesito, \u00bfpueden fabricarlo? <\/span><\/b><\/div>\n<div><span class=\"magic-10\">Los ingenieros de nuestra empresa han estudiado en conocidas empresas europeas de curvado en fr\u00edo y tienen grandes ventajas en<br \/>\ndise\u00f1o, I+D y fabricaci\u00f3n de maquinaria. <\/span><\/div>\n<div><span class=\"magic-10\">\u00a0<\/span><\/div>\n<div><b><span class=\"magic-10\">Q3. \u00bfEn cu\u00e1nto tiempo se puede construir la m\u00e1quina? <\/span><\/b><\/div>\n<div><span class=\"magic-10\">En general, la m\u00e1quina tarda unos 40<br \/>\nd\u00edas para completar, si usted necesita una m\u00e1quina con urgencia, podemos hacer con urgencia, porque tengo un gran n\u00famero de piezas de repuesto. <\/span><\/div>\n<div><span class=\"magic-10\">\u00a0<\/span><\/div>\n<div><span class=\"magic-10\"><b>Q4. \u00bfPor qu\u00e9 sus precios son m\u00e1s altos que los de los dem\u00e1s?<\/b> <\/span><\/div>\n<div><span class=\"magic-10\">Porque insistimos en que toda f\u00e1brica debe anteponer la calidad, fabricamos las m\u00e1quinas m\u00e1s<br \/>\nautomatizados, m\u00e1s fiables y precisos, y tienen una vida \u00fatil m\u00e1s larga. Los equipos pueden utilizarse durante casi 20 a\u00f1os, y ofrecemos servicio posventa de por vida. <\/span><\/div>\n<div><span class=\"magic-10\">\u00a0<\/span><\/div>\n<div><b><span class=\"magic-10\">Q5. \u00bfDisponen de servicio posventa? <\/span><\/b><\/div>\n<div><span class=\"magic-10\">La calidad del producto es el \u00faltimo, el mayor servicio post-venta es el servicio, 15years de experiencia en la producci\u00f3n, para ser una empresa de servicios que tiene la fuerza para garantizar <\/span><\/div>\n<div><span class=\"magic-10\">\u00a0<\/span><\/div>\n<div><b><span class=\"magic-10\">Q6. \u00bfC\u00f3mo obtener un presupuesto?<\/span><\/b><\/div>\n<div><span class=\"magic-10\">1. Deme el dibujo de las dimensiones y el grosor, es muy importante.<\/span><\/div>\n<div><span class=\"magic-10\">2. Si tiene requisitos para<br \/>\nvelocidad de producci\u00f3n, potencia, voltaje y marca, por favor, expl\u00edquenoslo con antelaci\u00f3n. <\/span><\/div>\n<div><span class=\"magic-10\" data-spm-anchor-id=\"a2700.details-description.0.i1.446cn8QYn8QYve\">3. Si no dispone de un esquema propio, podemos recomendarle algunos modelos de acuerdo con las normas de su mercado local.<\/span><\/div>\n<p>&nbsp;<\/p>\n<p>&nbsp;<\/p>\n<p>&nbsp;<\/p>\n<p>&nbsp;<\/p>\n<p>&nbsp;<\/p>","protected":false},"excerpt":{"rendered":"<p data-start=\"87\" data-end=\"460\">Nuestra l\u00ednea de enderezado aplana eficazmente las chapas met\u00e1licas, eliminando curvas, rizos y tensiones para obtener un material consistente y de alta calidad. Con rodillos avanzados, alimentaci\u00f3n autom\u00e1tica y control PLC f\u00e1cil de usar, es perfecta para chapas de acero, aluminio y cobre. Duradera, precisa y r\u00e1pida, es ideal para los sectores de la construcci\u00f3n, la automoci\u00f3n y la fabricaci\u00f3n de metal.<\/p>","protected":false},"featured_media":3667,"template":"","meta":{"site-sidebar-layout":"default","site-content-layout":"","ast-site-content-layout":"default","site-content-style":"default","site-sidebar-style":"default","ast-global-header-display":"","ast-banner-title-visibility":"","ast-main-header-display":"","ast-hfb-above-header-display":"","ast-hfb-below-header-display":"","ast-hfb-mobile-header-display":"","site-post-title":"","ast-breadcrumbs-content":"","ast-featured-img":"","footer-sml-layout":"","theme-transparent-header-meta":"default","adv-header-id-meta":"","stick-header-meta":"","header-above-stick-meta":"","header-main-stick-meta":"","header-below-stick-meta":"","astra-migrate-meta-layouts":"set","ast-page-background-enabled":"default","ast-page-background-meta":{"desktop":{"background-color":"","background-image":"","background-repeat":"repeat","background-position":"center center","background-size":"auto","background-attachment":"scroll","background-type":"","background-media":"","overlay-type":"","overlay-color":"","overlay-opacity":"","overlay-gradient":""},"tablet":{"background-color":"","background-image":"","background-repeat":"repeat","background-position":"center center","background-size":"auto","background-attachment":"scroll","background-type":"","background-media":"","overlay-type":"","overlay-color":"","overlay-opacity":"","overlay-gradient":""},"mobile":{"background-color":"","background-image":"","background-repeat":"repeat","background-position":"center center","background-size":"auto","background-attachment":"scroll","background-type":"","background-media":"","overlay-type":"","overlay-color":"","overlay-opacity":"","overlay-gradient":""}},"ast-content-background-meta":{"desktop":{"background-color":"var(--ast-global-color-5)","background-image":"","background-repeat":"repeat","background-position":"center center","background-size":"auto","background-attachment":"scroll","background-type":"","background-media":"","overlay-type":"","overlay-color":"","overlay-opacity":"","overlay-gradient":""},"tablet":{"background-color":"var(--ast-global-color-5)","background-image":"","background-repeat":"repeat","background-position":"center center","background-size":"auto","background-attachment":"scroll","background-type":"","background-media":"","overlay-type":"","overlay-color":"","overlay-opacity":"","overlay-gradient":""},"mobile":{"background-color":"var(--ast-global-color-5)","background-image":"","background-repeat":"repeat","background-position":"center center","background-size":"auto","background-attachment":"scroll","background-type":"","background-media":"","overlay-type":"","overlay-color":"","overlay-opacity":"","overlay-gradient":""}}},"product_cat":[154],"product_tag":[188,189,187],"class_list":{"0":"post-4008","1":"product","2":"type-product","3":"status-publish","4":"has-post-thumbnail","6":"product_cat-cut-to-length-machine","7":"product_tag-cut-to-length-metal-line","8":"product_tag-leveling-and-cut-to-length-line","9":"product_tag-metal-sheet-leveling-machine","10":"desktop-align-left","11":"tablet-align-left","12":"mobile-align-left","14":"first","15":"instock","16":"shipping-taxable","17":"product-type-simple"},"yoast_head":"<!-- This site is optimized with the Yoast SEO plugin v24.8.1 - https:\/\/yoast.com\/wordpress\/plugins\/seo\/ -->\n<title>Steel Coil Leveling Line Cut to Length Machine - Leading Roll Forming Machines Manufacturer &amp; Supplier<\/title>\n<meta name=\"description\" content=\"High-precision Leveling and Cut-to-Length Line Machine for steel, aluminum, and copper sheets. Efficient flattening, stress removal, and accurate cutting.\" \/>\n<meta name=\"robots\" content=\"index, follow, max-snippet:-1, max-image-preview:large, max-video-preview:-1\" \/>\n<link rel=\"canonical\" href=\"https:\/\/www.hechforming.com\/es\/producto\/linea-de-nivelacion-de-bobinas-de-acero-corte-a-medida-maquina-formadora\/\" \/>\n<meta property=\"og:locale\" content=\"es_ES\" \/>\n<meta property=\"og:type\" content=\"article\" \/>\n<meta property=\"og:title\" content=\"Steel Coil Leveling Line Cut to Length Machine - Leading Roll Forming Machines Manufacturer &amp; Supplier\" \/>\n<meta property=\"og:description\" content=\"High-precision Leveling and Cut-to-Length Line Machine for steel, aluminum, and copper sheets. Efficient flattening, stress removal, and accurate cutting.\" \/>\n<meta property=\"og:url\" content=\"https:\/\/www.hechforming.com\/es\/producto\/linea-de-nivelacion-de-bobinas-de-acero-corte-a-medida-maquina-formadora\/\" \/>\n<meta property=\"og:site_name\" content=\"Leading Roll Forming Machines Manufacturer &amp; Supplier\" \/>\n<meta property=\"article:publisher\" content=\"https:\/\/www.facebook.com\/hechuangmachine\/\" \/>\n<meta property=\"og:image\" content=\"https:\/\/www.hechforming.com\/wp-content\/uploads\/2025\/04\/1-2.webp\" \/>\n\t<meta property=\"og:image:width\" content=\"750\" \/>\n\t<meta property=\"og:image:height\" content=\"750\" \/>\n\t<meta property=\"og:image:type\" content=\"image\/webp\" \/>\n<meta name=\"twitter:card\" content=\"summary_large_image\" \/>\n<meta name=\"twitter:label1\" content=\"Tiempo de lectura\" \/>\n\t<meta name=\"twitter:data1\" content=\"3 minutos\" \/>\n<script type=\"application\/ld+json\" class=\"yoast-schema-graph\">{\"@context\":\"https:\/\/schema.org\",\"@graph\":[{\"@type\":\"WebPage\",\"@id\":\"https:\/\/www.hechforming.com\/product\/steel-coil-leveling-line-cut-to-length-machine-forming-machine\/\",\"url\":\"https:\/\/www.hechforming.com\/product\/steel-coil-leveling-line-cut-to-length-machine-forming-machine\/\",\"name\":\"Steel Coil Leveling Line Cut to Length Machine - Leading Roll Forming Machines Manufacturer &amp; Supplier\",\"isPartOf\":{\"@id\":\"https:\/\/www.hechforming.com\/#website\"},\"primaryImageOfPage\":{\"@id\":\"https:\/\/www.hechforming.com\/product\/steel-coil-leveling-line-cut-to-length-machine-forming-machine\/#primaryimage\"},\"image\":{\"@id\":\"https:\/\/www.hechforming.com\/product\/steel-coil-leveling-line-cut-to-length-machine-forming-machine\/#primaryimage\"},\"thumbnailUrl\":\"https:\/\/www.hechforming.com\/wp-content\/uploads\/2025\/04\/1-2.webp\",\"datePublished\":\"2026-01-24T06:21:02+00:00\",\"description\":\"High-precision Leveling and Cut-to-Length Line Machine for steel, aluminum, and copper sheets. Efficient flattening, stress removal, and accurate cutting.\",\"breadcrumb\":{\"@id\":\"https:\/\/www.hechforming.com\/product\/steel-coil-leveling-line-cut-to-length-machine-forming-machine\/#breadcrumb\"},\"inLanguage\":\"es\",\"potentialAction\":[{\"@type\":\"ReadAction\",\"target\":[\"https:\/\/www.hechforming.com\/product\/steel-coil-leveling-line-cut-to-length-machine-forming-machine\/\"]}]},{\"@type\":\"ImageObject\",\"inLanguage\":\"es\",\"@id\":\"https:\/\/www.hechforming.com\/product\/steel-coil-leveling-line-cut-to-length-machine-forming-machine\/#primaryimage\",\"url\":\"https:\/\/www.hechforming.com\/wp-content\/uploads\/2025\/04\/1-2.webp\",\"contentUrl\":\"https:\/\/www.hechforming.com\/wp-content\/uploads\/2025\/04\/1-2.webp\",\"width\":750,\"height\":750,\"caption\":\"cut to length machine\"},{\"@type\":\"BreadcrumbList\",\"@id\":\"https:\/\/www.hechforming.com\/product\/steel-coil-leveling-line-cut-to-length-machine-forming-machine\/#breadcrumb\",\"itemListElement\":[{\"@type\":\"ListItem\",\"position\":1,\"name\":\"\u9996\u9875\",\"item\":\"https:\/\/www.hechforming.com\/\"},{\"@type\":\"ListItem\",\"position\":2,\"name\":\"product\",\"item\":\"https:\/\/www.hechforming.com\/product\/\"},{\"@type\":\"ListItem\",\"position\":3,\"name\":\"Steel Coil Leveling Line Cut to Length Machine\"}]},{\"@type\":\"WebSite\",\"@id\":\"https:\/\/www.hechforming.com\/#website\",\"url\":\"https:\/\/www.hechforming.com\/\",\"name\":\"Cangzhou Hechuang Machinery Manufacturer Co.,ltd\",\"description\":\"Leading Roll Forming Machines Manufacturer &amp; Supplier\",\"publisher\":{\"@id\":\"https:\/\/www.hechforming.com\/#organization\"},\"potentialAction\":[{\"@type\":\"SearchAction\",\"target\":{\"@type\":\"EntryPoint\",\"urlTemplate\":\"https:\/\/www.hechforming.com\/?s={search_term_string}\"},\"query-input\":{\"@type\":\"PropertyValueSpecification\",\"valueRequired\":true,\"valueName\":\"search_term_string\"}}],\"inLanguage\":\"es\"},{\"@type\":\"Organization\",\"@id\":\"https:\/\/www.hechforming.com\/#organization\",\"name\":\"Cangzhou Hechuang Machinery Manufacturer Co.,ltd\",\"url\":\"https:\/\/www.hechforming.com\/\",\"logo\":{\"@type\":\"ImageObject\",\"inLanguage\":\"es\",\"@id\":\"https:\/\/www.hechforming.com\/#\/schema\/logo\/image\/\",\"url\":\"https:\/\/www.hechforming.com\/wp-content\/uploads\/2025\/03\/cropped-hechuang-roll-forming-machine-1-300x300-1.webp\",\"contentUrl\":\"https:\/\/www.hechforming.com\/wp-content\/uploads\/2025\/03\/cropped-hechuang-roll-forming-machine-1-300x300-1.webp\",\"width\":300,\"height\":300,\"caption\":\"Cangzhou Hechuang Machinery Manufacturer Co.,ltd\"},\"image\":{\"@id\":\"https:\/\/www.hechforming.com\/#\/schema\/logo\/image\/\"},\"sameAs\":[\"https:\/\/www.facebook.com\/hechuangmachine\/\",\"https:\/\/www.linkedin.com\/in\/cherry-steel-sheet-roll-forming-machine-58901b233\/\",\"https:\/\/www.youtube.com\/@CANGZHOUHECHUANGMACHINER-fp1jg\"]}]}<\/script>\n<!-- \/ Yoast SEO plugin. -->","yoast_head_json":{"title":"Steel Coil Leveling Line Cut to Length Machine - Leading Roll Forming Machines Manufacturer &amp; Supplier","description":"High-precision Leveling and Cut-to-Length Line Machine for steel, aluminum, and copper sheets. Efficient flattening, stress removal, and accurate cutting.","robots":{"index":"index","follow":"follow","max-snippet":"max-snippet:-1","max-image-preview":"max-image-preview:large","max-video-preview":"max-video-preview:-1"},"canonical":"https:\/\/www.hechforming.com\/es\/producto\/linea-de-nivelacion-de-bobinas-de-acero-corte-a-medida-maquina-formadora\/","og_locale":"es_ES","og_type":"article","og_title":"Steel Coil Leveling Line Cut to Length Machine - Leading Roll Forming Machines Manufacturer &amp; Supplier","og_description":"High-precision Leveling and Cut-to-Length Line Machine for steel, aluminum, and copper sheets. Efficient flattening, stress removal, and accurate cutting.","og_url":"https:\/\/www.hechforming.com\/es\/producto\/linea-de-nivelacion-de-bobinas-de-acero-corte-a-medida-maquina-formadora\/","og_site_name":"Leading Roll Forming Machines Manufacturer &amp; Supplier","article_publisher":"https:\/\/www.facebook.com\/hechuangmachine\/","og_image":[{"width":750,"height":750,"url":"https:\/\/www.hechforming.com\/wp-content\/uploads\/2025\/04\/1-2.webp","type":"image\/webp"}],"twitter_card":"summary_large_image","twitter_misc":{"Tiempo de lectura":"3 minutos"},"schema":{"@context":"https:\/\/schema.org","@graph":[{"@type":"WebPage","@id":"https:\/\/www.hechforming.com\/product\/steel-coil-leveling-line-cut-to-length-machine-forming-machine\/","url":"https:\/\/www.hechforming.com\/product\/steel-coil-leveling-line-cut-to-length-machine-forming-machine\/","name":"Steel Coil Leveling Line Cut to Length Machine - Leading Roll Forming Machines Manufacturer &amp; Supplier","isPartOf":{"@id":"https:\/\/www.hechforming.com\/#website"},"primaryImageOfPage":{"@id":"https:\/\/www.hechforming.com\/product\/steel-coil-leveling-line-cut-to-length-machine-forming-machine\/#primaryimage"},"image":{"@id":"https:\/\/www.hechforming.com\/product\/steel-coil-leveling-line-cut-to-length-machine-forming-machine\/#primaryimage"},"thumbnailUrl":"https:\/\/www.hechforming.com\/wp-content\/uploads\/2025\/04\/1-2.webp","datePublished":"2026-01-24T06:21:02+00:00","description":"High-precision Leveling and Cut-to-Length Line Machine for steel, aluminum, and copper sheets. Efficient flattening, stress removal, and accurate cutting.","breadcrumb":{"@id":"https:\/\/www.hechforming.com\/product\/steel-coil-leveling-line-cut-to-length-machine-forming-machine\/#breadcrumb"},"inLanguage":"es","potentialAction":[{"@type":"ReadAction","target":["https:\/\/www.hechforming.com\/product\/steel-coil-leveling-line-cut-to-length-machine-forming-machine\/"]}]},{"@type":"ImageObject","inLanguage":"es","@id":"https:\/\/www.hechforming.com\/product\/steel-coil-leveling-line-cut-to-length-machine-forming-machine\/#primaryimage","url":"https:\/\/www.hechforming.com\/wp-content\/uploads\/2025\/04\/1-2.webp","contentUrl":"https:\/\/www.hechforming.com\/wp-content\/uploads\/2025\/04\/1-2.webp","width":750,"height":750,"caption":"cut to length machine"},{"@type":"BreadcrumbList","@id":"https:\/\/www.hechforming.com\/product\/steel-coil-leveling-line-cut-to-length-machine-forming-machine\/#breadcrumb","itemListElement":[{"@type":"ListItem","position":1,"name":"\u9996\u9875","item":"https:\/\/www.hechforming.com\/"},{"@type":"ListItem","position":2,"name":"product","item":"https:\/\/www.hechforming.com\/product\/"},{"@type":"ListItem","position":3,"name":"Steel Coil Leveling Line Cut to Length Machine"}]},{"@type":"WebSite","@id":"https:\/\/www.hechforming.com\/#website","url":"https:\/\/www.hechforming.com\/","name":"Cangzhou Hechuang Machinery Manufacturer Co.,ltd","description":"Leading Roll Forming Machines Manufacturer &amp; Supplier","publisher":{"@id":"https:\/\/www.hechforming.com\/#organization"},"potentialAction":[{"@type":"SearchAction","target":{"@type":"EntryPoint","urlTemplate":"https:\/\/www.hechforming.com\/?s={search_term_string}"},"query-input":{"@type":"PropertyValueSpecification","valueRequired":true,"valueName":"search_term_string"}}],"inLanguage":"es"},{"@type":"Organization","@id":"https:\/\/www.hechforming.com\/#organization","name":"Cangzhou Hechuang Machinery Manufacturer Co.,ltd","url":"https:\/\/www.hechforming.com\/","logo":{"@type":"ImageObject","inLanguage":"es","@id":"https:\/\/www.hechforming.com\/#\/schema\/logo\/image\/","url":"https:\/\/www.hechforming.com\/wp-content\/uploads\/2025\/03\/cropped-hechuang-roll-forming-machine-1-300x300-1.webp","contentUrl":"https:\/\/www.hechforming.com\/wp-content\/uploads\/2025\/03\/cropped-hechuang-roll-forming-machine-1-300x300-1.webp","width":300,"height":300,"caption":"Cangzhou Hechuang Machinery Manufacturer Co.,ltd"},"image":{"@id":"https:\/\/www.hechforming.com\/#\/schema\/logo\/image\/"},"sameAs":["https:\/\/www.facebook.com\/hechuangmachine\/","https:\/\/www.linkedin.com\/in\/cherry-steel-sheet-roll-forming-machine-58901b233\/","https:\/\/www.youtube.com\/@CANGZHOUHECHUANGMACHINER-fp1jg"]}]}},"_links":{"self":[{"href":"https:\/\/www.hechforming.com\/es\/wp-json\/wp\/v2\/product\/4008","targetHints":{"allow":["GET"]}}],"collection":[{"href":"https:\/\/www.hechforming.com\/es\/wp-json\/wp\/v2\/product"}],"about":[{"href":"https:\/\/www.hechforming.com\/es\/wp-json\/wp\/v2\/types\/product"}],"wp:featuredmedia":[{"embeddable":true,"href":"https:\/\/www.hechforming.com\/es\/wp-json\/wp\/v2\/media\/3667"}],"wp:attachment":[{"href":"https:\/\/www.hechforming.com\/es\/wp-json\/wp\/v2\/media?parent=4008"}],"wp:term":[{"taxonomy":"product_cat","embeddable":true,"href":"https:\/\/www.hechforming.com\/es\/wp-json\/wp\/v2\/product_cat?post=4008"},{"taxonomy":"product_tag","embeddable":true,"href":"https:\/\/www.hechforming.com\/es\/wp-json\/wp\/v2\/product_tag?post=4008"}],"curies":[{"name":"wp","href":"https:\/\/api.w.org\/{rel}","templated":true}]}}