{"id":4023,"date":"2026-01-25T16:03:39","date_gmt":"2026-01-25T08:03:39","guid":{"rendered":"https:\/\/www.hechforming.com\/?post_type=product&#038;p=4023"},"modified":"2026-01-25T16:03:39","modified_gmt":"2026-01-25T08:03:39","slug":"high-precision-coil-slitting-line","status":"publish","type":"product","link":"https:\/\/www.hechforming.com\/es\/producto\/linea-de-corte-longitudinal-de-bobinas-de-alta-precision\/","title":{"rendered":"L\u00ednea autom\u00e1tica de corte longitudinal y nivelaci\u00f3n"},"content":{"rendered":"<div class=\"ast-oembed-container\" style=\"height: 100%;\"><iframe title=\"L\u00ednea de corte longitudinal de 0,5-2,5 mm con l\u00ednea de corte longitudinal | Procesado de metales de alta precisi\u00f3n\" width=\"500\" height=\"281\" src=\"https:\/\/www.youtube.com\/embed\/C_jaLidwdD8?feature=oembed\" frameborder=\"0\" allow=\"accelerometer; autoplay; clipboard-write; encrypted-media; gyroscope; picture-in-picture; web-share\" referrerpolicy=\"strict-origin-when-cross-origin\" allowfullscreen><\/iframe><\/div>\n<h3 data-start=\"913\" data-end=\"934\">Componentes principales<\/h3>\n<ul data-start=\"935\" data-end=\"2099\">\n<li data-start=\"935\" data-end=\"1144\">\n<p data-start=\"937\" data-end=\"1144\"><strong data-start=\"937\" data-end=\"949\">Decoiler<\/strong><br data-start=\"949\" data-end=\"952\" \/>Equipado con expansi\u00f3n hidr\u00e1ulica o el\u00e9ctrica, el desenrollador proporciona una gran capacidad de carga y un desenrollado estable, adecuado para varias especificaciones de bobina y garantizando una alimentaci\u00f3n suave del material.<\/p>\n<\/li>\n<li data-start=\"1146\" data-end=\"1448\">\n<p data-start=\"1148\" data-end=\"1448\"><strong data-start=\"1148\" data-end=\"1188\">M\u00e1quina combinada de enderezado y corte longitudinal<\/strong><br data-start=\"1188\" data-end=\"1191\" \/>El sistema de nivelaci\u00f3n de alta precisi\u00f3n elimina eficazmente las tensiones internas de la banda met\u00e1lica, garantizando una excelente planitud. La unidad de corte longitudinal cuenta con ejes de alta rigidez y cuchillas de precisi\u00f3n, que proporcionan bordes limpios y anchos de banda precisos sin rebabas.<\/p>\n<\/li>\n<li data-start=\"1450\" data-end=\"1663\">\n<p data-start=\"1452\" data-end=\"1663\"><strong data-start=\"1452\" data-end=\"1470\">Dispositivo de tensi\u00f3n<\/strong><br data-start=\"1470\" data-end=\"1473\" \/>El sistema de control de tensi\u00f3n mantiene estable y uniforme la tensi\u00f3n de la banda durante el corte longitudinal y el rebobinado, evitando que se desplace, se arrugue o se deforme y garantizando una calidad constante del producto.<\/p>\n<\/li>\n<li data-start=\"1665\" data-end=\"1897\">\n<p data-start=\"1667\" data-end=\"1897\"><strong data-start=\"1667\" data-end=\"1696\">Dispositivo de enrollado de bordes de chatarra<\/strong><br data-start=\"1696\" data-end=\"1699\" \/>Un sistema espec\u00edfico de rebobinado o arrastre de bordes de desecho recoge autom\u00e1ticamente los recortes de bordes generados durante el corte longitudinal, manteniendo limpia la zona de producci\u00f3n y mejorando la seguridad y el funcionamiento continuo.<\/p>\n<\/li>\n<li data-start=\"1899\" data-end=\"2099\">\n<p data-start=\"1901\" data-end=\"2099\"><strong data-start=\"1901\" data-end=\"1913\">Enrollador<\/strong><br data-start=\"1913\" data-end=\"1916\" \/>El enrollador garantiza un enrollado apretado y uniforme con tensi\u00f3n ajustable, adecuado para diferentes tama\u00f1os de banda y conveniente para el posterior embalaje, transporte o procesamiento posterior.<\/p>\n<\/li>\n<\/ul>\n<p><img fetchpriority=\"high\" decoding=\"async\" class=\"alignnone  wp-image-4031\" src=\"https:\/\/www.hechforming.com\/wp-content\/uploads\/2026\/01\/\u7eb5\u526a-300x300.webp\" alt=\"\" width=\"1426\" height=\"1426\" srcset=\"https:\/\/www.hechforming.com\/wp-content\/uploads\/2026\/01\/\u7eb5\u526a-300x300.webp 300w, https:\/\/www.hechforming.com\/wp-content\/uploads\/2026\/01\/\u7eb5\u526a-150x150.webp 150w, https:\/\/www.hechforming.com\/wp-content\/uploads\/2026\/01\/\u7eb5\u526a-768x768.webp 768w, https:\/\/www.hechforming.com\/wp-content\/uploads\/2026\/01\/\u7eb5\u526a-12x12.webp 12w, https:\/\/www.hechforming.com\/wp-content\/uploads\/2026\/01\/\u7eb5\u526a-600x600.webp 600w, https:\/\/www.hechforming.com\/wp-content\/uploads\/2026\/01\/\u7eb5\u526a-100x100.webp 100w, https:\/\/www.hechforming.com\/wp-content\/uploads\/2026\/01\/\u7eb5\u526a.webp 800w\" sizes=\"(max-width: 1426px) 100vw, 1426px\" \/><\/p>\n<p><img decoding=\"async\" class=\"alignnone  wp-image-4029\" src=\"https:\/\/www.hechforming.com\/wp-content\/uploads\/2026\/01\/DJI_20000202031952_0155_D-300x300.webp\" alt=\"\" width=\"1447\" height=\"1447\" srcset=\"https:\/\/www.hechforming.com\/wp-content\/uploads\/2026\/01\/DJI_20000202031952_0155_D-300x300.webp 300w, https:\/\/www.hechforming.com\/wp-content\/uploads\/2026\/01\/DJI_20000202031952_0155_D-150x150.webp 150w, https:\/\/www.hechforming.com\/wp-content\/uploads\/2026\/01\/DJI_20000202031952_0155_D-768x768.webp 768w, https:\/\/www.hechforming.com\/wp-content\/uploads\/2026\/01\/DJI_20000202031952_0155_D-12x12.webp 12w, https:\/\/www.hechforming.com\/wp-content\/uploads\/2026\/01\/DJI_20000202031952_0155_D-600x600.webp 600w, https:\/\/www.hechforming.com\/wp-content\/uploads\/2026\/01\/DJI_20000202031952_0155_D-100x100.webp 100w, https:\/\/www.hechforming.com\/wp-content\/uploads\/2026\/01\/DJI_20000202031952_0155_D.webp 800w\" sizes=\"(max-width: 1447px) 100vw, 1447px\" \/><\/p>\n<p><img decoding=\"async\" class=\"alignnone  wp-image-3997\" src=\"https:\/\/www.hechforming.com\/wp-content\/uploads\/2026\/01\/cd5b0a904a827ae879329c583e3ca73c-260x300.png\" alt=\"\" width=\"1343\" height=\"1550\" srcset=\"https:\/\/www.hechforming.com\/wp-content\/uploads\/2026\/01\/cd5b0a904a827ae879329c583e3ca73c-260x300.png 260w, https:\/\/www.hechforming.com\/wp-content\/uploads\/2026\/01\/cd5b0a904a827ae879329c583e3ca73c-10x12.png 10w, https:\/\/www.hechforming.com\/wp-content\/uploads\/2026\/01\/cd5b0a904a827ae879329c583e3ca73c-600x693.png 600w, https:\/\/www.hechforming.com\/wp-content\/uploads\/2026\/01\/cd5b0a904a827ae879329c583e3ca73c.png 746w\" sizes=\"(max-width: 1343px) 100vw, 1343px\" \/><\/p>\n<p><b data-spm-anchor-id=\"a2700.details-description.0.i0.1401Ds5IDs5IEj\">P: \u00bfSon una empresa comercial o una f\u00e1brica?<\/b><\/p>\n<p>R: Somos una f\u00e1brica con un equipo de producci\u00f3n profesional y conciencia de servicio s\u00f3lo para exportar varios tipos de m\u00e1quinas de laminado en fr\u00edo.<\/p>\n<p><b>P: \u00bfPuede una m\u00e1quina producir s\u00f3lo un estilo de perfil de panel?<\/b><br \/>\nR: No. Las estructuras de dos o tres capas pueden adaptarse a sus necesidades.<br \/>\n<b><br \/>\nP: \u00bfCu\u00e1nto se tarda en fabricar la m\u00e1quina?<\/b><br \/>\nR: En general, la m\u00e1quina se puede completar en 20 a 45 d\u00edas h\u00e1biles. Pero si necesita m\u00e1quinas con urgencia, podemos ahorrarle tiempo.<br \/>\n<b><br \/>\nP: \u00bfExiste un control de calidad en la l\u00ednea de producci\u00f3n?<\/b><br \/>\nR: S\u00ed, tenemos un equipo que se encarga del control de calidad, incluida la colocaci\u00f3n de las materias primas, el procesamiento de los rodillos y otras piezas, el procesamiento, el montaje, las pruebas y el embalaje en la superficie del rodillo y el eje.<\/p>\n<p><b>P: \u00bfQu\u00e9 se puede hacer si se rompe la m\u00e1quina?<\/b><br \/>\nR: Nuestra m\u00e1quina tiene una garant\u00eda de 24 meses. Si la pieza da\u00f1ada no se puede reparar, podemos enviar una pieza nueva para sustituir la pieza da\u00f1ada, pero tendr\u00e1 que pagar usted mismo los gastos de mensajer\u00eda. Si se supera el periodo de garant\u00eda, podemos resolver el problema mediante negociaci\u00f3n y le ofrecemos asistencia t\u00e9cnica durante toda la vida \u00fatil del aparato.<br \/>\n<b><br \/>\nP: \u00bfCu\u00e1l es su punto fuerte en comparaci\u00f3n con otros proveedores?<\/b><br \/>\nR: Le daremos el mejor servicio. Le proporcionaremos un buen asesoramiento que supere sus necesidades. Estas l\u00edneas son f\u00e1ciles de instalar y requieren poco mantenimiento.<br \/>\n<b><br \/>\nP: \u00bfPodemos convertirnos en su agente en el extranjero?<\/b><br \/>\nR: Por supuesto, si usted tiene un negocio en la l\u00ednea de formaci\u00f3n de laminaci\u00f3n, daremos la bienvenida a una gran cantidad de cooperaci\u00f3n.<\/p>\n<p>&nbsp;<\/p>\n<p>&nbsp;<\/p>\n<p>&nbsp;<\/p>\n<p>&nbsp;<\/p>","protected":false},"excerpt":{"rendered":"<h3 data-start=\"2101\" data-end=\"2121\">Principales ventajas<\/h3>\n<ul data-start=\"2122\" data-end=\"2494\">\n<li data-start=\"2122\" data-end=\"2206\">\n<p data-start=\"2124\" data-end=\"2206\">\u2705 Dise\u00f1o integrado de nivelaci\u00f3n y corte, estructura compacta, inversi\u00f3n reducida.<\/p>\n<\/li>\n<li data-start=\"2207\" data-end=\"2293\">\n<p data-start=\"2209\" data-end=\"2293\">\u2705 Alta precisi\u00f3n de procesado con excelente planitud de banda y estabilidad dimensional.<\/p>\n<\/li>\n<li data-start=\"2294\" data-end=\"2358\">\n<p data-start=\"2296\" data-end=\"2358\">\u2705 Alto nivel de automatizaci\u00f3n, f\u00e1cil manejo y bajo mantenimiento<\/p>\n<\/li>\n<li data-start=\"2359\" data-end=\"2405\">\n<p data-start=\"2361\" data-end=\"2405\">\u2705 Amplia adaptabilidad de materiales y espesores<\/p>\n<\/li>\n<li data-start=\"2406\" data-end=\"2494\">\n<p data-start=\"2408\" data-end=\"2494\">\u2705 Configuraciones y par\u00e1metros personalizables seg\u00fan las necesidades del cliente.<\/p>\n<\/li>\n<\/ul>","protected":false},"featured_media":4024,"template":"","meta":{"site-sidebar-layout":"default","site-content-layout":"","ast-site-content-layout":"default","site-content-style":"default","site-sidebar-style":"default","ast-global-header-display":"","ast-banner-title-visibility":"","ast-main-header-display":"","ast-hfb-above-header-display":"","ast-hfb-below-header-display":"","ast-hfb-mobile-header-display":"","site-post-title":"","ast-breadcrumbs-content":"","ast-featured-img":"","footer-sml-layout":"","theme-transparent-header-meta":"default","adv-header-id-meta":"","stick-header-meta":"","header-above-stick-meta":"","header-main-stick-meta":"","header-below-stick-meta":"","astra-migrate-meta-layouts":"set","ast-page-background-enabled":"default","ast-page-background-meta":{"desktop":{"background-color":"","background-image":"","background-repeat":"repeat","background-position":"center center","background-size":"auto","background-attachment":"scroll","background-type":"","background-media":"","overlay-type":"","overlay-color":"","overlay-opacity":"","overlay-gradient":""},"tablet":{"background-color":"","background-image":"","background-repeat":"repeat","background-position":"center center","background-size":"auto","background-attachment":"scroll","background-type":"","background-media":"","overlay-type":"","overlay-color":"","overlay-opacity":"","overlay-gradient":""},"mobile":{"background-color":"","background-image":"","background-repeat":"repeat","background-position":"center center","background-size":"auto","background-attachment":"scroll","background-type":"","background-media":"","overlay-type":"","overlay-color":"","overlay-opacity":"","overlay-gradient":""}},"ast-content-background-meta":{"desktop":{"background-color":"var(--ast-global-color-5)","background-image":"","background-repeat":"repeat","background-position":"center center","background-size":"auto","background-attachment":"scroll","background-type":"","background-media":"","overlay-type":"","overlay-color":"","overlay-opacity":"","overlay-gradient":""},"tablet":{"background-color":"var(--ast-global-color-5)","background-image":"","background-repeat":"repeat","background-position":"center center","background-size":"auto","background-attachment":"scroll","background-type":"","background-media":"","overlay-type":"","overlay-color":"","overlay-opacity":"","overlay-gradient":""},"mobile":{"background-color":"var(--ast-global-color-5)","background-image":"","background-repeat":"repeat","background-position":"center center","background-size":"auto","background-attachment":"scroll","background-type":"","background-media":"","overlay-type":"","overlay-color":"","overlay-opacity":"","overlay-gradient":""}}},"product_cat":[166],"product_tag":[197,196,195],"class_list":{"0":"post-4023","1":"product","2":"type-product","3":"status-publish","4":"has-post-thumbnail","6":"product_cat-levelingslitting-cut-to-length-machine","7":"product_tag-metal-coil-slitting-and-leveling-line","8":"product_tag-slitting-leveling-line","9":"product_tag-slitting-and-leveling-production-line","10":"desktop-align-left","11":"tablet-align-left","12":"mobile-align-left","14":"first","15":"instock","16":"shipping-taxable","17":"product-type-simple"},"yoast_head":"<!-- This site is optimized with the Yoast SEO plugin v24.8.1 - https:\/\/yoast.com\/wordpress\/plugins\/seo\/ -->\n<title>Automatic Slitting and Leveling Line - Leading Roll Forming Machines Manufacturer &amp; Supplier<\/title>\n<meta name=\"description\" content=\"Slitting and leveling production line integrating decoiler, leveler, slitter, tension device, scrap edge winder, and recoiler for efficient metal coil processing.\" \/>\n<meta name=\"robots\" content=\"index, follow, max-snippet:-1, max-image-preview:large, max-video-preview:-1\" \/>\n<link rel=\"canonical\" href=\"https:\/\/www.hechforming.com\/es\/producto\/linea-de-corte-longitudinal-de-bobinas-de-alta-precision\/\" \/>\n<meta property=\"og:locale\" content=\"es_ES\" \/>\n<meta property=\"og:type\" content=\"article\" \/>\n<meta property=\"og:title\" content=\"Automatic Slitting and Leveling Line - Leading Roll Forming Machines Manufacturer &amp; Supplier\" \/>\n<meta property=\"og:description\" content=\"Slitting and leveling production line integrating decoiler, leveler, slitter, tension device, scrap edge winder, and recoiler for efficient metal coil processing.\" \/>\n<meta property=\"og:url\" content=\"https:\/\/www.hechforming.com\/es\/producto\/linea-de-corte-longitudinal-de-bobinas-de-alta-precision\/\" \/>\n<meta property=\"og:site_name\" content=\"Leading Roll Forming Machines Manufacturer &amp; Supplier\" \/>\n<meta property=\"article:publisher\" content=\"https:\/\/www.facebook.com\/hechuangmachine\/\" \/>\n<meta property=\"og:image\" content=\"https:\/\/www.hechforming.com\/wp-content\/uploads\/2026\/01\/\u672a\u6807\u9898-1.webp\" \/>\n\t<meta property=\"og:image:width\" content=\"800\" \/>\n\t<meta property=\"og:image:height\" content=\"800\" \/>\n\t<meta property=\"og:image:type\" content=\"image\/webp\" \/>\n<meta name=\"twitter:card\" content=\"summary_large_image\" \/>\n<meta name=\"twitter:label1\" content=\"Tiempo de lectura\" \/>\n\t<meta name=\"twitter:data1\" content=\"3 minutos\" \/>\n<script type=\"application\/ld+json\" class=\"yoast-schema-graph\">{\"@context\":\"https:\/\/schema.org\",\"@graph\":[{\"@type\":\"WebPage\",\"@id\":\"https:\/\/www.hechforming.com\/product\/high-precision-coil-slitting-line\/\",\"url\":\"https:\/\/www.hechforming.com\/product\/high-precision-coil-slitting-line\/\",\"name\":\"Automatic Slitting and Leveling Line - Leading Roll Forming Machines Manufacturer &amp; Supplier\",\"isPartOf\":{\"@id\":\"https:\/\/www.hechforming.com\/#website\"},\"primaryImageOfPage\":{\"@id\":\"https:\/\/www.hechforming.com\/product\/high-precision-coil-slitting-line\/#primaryimage\"},\"image\":{\"@id\":\"https:\/\/www.hechforming.com\/product\/high-precision-coil-slitting-line\/#primaryimage\"},\"thumbnailUrl\":\"https:\/\/www.hechforming.com\/wp-content\/uploads\/2026\/01\/\u672a\u6807\u9898-1.webp\",\"datePublished\":\"2026-01-25T08:03:39+00:00\",\"description\":\"Slitting and leveling production line integrating decoiler, leveler, slitter, tension device, scrap edge winder, and recoiler for efficient metal coil processing.\",\"breadcrumb\":{\"@id\":\"https:\/\/www.hechforming.com\/product\/high-precision-coil-slitting-line\/#breadcrumb\"},\"inLanguage\":\"es\",\"potentialAction\":[{\"@type\":\"ReadAction\",\"target\":[\"https:\/\/www.hechforming.com\/product\/high-precision-coil-slitting-line\/\"]}]},{\"@type\":\"ImageObject\",\"inLanguage\":\"es\",\"@id\":\"https:\/\/www.hechforming.com\/product\/high-precision-coil-slitting-line\/#primaryimage\",\"url\":\"https:\/\/www.hechforming.com\/wp-content\/uploads\/2026\/01\/\u672a\u6807\u9898-1.webp\",\"contentUrl\":\"https:\/\/www.hechforming.com\/wp-content\/uploads\/2026\/01\/\u672a\u6807\u9898-1.webp\",\"width\":800,\"height\":800},{\"@type\":\"BreadcrumbList\",\"@id\":\"https:\/\/www.hechforming.com\/product\/high-precision-coil-slitting-line\/#breadcrumb\",\"itemListElement\":[{\"@type\":\"ListItem\",\"position\":1,\"name\":\"\u9996\u9875\",\"item\":\"https:\/\/www.hechforming.com\/\"},{\"@type\":\"ListItem\",\"position\":2,\"name\":\"product\",\"item\":\"https:\/\/www.hechforming.com\/product\/\"},{\"@type\":\"ListItem\",\"position\":3,\"name\":\"Automatic Slitting and Leveling Line\"}]},{\"@type\":\"WebSite\",\"@id\":\"https:\/\/www.hechforming.com\/#website\",\"url\":\"https:\/\/www.hechforming.com\/\",\"name\":\"Cangzhou Hechuang Machinery Manufacturer Co.,ltd\",\"description\":\"Leading Roll Forming Machines Manufacturer &amp; Supplier\",\"publisher\":{\"@id\":\"https:\/\/www.hechforming.com\/#organization\"},\"potentialAction\":[{\"@type\":\"SearchAction\",\"target\":{\"@type\":\"EntryPoint\",\"urlTemplate\":\"https:\/\/www.hechforming.com\/?s={search_term_string}\"},\"query-input\":{\"@type\":\"PropertyValueSpecification\",\"valueRequired\":true,\"valueName\":\"search_term_string\"}}],\"inLanguage\":\"es\"},{\"@type\":\"Organization\",\"@id\":\"https:\/\/www.hechforming.com\/#organization\",\"name\":\"Cangzhou Hechuang Machinery Manufacturer Co.,ltd\",\"url\":\"https:\/\/www.hechforming.com\/\",\"logo\":{\"@type\":\"ImageObject\",\"inLanguage\":\"es\",\"@id\":\"https:\/\/www.hechforming.com\/#\/schema\/logo\/image\/\",\"url\":\"https:\/\/www.hechforming.com\/wp-content\/uploads\/2025\/03\/cropped-hechuang-roll-forming-machine-1-300x300-1.webp\",\"contentUrl\":\"https:\/\/www.hechforming.com\/wp-content\/uploads\/2025\/03\/cropped-hechuang-roll-forming-machine-1-300x300-1.webp\",\"width\":300,\"height\":300,\"caption\":\"Cangzhou Hechuang Machinery Manufacturer Co.,ltd\"},\"image\":{\"@id\":\"https:\/\/www.hechforming.com\/#\/schema\/logo\/image\/\"},\"sameAs\":[\"https:\/\/www.facebook.com\/hechuangmachine\/\",\"https:\/\/www.linkedin.com\/in\/cherry-steel-sheet-roll-forming-machine-58901b233\/\",\"https:\/\/www.youtube.com\/@CANGZHOUHECHUANGMACHINER-fp1jg\"]}]}<\/script>\n<!-- \/ Yoast SEO plugin. -->","yoast_head_json":{"title":"Automatic Slitting and Leveling Line - Leading Roll Forming Machines Manufacturer &amp; Supplier","description":"Slitting and leveling production line integrating decoiler, leveler, slitter, tension device, scrap edge winder, and recoiler for efficient metal coil processing.","robots":{"index":"index","follow":"follow","max-snippet":"max-snippet:-1","max-image-preview":"max-image-preview:large","max-video-preview":"max-video-preview:-1"},"canonical":"https:\/\/www.hechforming.com\/es\/producto\/linea-de-corte-longitudinal-de-bobinas-de-alta-precision\/","og_locale":"es_ES","og_type":"article","og_title":"Automatic Slitting and Leveling Line - Leading Roll Forming Machines Manufacturer &amp; Supplier","og_description":"Slitting and leveling production line integrating decoiler, leveler, slitter, tension device, scrap edge winder, and recoiler for efficient metal coil processing.","og_url":"https:\/\/www.hechforming.com\/es\/producto\/linea-de-corte-longitudinal-de-bobinas-de-alta-precision\/","og_site_name":"Leading Roll Forming Machines Manufacturer &amp; Supplier","article_publisher":"https:\/\/www.facebook.com\/hechuangmachine\/","og_image":[{"width":800,"height":800,"url":"https:\/\/www.hechforming.com\/wp-content\/uploads\/2026\/01\/\u672a\u6807\u9898-1.webp","type":"image\/webp"}],"twitter_card":"summary_large_image","twitter_misc":{"Tiempo de lectura":"3 minutos"},"schema":{"@context":"https:\/\/schema.org","@graph":[{"@type":"WebPage","@id":"https:\/\/www.hechforming.com\/product\/high-precision-coil-slitting-line\/","url":"https:\/\/www.hechforming.com\/product\/high-precision-coil-slitting-line\/","name":"Automatic Slitting and Leveling Line - Leading Roll Forming Machines Manufacturer &amp; Supplier","isPartOf":{"@id":"https:\/\/www.hechforming.com\/#website"},"primaryImageOfPage":{"@id":"https:\/\/www.hechforming.com\/product\/high-precision-coil-slitting-line\/#primaryimage"},"image":{"@id":"https:\/\/www.hechforming.com\/product\/high-precision-coil-slitting-line\/#primaryimage"},"thumbnailUrl":"https:\/\/www.hechforming.com\/wp-content\/uploads\/2026\/01\/\u672a\u6807\u9898-1.webp","datePublished":"2026-01-25T08:03:39+00:00","description":"Slitting and leveling production line integrating decoiler, leveler, slitter, tension device, scrap edge winder, and recoiler for efficient metal coil processing.","breadcrumb":{"@id":"https:\/\/www.hechforming.com\/product\/high-precision-coil-slitting-line\/#breadcrumb"},"inLanguage":"es","potentialAction":[{"@type":"ReadAction","target":["https:\/\/www.hechforming.com\/product\/high-precision-coil-slitting-line\/"]}]},{"@type":"ImageObject","inLanguage":"es","@id":"https:\/\/www.hechforming.com\/product\/high-precision-coil-slitting-line\/#primaryimage","url":"https:\/\/www.hechforming.com\/wp-content\/uploads\/2026\/01\/\u672a\u6807\u9898-1.webp","contentUrl":"https:\/\/www.hechforming.com\/wp-content\/uploads\/2026\/01\/\u672a\u6807\u9898-1.webp","width":800,"height":800},{"@type":"BreadcrumbList","@id":"https:\/\/www.hechforming.com\/product\/high-precision-coil-slitting-line\/#breadcrumb","itemListElement":[{"@type":"ListItem","position":1,"name":"\u9996\u9875","item":"https:\/\/www.hechforming.com\/"},{"@type":"ListItem","position":2,"name":"product","item":"https:\/\/www.hechforming.com\/product\/"},{"@type":"ListItem","position":3,"name":"Automatic Slitting and Leveling Line"}]},{"@type":"WebSite","@id":"https:\/\/www.hechforming.com\/#website","url":"https:\/\/www.hechforming.com\/","name":"Cangzhou Hechuang Machinery Manufacturer Co.,ltd","description":"Leading Roll Forming Machines Manufacturer &amp; Supplier","publisher":{"@id":"https:\/\/www.hechforming.com\/#organization"},"potentialAction":[{"@type":"SearchAction","target":{"@type":"EntryPoint","urlTemplate":"https:\/\/www.hechforming.com\/?s={search_term_string}"},"query-input":{"@type":"PropertyValueSpecification","valueRequired":true,"valueName":"search_term_string"}}],"inLanguage":"es"},{"@type":"Organization","@id":"https:\/\/www.hechforming.com\/#organization","name":"Cangzhou Hechuang Machinery Manufacturer Co.,ltd","url":"https:\/\/www.hechforming.com\/","logo":{"@type":"ImageObject","inLanguage":"es","@id":"https:\/\/www.hechforming.com\/#\/schema\/logo\/image\/","url":"https:\/\/www.hechforming.com\/wp-content\/uploads\/2025\/03\/cropped-hechuang-roll-forming-machine-1-300x300-1.webp","contentUrl":"https:\/\/www.hechforming.com\/wp-content\/uploads\/2025\/03\/cropped-hechuang-roll-forming-machine-1-300x300-1.webp","width":300,"height":300,"caption":"Cangzhou Hechuang Machinery Manufacturer Co.,ltd"},"image":{"@id":"https:\/\/www.hechforming.com\/#\/schema\/logo\/image\/"},"sameAs":["https:\/\/www.facebook.com\/hechuangmachine\/","https:\/\/www.linkedin.com\/in\/cherry-steel-sheet-roll-forming-machine-58901b233\/","https:\/\/www.youtube.com\/@CANGZHOUHECHUANGMACHINER-fp1jg"]}]}},"_links":{"self":[{"href":"https:\/\/www.hechforming.com\/es\/wp-json\/wp\/v2\/product\/4023","targetHints":{"allow":["GET"]}}],"collection":[{"href":"https:\/\/www.hechforming.com\/es\/wp-json\/wp\/v2\/product"}],"about":[{"href":"https:\/\/www.hechforming.com\/es\/wp-json\/wp\/v2\/types\/product"}],"wp:featuredmedia":[{"embeddable":true,"href":"https:\/\/www.hechforming.com\/es\/wp-json\/wp\/v2\/media\/4024"}],"wp:attachment":[{"href":"https:\/\/www.hechforming.com\/es\/wp-json\/wp\/v2\/media?parent=4023"}],"wp:term":[{"taxonomy":"product_cat","embeddable":true,"href":"https:\/\/www.hechforming.com\/es\/wp-json\/wp\/v2\/product_cat?post=4023"},{"taxonomy":"product_tag","embeddable":true,"href":"https:\/\/www.hechforming.com\/es\/wp-json\/wp\/v2\/product_tag?post=4023"}],"curies":[{"name":"wp","href":"https:\/\/api.w.org\/{rel}","templated":true}]}}